{"id":9,"date":"2019-09-24T16:51:57","date_gmt":"2019-09-24T16:51:57","guid":{"rendered":"https:\/\/www.eim.com\/ne\/profitable-growth\/"},"modified":"2024-07-01T08:36:31","modified_gmt":"2024-07-01T08:36:31","slug":"oka-lonsamheten","status":"publish","type":"page","link":"https:\/\/www.eim.com\/se\/oka-lonsamheten\/","title":{"rendered":"\u00d6ka l\u00f6nsamheten"},"content":{"rendered":"<p>[et_pb_section fb_built=&#8221;1&#8243; admin_label=&#8221;Hero Section&#8221; _builder_version=&#8221;4.16&#8243; use_background_color_gradient=&#8221;on&#8221; background_color_gradient_stops=&#8221;rgba(0,0,0,0.4) 0%|rgba(0,0,0,0.4) 100%&#8221; background_color_gradient_overlays_image=&#8221;on&#8221; background_color_gradient_start=&#8221;rgba(0,0,0,0.4)&#8221; background_color_gradient_end=&#8221;rgba(0,0,0,0.4)&#8221; background_image=&#8221;\/wp-content\/uploads\/2019\/09\/group-managers.jpeg&#8221; background_position=&#8221;center_right&#8221; height=&#8221;520px&#8221; custom_padding=&#8221;6%||0%|||&#8221; bottom_divider_style=&#8221;slant&#8221; bottom_divider_color=&#8221;#ffffff&#8221; bottom_divider_height=&#8221;150px&#8221; bottom_divider_flip=&#8221;horizontal&#8221; global_colors_info=&#8221;{}&#8221; background_color_gradient_direction__hover=&#8221;180deg&#8221; background_color_gradient_direction__hover_enabled=&#8221;180deg&#8221; background_color_gradient_start_position__hover=&#8221;0%&#8221; background_color_gradient_start_position__hover_enabled=&#8221;0%&#8221; background_color_gradient_end_position__hover=&#8221;100%&#8221; background_color_gradient_end_position__hover_enabled=&#8221;100%&#8221; background_color_gradient_stops__hover=&#8221;rgba(0,0,0,0.4) 0%|rgba(0,0,0,0.4) 100%&#8221;][et_pb_row admin_label=&#8221;Page Title Area&#8221; _builder_version=&#8221;4.16&#8243; width=&#8221;100%&#8221; max_width=&#8221;2560px&#8221; module_alignment=&#8221;center&#8221; custom_margin=&#8221;-2%|auto|0px|auto|false|false&#8221; custom_padding=&#8221;0px|||||&#8221; global_colors_info=&#8221;{}&#8221;][et_pb_column type=&#8221;4_4&#8243; _builder_version=&#8221;4.16&#8243; custom_padding=&#8221;|||&#8221; global_colors_info=&#8221;{}&#8221; custom_padding__hover=&#8221;|||&#8221;][et_pb_text admin_label=&#8221;Hero Section Title&#8221; _builder_version=&#8221;4.16&#8243; text_font=&#8221;Montserrat|800|||||||&#8221; text_font_size=&#8221;18px&#8221; text_line_height=&#8221;1.3em&#8221; header_font=&#8221;Montserrat|700|||||||&#8221; header_font_size=&#8221;56px&#8221; header_letter_spacing=&#8221;3px&#8221; header_line_height=&#8221;1.1em&#8221; header_2_font=&#8221;Montserrat|700|||||||&#8221; header_2_text_color=&#8221;rgba(255,255,255,0.6)&#8221; header_2_font_size=&#8221;90px&#8221; header_2_letter_spacing=&#8221;3px&#8221; header_2_line_height=&#8221;1.1em&#8221; text_orientation=&#8221;center&#8221; background_layout=&#8221;dark&#8221; max_width=&#8221;700px&#8221; module_alignment=&#8221;center&#8221; custom_margin=&#8221;0px||0px||false|false&#8221; animation_style=&#8221;fade&#8221; animation_direction=&#8221;bottom&#8221; animation_duration=&#8221;1350ms&#8221; header_font_size_tablet=&#8221;&#8221; header_font_size_phone=&#8221;28px&#8221; header_font_size_last_edited=&#8221;on|phone&#8221; header_2_font_size_tablet=&#8221;&#8221; header_2_font_size_phone=&#8221;50px&#8221; header_2_font_size_last_edited=&#8221;on|phone&#8221; text_text_shadow_style=&#8221;preset1&#8243; text_text_shadow_horizontal_length=&#8221;0.28em&#8221; inline_fonts=&#8221;Prata,Montserrat&#8221; global_colors_info=&#8221;{}&#8221;]<\/p>\n<h1><span style=\"font-family: Montserrat;\">\u00d6ka l\u00f6nsamheten<\/span><\/h1>\n<p>[\/et_pb_text][\/et_pb_column][\/et_pb_row][\/et_pb_section][et_pb_section fb_built=&#8221;1&#8243; next_background_color=&#8221;#e6e6e6&#8243; _builder_version=&#8221;4.16&#8243; custom_margin=&#8221;||||false|false&#8221; custom_padding=&#8221;0%||0%||true|false&#8221; bottom_divider_style=&#8221;slant&#8221; bottom_divider_flip=&#8221;vertical&#8221; global_colors_info=&#8221;{}&#8221;][et_pb_row disabled_on=&#8221;on|on|off&#8221; admin_label=&#8221;Title Area&#8221; _builder_version=&#8221;4.16&#8243; background_color=&#8221;rgba(0,0,0,0)&#8221; width=&#8221;100%&#8221; module_alignment=&#8221;center&#8221; min_height=&#8221;320px&#8221; custom_margin=&#8221;||||false|false&#8221; custom_padding=&#8221;0px|0px|0px|0px|false|false&#8221; global_colors_info=&#8221;{}&#8221;][et_pb_column type=&#8221;4_4&#8243; _builder_version=&#8221;4.16&#8243; custom_padding=&#8221;|||&#8221; global_colors_info=&#8221;{}&#8221; custom_padding__hover=&#8221;|||&#8221;][et_pb_text _builder_version=&#8221;4.16&#8243; text_font=&#8221;||||||||&#8221; text_font_size=&#8221;16px&#8221; header_font=&#8221;||||||||&#8221; max_width=&#8221;90%&#8221; module_alignment=&#8221;center&#8221; custom_margin=&#8221;3%|0px|10%|0px|false|false&#8221; custom_padding=&#8221;|2%|0px|2%|false|false&#8221; animation_style=&#8221;flip&#8221; animation_direction=&#8221;left&#8221; animation_intensity_flip=&#8221;30%&#8221; animation_starting_opacity=&#8221;100%&#8221; global_colors_info=&#8221;{}&#8221;]<\/p>\n<p>Beh\u00f6ver ditt f\u00f6retag uppn\u00e5 resultatf\u00f6rb\u00e4ttring? EIM har v\u00e4l bepr\u00f6vade metoder som leder till betydande och best\u00e5ende f\u00f6r\u00e4ndring. EIM tills\u00e4tter erfarna interimchefer som \u00e5stadkommer best\u00e5ende resultat snabbt. \u00bb<\/p>\n<p>EIM har ett strukturerat tillv\u00e4gag\u00e5ngss\u00e4tt f\u00f6r projektledning som bygger p\u00e5 26 \u00e5rs erfarenhet och flertalet genomf\u00f6rda uppdrag. En EIM-partner har det \u00f6vergripande ansvaret f\u00f6r uppdraget och utser en chef eller ett team fr\u00e5n EIMs globala databas av chefer samt s\u00e4tter samman ett specifikt team som snabbt levererar best\u00e5ende resultat.<\/p>\n<p>[\/et_pb_text][\/et_pb_column][\/et_pb_row][et_pb_row disabled_on=&#8221;off|off|on&#8221; admin_label=&#8221;Title Area&#8221; _builder_version=&#8221;4.16&#8243; background_color=&#8221;rgba(0,0,0,0)&#8221; width=&#8221;90%&#8221; module_alignment=&#8221;center&#8221; min_height=&#8221;320px&#8221; custom_margin=&#8221;||||false|false&#8221; custom_padding=&#8221;0px|0px|0px|0px|false|false&#8221; global_colors_info=&#8221;{}&#8221;][et_pb_column type=&#8221;4_4&#8243; _builder_version=&#8221;4.16&#8243; custom_padding=&#8221;|||&#8221; global_colors_info=&#8221;{}&#8221; custom_padding__hover=&#8221;|||&#8221;][et_pb_text _builder_version=&#8221;4.16&#8243; text_font=&#8221;||||||||&#8221; text_font_size=&#8221;16px&#8221; header_font=&#8221;||||||||&#8221; max_width=&#8221;90%&#8221; module_alignment=&#8221;center&#8221; custom_margin=&#8221;3%|0px|10%|0px|false|false&#8221; custom_padding=&#8221;|2%|0px|2%|false|false&#8221; animation_style=&#8221;flip&#8221; animation_direction=&#8221;left&#8221; animation_intensity_flip=&#8221;30%&#8221; animation_starting_opacity=&#8221;100%&#8221; global_colors_info=&#8221;{}&#8221;]<\/p>\n<p>Beh\u00f6ver ditt f\u00f6retag uppn\u00e5 resultatf\u00f6rb\u00e4ttring? EIM har v\u00e4l bepr\u00f6vade metoder som leder till betydande och best\u00e5ende f\u00f6r\u00e4ndring. EIM tills\u00e4tter erfarna interimchefer som \u00e5stadkommer best\u00e5ende resultat snabbt. \u00bb<\/p>\n<p>EIM har ett strukturerat tillv\u00e4gag\u00e5ngss\u00e4tt f\u00f6r projektledning som bygger p\u00e5 26 \u00e5rs erfarenhet och flertalet genomf\u00f6rda uppdrag. En EIM-partner har det \u00f6vergripande ansvaret f\u00f6r uppdraget och utser en chef eller ett team fr\u00e5n EIMs globala databas av chefer samt s\u00e4tter samman ett specifikt team som snabbt levererar best\u00e5ende resultat.<\/p>\n<p>[\/et_pb_text][\/et_pb_column][\/et_pb_row][\/et_pb_section][et_pb_section fb_built=&#8221;1&#8243; next_background_color=&#8221;#DB9300&#8243; _builder_version=&#8221;4.16&#8243; background_color=&#8221;#e6e6e6&#8243; custom_margin=&#8221;||0%||false|false&#8221; custom_padding=&#8221;0%||0%||true|false&#8221; top_divider_flip=&#8221;vertical&#8221; bottom_divider_style=&#8221;slant&#8221; global_colors_info=&#8221;{}&#8221;][et_pb_row disabled_on=&#8221;on|on|off&#8221; admin_label=&#8221;Title Area&#8221; _builder_version=&#8221;4.16&#8243; background_color=&#8221;rgba(0,0,0,0)&#8221; width=&#8221;100%&#8221; module_alignment=&#8221;center&#8221; min_height=&#8221;320px&#8221; custom_margin=&#8221;||||false|false&#8221; custom_padding=&#8221;0px|0px|0px|0px|false|false&#8221; global_colors_info=&#8221;{}&#8221;][et_pb_column type=&#8221;4_4&#8243; _builder_version=&#8221;4.16&#8243; custom_padding=&#8221;|||&#8221; global_colors_info=&#8221;{}&#8221; custom_padding__hover=&#8221;|||&#8221;][et_pb_text admin_label=&#8221;Title&#8221; _builder_version=&#8221;4.16&#8243; text_font=&#8221;||||||||&#8221; text_text_color=&#8221;#ffffff&#8221; header_font=&#8221;Prata||||||||&#8221; header_2_font=&#8221;Montserrat|700|||||||&#8221; header_2_text_align=&#8221;center&#8221; header_2_font_size=&#8221;30px&#8221; custom_margin=&#8221;7%||||false|false&#8221; custom_padding=&#8221;||0px|||&#8221; animation_style=&#8221;fade&#8221; animation_direction=&#8221;top&#8221; animation_duration=&#8221;1350ms&#8221; animation_starting_opacity=&#8221;100%&#8221; inline_fonts=&#8221;Prata,Montserrat&#8221; global_colors_info=&#8221;{}&#8221;]<\/p>\n<h2><span style=\"font-family: Montserrat; color: #002c3e;\">EIM f\u00f6rb\u00e4ttrar verksamhetens resultat n\u00e4r du exempelvis beh\u00f6ver<\/span><\/h2>\n<p>[\/et_pb_text][et_pb_text _builder_version=&#8221;4.16&#8243; text_font=&#8221;||||||||&#8221; text_font_size=&#8221;16px&#8221; header_font=&#8221;||||||||&#8221; max_width=&#8221;90%&#8221; module_alignment=&#8221;center&#8221; custom_margin=&#8221;3%|0px|15%|0px|false|false&#8221; custom_padding=&#8221;|2%|0px|2%|false|false&#8221; animation_style=&#8221;flip&#8221; animation_direction=&#8221;left&#8221; animation_intensity_flip=&#8221;30%&#8221; animation_starting_opacity=&#8221;100%&#8221; global_colors_info=&#8221;{}&#8221;]<\/p>\n<ul>\n<li>V\u00e4nda ett underpresterande f\u00f6retag, aff\u00e4rsomr\u00e5de, fabrik eller operativ funktion<\/li>\n<li>Bem\u00f6ta investerarnas f\u00f6rv\u00e4ntningar<\/li>\n<li>Skapa en framg\u00e5ngsrik exit eller b\u00f6rsnotering.<\/li>\n<li>\u00d6ka l\u00f6nsamhet, minska kostnader, h\u00f6ja effektivitet eller minska r\u00f6relsekapital<\/li>\n<li>Etablera nya marknader, kanaler eller tillverkningsenheter utomlands<\/li>\n<li>Hitta ytterligare resurser f\u00f6r att hantera br\u00e5dskande uppgifter<\/li>\n<li>Hantera ett st\u00f6rre f\u00f6rv\u00e4rv, fusion eller f\u00f6rbereda en avknoppning<\/li>\n<\/ul>\n<p><span>N\u00e4r en EIM-partner och en interimchef arbetar tillsammans med f\u00f6retaget s\u00e4kerst\u00e4ller EIM att de erfarenheter som vunnits under ett f\u00f6r\u00e4ndringsprojekt stannar inom organisationen.<\/span><\/p>\n<p>[\/et_pb_text][\/et_pb_column][\/et_pb_row][et_pb_row disabled_on=&#8221;off|off|on&#8221; admin_label=&#8221;Title Area&#8221; _builder_version=&#8221;4.16&#8243; background_color=&#8221;rgba(0,0,0,0)&#8221; width=&#8221;90%&#8221; module_alignment=&#8221;center&#8221; min_height=&#8221;320px&#8221; custom_margin=&#8221;||||false|false&#8221; custom_padding=&#8221;0px|0px|0px|0px|false|false&#8221; global_colors_info=&#8221;{}&#8221;][et_pb_column type=&#8221;4_4&#8243; _builder_version=&#8221;4.16&#8243; custom_padding=&#8221;|||&#8221; global_colors_info=&#8221;{}&#8221; custom_padding__hover=&#8221;|||&#8221;][et_pb_text admin_label=&#8221;Title&#8221; _builder_version=&#8221;4.16&#8243; text_font=&#8221;||||||||&#8221; header_font=&#8221;Prata||||||||&#8221; header_2_font=&#8221;Montserrat|700|||||||&#8221; header_2_text_align=&#8221;center&#8221; header_2_font_size=&#8221;32px&#8221; custom_margin=&#8221;10%||||false|false&#8221; custom_padding=&#8221;0%||||false|false&#8221; animation_style=&#8221;fade&#8221; animation_direction=&#8221;top&#8221; animation_duration=&#8221;1350ms&#8221; animation_starting_opacity=&#8221;100%&#8221; inline_fonts=&#8221;Prata,Montserrat&#8221; global_colors_info=&#8221;{}&#8221;]<\/p>\n<h2><span style=\"font-family: Montserrat; color: #002c3e;\">EIM f\u00f6rb\u00e4ttrar verksamhetens resultat n\u00e4r du exempelvis beh\u00f6ver<\/span><\/h2>\n<p>[\/et_pb_text][et_pb_text _builder_version=&#8221;4.16&#8243; text_font=&#8221;||||||||&#8221; text_font_size=&#8221;16px&#8221; header_font=&#8221;||||||||&#8221; max_width=&#8221;90%&#8221; module_alignment=&#8221;center&#8221; custom_margin=&#8221;3%|0px|15%|0px|false|false&#8221; custom_padding=&#8221;|2%|0px|2%|false|false&#8221; animation_style=&#8221;flip&#8221; animation_direction=&#8221;left&#8221; animation_intensity_flip=&#8221;30%&#8221; animation_starting_opacity=&#8221;100%&#8221; global_colors_info=&#8221;{}&#8221;]<\/p>\n<ul>\n<li>V\u00e4nda ett underpresterande f\u00f6retag, aff\u00e4rsomr\u00e5de, fabrik eller operativ funktion<\/li>\n<li>Bem\u00f6ta investerarnas f\u00f6rv\u00e4ntningar<\/li>\n<li>Skapa en framg\u00e5ngsrik exit eller b\u00f6rsnotering.<\/li>\n<li>\u00d6ka l\u00f6nsamhet, minska kostnader, h\u00f6ja effektivitet eller minska r\u00f6relsekapital<\/li>\n<li>Etablera nya marknader, kanaler eller tillverkningsenheter utomlands<\/li>\n<li>Hitta ytterligare resurser f\u00f6r att hantera br\u00e5dskande uppgifter<\/li>\n<li>Hantera ett st\u00f6rre f\u00f6rv\u00e4rv, fusion eller f\u00f6rbereda en avknoppning<\/li>\n<\/ul>\n<p><span>N\u00e4r en EIM-partner och en interimchef arbetar tillsammans med f\u00f6retaget s\u00e4kerst\u00e4ller EIM att de erfarenheter som vunnits under ett f\u00f6r\u00e4ndringsprojekt stannar inom organisationen.<\/span><\/p>\n<p>[\/et_pb_text][\/et_pb_column][\/et_pb_row][\/et_pb_section][et_pb_section fb_built=&#8221;1&#8243; _builder_version=&#8221;4.16&#8243; background_color=&#8221;#DB9300&#8243; custom_margin=&#8221;||||false|false&#8221; top_divider_color=&#8221;#ffffff&#8221; top_divider_flip=&#8221;vertical&#8221; bottom_divider_color=&#8221;#ffffff&#8221; bottom_divider_flip=&#8221;horizontal&#8221; global_colors_info=&#8221;{}&#8221;][et_pb_row _builder_version=&#8221;4.16&#8243; custom_margin=&#8221;-46px|auto||auto||&#8221; custom_padding=&#8221;50px|||||&#8221; global_colors_info=&#8221;{}&#8221;][et_pb_column type=&#8221;4_4&#8243; _builder_version=&#8221;4.16&#8243; global_colors_info=&#8221;{}&#8221;][et_pb_text admin_label=&#8221;Title&#8221; _builder_version=&#8221;4.16&#8243; text_font=&#8221;||||||||&#8221; text_text_color=&#8221;#ffffff&#8221; header_font=&#8221;Prata||||||||&#8221; header_2_font=&#8221;Montserrat|700|||||||&#8221; header_2_text_align=&#8221;center&#8221; header_2_font_size=&#8221;30px&#8221; custom_margin=&#8221;||5px|&#8221; custom_padding=&#8221;||0px|||&#8221; animation_style=&#8221;fade&#8221; animation_direction=&#8221;top&#8221; animation_duration=&#8221;1350ms&#8221; animation_starting_opacity=&#8221;100%&#8221; inline_fonts=&#8221;Prata,Montserrat&#8221; global_colors_info=&#8221;{}&#8221;]<\/p>\n<h3 style=\"text-align: center;\"><span style=\"font-family: Montserrat; color: #ffffff;\">Ta kontakt med oss<\/span><\/h3>\n<p>[\/et_pb_text][\/et_pb_column][\/et_pb_row][et_pb_row column_structure=&#8221;1_5,3_5,1_5&#8243; _builder_version=&#8221;4.16&#8243; custom_padding=&#8221;0px|||||&#8221; global_colors_info=&#8221;{}&#8221;][et_pb_column type=&#8221;1_5&#8243; _builder_version=&#8221;4.16&#8243; global_colors_info=&#8221;{}&#8221;][\/et_pb_column][et_pb_column type=&#8221;3_5&#8243; _builder_version=&#8221;4.16&#8243; global_colors_info=&#8221;{}&#8221;][et_pb_text _builder_version=&#8221;4.16&#8243; text_font_size=&#8221;17px&#8221; global_colors_info=&#8221;{}&#8221;]<\/p>\n<p style=\"text-align: center;\"><span style=\"color: #ffffff;\">F\u00f6r att finna r\u00e4tt l\u00f6sning<\/span><\/p>\n<p>[\/et_pb_text][et_pb_button button_url=&#8221;https:\/\/www.eim.com\/contact-us\/&#8221; button_text=&#8221;KONTAKTA OSS&#8221; button_alignment=&#8221;center&#8221; _builder_version=&#8221;4.25.2&#8243; background_layout=&#8221;dark&#8221; hover_enabled=&#8221;0&#8243; global_colors_info=&#8221;{}&#8221; sticky_enabled=&#8221;0&#8243;][\/et_pb_button][\/et_pb_column][et_pb_column type=&#8221;1_5&#8243; _builder_version=&#8221;4.16&#8243; global_colors_info=&#8221;{}&#8221;][\/et_pb_column][\/et_pb_row][\/et_pb_section]<\/p>\n","protected":false},"excerpt":{"rendered":"<p>\u00d6ka l\u00f6nsamhetenBeh\u00f6ver ditt f\u00f6retag uppn\u00e5 resultatf\u00f6rb\u00e4ttring? EIM har v\u00e4l bepr\u00f6vade metoder som leder till betydande och best\u00e5ende f\u00f6r\u00e4ndring. EIM tills\u00e4tter erfarna interimchefer som \u00e5stadkommer best\u00e5ende resultat snabbt. \u00bb EIM har ett strukturerat tillv\u00e4gag\u00e5ngss\u00e4tt f\u00f6r projektledning som bygger p\u00e5 26 \u00e5rs erfarenhet och flertalet genomf\u00f6rda uppdrag. En EIM-partner har det \u00f6vergripande ansvaret f\u00f6r uppdraget och utser [&hellip;]<\/p>\n","protected":false},"author":2,"featured_media":0,"parent":0,"menu_order":0,"comment_status":"closed","ping_status":"closed","template":"","meta":{"_et_pb_use_builder":"on","_et_pb_old_content":"","_et_gb_content_width":"","footnotes":""},"class_list":["post-9","page","type-page","status-publish","hentry"],"yoast_head":"<!-- This site is optimized with the Yoast SEO Premium plugin v27.0 (Yoast SEO v27.4) - https:\/\/yoast.com\/product\/yoast-seo-premium-wordpress\/ -->\n<title>\u00d6ka l\u00f6nsamheten - EIM Northern Europe<\/title>\n<meta name=\"robots\" content=\"index, follow, max-snippet:-1, max-image-preview:large, max-video-preview:-1\" \/>\n<link rel=\"canonical\" href=\"https:\/\/www.eim.com\/se\/oka-lonsamheten\/\" \/>\n<meta property=\"og:locale\" content=\"en_US\" \/>\n<meta property=\"og:type\" content=\"article\" \/>\n<meta property=\"og:title\" content=\"\u00d6ka l\u00f6nsamheten\" \/>\n<meta property=\"og:description\" content=\"\u00d6ka l\u00f6nsamhetenBeh\u00f6ver ditt f\u00f6retag uppn\u00e5 resultatf\u00f6rb\u00e4ttring? EIM har v\u00e4l bepr\u00f6vade metoder som leder till betydande och best\u00e5ende f\u00f6r\u00e4ndring. EIM tills\u00e4tter erfarna interimchefer som \u00e5stadkommer best\u00e5ende resultat snabbt. \u00bb EIM har ett strukturerat tillv\u00e4gag\u00e5ngss\u00e4tt f\u00f6r projektledning som bygger p\u00e5 26 \u00e5rs erfarenhet och flertalet genomf\u00f6rda uppdrag. En EIM-partner har det \u00f6vergripande ansvaret f\u00f6r uppdraget och utser [&hellip;]\" \/>\n<meta property=\"og:url\" content=\"https:\/\/www.eim.com\/se\/oka-lonsamheten\/\" \/>\n<meta property=\"og:site_name\" content=\"EIM Northern Europe\" \/>\n<meta property=\"article:modified_time\" content=\"2024-07-01T08:36:31+00:00\" \/>\n<meta name=\"twitter:card\" content=\"summary_large_image\" \/>\n<meta name=\"twitter:label1\" content=\"Est. reading time\" \/>\n\t<meta name=\"twitter:data1\" content=\"8 minutes\" \/>\n<script type=\"application\/ld+json\" class=\"yoast-schema-graph\">{\"@context\":\"https:\\\/\\\/schema.org\",\"@graph\":[{\"@type\":\"WebPage\",\"@id\":\"https:\\\/\\\/www.eim.com\\\/se\\\/oka-lonsamheten\\\/\",\"url\":\"https:\\\/\\\/www.eim.com\\\/se\\\/oka-lonsamheten\\\/\",\"name\":\"\u00d6ka l\u00f6nsamheten - EIM Northern Europe\",\"isPartOf\":{\"@id\":\"https:\\\/\\\/www.eim.com\\\/se\\\/#website\"},\"datePublished\":\"2019-09-24T16:51:57+00:00\",\"dateModified\":\"2024-07-01T08:36:31+00:00\",\"breadcrumb\":{\"@id\":\"https:\\\/\\\/www.eim.com\\\/se\\\/oka-lonsamheten\\\/#breadcrumb\"},\"inLanguage\":\"en-US\",\"potentialAction\":[{\"@type\":\"ReadAction\",\"target\":[\"https:\\\/\\\/www.eim.com\\\/se\\\/oka-lonsamheten\\\/\"]}]},{\"@type\":\"BreadcrumbList\",\"@id\":\"https:\\\/\\\/www.eim.com\\\/se\\\/oka-lonsamheten\\\/#breadcrumb\",\"itemListElement\":[{\"@type\":\"ListItem\",\"position\":1,\"name\":\"Home\",\"item\":\"https:\\\/\\\/www.eim.com\\\/se\\\/\"},{\"@type\":\"ListItem\",\"position\":2,\"name\":\"\u00d6ka l\u00f6nsamheten\"}]},{\"@type\":\"WebSite\",\"@id\":\"https:\\\/\\\/www.eim.com\\\/se\\\/#website\",\"url\":\"https:\\\/\\\/www.eim.com\\\/se\\\/\",\"name\":\"EIM Northern Europe\",\"description\":\"Just another EIM Group Corporate Web Presence site\",\"potentialAction\":[{\"@type\":\"SearchAction\",\"target\":{\"@type\":\"EntryPoint\",\"urlTemplate\":\"https:\\\/\\\/www.eim.com\\\/se\\\/?s={search_term_string}\"},\"query-input\":{\"@type\":\"PropertyValueSpecification\",\"valueRequired\":true,\"valueName\":\"search_term_string\"}}],\"inLanguage\":\"en-US\"}]}<\/script>\n<!-- \/ Yoast SEO Premium plugin. -->","yoast_head_json":{"title":"\u00d6ka l\u00f6nsamheten - EIM Northern Europe","robots":{"index":"index","follow":"follow","max-snippet":"max-snippet:-1","max-image-preview":"max-image-preview:large","max-video-preview":"max-video-preview:-1"},"canonical":"https:\/\/www.eim.com\/se\/oka-lonsamheten\/","og_locale":"en_US","og_type":"article","og_title":"\u00d6ka l\u00f6nsamheten","og_description":"\u00d6ka l\u00f6nsamhetenBeh\u00f6ver ditt f\u00f6retag uppn\u00e5 resultatf\u00f6rb\u00e4ttring? EIM har v\u00e4l bepr\u00f6vade metoder som leder till betydande och best\u00e5ende f\u00f6r\u00e4ndring. EIM tills\u00e4tter erfarna interimchefer som \u00e5stadkommer best\u00e5ende resultat snabbt. \u00bb EIM har ett strukturerat tillv\u00e4gag\u00e5ngss\u00e4tt f\u00f6r projektledning som bygger p\u00e5 26 \u00e5rs erfarenhet och flertalet genomf\u00f6rda uppdrag. En EIM-partner har det \u00f6vergripande ansvaret f\u00f6r uppdraget och utser [&hellip;]","og_url":"https:\/\/www.eim.com\/se\/oka-lonsamheten\/","og_site_name":"EIM Northern Europe","article_modified_time":"2024-07-01T08:36:31+00:00","twitter_card":"summary_large_image","twitter_misc":{"Est. reading time":"8 minutes"},"schema":{"@context":"https:\/\/schema.org","@graph":[{"@type":"WebPage","@id":"https:\/\/www.eim.com\/se\/oka-lonsamheten\/","url":"https:\/\/www.eim.com\/se\/oka-lonsamheten\/","name":"\u00d6ka l\u00f6nsamheten - EIM Northern Europe","isPartOf":{"@id":"https:\/\/www.eim.com\/se\/#website"},"datePublished":"2019-09-24T16:51:57+00:00","dateModified":"2024-07-01T08:36:31+00:00","breadcrumb":{"@id":"https:\/\/www.eim.com\/se\/oka-lonsamheten\/#breadcrumb"},"inLanguage":"en-US","potentialAction":[{"@type":"ReadAction","target":["https:\/\/www.eim.com\/se\/oka-lonsamheten\/"]}]},{"@type":"BreadcrumbList","@id":"https:\/\/www.eim.com\/se\/oka-lonsamheten\/#breadcrumb","itemListElement":[{"@type":"ListItem","position":1,"name":"Home","item":"https:\/\/www.eim.com\/se\/"},{"@type":"ListItem","position":2,"name":"\u00d6ka l\u00f6nsamheten"}]},{"@type":"WebSite","@id":"https:\/\/www.eim.com\/se\/#website","url":"https:\/\/www.eim.com\/se\/","name":"EIM Northern Europe","description":"Just another EIM Group Corporate Web Presence site","potentialAction":[{"@type":"SearchAction","target":{"@type":"EntryPoint","urlTemplate":"https:\/\/www.eim.com\/se\/?s={search_term_string}"},"query-input":{"@type":"PropertyValueSpecification","valueRequired":true,"valueName":"search_term_string"}}],"inLanguage":"en-US"}]}},"_links":{"self":[{"href":"https:\/\/www.eim.com\/se\/wp-json\/wp\/v2\/pages\/9","targetHints":{"allow":["GET"]}}],"collection":[{"href":"https:\/\/www.eim.com\/se\/wp-json\/wp\/v2\/pages"}],"about":[{"href":"https:\/\/www.eim.com\/se\/wp-json\/wp\/v2\/types\/page"}],"author":[{"embeddable":true,"href":"https:\/\/www.eim.com\/se\/wp-json\/wp\/v2\/users\/2"}],"replies":[{"embeddable":true,"href":"https:\/\/www.eim.com\/se\/wp-json\/wp\/v2\/comments?post=9"}],"version-history":[{"count":0,"href":"https:\/\/www.eim.com\/se\/wp-json\/wp\/v2\/pages\/9\/revisions"}],"wp:attachment":[{"href":"https:\/\/www.eim.com\/se\/wp-json\/wp\/v2\/media?parent=9"}],"curies":[{"name":"wp","href":"https:\/\/api.w.org\/{rel}","templated":true}]}}