{"id":5,"date":"2019-10-14T14:12:46","date_gmt":"2019-10-14T14:12:46","guid":{"rendered":"https:\/\/www.eim.com\/ne\/international-team\/"},"modified":"2024-07-01T08:34:54","modified_gmt":"2024-07-01T08:34:54","slug":"about-eim-northern-region","status":"publish","type":"page","link":"https:\/\/www.eim.com\/se\/about-eim-northern-region\/","title":{"rendered":"About the EIM Northern Region Office"},"content":{"rendered":"<p>[et_pb_section fb_built=&#8221;1&#8243; admin_label=&#8221;Hero Section&#8221; _builder_version=&#8221;4.16&#8243; use_background_color_gradient=&#8221;on&#8221; background_color_gradient_stops=&#8221;rgba(0,0,0,0.4) 0%|rgba(0,0,0,0.4) 100%&#8221; background_color_gradient_overlays_image=&#8221;on&#8221; background_color_gradient_start=&#8221;rgba(0,0,0,0.4)&#8221; background_color_gradient_end=&#8221;rgba(0,0,0,0.4)&#8221; background_image=&#8221;https:\/\/www.eim.com\/se\/wp-content\/uploads\/sites\/13\/2020\/02\/Riddarholmen_from_Stockholm_City_Hall_tower.jpg&#8221; height=&#8221;520px&#8221; custom_padding=&#8221;6%||0%|||&#8221; bottom_divider_style=&#8221;slant&#8221; bottom_divider_color=&#8221;#ffffff&#8221; bottom_divider_height=&#8221;150px&#8221; bottom_divider_flip=&#8221;horizontal&#8221; global_colors_info=&#8221;{}&#8221; background_color_gradient_direction__hover=&#8221;180deg&#8221; background_color_gradient_direction__hover_enabled=&#8221;180deg&#8221; background_color_gradient_start_position__hover=&#8221;0%&#8221; background_color_gradient_start_position__hover_enabled=&#8221;0%&#8221; background_color_gradient_end_position__hover=&#8221;100%&#8221; background_color_gradient_end_position__hover_enabled=&#8221;100%&#8221; background_color_gradient_stops__hover=&#8221;rgba(0,0,0,0.4) 0%|rgba(0,0,0,0.4) 100%&#8221;][et_pb_row disabled_on=&#8221;off|off|off&#8221; admin_label=&#8221;Page Title Area&#8221; _builder_version=&#8221;4.16&#8243; width=&#8221;100%&#8221; max_width=&#8221;2560px&#8221; module_alignment=&#8221;center&#8221; custom_margin=&#8221;-2%|auto|0px|auto|false|false&#8221; custom_padding=&#8221;0px|||||&#8221; global_colors_info=&#8221;{}&#8221;][et_pb_column type=&#8221;4_4&#8243; _builder_version=&#8221;4.16&#8243; custom_padding=&#8221;|||&#8221; global_colors_info=&#8221;{}&#8221; custom_padding__hover=&#8221;|||&#8221;][et_pb_text admin_label=&#8221;Hero Section Title&#8221; _builder_version=&#8221;4.16&#8243; text_font=&#8221;Montserrat|800|||||||&#8221; text_font_size=&#8221;18px&#8221; text_line_height=&#8221;1.3em&#8221; header_font=&#8221;Montserrat|700|||||||&#8221; header_font_size=&#8221;56px&#8221; header_letter_spacing=&#8221;3px&#8221; header_line_height=&#8221;1.1em&#8221; header_2_font=&#8221;Montserrat|700|||||||&#8221; header_2_text_color=&#8221;rgba(255,255,255,0.6)&#8221; header_2_font_size=&#8221;90px&#8221; header_2_letter_spacing=&#8221;3px&#8221; header_2_line_height=&#8221;1.1em&#8221; text_orientation=&#8221;center&#8221; background_layout=&#8221;dark&#8221; max_width=&#8221;700px&#8221; module_alignment=&#8221;center&#8221; custom_margin=&#8221;0px||0px||false|false&#8221; animation_style=&#8221;fade&#8221; animation_direction=&#8221;bottom&#8221; animation_duration=&#8221;1350ms&#8221; header_font_size_tablet=&#8221;&#8221; header_font_size_phone=&#8221;28px&#8221; header_font_size_last_edited=&#8221;on|phone&#8221; header_2_font_size_tablet=&#8221;&#8221; header_2_font_size_phone=&#8221;50px&#8221; header_2_font_size_last_edited=&#8221;on|phone&#8221; text_text_shadow_style=&#8221;preset1&#8243; text_text_shadow_horizontal_length=&#8221;0.28em&#8221; inline_fonts=&#8221;Prata,Montserrat&#8221; global_colors_info=&#8221;{}&#8221;]<\/p>\n<h1><span face=\"Montserrat\" style=\"font-family: Montserrat;\">EIM Northern Region<\/span><\/h1>\n<p>[\/et_pb_text][\/et_pb_column][\/et_pb_row][\/et_pb_section][et_pb_section fb_built=&#8221;1&#8243; _builder_version=&#8221;4.16&#8243; custom_margin=&#8221;||||false|false&#8221; custom_padding=&#8221;2px||2px||true|false&#8221; global_colors_info=&#8221;{}&#8221;][et_pb_row admin_label=&#8221;Title Area&#8221; _builder_version=&#8221;4.16&#8243; background_color=&#8221;rgba(0,0,0,0)&#8221; width=&#8221;100%&#8221; module_alignment=&#8221;center&#8221; min_height=&#8221;56px&#8221; height=&#8221;56px&#8221; custom_margin=&#8221;||||false|false&#8221; custom_padding=&#8221;0px|0px|0px|0px|false|false&#8221; global_colors_info=&#8221;{}&#8221;][et_pb_column type=&#8221;4_4&#8243; _builder_version=&#8221;4.16&#8243; custom_padding=&#8221;3%||||false|false&#8221; global_colors_info=&#8221;{}&#8221; custom_padding__hover=&#8221;|||&#8221;][\/et_pb_column][\/et_pb_row][et_pb_row _builder_version=&#8221;4.16&#8243; width=&#8221;65%&#8221; module_alignment=&#8221;center&#8221; custom_margin=&#8221;|1110px|3%|auto|false|false&#8221; animation_style=&#8221;fold&#8221; global_colors_info=&#8221;{}&#8221;][et_pb_column type=&#8221;4_4&#8243; _builder_version=&#8221;4.16&#8243; global_colors_info=&#8221;{}&#8221;][et_pb_text _builder_version=&#8221;4.16&#8243; header_2_text_color=&#8221;#002c3e&#8221; global_colors_info=&#8221;{}&#8221;]<\/p>\n<h2 style=\"text-align: left;\">Om oss<\/h2>\n<p style=\"text-align: justify;\">Executive Interim Management (EIM) grundades 1989 av Egon Zehnder. Under 30 \u00e5r och med \u00f6ver 10 000 framg\u00e5ngsrika uppdrag hittills, har vi expanderat till 15 l\u00e4nder och \u00e4r nu global ledare inom interim management. EIM \u00e4r ett globalt integrerat f\u00f6retag d\u00e4r alla EIM kontor samarbetar, delar b\u00e4sta praxis och arbetar med samma bepr\u00f6vade metodologi internationellt vilket g\u00f6r att vi kan garantera samma kvalitet v\u00e4rlden \u00f6ver.<\/p>\n<p style=\"text-align: justify;\">\n<p style=\"text-align: justify;\">\n<h2 style=\"text-align: left;\">Engagemang f\u00f6r framg\u00e5ng<\/h2>\n<p style=\"text-align: justify;\">EIM har en gedigen aff\u00e4rsf\u00f6rst\u00e5else och engagerar sig i f\u00f6retagets specifika behov och utmaningar. Vi tar ansvar och leder f\u00f6r\u00e4ndringsarbetet till framg\u00e5ng. V\u00e5r globala databas best\u00e5r av chefer som har ledarkompetens fr\u00e5n flertalet branscher, omr\u00e5den och befattningar. Tillsammans med v\u00e5ra utvalda chefer kan EIM leverera best\u00e5ende resultat.<\/p>\n<p style=\"text-align: justify;\">\n<p style=\"text-align: justify;\">\n<h2 style=\"text-align: left;\">V\u00e5ra grundv\u00e4rderingar<\/h2>\n<p style=\"text-align: justify;\">Snabbhet, flexibilitet, integritet och resultat \u00e4r v\u00e5ra grundv\u00e4rderingar och det genomsyrar allt v\u00e5rt arbete.<br \/> Snabbhet: Inneb\u00e4r att vi agerar snabbt f\u00f6r att m\u00f6ta uppdragsgivarens behov.<br \/> Flexibilitet: Vi \u00e4r anpassningsbara, innovativa och engagerade f\u00f6r att uppn\u00e5 snabba och best\u00e5ende resultat.<br \/> Integritet: Att vara \u00f6ppna, sakliga, \u00e4rliga och direkta i v\u00e5ra aff\u00e4rsrelationer \u00e4r viktigt f\u00f6r oss. Vi tar ansvar inf\u00f6r v\u00e5ra uppdragsgivare och har samtidigt ett etiskt r\u00e5dgivande f\u00f6rh\u00e5llningss\u00e4tt.<br \/> Resultat: Inom EIM samarbetar vi effektivt med v\u00e5ra uppdragsgivare och kolleger v\u00e4rlden \u00f6ver f\u00f6r att uppn\u00e5 \u00f6nskade resultat.<\/p>\n<p>[\/et_pb_text][\/et_pb_column][\/et_pb_row][\/et_pb_section][et_pb_section fb_built=&#8221;1&#8243; _builder_version=&#8221;4.16&#8243; background_color=&#8221;#DB9300&#8243; custom_margin=&#8221;0%||||false|false&#8221; top_divider_style=&#8221;slant&#8221; top_divider_color=&#8221;#ffffff&#8221; top_divider_height=&#8221;120px&#8221; top_divider_flip=&#8221;vertical|horizontal&#8221; bottom_divider_color=&#8221;#ffffff&#8221; bottom_divider_flip=&#8221;horizontal&#8221; global_colors_info=&#8221;{}&#8221;][et_pb_row _builder_version=&#8221;4.16&#8243; custom_margin=&#8221;-46px|auto||auto||&#8221; custom_padding=&#8221;60px|||||&#8221; global_colors_info=&#8221;{}&#8221;][et_pb_column type=&#8221;4_4&#8243; _builder_version=&#8221;4.16&#8243; global_colors_info=&#8221;{}&#8221;][et_pb_text admin_label=&#8221;Title&#8221; _builder_version=&#8221;4.16&#8243; text_font=&#8221;||||||||&#8221; text_text_color=&#8221;#ffffff&#8221; header_font=&#8221;Prata||||||||&#8221; header_2_font=&#8221;Montserrat|700|||||||&#8221; header_2_text_align=&#8221;center&#8221; header_2_font_size=&#8221;30px&#8221; custom_margin=&#8221;10%||5px||false|false&#8221; custom_padding=&#8221;||0px|||&#8221; animation_style=&#8221;fade&#8221; animation_direction=&#8221;top&#8221; animation_duration=&#8221;1350ms&#8221; animation_starting_opacity=&#8221;100%&#8221; inline_fonts=&#8221;Prata,Montserrat&#8221; global_colors_info=&#8221;{}&#8221;]<\/p>\n<h2><span style=\"font-family: Montserrat; color: #ffffff;\">Ta kontakt med oss<br \/>\n<\/span><\/h2>\n<p>[\/et_pb_text][\/et_pb_column][\/et_pb_row][et_pb_row column_structure=&#8221;1_5,3_5,1_5&#8243; _builder_version=&#8221;4.16&#8243; custom_margin=&#8221;|auto|5%|auto|false|false&#8221; custom_padding=&#8221;0px|||||&#8221; global_colors_info=&#8221;{}&#8221;][et_pb_column type=&#8221;1_5&#8243; _builder_version=&#8221;4.16&#8243; global_colors_info=&#8221;{}&#8221;][\/et_pb_column][et_pb_column type=&#8221;3_5&#8243; _builder_version=&#8221;4.16&#8243; global_colors_info=&#8221;{}&#8221;][et_pb_text _builder_version=&#8221;4.16&#8243; text_font_size=&#8221;17px&#8221; custom_padding=&#8221;||0px|||&#8221; global_colors_info=&#8221;{}&#8221;]<\/p>\n<p style=\"text-align: center;\"><span style=\"color: #ffffff;\">F\u00f6r att finna r\u00e4tt l\u00f6sning<br \/>\n<\/span><\/p>\n<p>[\/et_pb_text][et_pb_button button_url=&#8221;https:\/\/www.eim.com\/contact-us\/&#8221; button_text=&#8221;KONTAKTA OSS&#8221; button_alignment=&#8221;center&#8221; _builder_version=&#8221;4.25.2&#8243; background_layout=&#8221;dark&#8221; hover_enabled=&#8221;0&#8243; global_colors_info=&#8221;{}&#8221; sticky_enabled=&#8221;0&#8243;][\/et_pb_button][\/et_pb_column][et_pb_column type=&#8221;1_5&#8243; _builder_version=&#8221;4.16&#8243; global_colors_info=&#8221;{}&#8221;][\/et_pb_column][\/et_pb_row][\/et_pb_section]<\/p>\n","protected":false},"excerpt":{"rendered":"<p>We believe in people<br \/>\nWe believe that \u2013 in a business that is changing rapidly \u2013 people make the difference.\u00a0They are the ones who find the opportunities to adapt to the changing environment.\u00a0They are the ones who drive innovation.<\/p>\n<p>They are the ones who realize the transition.<\/p>\n","protected":false},"author":2,"featured_media":6,"parent":0,"menu_order":0,"comment_status":"closed","ping_status":"closed","template":"","meta":{"_et_pb_use_builder":"on","_et_pb_old_content":"","_et_gb_content_width":"","footnotes":""},"class_list":["post-5","page","type-page","status-publish","has-post-thumbnail","hentry"],"yoast_head":"<!-- This site is optimized with the Yoast SEO Premium plugin v27.5 (Yoast SEO v27.5) - https:\/\/yoast.com\/product\/yoast-seo-premium-wordpress\/ -->\n<title>About the EIM Northern Region Office - EIM Northern Europe<\/title>\n<meta name=\"robots\" content=\"index, follow, max-snippet:-1, max-image-preview:large, max-video-preview:-1\" \/>\n<link rel=\"canonical\" href=\"https:\/\/www.eim.com\/se\/about-eim-northern-region\/\" \/>\n<meta property=\"og:locale\" content=\"en_US\" \/>\n<meta property=\"og:type\" content=\"article\" \/>\n<meta property=\"og:title\" content=\"About the EIM Northern Region Office\" \/>\n<meta property=\"og:description\" content=\"We believe in people We believe that \u2013 in a business that is changing rapidly \u2013 people make the difference.\u00a0They are the ones who find the opportunities to adapt to the changing environment.\u00a0They are the ones who drive innovation. They are the ones who realize the transition.\" \/>\n<meta property=\"og:url\" content=\"https:\/\/www.eim.com\/se\/about-eim-northern-region\/\" \/>\n<meta property=\"og:site_name\" content=\"EIM Northern Europe\" \/>\n<meta property=\"article:modified_time\" content=\"2024-07-01T08:34:54+00:00\" \/>\n<meta property=\"og:image\" content=\"https:\/\/www.eim.com\/se\/wp-content\/uploads\/sites\/13\/2020\/02\/our-values.jpeg\" \/>\n\t<meta property=\"og:image:width\" content=\"2000\" \/>\n\t<meta property=\"og:image:height\" content=\"1333\" \/>\n\t<meta property=\"og:image:type\" content=\"image\/jpeg\" \/>\n<meta name=\"twitter:card\" content=\"summary_large_image\" \/>\n<meta name=\"twitter:label1\" content=\"Est. reading time\" \/>\n\t<meta name=\"twitter:data1\" content=\"5 minutes\" \/>\n<script type=\"application\/ld+json\" class=\"yoast-schema-graph\">{\"@context\":\"https:\\\/\\\/schema.org\",\"@graph\":[{\"@type\":\"WebPage\",\"@id\":\"https:\\\/\\\/www.eim.com\\\/se\\\/about-eim-northern-region\\\/\",\"url\":\"https:\\\/\\\/www.eim.com\\\/se\\\/about-eim-northern-region\\\/\",\"name\":\"About the EIM Northern Region Office - EIM Northern Europe\",\"isPartOf\":{\"@id\":\"https:\\\/\\\/www.eim.com\\\/se\\\/#website\"},\"primaryImageOfPage\":{\"@id\":\"https:\\\/\\\/www.eim.com\\\/se\\\/about-eim-northern-region\\\/#primaryimage\"},\"image\":{\"@id\":\"https:\\\/\\\/www.eim.com\\\/se\\\/about-eim-northern-region\\\/#primaryimage\"},\"thumbnailUrl\":\"https:\\\/\\\/www.eim.com\\\/se\\\/wp-content\\\/uploads\\\/sites\\\/13\\\/2020\\\/02\\\/our-values.jpeg\",\"datePublished\":\"2019-10-14T14:12:46+00:00\",\"dateModified\":\"2024-07-01T08:34:54+00:00\",\"breadcrumb\":{\"@id\":\"https:\\\/\\\/www.eim.com\\\/se\\\/about-eim-northern-region\\\/#breadcrumb\"},\"inLanguage\":\"en-US\",\"potentialAction\":[{\"@type\":\"ReadAction\",\"target\":[\"https:\\\/\\\/www.eim.com\\\/se\\\/about-eim-northern-region\\\/\"]}]},{\"@type\":\"ImageObject\",\"inLanguage\":\"en-US\",\"@id\":\"https:\\\/\\\/www.eim.com\\\/se\\\/about-eim-northern-region\\\/#primaryimage\",\"url\":\"https:\\\/\\\/www.eim.com\\\/se\\\/wp-content\\\/uploads\\\/sites\\\/13\\\/2020\\\/02\\\/our-values.jpeg\",\"contentUrl\":\"https:\\\/\\\/www.eim.com\\\/se\\\/wp-content\\\/uploads\\\/sites\\\/13\\\/2020\\\/02\\\/our-values.jpeg\",\"width\":2000,\"height\":1333,\"caption\":\"Business team standing together for a group portrait. Group of diverse business people standing together and smiling.\"},{\"@type\":\"BreadcrumbList\",\"@id\":\"https:\\\/\\\/www.eim.com\\\/se\\\/about-eim-northern-region\\\/#breadcrumb\",\"itemListElement\":[{\"@type\":\"ListItem\",\"position\":1,\"name\":\"Home\",\"item\":\"https:\\\/\\\/www.eim.com\\\/se\\\/\"},{\"@type\":\"ListItem\",\"position\":2,\"name\":\"About the EIM Northern Region Office\"}]},{\"@type\":\"WebSite\",\"@id\":\"https:\\\/\\\/www.eim.com\\\/se\\\/#website\",\"url\":\"https:\\\/\\\/www.eim.com\\\/se\\\/\",\"name\":\"EIM Northern Europe\",\"description\":\"Just another EIM Group Corporate Web Presence site\",\"potentialAction\":[{\"@type\":\"SearchAction\",\"target\":{\"@type\":\"EntryPoint\",\"urlTemplate\":\"https:\\\/\\\/www.eim.com\\\/se\\\/?s={search_term_string}\"},\"query-input\":{\"@type\":\"PropertyValueSpecification\",\"valueRequired\":true,\"valueName\":\"search_term_string\"}}],\"inLanguage\":\"en-US\"}]}<\/script>\n<!-- \/ Yoast SEO Premium plugin. -->","yoast_head_json":{"title":"About the EIM Northern Region Office - EIM Northern Europe","robots":{"index":"index","follow":"follow","max-snippet":"max-snippet:-1","max-image-preview":"max-image-preview:large","max-video-preview":"max-video-preview:-1"},"canonical":"https:\/\/www.eim.com\/se\/about-eim-northern-region\/","og_locale":"en_US","og_type":"article","og_title":"About the EIM Northern Region Office","og_description":"We believe in people We believe that \u2013 in a business that is changing rapidly \u2013 people make the difference.\u00a0They are the ones who find the opportunities to adapt to the changing environment.\u00a0They are the ones who drive innovation. They are the ones who realize the transition.","og_url":"https:\/\/www.eim.com\/se\/about-eim-northern-region\/","og_site_name":"EIM Northern Europe","article_modified_time":"2024-07-01T08:34:54+00:00","og_image":[{"width":2000,"height":1333,"url":"https:\/\/www.eim.com\/se\/wp-content\/uploads\/sites\/13\/2020\/02\/our-values.jpeg","type":"image\/jpeg"}],"twitter_card":"summary_large_image","twitter_misc":{"Est. reading time":"5 minutes"},"schema":{"@context":"https:\/\/schema.org","@graph":[{"@type":"WebPage","@id":"https:\/\/www.eim.com\/se\/about-eim-northern-region\/","url":"https:\/\/www.eim.com\/se\/about-eim-northern-region\/","name":"About the EIM Northern Region Office - EIM Northern Europe","isPartOf":{"@id":"https:\/\/www.eim.com\/se\/#website"},"primaryImageOfPage":{"@id":"https:\/\/www.eim.com\/se\/about-eim-northern-region\/#primaryimage"},"image":{"@id":"https:\/\/www.eim.com\/se\/about-eim-northern-region\/#primaryimage"},"thumbnailUrl":"https:\/\/www.eim.com\/se\/wp-content\/uploads\/sites\/13\/2020\/02\/our-values.jpeg","datePublished":"2019-10-14T14:12:46+00:00","dateModified":"2024-07-01T08:34:54+00:00","breadcrumb":{"@id":"https:\/\/www.eim.com\/se\/about-eim-northern-region\/#breadcrumb"},"inLanguage":"en-US","potentialAction":[{"@type":"ReadAction","target":["https:\/\/www.eim.com\/se\/about-eim-northern-region\/"]}]},{"@type":"ImageObject","inLanguage":"en-US","@id":"https:\/\/www.eim.com\/se\/about-eim-northern-region\/#primaryimage","url":"https:\/\/www.eim.com\/se\/wp-content\/uploads\/sites\/13\/2020\/02\/our-values.jpeg","contentUrl":"https:\/\/www.eim.com\/se\/wp-content\/uploads\/sites\/13\/2020\/02\/our-values.jpeg","width":2000,"height":1333,"caption":"Business team standing together for a group portrait. Group of diverse business people standing together and smiling."},{"@type":"BreadcrumbList","@id":"https:\/\/www.eim.com\/se\/about-eim-northern-region\/#breadcrumb","itemListElement":[{"@type":"ListItem","position":1,"name":"Home","item":"https:\/\/www.eim.com\/se\/"},{"@type":"ListItem","position":2,"name":"About the EIM Northern Region Office"}]},{"@type":"WebSite","@id":"https:\/\/www.eim.com\/se\/#website","url":"https:\/\/www.eim.com\/se\/","name":"EIM Northern Europe","description":"Just another EIM Group Corporate Web Presence site","potentialAction":[{"@type":"SearchAction","target":{"@type":"EntryPoint","urlTemplate":"https:\/\/www.eim.com\/se\/?s={search_term_string}"},"query-input":{"@type":"PropertyValueSpecification","valueRequired":true,"valueName":"search_term_string"}}],"inLanguage":"en-US"}]}},"_links":{"self":[{"href":"https:\/\/www.eim.com\/se\/wp-json\/wp\/v2\/pages\/5","targetHints":{"allow":["GET"]}}],"collection":[{"href":"https:\/\/www.eim.com\/se\/wp-json\/wp\/v2\/pages"}],"about":[{"href":"https:\/\/www.eim.com\/se\/wp-json\/wp\/v2\/types\/page"}],"author":[{"embeddable":true,"href":"https:\/\/www.eim.com\/se\/wp-json\/wp\/v2\/users\/2"}],"replies":[{"embeddable":true,"href":"https:\/\/www.eim.com\/se\/wp-json\/wp\/v2\/comments?post=5"}],"version-history":[{"count":0,"href":"https:\/\/www.eim.com\/se\/wp-json\/wp\/v2\/pages\/5\/revisions"}],"wp:featuredmedia":[{"embeddable":true,"href":"https:\/\/www.eim.com\/se\/wp-json\/wp\/v2\/media\/6"}],"wp:attachment":[{"href":"https:\/\/www.eim.com\/se\/wp-json\/wp\/v2\/media?parent=5"}],"curies":[{"name":"wp","href":"https:\/\/api.w.org\/{rel}","templated":true}]}}