{"id":11698,"date":"2021-11-02T11:51:30","date_gmt":"2021-11-02T11:51:30","guid":{"rendered":"https:\/\/www.eim.com\/fr\/?page_id=11698"},"modified":"2022-03-21T14:28:48","modified_gmt":"2022-03-21T14:28:48","slug":"ouvrages-eim","status":"publish","type":"page","link":"https:\/\/www.eim.com\/fr\/ouvrages-eim\/","title":{"rendered":"Ouvrages EIM"},"content":{"rendered":"<p>[et_pb_section fb_built=&#8221;1&#8243; admin_label=&#8221;Hero Section&#8221; _builder_version=&#8221;4.10.8&#8243; background_color=&#8221;#E09900&#8243; use_background_color_gradient=&#8221;on&#8221; background_color_gradient_start=&#8221;#082c3c&#8221; background_color_gradient_end=&#8221;#192e3d&#8221; background_color_gradient_overlays_image=&#8221;on&#8221; background_enable_image=&#8221;off&#8221; height=&#8221;520px&#8221; custom_padding=&#8221;6%||0%|||&#8221; bottom_divider_style=&#8221;slant&#8221; bottom_divider_color=&#8221;#ffffff&#8221; bottom_divider_height=&#8221;150px&#8221; bottom_divider_flip=&#8221;horizontal&#8221; saved_tabs=&#8221;all&#8221; global_colors_info=&#8221;{}&#8221; background_color_gradient_direction__hover=&#8221;180deg&#8221; background_color_gradient_direction__hover_enabled=&#8221;180deg&#8221; background_color_gradient_start_position__hover=&#8221;0%&#8221; background_color_gradient_start_position__hover_enabled=&#8221;0%&#8221; background_color_gradient_end_position__hover=&#8221;100%&#8221; background_color_gradient_end_position__hover_enabled=&#8221;100%&#8221;][et_pb_row admin_label=&#8221;Page Title Area&#8221; _builder_version=&#8221;3.27.4&#8243; width=&#8221;100%&#8221; max_width=&#8221;2560px&#8221; module_alignment=&#8221;center&#8221; custom_margin=&#8221;-2%|auto|0px|auto|false|false&#8221; custom_padding=&#8221;0px|||||&#8221; global_colors_info=&#8221;{}&#8221;][et_pb_column type=&#8221;4_4&#8243; _builder_version=&#8221;3.25&#8243; custom_padding=&#8221;|||&#8221; global_colors_info=&#8221;{}&#8221; custom_padding__hover=&#8221;|||&#8221;][et_pb_text admin_label=&#8221;Hero Section Title&#8221; _builder_version=&#8221;3.27.4&#8243; text_font=&#8221;Montserrat|800|||||||&#8221; text_font_size=&#8221;18px&#8221; text_line_height=&#8221;1.3em&#8221; header_font=&#8221;Montserrat|700|||||||&#8221; header_font_size=&#8221;56px&#8221; header_letter_spacing=&#8221;3px&#8221; header_line_height=&#8221;1.1em&#8221; header_2_font=&#8221;Montserrat|700|||||||&#8221; header_2_text_color=&#8221;rgba(255,255,255,0.6)&#8221; header_2_font_size=&#8221;90px&#8221; header_2_letter_spacing=&#8221;3px&#8221; header_2_line_height=&#8221;1.1em&#8221; text_orientation=&#8221;center&#8221; background_layout=&#8221;dark&#8221; max_width=&#8221;700px&#8221; module_alignment=&#8221;center&#8221; custom_margin=&#8221;0px||0px||false|false&#8221; animation_style=&#8221;fade&#8221; animation_direction=&#8221;bottom&#8221; animation_duration=&#8221;1350ms&#8221; header_font_size_tablet=&#8221;&#8221; header_font_size_phone=&#8221;28px&#8221; header_font_size_last_edited=&#8221;on|phone&#8221; header_2_font_size_tablet=&#8221;&#8221; header_2_font_size_phone=&#8221;50px&#8221; header_2_font_size_last_edited=&#8221;on|phone&#8221; text_text_shadow_style=&#8221;preset1&#8243; text_text_shadow_horizontal_length=&#8221;0.38em&#8221; inline_fonts=&#8221;Prata,Montserrat&#8221; global_colors_info=&#8221;{}&#8221;]<\/p>\n<h1><strong>Ouvrages EIM<\/strong><\/h1>\n<p>[\/et_pb_text][\/et_pb_column][\/et_pb_row][\/et_pb_section][et_pb_section fb_built=&#8221;1&#8243; _builder_version=&#8221;3.22&#8243; global_colors_info=&#8221;{}&#8221;][et_pb_row column_structure=&#8221;1_2,1_2&#8243; _builder_version=&#8221;4.10.8&#8243; _module_preset=&#8221;default&#8221; custom_margin=&#8221;-75px|auto||auto||&#8221; global_colors_info=&#8221;{}&#8221;][et_pb_column type=&#8221;1_2&#8243; _builder_version=&#8221;4.10.8&#8243; _module_preset=&#8221;default&#8221; global_colors_info=&#8221;{}&#8221;][et_pb_text _builder_version=&#8221;4.10.8&#8243; _module_preset=&#8221;default&#8221; global_colors_info=&#8221;{}&#8221;]<\/p>\n<h2 style=\"text-align: left\"><strong>100 jours pour r\u00e9ussir <\/strong><\/h2>\n<h5 style=\"text-align: left\">Fr\u00e9d\u00e9ric Marquette<\/h5>\n<p style=\"text-align: left\">\n<p style=\"text-align: left\">\n<p>[\/et_pb_text][et_pb_button button_url=&#8221;https:\/\/www.eim.com\/fr\/100-jours-pour-reussir\/&#8221; url_new_window=&#8221;on&#8221; button_text=&#8221;           D\u00e9couvrez les cl\u00e9s des 100 jours&#8221; _builder_version=&#8221;4.14.6&#8243; _module_preset=&#8221;default&#8221; custom_padding=&#8221;|81px||||&#8221; global_colors_info=&#8221;{}&#8221;][\/et_pb_button][\/et_pb_column][et_pb_column type=&#8221;1_2&#8243; _builder_version=&#8221;4.10.8&#8243; _module_preset=&#8221;default&#8221; global_colors_info=&#8221;{}&#8221;][et_pb_image src=&#8221;https:\/\/www.eim.com\/fr\/wp-content\/uploads\/sites\/9\/2019\/10\/Cent_Jours_pour_r_ussir_c1.jpg&#8221; title_text=&#8221;Cent_Jours_pour_r_ussir_c1&#8243; url=&#8221;https:\/\/www.eim.com\/fr\/100-jours-pour-reussir\/&#8221; url_new_window=&#8221;on&#8221; _builder_version=&#8221;4.14.6&#8243; _module_preset=&#8221;default&#8221; width=&#8221;56%&#8221; max_width=&#8221;24%&#8221; max_height=&#8221;1000px&#8221; custom_padding=&#8221;|8px|0px|||&#8221; global_colors_info=&#8221;{}&#8221; custom_margin=&#8221;|403px||||&#8221;][\/et_pb_image][\/et_pb_column][\/et_pb_row][et_pb_row column_structure=&#8221;1_2,1_2&#8243; _builder_version=&#8221;4.10.8&#8243; _module_preset=&#8221;default&#8221; global_colors_info=&#8221;{}&#8221;][et_pb_column type=&#8221;1_2&#8243; _builder_version=&#8221;4.10.8&#8243; _module_preset=&#8221;default&#8221; global_colors_info=&#8221;{}&#8221;][et_pb_text _builder_version=&#8221;4.10.8&#8243; _module_preset=&#8221;default&#8221; width=&#8221;100%&#8221; global_colors_info=&#8221;{}&#8221;]<\/p>\n<h2 class=\"title-content text-center\">Pourquoi eux ? Les secrets d\u2019une ascension<\/h2>\n<h5>Fr\u00e9d\u00e9ric Marquette<\/h5>\n<p>[\/et_pb_text][et_pb_button button_url=&#8221;https:\/\/www.eim.com\/fr\/pourquoi-eux\/&#8221; url_new_window=&#8221;on&#8221; button_text=&#8221;D\u00e9couvrez les cl\u00e9s de %22Pourquoi eux ?%22&#8243; _builder_version=&#8221;4.10.8&#8243; _module_preset=&#8221;default&#8221; custom_padding=&#8221;|6px||||&#8221; global_colors_info=&#8221;{}&#8221;][\/et_pb_button][\/et_pb_column][et_pb_column type=&#8221;1_2&#8243; _builder_version=&#8221;4.10.8&#8243; _module_preset=&#8221;default&#8221; global_colors_info=&#8221;{}&#8221;][et_pb_image src=&#8221;https:\/\/www.eim.com\/fr\/wp-content\/uploads\/sites\/9\/2019\/10\/Couverture-et-e\u0301ditions-195&#215;300.jpg&#8221; alt=&#8221;Pourquoi eux? Les secrets d\u2019une ascension&#8221; title_text=&#8221;Pourquoi eux? Les secrets d\u2019une ascension&#8221; url=&#8221;https:\/\/www.eim.com\/fr\/pourquoi-eux\/&#8221; url_new_window=&#8221;on&#8221; _builder_version=&#8221;4.14.6&#8243; _module_preset=&#8221;default&#8221; width=&#8221;57%&#8221; max_width=&#8221;28%&#8221; custom_padding=&#8221;|17px|0px|6px|false|false&#8221; global_colors_info=&#8221;{}&#8221;][\/et_pb_image][\/et_pb_column][\/et_pb_row][\/et_pb_section][et_pb_section fb_built=&#8221;1&#8243; _builder_version=&#8221;3.27.4&#8243; background_color=&#8221;#002C3E&#8221; custom_margin=&#8221;||||false|false&#8221; top_divider_style=&#8221;slant&#8221; top_divider_color=&#8221;#ffffff&#8221; top_divider_flip=&#8221;vertical|horizontal&#8221; bottom_divider_color=&#8221;#ffffff&#8221; bottom_divider_flip=&#8221;horizontal&#8221; saved_tabs=&#8221;all&#8221; global_colors_info=&#8221;{}&#8221;][et_pb_row _builder_version=&#8221;3.27.4&#8243; custom_padding=&#8221;64px|||||&#8221; global_colors_info=&#8221;{}&#8221;][et_pb_column type=&#8221;4_4&#8243; _builder_version=&#8221;3.27.4&#8243; global_colors_info=&#8221;{}&#8221;][et_pb_text admin_label=&#8221;Title&#8221; _builder_version=&#8221;3.27.4&#8243; text_font=&#8221;||||||||&#8221; text_text_color=&#8221;#ffffff&#8221; header_font=&#8221;Prata||||||||&#8221; header_2_font=&#8221;Montserrat|700|||||||&#8221; header_2_text_align=&#8221;center&#8221; header_2_font_size=&#8221;30px&#8221; custom_margin=&#8221;||5px|&#8221; custom_padding=&#8221;||0px|||&#8221; animation_style=&#8221;fade&#8221; animation_direction=&#8221;top&#8221; animation_duration=&#8221;1350ms&#8221; animation_starting_opacity=&#8221;100%&#8221; inline_fonts=&#8221;Prata,Montserrat&#8221; global_colors_info=&#8221;{}&#8221;]<\/p>\n<h3 style=\"text-align: center\"><span style=\"font-family: Montserrat;color: #ffffff\">Prenez contact avec nous<\/span><\/h3>\n<p>[\/et_pb_text][\/et_pb_column][\/et_pb_row][et_pb_row column_structure=&#8221;1_5,3_5,1_5&#8243; _builder_version=&#8221;3.27.4&#8243; custom_padding=&#8221;0px|||||&#8221; global_colors_info=&#8221;{}&#8221;][et_pb_column type=&#8221;1_5&#8243; _builder_version=&#8221;3.27.4&#8243; global_colors_info=&#8221;{}&#8221;][\/et_pb_column][et_pb_column type=&#8221;3_5&#8243; _builder_version=&#8221;3.27.4&#8243; global_colors_info=&#8221;{}&#8221;][et_pb_button button_url=&#8221;@ET-DC@eyJkeW5hbWljIjp0cnVlLCJjb250ZW50IjoicG9zdF9saW5rX3VybF9wYWdlIiwic2V0dGluZ3MiOnsicG9zdF9pZCI6IjM0OCJ9fQ==@&#8221; url_new_window=&#8221;on&#8221; button_text=&#8221;CONTACTEZ-NOUS&#8221; button_alignment=&#8221;center&#8221; _builder_version=&#8221;3.27.4&#8243; _dynamic_attributes=&#8221;button_url&#8221; background_layout=&#8221;dark&#8221; global_colors_info=&#8221;{}&#8221;][\/et_pb_button][\/et_pb_column][et_pb_column type=&#8221;1_5&#8243; _builder_version=&#8221;3.27.4&#8243; global_colors_info=&#8221;{}&#8221;][\/et_pb_column][\/et_pb_row][\/et_pb_section]<\/p>\n","protected":false},"excerpt":{"rendered":"<p>Ouvrages EIM100 jours pour r\u00e9ussir Fr\u00e9d\u00e9ric Marquette Pourquoi eux ? Les secrets d\u2019une ascension Fr\u00e9d\u00e9ric MarquettePrenez contact avec nous<\/p>\n","protected":false},"author":133,"featured_media":60,"parent":0,"menu_order":0,"comment_status":"closed","ping_status":"closed","template":"","meta":{"_et_pb_use_builder":"on","_et_pb_old_content":"[et_pb_section fb_built=\"1\" admin_label=\"Hero Section\" _builder_version=\"3.27.4\" use_background_color_gradient=\"on\" background_color_gradient_start=\"rgba(0,0,0,0.4)\" background_color_gradient_end=\"rgba(0,0,0,0.4)\" background_color_gradient_overlays_image=\"on\" background_image=\"https:\/\/eimworld.wpengine.com\/de\/wp-content\/uploads\/sites\/4\/2019\/10\/startup-1.jpeg\" height=\"520px\" custom_padding=\"6%||0%|||\" bottom_divider_style=\"slant\" bottom_divider_color=\"#ffffff\" bottom_divider_height=\"150px\" bottom_divider_flip=\"horizontal\" saved_tabs=\"all\" fb_built=\"1\" background_color_gradient_direction__hover=\"180deg\" background_color_gradient_direction__hover_enabled=\"180deg\" background_color_gradient_start_position__hover=\"0%\" background_color_gradient_start_position__hover_enabled=\"0%\" background_color_gradient_end_position__hover=\"100%\" background_color_gradient_end_position__hover_enabled=\"100%\" _i=\"0\" _address=\"0\"][et_pb_row admin_label=\"Page Title Area\" _builder_version=\"3.27.4\" width=\"100%\" max_width=\"2560px\" module_alignment=\"center\" custom_margin=\"-2%|auto|0px|auto|false|false\" custom_padding=\"0px|||||\" _i=\"0\" _address=\"0.0\"][et_pb_column type=\"4_4\" _builder_version=\"3.25\" custom_padding=\"|||\" _i=\"0\" _address=\"0.0.0\" custom_padding__hover=\"|||\"][et_pb_text admin_label=\"Hero Section Title\" _builder_version=\"3.27.4\" text_font=\"Montserrat|800|||||||\" text_font_size=\"18px\" text_line_height=\"1.3em\" text_text_shadow_style=\"preset1\" text_text_shadow_horizontal_length=\"0.38em\" header_font=\"Montserrat|700|||||||\" header_font_size=\"56px\" header_letter_spacing=\"3px\" header_line_height=\"1.1em\" header_2_font=\"Montserrat|700|||||||\" header_2_text_color=\"rgba(255,255,255,0.6)\" header_2_font_size=\"90px\" header_2_letter_spacing=\"3px\" header_2_line_height=\"1.1em\" text_orientation=\"center\" background_layout=\"dark\" max_width=\"700px\" module_alignment=\"center\" custom_margin=\"0px||0px||false|false\" animation_style=\"fade\" animation_direction=\"bottom\" animation_duration=\"1350ms\" header_font_size_phone=\"28px\" header_font_size_last_edited=\"on|phone\" header_2_font_size_phone=\"50px\" header_2_font_size_last_edited=\"on|phone\" inline_fonts=\"Prata,Montserrat\" _i=\"0\" _address=\"0.0.0.0\"]\n<h1><strong>Presse<\/strong><\/h1>\n[\/et_pb_text][\/et_pb_column][\/et_pb_row][\/et_pb_section][et_pb_section fb_built=\"1\" _builder_version=\"3.27.4\" custom_margin=\"||||false|false\" custom_padding=\"6px||5%||false|false\" saved_tabs=\"all\" fb_built=\"1\" _i=\"1\" _address=\"1\"][et_pb_row disabled_on=\"on|on|off\" admin_label=\"Title Area\" _builder_version=\"3.27.4\" background_color=\"rgba(0,0,0,0)\" width=\"100%\" module_alignment=\"center\" custom_margin=\"||||false|false\" custom_padding=\"0px|0px|0px|0px|false|false\" _i=\"0\" _address=\"1.0\"][et_pb_column type=\"4_4\" _builder_version=\"3.25\" custom_padding=\"|||\" _i=\"0\" _address=\"1.0.0\" custom_padding__hover=\"|||\"][et_pb_text admin_label=\"Title\" _builder_version=\"3.27.4\" text_font=\"||||||||\" header_font=\"Prata||||||||\" header_2_font=\"Montserrat|700|||||||\" header_2_text_align=\"center\" header_2_font_size=\"32px\" custom_margin=\"6%||8%||false|false\" custom_padding=\"||||false|false\" animation_style=\"fade\" animation_direction=\"top\" animation_duration=\"1350ms\" animation_starting_opacity=\"100%\" inline_fonts=\"Prata,Montserrat\" _i=\"0\" _address=\"1.0.0.0\"]\n<h2 style=\"text-align: center;\"><span color=\"#002c3e\" face=\"Montserrat\" style=\"color: #002c3e; font-family: Montserrat;\"><strong>Alle News Von EIM<\/strong>\n<\/span><\/h2>\n[\/et_pb_text][et_pb_blog fullwidth=\"off\" include_categories=\"24\" show_more=\"on\" show_author=\"off\" show_date=\"off\" use_overlay=\"on\" overlay_icon_color=\"#0c71c3\" hover_overlay_color=\"rgba(0,39,54,0.75)\" hover_icon=\"%%246%%\" _builder_version=\"3.27.4\" header_font=\"Montserrat|700|||||||\" header_text_color=\"#002736\" header_font_size=\"25px\" read_more_font=\"Montserrat||||||||\" box_shadow_style=\"preset1\" box_shadow_horizontal=\"2px\" box_shadow_color=\"rgba(0,0,0,0.26)\" hover_enabled=\"0\" _i=\"1\" _address=\"1.0.0.1\"][\/et_pb_blog][\/et_pb_column][\/et_pb_row][\/et_pb_section][et_pb_section fb_built=\"1\" _builder_version=\"3.27.4\" background_color=\"#002C3E\" custom_margin=\"||||false|false\" top_divider_style=\"slant\" top_divider_color=\"#ffffff\" top_divider_flip=\"vertical|horizontal\" bottom_divider_color=\"#ffffff\" bottom_divider_flip=\"horizontal\" saved_tabs=\"all\" fb_built=\"1\" _i=\"2\" _address=\"2\"][et_pb_row _builder_version=\"3.27.4\" custom_padding=\"64px|||||\" _i=\"0\" _address=\"2.0\"][et_pb_column type=\"4_4\" _builder_version=\"3.27.4\" _i=\"0\" _address=\"2.0.0\"][et_pb_text admin_label=\"Title\" _builder_version=\"3.27.4\" text_font=\"||||||||\" text_text_color=\"#ffffff\" header_font=\"Prata||||||||\" header_2_font=\"Montserrat|700|||||||\" header_2_text_align=\"center\" header_2_font_size=\"30px\" custom_margin=\"||5px|\" custom_padding=\"||0px|||\" animation_style=\"fade\" animation_direction=\"top\" animation_duration=\"1350ms\" animation_starting_opacity=\"100%\" inline_fonts=\"Prata,Montserrat\" _i=\"0\" _address=\"2.0.0.0\"]\n<h3 style=\"text-align: center;\"><span style=\"font-family: Montserrat; color: #ffffff;\">Kontaktieren Sie uns<\/span><\/h3>\n[\/et_pb_text][\/et_pb_column][\/et_pb_row][et_pb_row column_structure=\"1_5,3_5,1_5\" _builder_version=\"3.27.4\" custom_padding=\"0px|||||\" _i=\"1\" _address=\"2.1\"][et_pb_column type=\"1_5\" _builder_version=\"3.27.4\" _i=\"0\" _address=\"2.1.0\"][\/et_pb_column][et_pb_column type=\"3_5\" _builder_version=\"3.27.4\" _i=\"1\" _address=\"2.1.1\"][et_pb_text _builder_version=\"3.27.4\" _i=\"0\" _address=\"2.1.1.0\"]\n<p style=\"text-align: center;\"><span style=\"color: #ffffff;\">Erfahren Sie mehr und nehmen Sie Kontakt mit Ihrem EIM Berater auf<\/span><\/p>\n[\/et_pb_text][et_pb_button button_url=\"\/kontakt\" url_new_window=\"on\" button_text=\"KONTAKT\" button_alignment=\"center\" _builder_version=\"3.27.4\" background_layout=\"dark\" _i=\"1\" _address=\"2.1.1.1\"][\/et_pb_button][\/et_pb_column][et_pb_column type=\"1_5\" _builder_version=\"3.27.4\" _i=\"2\" _address=\"2.1.2\"][\/et_pb_column][\/et_pb_row][\/et_pb_section]","_et_gb_content_width":"","footnotes":""},"class_list":["post-11698","page","type-page","status-publish","has-post-thumbnail","hentry"],"yoast_head":"<!-- This site is optimized with the Yoast SEO Premium plugin v27.0 (Yoast SEO v27.0) - https:\/\/yoast.com\/product\/yoast-seo-premium-wordpress\/ -->\n<title>Ouvrages EIM - EIM France<\/title>\n<meta name=\"description\" content=\"D\u00e9couvrez les ouvrages EIM\" \/>\n<meta name=\"robots\" content=\"index, follow, max-snippet:-1, max-image-preview:large, max-video-preview:-1\" \/>\n<link rel=\"canonical\" href=\"https:\/\/www.eim.com\/fr\/ouvrages-eim\/\" \/>\n<meta property=\"og:locale\" content=\"fr_FR\" \/>\n<meta property=\"og:type\" content=\"article\" \/>\n<meta property=\"og:title\" content=\"Ouvrages EIM\" \/>\n<meta property=\"og:description\" content=\"D\u00e9couvrez les ouvrages EIM\" \/>\n<meta property=\"og:url\" content=\"https:\/\/www.eim.com\/fr\/ouvrages-eim\/\" \/>\n<meta property=\"og:site_name\" content=\"EIM France\" \/>\n<meta property=\"article:modified_time\" content=\"2022-03-21T14:28:48+00:00\" \/>\n<meta property=\"og:image\" content=\"https:\/\/www.eim.com\/fr\/wp-content\/uploads\/sites\/9\/2019\/10\/performance-improvement-1024x683.jpeg\" \/>\n\t<meta property=\"og:image:width\" content=\"1024\" \/>\n\t<meta property=\"og:image:height\" content=\"683\" \/>\n\t<meta property=\"og:image:type\" content=\"image\/jpeg\" \/>\n<meta name=\"twitter:card\" content=\"summary_large_image\" \/>\n<meta name=\"twitter:label1\" content=\"Dur\u00e9e de lecture estim\u00e9e\" \/>\n\t<meta name=\"twitter:data1\" content=\"2 minutes\" \/>\n<script type=\"application\/ld+json\" class=\"yoast-schema-graph\">{\"@context\":\"https:\/\/schema.org\",\"@graph\":[{\"@type\":\"WebPage\",\"@id\":\"https:\/\/www.eim.com\/fr\/ouvrages-eim\/\",\"url\":\"https:\/\/www.eim.com\/fr\/ouvrages-eim\/\",\"name\":\"Ouvrages EIM - EIM France\",\"isPartOf\":{\"@id\":\"https:\/\/www.eim.com\/fr\/#website\"},\"primaryImageOfPage\":{\"@id\":\"https:\/\/www.eim.com\/fr\/ouvrages-eim\/#primaryimage\"},\"image\":{\"@id\":\"https:\/\/www.eim.com\/fr\/ouvrages-eim\/#primaryimage\"},\"thumbnailUrl\":\"https:\/\/www.eim.com\/fr\/wp-content\/uploads\/sites\/9\/2019\/10\/performance-improvement-1024x683.jpeg\",\"datePublished\":\"2021-11-02T11:51:30+00:00\",\"dateModified\":\"2022-03-21T14:28:48+00:00\",\"description\":\"D\u00e9couvrez les ouvrages EIM\",\"breadcrumb\":{\"@id\":\"https:\/\/www.eim.com\/fr\/ouvrages-eim\/#breadcrumb\"},\"inLanguage\":\"fr-FR\",\"potentialAction\":[{\"@type\":\"ReadAction\",\"target\":[\"https:\/\/www.eim.com\/fr\/ouvrages-eim\/\"]}]},{\"@type\":\"ImageObject\",\"inLanguage\":\"fr-FR\",\"@id\":\"https:\/\/www.eim.com\/fr\/ouvrages-eim\/#primaryimage\",\"url\":\"https:\/\/www.eim.com\/fr\/wp-content\/uploads\/sites\/9\/2019\/10\/performance-improvement-1024x683.jpeg\",\"contentUrl\":\"https:\/\/www.eim.com\/fr\/wp-content\/uploads\/sites\/9\/2019\/10\/performance-improvement-1024x683.jpeg\",\"width\":1024,\"height\":683,\"caption\":\"Business team colleagues discussing working analysis with financial data and marketing growth report graph in team, Meeting Talking Brainstorming Communication Concept.\"},{\"@type\":\"BreadcrumbList\",\"@id\":\"https:\/\/www.eim.com\/fr\/ouvrages-eim\/#breadcrumb\",\"itemListElement\":[{\"@type\":\"ListItem\",\"position\":1,\"name\":\"Home\",\"item\":\"https:\/\/www.eim.com\/fr\/\"},{\"@type\":\"ListItem\",\"position\":2,\"name\":\"Ouvrages EIM\"}]},{\"@type\":\"WebSite\",\"@id\":\"https:\/\/www.eim.com\/fr\/#website\",\"url\":\"https:\/\/www.eim.com\/fr\/\",\"name\":\"EIM France\",\"description\":\"Management de transition | EIM\",\"publisher\":{\"@id\":\"https:\/\/www.eim.com\/fr\/#organization\"},\"potentialAction\":[{\"@type\":\"SearchAction\",\"target\":{\"@type\":\"EntryPoint\",\"urlTemplate\":\"https:\/\/www.eim.com\/fr\/?s={search_term_string}\"},\"query-input\":{\"@type\":\"PropertyValueSpecification\",\"valueRequired\":true,\"valueName\":\"search_term_string\"}}],\"inLanguage\":\"fr-FR\"},{\"@type\":\"Organization\",\"@id\":\"https:\/\/www.eim.com\/fr\/#organization\",\"name\":\"EIM France\",\"url\":\"https:\/\/www.eim.com\/fr\/\",\"logo\":{\"@type\":\"ImageObject\",\"inLanguage\":\"fr-FR\",\"@id\":\"https:\/\/www.eim.com\/fr\/#\/schema\/logo\/image\/\",\"url\":\"https:\/\/www.eim.com\/fr\/wp-content\/uploads\/sites\/9\/2019\/10\/logo_EIM_2-e1588485874411.png\",\"contentUrl\":\"https:\/\/www.eim.com\/fr\/wp-content\/uploads\/sites\/9\/2019\/10\/logo_EIM_2-e1588485874411.png\",\"width\":300,\"height\":101,\"caption\":\"EIM France\"},\"image\":{\"@id\":\"https:\/\/www.eim.com\/fr\/#\/schema\/logo\/image\/\"}}]}<\/script>\n<!-- \/ Yoast SEO Premium plugin. -->","yoast_head_json":{"title":"Ouvrages EIM - EIM France","description":"D\u00e9couvrez les ouvrages EIM","robots":{"index":"index","follow":"follow","max-snippet":"max-snippet:-1","max-image-preview":"max-image-preview:large","max-video-preview":"max-video-preview:-1"},"canonical":"https:\/\/www.eim.com\/fr\/ouvrages-eim\/","og_locale":"fr_FR","og_type":"article","og_title":"Ouvrages EIM","og_description":"D\u00e9couvrez les ouvrages EIM","og_url":"https:\/\/www.eim.com\/fr\/ouvrages-eim\/","og_site_name":"EIM France","article_modified_time":"2022-03-21T14:28:48+00:00","og_image":[{"width":1024,"height":683,"url":"https:\/\/www.eim.com\/fr\/wp-content\/uploads\/sites\/9\/2019\/10\/performance-improvement-1024x683.jpeg","type":"image\/jpeg"}],"twitter_card":"summary_large_image","twitter_misc":{"Dur\u00e9e de lecture estim\u00e9e":"2 minutes"},"schema":{"@context":"https:\/\/schema.org","@graph":[{"@type":"WebPage","@id":"https:\/\/www.eim.com\/fr\/ouvrages-eim\/","url":"https:\/\/www.eim.com\/fr\/ouvrages-eim\/","name":"Ouvrages EIM - EIM France","isPartOf":{"@id":"https:\/\/www.eim.com\/fr\/#website"},"primaryImageOfPage":{"@id":"https:\/\/www.eim.com\/fr\/ouvrages-eim\/#primaryimage"},"image":{"@id":"https:\/\/www.eim.com\/fr\/ouvrages-eim\/#primaryimage"},"thumbnailUrl":"https:\/\/www.eim.com\/fr\/wp-content\/uploads\/sites\/9\/2019\/10\/performance-improvement-1024x683.jpeg","datePublished":"2021-11-02T11:51:30+00:00","dateModified":"2022-03-21T14:28:48+00:00","description":"D\u00e9couvrez les ouvrages EIM","breadcrumb":{"@id":"https:\/\/www.eim.com\/fr\/ouvrages-eim\/#breadcrumb"},"inLanguage":"fr-FR","potentialAction":[{"@type":"ReadAction","target":["https:\/\/www.eim.com\/fr\/ouvrages-eim\/"]}]},{"@type":"ImageObject","inLanguage":"fr-FR","@id":"https:\/\/www.eim.com\/fr\/ouvrages-eim\/#primaryimage","url":"https:\/\/www.eim.com\/fr\/wp-content\/uploads\/sites\/9\/2019\/10\/performance-improvement-1024x683.jpeg","contentUrl":"https:\/\/www.eim.com\/fr\/wp-content\/uploads\/sites\/9\/2019\/10\/performance-improvement-1024x683.jpeg","width":1024,"height":683,"caption":"Business team colleagues discussing working analysis with financial data and marketing growth report graph in team, Meeting Talking Brainstorming Communication Concept."},{"@type":"BreadcrumbList","@id":"https:\/\/www.eim.com\/fr\/ouvrages-eim\/#breadcrumb","itemListElement":[{"@type":"ListItem","position":1,"name":"Home","item":"https:\/\/www.eim.com\/fr\/"},{"@type":"ListItem","position":2,"name":"Ouvrages EIM"}]},{"@type":"WebSite","@id":"https:\/\/www.eim.com\/fr\/#website","url":"https:\/\/www.eim.com\/fr\/","name":"EIM France","description":"Management de transition | EIM","publisher":{"@id":"https:\/\/www.eim.com\/fr\/#organization"},"potentialAction":[{"@type":"SearchAction","target":{"@type":"EntryPoint","urlTemplate":"https:\/\/www.eim.com\/fr\/?s={search_term_string}"},"query-input":{"@type":"PropertyValueSpecification","valueRequired":true,"valueName":"search_term_string"}}],"inLanguage":"fr-FR"},{"@type":"Organization","@id":"https:\/\/www.eim.com\/fr\/#organization","name":"EIM France","url":"https:\/\/www.eim.com\/fr\/","logo":{"@type":"ImageObject","inLanguage":"fr-FR","@id":"https:\/\/www.eim.com\/fr\/#\/schema\/logo\/image\/","url":"https:\/\/www.eim.com\/fr\/wp-content\/uploads\/sites\/9\/2019\/10\/logo_EIM_2-e1588485874411.png","contentUrl":"https:\/\/www.eim.com\/fr\/wp-content\/uploads\/sites\/9\/2019\/10\/logo_EIM_2-e1588485874411.png","width":300,"height":101,"caption":"EIM France"},"image":{"@id":"https:\/\/www.eim.com\/fr\/#\/schema\/logo\/image\/"}}]}},"_links":{"self":[{"href":"https:\/\/www.eim.com\/fr\/wp-json\/wp\/v2\/pages\/11698","targetHints":{"allow":["GET"]}}],"collection":[{"href":"https:\/\/www.eim.com\/fr\/wp-json\/wp\/v2\/pages"}],"about":[{"href":"https:\/\/www.eim.com\/fr\/wp-json\/wp\/v2\/types\/page"}],"author":[{"embeddable":true,"href":"https:\/\/www.eim.com\/fr\/wp-json\/wp\/v2\/users\/133"}],"replies":[{"embeddable":true,"href":"https:\/\/www.eim.com\/fr\/wp-json\/wp\/v2\/comments?post=11698"}],"version-history":[{"count":0,"href":"https:\/\/www.eim.com\/fr\/wp-json\/wp\/v2\/pages\/11698\/revisions"}],"wp:featuredmedia":[{"embeddable":true,"href":"https:\/\/www.eim.com\/fr\/wp-json\/wp\/v2\/media\/60"}],"wp:attachment":[{"href":"https:\/\/www.eim.com\/fr\/wp-json\/wp\/v2\/media?parent=11698"}],"curies":[{"name":"wp","href":"https:\/\/api.w.org\/{rel}","templated":true}]}}