{"id":75,"date":"2019-09-12T08:12:25","date_gmt":"2019-09-12T08:12:25","guid":{"rendered":"https:\/\/eimworld.wpengine.com\/es\/interim-management\/"},"modified":"2023-02-28T23:44:45","modified_gmt":"2023-02-28T23:44:45","slug":"interim-management","status":"publish","type":"page","link":"https:\/\/www.eim.com\/es\/interim-management\/","title":{"rendered":"Interim Management"},"content":{"rendered":"\n\n[et_pb_section fb_built=&#8221;1&#8243; admin_label=&#8221;Hero Section&#8221; _builder_version=&#8221;3.27.4&#8243; use_background_color_gradient=&#8221;on&#8221; background_color_gradient_start=&#8221;rgba(0,0,0,0.4)&#8221; background_color_gradient_end=&#8221;rgba(0,0,0,0.4)&#8221; background_color_gradient_overlays_image=&#8221;on&#8221; background_image=&#8221;https:\/\/eimworld.wpengine.com\/wp-content\/uploads\/2019\/10\/interim.management-1.jpeg&#8221; background_position=&#8221;top_center&#8221; height=&#8221;520px&#8221; custom_padding=&#8221;6%||0%|||&#8221; bottom_divider_style=&#8221;slant&#8221; bottom_divider_color=&#8221;#ffffff&#8221; bottom_divider_height=&#8221;150px&#8221; bottom_divider_flip=&#8221;horizontal&#8221; saved_tabs=&#8221;all&#8221; fb_built=&#8221;1&#8243; background_color_gradient_direction__hover=&#8221;180deg&#8221; background_color_gradient_direction__hover_enabled=&#8221;180deg&#8221; background_color_gradient_start_position__hover=&#8221;0%&#8221; background_color_gradient_start_position__hover_enabled=&#8221;0%&#8221; background_color_gradient_end_position__hover=&#8221;100%&#8221; background_color_gradient_end_position__hover_enabled=&#8221;100%&#8221; _i=&#8221;0&#8243; _address=&#8221;0&#8243;][et_pb_row admin_label=&#8221;Page Title Area&#8221; _builder_version=&#8221;3.27.4&#8243; width=&#8221;100%&#8221; max_width=&#8221;2560px&#8221; module_alignment=&#8221;center&#8221; custom_margin=&#8221;-2%|auto|0px|auto|false|false&#8221; custom_padding=&#8221;0px|||||&#8221; _i=&#8221;0&#8243; _address=&#8221;0.0&#8243;][et_pb_column type=&#8221;4_4&#8243; _builder_version=&#8221;3.25&#8243; custom_padding=&#8221;|||&#8221; _i=&#8221;0&#8243; _address=&#8221;0.0.0&#8243; custom_padding__hover=&#8221;|||&#8221;][et_pb_text admin_label=&#8221;Hero Section Title&#8221; _builder_version=&#8221;3.27.4&#8243; text_font=&#8221;Montserrat|800|||||||&#8221; text_font_size=&#8221;18px&#8221; text_line_height=&#8221;1.3em&#8221; text_text_shadow_style=&#8221;preset1&#8243; text_text_shadow_horizontal_length=&#8221;0.38em&#8221; header_font=&#8221;Montserrat|700|||||||&#8221; header_font_size=&#8221;56px&#8221; header_letter_spacing=&#8221;3px&#8221; header_line_height=&#8221;1.1em&#8221; header_2_font=&#8221;Montserrat|700|||||||&#8221; header_2_text_color=&#8221;rgba(255,255,255,0.6)&#8221; header_2_font_size=&#8221;90px&#8221; header_2_letter_spacing=&#8221;3px&#8221; header_2_line_height=&#8221;1.1em&#8221; text_orientation=&#8221;center&#8221; background_layout=&#8221;dark&#8221; max_width=&#8221;700px&#8221; module_alignment=&#8221;center&#8221; custom_margin=&#8221;20px||0px||false|false&#8221; animation_style=&#8221;fade&#8221; animation_direction=&#8221;bottom&#8221; animation_duration=&#8221;1350ms&#8221; header_font_size_phone=&#8221;28px&#8221; header_font_size_last_edited=&#8221;on|phone&#8221; header_2_font_size_phone=&#8221;50px&#8221; header_2_font_size_last_edited=&#8221;on|phone&#8221; inline_fonts=&#8221;Prata,Montserrat&#8221; _i=&#8221;0&#8243; _address=&#8221;0.0.0.0&#8243;]\n<h1 style=\"text-align: center\"><span style=\"font-family: Montserrat\">Interim\nManagement<\/span><\/h1>\n[\/et_pb_text][\/et_pb_column][\/et_pb_row][\/et_pb_section][et_pb_section fb_built=&#8221;1&#8243; _builder_version=&#8221;3.27.4&#8243; custom_margin=&#8221;||5%||false|false&#8221; custom_padding=&#8221;0%||0%||true|false&#8221; saved_tabs=&#8221;all&#8221; fb_built=&#8221;1&#8243; _i=&#8221;1&#8243; _address=&#8221;1&#8243;][et_pb_row admin_label=&#8221;Title Area&#8221; _builder_version=&#8221;3.27.4&#8243; background_color=&#8221;rgba(0,0,0,0)&#8221; width=&#8221;100%&#8221; module_alignment=&#8221;center&#8221; custom_margin=&#8221;||||false|false&#8221; custom_padding=&#8221;0px|0px|55px|0px|false|false&#8221; _i=&#8221;0&#8243; _address=&#8221;1.0&#8243;][et_pb_column type=&#8221;4_4&#8243; _builder_version=&#8221;3.25&#8243; custom_padding=&#8221;|||&#8221; _i=&#8221;0&#8243; _address=&#8221;1.0.0&#8243; custom_padding__hover=&#8221;|||&#8221;][et_pb_text admin_label=&#8221;Title&#8221; _builder_version=&#8221;3.27.4&#8243; text_font=&#8221;||||||||&#8221; header_font=&#8221;Prata||||||||&#8221; header_2_font=&#8221;Montserrat|700|||||||&#8221; header_2_text_align=&#8221;center&#8221; header_2_font_size=&#8221;32px&#8221; custom_margin=&#8221;10%||||false|false&#8221; custom_padding=&#8221;||||false|false&#8221; animation_style=&#8221;fade&#8221; animation_direction=&#8221;top&#8221; animation_duration=&#8221;1350ms&#8221; animation_starting_opacity=&#8221;100%&#8221; inline_fonts=&#8221;Prata,Montserrat&#8221; _i=&#8221;0&#8243; _address=&#8221;1.0.0.0&#8243;]\n<h2>Acceso r\u00e1pido a capacidades expertas de gesti\u00f3n<\/h2>\n[\/et_pb_text][et_pb_text _builder_version=&#8221;3.27.4&#8243; text_font=&#8221;||||||||&#8221; text_font_size=&#8221;16px&#8221; header_font=&#8221;||||||||&#8221; text_orientation=&#8221;justified&#8221; max_width=&#8221;93%&#8221; module_alignment=&#8221;center&#8221; custom_margin=&#8221;3%|0px|0.5%|0px|false|false&#8221; custom_padding=&#8221;|0%|0px|0%|false|false&#8221; animation_style=&#8221;flip&#8221; animation_direction=&#8221;left&#8221; animation_intensity_flip=&#8221;30%&#8221; animation_starting_opacity=&#8221;100%&#8221; _i=&#8221;1&#8243; _address=&#8221;1.0.0.1&#8243;]\n\nConfi\u00e9 sus operaciones a uno de nuestros interim managers ejecutivos. Seg\u00fan sus necesidades, un Interim Manager de EIM puede sustituir, complementar o formar a sus ejecutivos a corto o largo plazo. Los Interim Managers de EIM tienen una experiencia pr\u00e1ctica extensa en una gran variedad de funciones y sectores. Adem\u00e1s, los Interim Managers de EIM normalmente comienzan en cuesti\u00f3n de d\u00edas en el caso de misiones tipo proyecto o semanas para una contrataci\u00f3n permanente.\n\nLos Interim Managers de EIM le ayudan a desarrollar y ejecutar estrat\u00e9gicas pr\u00e1cticas para navegar por el proceso de cambio con \u00e9xito. Todos y cada uno tienen un historial s\u00f3lido de impulsar el cambio en situaciones complejas en una direcci\u00f3n positiva. Adem\u00e1s, cada Interim Manager de EIM aporta: amplia experiencia operativa; conocimiento de un sector, mercado o pa\u00eds espec\u00edfico; habilidades particulares en un \u00e1rea funcional y experiencia probada en la consecuci\u00f3n de resultados en tipos de misiones parecidas.\n\n[\/et_pb_text][\/et_pb_column][\/et_pb_row][\/et_pb_section][et_pb_section fb_built=&#8221;1&#8243; disabled_on=&#8221;on|on|off&#8221; admin_label=&#8221;Quote Section&#8221; _builder_version=&#8221;3.27.4&#8243; use_background_color_gradient=&#8221;on&#8221; background_color_gradient_start=&#8221;#e8e8e8&#8243; background_color_gradient_end=&#8221;rgba(0,0,0,0)&#8221; background_color_gradient_direction=&#8221;105deg&#8221; background_color_gradient_start_position=&#8221;44%&#8221; background_color_gradient_end_position=&#8221;0%&#8221; background_color_gradient_overlays_image=&#8221;on&#8221; background_image=&#8221;https:\/\/eimworld.wpengine.com\/wp-content\/uploads\/2019\/10\/meeting.jpeg&#8221; background_position=&#8221;top_left&#8221; min_height=&#8221;500px&#8221; custom_margin=&#8221;0px||||false|false&#8221; bottom_divider_style=&#8221;slant&#8221; bottom_divider_color=&#8221;#002c3e&#8221; bottom_divider_flip=&#8221;horizontal&#8221; saved_tabs=&#8221;all&#8221; fb_built=&#8221;1&#8243; _i=&#8221;2&#8243; _address=&#8221;2&#8243;][et_pb_row column_structure=&#8221;1_3,2_3&#8243; admin_label=&#8221;Quote Area&#8221; _builder_version=&#8221;3.27.4&#8243; max_width=&#8221;2496px&#8221; custom_margin=&#8221;|100px|50px|191px||&#8221; custom_padding=&#8221;|0px|0px|0px||&#8221; _i=&#8221;0&#8243; _address=&#8221;2.0&#8243;][et_pb_column type=&#8221;1_3&#8243; _builder_version=&#8221;3.27.4&#8243; custom_padding=&#8221;|||&#8221; _i=&#8221;0&#8243; _address=&#8221;2.0.0&#8243; custom_padding__hover=&#8221;|||&#8221;][et_pb_text admin_label=&#8221;Title&#8221; _builder_version=&#8221;3.27.4&#8243; text_font=&#8221;||||||||&#8221; text_font_size=&#8221;16px&#8221; header_font=&#8221;||||||||&#8221; text_orientation=&#8221;justified&#8221; width=&#8221;100%&#8221; module_alignment=&#8221;center&#8221; custom_margin=&#8221;14%|0px|9%||false|false&#8221; custom_padding=&#8221;|0%|0px||false|false&#8221; animation_style=&#8221;flip&#8221; animation_direction=&#8221;left&#8221; animation_intensity_flip=&#8221;30%&#8221; animation_starting_opacity=&#8221;100%&#8221; hover_enabled=&#8221;0&#8243; inline_fonts=&#8221;Montserrat&#8221; _i=&#8221;0&#8243; _address=&#8221;2.0.0.0&#8243;]\n\nDespu\u00e9s de tres d\u00e9cadas y 10.000 misiones, EIM proporciona el interim manager adecuado para el trabajo.\n\nRecibir\u00e1 conocimiento altamente cualificado y habilidades de gesti\u00f3n probadas a un coste fijo en un tiempo r\u00e9cord.\n\n[\/et_pb_text][\/et_pb_column][et_pb_column type=&#8221;2_3&#8243; _builder_version=&#8221;3.25&#8243; custom_padding=&#8221;|||&#8221; _i=&#8221;1&#8243; _address=&#8221;2.0.1&#8243; custom_padding__hover=&#8221;|||&#8221;][et_pb_text _builder_version=&#8221;3.27.4&#8243; text_font=&#8221;Montserrat|700|||||||&#8221; text_text_color=&#8221;#ffffff&#8221; text_font_size=&#8221;43px&#8221; text_line_height=&#8221;1em&#8221; text_text_shadow_style=&#8221;preset1&#8243; width=&#8221;149.4%&#8221; max_width=&#8221;83%&#8221; custom_margin=&#8221;0.1%|67px|10.3%|38px|false|false&#8221; custom_padding=&#8221;0px|0px|0px|157px||&#8221; _i=&#8221;0&#8243; _address=&#8221;2.0.1.0&#8243;]\n<p style=\"text-align: center\">EIM es un l\u00edder global que proporciona soluciones de interim management ejecutivo cuando el tiempo es cr\u00edtico<\/p>\n[\/et_pb_text][\/et_pb_column][\/et_pb_row][\/et_pb_section][et_pb_section fb_built=&#8221;1&#8243; prev_background_color=&#8221;#ffffff&#8221; next_background_color=&#8221;#002c3e&#8221; disabled_on=&#8221;off|off|on&#8221; admin_label=&#8221;Quote Section&#8221; _builder_version=&#8221;3.27.4&#8243; background_color=&#8221;#e8e8e8&#8243; use_background_color_gradient=&#8221;on&#8221; background_color_gradient_start=&#8221;#e8e8e8&#8243; background_color_gradient_end=&#8221;rgba(0,0,0,0)&#8221; background_color_gradient_direction=&#8221;105deg&#8221; background_color_gradient_start_position=&#8221;55%&#8221; background_color_gradient_end_position=&#8221;0%&#8221; background_color_gradient_overlays_image=&#8221;on&#8221; background_enable_image=&#8221;off&#8221; background_position=&#8221;bottom_center&#8221; custom_margin=&#8221;0px||||false|false&#8221; top_divider_style=&#8221;slant&#8221; top_divider_flip=&#8221;vertical&#8221; bottom_divider_style=&#8221;slant&#8221; bottom_divider_flip=&#8221;horizontal&#8221; saved_tabs=&#8221;all&#8221; fb_built=&#8221;1&#8243; _i=&#8221;3&#8243; _address=&#8221;3&#8243;][et_pb_row admin_label=&#8221;Quote Area&#8221; _builder_version=&#8221;3.27.4&#8243; custom_margin=&#8221;|auto||auto|false|false&#8221; custom_padding=&#8221;||0px||false|false&#8221; _i=&#8221;0&#8243; _address=&#8221;3.0&#8243;][et_pb_column type=&#8221;4_4&#8243; _builder_version=&#8221;3.27.4&#8243; custom_padding=&#8221;|||&#8221; _i=&#8221;0&#8243; _address=&#8221;3.0.0&#8243; custom_padding__hover=&#8221;|||&#8221;][et_pb_text admin_label=&#8221;Title&#8221; _builder_version=&#8221;3.27.4&#8243; text_font=&#8221;||||||||&#8221; header_font=&#8221;Prata||||||||&#8221; header_2_font=&#8221;Montserrat|700|||||||&#8221; header_2_text_align=&#8221;center&#8221; header_2_font_size=&#8221;32px&#8221; custom_margin=&#8221;10%||||false|false&#8221; custom_padding=&#8221;||||false|false&#8221; animation_style=&#8221;fade&#8221; animation_direction=&#8221;top&#8221; animation_duration=&#8221;1350ms&#8221; animation_starting_opacity=&#8221;100%&#8221; hover_enabled=&#8221;0&#8243; inline_fonts=&#8221;Prata,Montserrat&#8221; _i=&#8221;0&#8243; _address=&#8221;3.0.0.0&#8243;]\n<h2><span style=\"color: #002c3e;font-family: Montserrat\">EIM es un l\u00edder global que proporciona soluciones de interim management ejecutivo cuando el tiempo es cr\u00edtico<\/span><\/h2>\n[\/et_pb_text][et_pb_text admin_label=&#8221;Title&#8221; _builder_version=&#8221;3.27.4&#8243; text_font=&#8221;||||||||&#8221; text_font_size=&#8221;16px&#8221; header_font=&#8221;||||||||&#8221; text_orientation=&#8221;justified&#8221; width=&#8221;95.3%&#8221; module_alignment=&#8221;center&#8221; custom_margin=&#8221;3%|10%|10%|10%|false|false&#8221; custom_padding=&#8221;||0px||false|false&#8221; animation_style=&#8221;flip&#8221; animation_direction=&#8221;left&#8221; animation_intensity_flip=&#8221;30%&#8221; animation_starting_opacity=&#8221;100%&#8221; hover_enabled=&#8221;0&#8243; inline_fonts=&#8221;Montserrat&#8221; _i=&#8221;1&#8243; _address=&#8221;3.0.0.1&#8243;]<span>Despu\u00e9s de tres d\u00e9cadas y 10.000 misiones, EIM proporciona el interim manager adecuado para el trabajo. Recibir\u00e1 conocimiento altamente cualificado y habilidades de gesti\u00f3n probadas a un coste fijo en un tiempo r\u00e9cord..<\/span>[\/et_pb_text][\/et_pb_column][\/et_pb_row][\/et_pb_section][et_pb_section fb_built=&#8221;1&#8243; _builder_version=&#8221;3.27.4&#8243; background_color=&#8221;#002c3e&#8221; custom_margin=&#8221;||||false|false&#8221; top_divider_color=&#8221;#ffffff&#8221; top_divider_flip=&#8221;vertical&#8221; bottom_divider_color=&#8221;#ffffff&#8221; bottom_divider_flip=&#8221;horizontal&#8221; saved_tabs=&#8221;all&#8221; fb_built=&#8221;1&#8243; _i=&#8221;4&#8243; _address=&#8221;4&#8243;][et_pb_row _builder_version=&#8221;3.27.4&#8243; custom_padding=&#8221;64px|||||&#8221; _i=&#8221;0&#8243; _address=&#8221;4.0&#8243;][et_pb_column type=&#8221;4_4&#8243; _builder_version=&#8221;3.27.4&#8243; _i=&#8221;0&#8243; _address=&#8221;4.0.0&#8243;][et_pb_text admin_label=&#8221;Title&#8221; _builder_version=&#8221;3.27.4&#8243; text_font=&#8221;||||||||&#8221; text_text_color=&#8221;#ffffff&#8221; header_font=&#8221;Prata||||||||&#8221; header_2_font=&#8221;Montserrat|700|||||||&#8221; header_2_text_align=&#8221;center&#8221; header_2_font_size=&#8221;30px&#8221; custom_margin=&#8221;||5px|&#8221; custom_padding=&#8221;||0px|||&#8221; animation_style=&#8221;fade&#8221; animation_direction=&#8221;top&#8221; animation_duration=&#8221;1350ms&#8221; animation_starting_opacity=&#8221;100%&#8221; inline_fonts=&#8221;Prata,Montserrat&#8221; _i=&#8221;0&#8243; _address=&#8221;4.0.0.0&#8243;]\n<h3 style=\"text-align: center\"><span style=\"font-family: Montserrat;color: #ffffff\">P\u00f3ngase en contacto con nosotros<\/span><\/h3>\n[\/et_pb_text][\/et_pb_column][\/et_pb_row][et_pb_row column_structure=&#8221;1_5,3_5,1_5&#8243; _builder_version=&#8221;3.27.4&#8243; custom_padding=&#8221;0px|||||&#8221; _i=&#8221;1&#8243; _address=&#8221;4.1&#8243;][et_pb_column type=&#8221;1_5&#8243; _builder_version=&#8221;3.27.4&#8243; _i=&#8221;0&#8243; _address=&#8221;4.1.0&#8243;][\/et_pb_column][et_pb_column type=&#8221;3_5&#8243; _builder_version=&#8221;3.27.4&#8243; _i=&#8221;1&#8243; _address=&#8221;4.1.1&#8243;][et_pb_text _builder_version=&#8221;3.27.4&#8243; _i=&#8221;0&#8243; _address=&#8221;4.1.1.0&#8243;]\n<p style=\"text-align: center\"><span style=\"color: #ffffff\">Juntos podemos encontrar la soluci\u00f3n que est\u00e1 buscando.<\/span><\/p>\n[\/et_pb_text][et_pb_button button_url=&#8221;@ET-DC@eyJkeW5hbWljIjp0cnVlLCJjb250ZW50IjoicG9zdF9saW5rX3VybF9wYWdlIiwic2V0dGluZ3MiOnsicG9zdF9pZCI6IjExOCJ9fQ==@&#8221; button_text=&#8221;CONT\u00c1CTENOS&#8221; button_alignment=&#8221;center&#8221; _builder_version=&#8221;3.27.4&#8243; _dynamic_attributes=&#8221;button_url&#8221; background_layout=&#8221;dark&#8221; _i=&#8221;1&#8243; _address=&#8221;4.1.1.1&#8243;][\/et_pb_button][\/et_pb_column][et_pb_column type=&#8221;1_5&#8243; _builder_version=&#8221;3.27.4&#8243; _i=&#8221;2&#8243; _address=&#8221;4.1.2&#8243;][\/et_pb_column][\/et_pb_row][\/et_pb_section]\n\n","protected":false},"excerpt":{"rendered":"<p>Los Interim Managers de EIM le ayudan a desarrollar y ejecutar estrat\u00e9gicas pr\u00e1cticas para navegar por el proceso de cambio con \u00e9xito. Todos y cada uno tienen un historial s\u00f3lido de impulsar el cambio en situaciones complejas en una direcci\u00f3n positiva.<\/p>\n","protected":false},"author":2,"featured_media":76,"parent":0,"menu_order":0,"comment_status":"closed","ping_status":"closed","template":"","meta":{"_et_pb_use_builder":"on","_et_pb_old_content":"","_et_gb_content_width":"","footnotes":""},"class_list":["post-75","page","type-page","status-publish","has-post-thumbnail","hentry"],"yoast_head":"<!-- This site is optimized with the Yoast SEO Premium plugin v27.0 (Yoast SEO v27.0) - https:\/\/yoast.com\/product\/yoast-seo-premium-wordpress\/ -->\n<title>Interim Management: acceso r\u00e1pido a ejecutivos del m\u00e1s alto nivel<\/title>\n<meta name=\"description\" content=\"Disponemos de interim managers con un historial s\u00f3lido a la hora de impulsar el cambio en situaciones complejas en una direcci\u00f3n positiva.\" \/>\n<meta name=\"robots\" content=\"index, follow, max-snippet:-1, max-image-preview:large, max-video-preview:-1\" \/>\n<link rel=\"canonical\" href=\"https:\/\/www.eim.com\/es\/interim-management\/\" \/>\n<meta property=\"og:locale\" content=\"es_ES\" \/>\n<meta property=\"og:type\" content=\"article\" \/>\n<meta property=\"og:title\" content=\"Interim Management\" \/>\n<meta property=\"og:description\" content=\"Disponemos de interim managers con un historial s\u00f3lido a la hora de impulsar el cambio en situaciones complejas en una direcci\u00f3n positiva.\" \/>\n<meta property=\"og:url\" content=\"https:\/\/www.eim.com\/es\/interim-management\/\" \/>\n<meta property=\"og:site_name\" content=\"Interim Management | EIM Spain\" \/>\n<meta property=\"article:modified_time\" content=\"2023-02-28T23:44:45+00:00\" \/>\n<meta property=\"og:image\" content=\"https:\/\/www.eim.com\/es\/wp-content\/uploads\/sites\/10\/2019\/10\/interim-management-discussion-e1570027266809.jpeg\" \/>\n\t<meta property=\"og:image:width\" content=\"1895\" \/>\n\t<meta property=\"og:image:height\" content=\"1080\" \/>\n\t<meta property=\"og:image:type\" content=\"image\/jpeg\" \/>\n<meta name=\"twitter:card\" content=\"summary_large_image\" \/>\n<meta name=\"twitter:label1\" content=\"Tiempo de lectura\" \/>\n\t<meta name=\"twitter:data1\" content=\"3 minutos\" \/>\n<script type=\"application\/ld+json\" class=\"yoast-schema-graph\">{\"@context\":\"https:\/\/schema.org\",\"@graph\":[{\"@type\":\"WebPage\",\"@id\":\"https:\/\/www.eim.com\/es\/interim-management\/\",\"url\":\"https:\/\/www.eim.com\/es\/interim-management\/\",\"name\":\"Interim Management: acceso r\u00e1pido a ejecutivos del m\u00e1s alto nivel\",\"isPartOf\":{\"@id\":\"https:\/\/www.eim.com\/es\/#website\"},\"primaryImageOfPage\":{\"@id\":\"https:\/\/www.eim.com\/es\/interim-management\/#primaryimage\"},\"image\":{\"@id\":\"https:\/\/www.eim.com\/es\/interim-management\/#primaryimage\"},\"thumbnailUrl\":\"https:\/\/www.eim.com\/es\/wp-content\/uploads\/sites\/10\/2019\/10\/interim-management-discussion-e1570027266809.jpeg\",\"datePublished\":\"2019-09-12T08:12:25+00:00\",\"dateModified\":\"2023-02-28T23:44:45+00:00\",\"description\":\"Disponemos de interim managers con un historial s\u00f3lido a la hora de impulsar el cambio en situaciones complejas en una direcci\u00f3n positiva.\",\"breadcrumb\":{\"@id\":\"https:\/\/www.eim.com\/es\/interim-management\/#breadcrumb\"},\"inLanguage\":\"es\",\"potentialAction\":[{\"@type\":\"ReadAction\",\"target\":[\"https:\/\/www.eim.com\/es\/interim-management\/\"]}]},{\"@type\":\"ImageObject\",\"inLanguage\":\"es\",\"@id\":\"https:\/\/www.eim.com\/es\/interim-management\/#primaryimage\",\"url\":\"https:\/\/www.eim.com\/es\/wp-content\/uploads\/sites\/10\/2019\/10\/interim-management-discussion-e1570027266809.jpeg\",\"contentUrl\":\"https:\/\/www.eim.com\/es\/wp-content\/uploads\/sites\/10\/2019\/10\/interim-management-discussion-e1570027266809.jpeg\",\"width\":1895,\"height\":1080,\"caption\":\"Team of business professionals having a meeting in conference room. Businessman explaining project to colleagues.\"},{\"@type\":\"BreadcrumbList\",\"@id\":\"https:\/\/www.eim.com\/es\/interim-management\/#breadcrumb\",\"itemListElement\":[{\"@type\":\"ListItem\",\"position\":1,\"name\":\"Home\",\"item\":\"https:\/\/www.eim.com\/es\/\"},{\"@type\":\"ListItem\",\"position\":2,\"name\":\"Interim Management\"}]},{\"@type\":\"WebSite\",\"@id\":\"https:\/\/www.eim.com\/es\/#website\",\"url\":\"https:\/\/www.eim.com\/es\/\",\"name\":\"Interim Management | EIM Spain\",\"description\":\"El interim manager que su empresa necesita\",\"potentialAction\":[{\"@type\":\"SearchAction\",\"target\":{\"@type\":\"EntryPoint\",\"urlTemplate\":\"https:\/\/www.eim.com\/es\/?s={search_term_string}\"},\"query-input\":{\"@type\":\"PropertyValueSpecification\",\"valueRequired\":true,\"valueName\":\"search_term_string\"}}],\"inLanguage\":\"es\"}]}<\/script>\n<!-- \/ Yoast SEO Premium plugin. -->","yoast_head_json":{"title":"Interim Management: acceso r\u00e1pido a ejecutivos del m\u00e1s alto nivel","description":"Disponemos de interim managers con un historial s\u00f3lido a la hora de impulsar el cambio en situaciones complejas en una direcci\u00f3n positiva.","robots":{"index":"index","follow":"follow","max-snippet":"max-snippet:-1","max-image-preview":"max-image-preview:large","max-video-preview":"max-video-preview:-1"},"canonical":"https:\/\/www.eim.com\/es\/interim-management\/","og_locale":"es_ES","og_type":"article","og_title":"Interim Management","og_description":"Disponemos de interim managers con un historial s\u00f3lido a la hora de impulsar el cambio en situaciones complejas en una direcci\u00f3n positiva.","og_url":"https:\/\/www.eim.com\/es\/interim-management\/","og_site_name":"Interim Management | EIM Spain","article_modified_time":"2023-02-28T23:44:45+00:00","og_image":[{"width":1895,"height":1080,"url":"https:\/\/www.eim.com\/es\/wp-content\/uploads\/sites\/10\/2019\/10\/interim-management-discussion-e1570027266809.jpeg","type":"image\/jpeg"}],"twitter_card":"summary_large_image","twitter_misc":{"Tiempo de lectura":"3 minutos"},"schema":{"@context":"https:\/\/schema.org","@graph":[{"@type":"WebPage","@id":"https:\/\/www.eim.com\/es\/interim-management\/","url":"https:\/\/www.eim.com\/es\/interim-management\/","name":"Interim Management: acceso r\u00e1pido a ejecutivos del m\u00e1s alto nivel","isPartOf":{"@id":"https:\/\/www.eim.com\/es\/#website"},"primaryImageOfPage":{"@id":"https:\/\/www.eim.com\/es\/interim-management\/#primaryimage"},"image":{"@id":"https:\/\/www.eim.com\/es\/interim-management\/#primaryimage"},"thumbnailUrl":"https:\/\/www.eim.com\/es\/wp-content\/uploads\/sites\/10\/2019\/10\/interim-management-discussion-e1570027266809.jpeg","datePublished":"2019-09-12T08:12:25+00:00","dateModified":"2023-02-28T23:44:45+00:00","description":"Disponemos de interim managers con un historial s\u00f3lido a la hora de impulsar el cambio en situaciones complejas en una direcci\u00f3n positiva.","breadcrumb":{"@id":"https:\/\/www.eim.com\/es\/interim-management\/#breadcrumb"},"inLanguage":"es","potentialAction":[{"@type":"ReadAction","target":["https:\/\/www.eim.com\/es\/interim-management\/"]}]},{"@type":"ImageObject","inLanguage":"es","@id":"https:\/\/www.eim.com\/es\/interim-management\/#primaryimage","url":"https:\/\/www.eim.com\/es\/wp-content\/uploads\/sites\/10\/2019\/10\/interim-management-discussion-e1570027266809.jpeg","contentUrl":"https:\/\/www.eim.com\/es\/wp-content\/uploads\/sites\/10\/2019\/10\/interim-management-discussion-e1570027266809.jpeg","width":1895,"height":1080,"caption":"Team of business professionals having a meeting in conference room. Businessman explaining project to colleagues."},{"@type":"BreadcrumbList","@id":"https:\/\/www.eim.com\/es\/interim-management\/#breadcrumb","itemListElement":[{"@type":"ListItem","position":1,"name":"Home","item":"https:\/\/www.eim.com\/es\/"},{"@type":"ListItem","position":2,"name":"Interim Management"}]},{"@type":"WebSite","@id":"https:\/\/www.eim.com\/es\/#website","url":"https:\/\/www.eim.com\/es\/","name":"Interim Management | EIM Spain","description":"El interim manager que su empresa necesita","potentialAction":[{"@type":"SearchAction","target":{"@type":"EntryPoint","urlTemplate":"https:\/\/www.eim.com\/es\/?s={search_term_string}"},"query-input":{"@type":"PropertyValueSpecification","valueRequired":true,"valueName":"search_term_string"}}],"inLanguage":"es"}]}},"_links":{"self":[{"href":"https:\/\/www.eim.com\/es\/wp-json\/wp\/v2\/pages\/75","targetHints":{"allow":["GET"]}}],"collection":[{"href":"https:\/\/www.eim.com\/es\/wp-json\/wp\/v2\/pages"}],"about":[{"href":"https:\/\/www.eim.com\/es\/wp-json\/wp\/v2\/types\/page"}],"author":[{"embeddable":true,"href":"https:\/\/www.eim.com\/es\/wp-json\/wp\/v2\/users\/2"}],"replies":[{"embeddable":true,"href":"https:\/\/www.eim.com\/es\/wp-json\/wp\/v2\/comments?post=75"}],"version-history":[{"count":0,"href":"https:\/\/www.eim.com\/es\/wp-json\/wp\/v2\/pages\/75\/revisions"}],"wp:featuredmedia":[{"embeddable":true,"href":"https:\/\/www.eim.com\/es\/wp-json\/wp\/v2\/media\/76"}],"wp:attachment":[{"href":"https:\/\/www.eim.com\/es\/wp-json\/wp\/v2\/media?parent=75"}],"curies":[{"name":"wp","href":"https:\/\/api.w.org\/{rel}","templated":true}]}}