{"id":74,"date":"2019-09-12T10:01:25","date_gmt":"2019-09-12T10:01:25","guid":{"rendered":"https:\/\/eimworld.wpengine.com\/es\/permanent-placement\/"},"modified":"2023-02-28T22:52:38","modified_gmt":"2023-02-28T22:52:38","slug":"contratacion-permanente","status":"publish","type":"page","link":"https:\/\/www.eim.com\/es\/contratacion-permanente\/","title":{"rendered":"Contrataci\u00f3n Permanente"},"content":{"rendered":"\n\n[et_pb_section fb_built=&#8221;1&#8243; admin_label=&#8221;Hero Section&#8221; _builder_version=&#8221;3.27.4&#8243; use_background_color_gradient=&#8221;on&#8221; background_color_gradient_start=&#8221;rgba(0,0,0,0.4)&#8221; background_color_gradient_end=&#8221;rgba(0,0,0,0.4)&#8221; background_color_gradient_overlays_image=&#8221;on&#8221; background_image=&#8221;https:\/\/eimworld.wpengine.com\/wp-content\/uploads\/2019\/10\/mature-business-woman.jpeg&#8221; background_position=&#8221;top_center&#8221; height=&#8221;520px&#8221; custom_padding=&#8221;6%||0%|||&#8221; bottom_divider_style=&#8221;slant&#8221; bottom_divider_color=&#8221;#ffffff&#8221; bottom_divider_height=&#8221;150px&#8221; bottom_divider_flip=&#8221;horizontal&#8221; saved_tabs=&#8221;all&#8221; fb_built=&#8221;1&#8243; background_color_gradient_direction__hover=&#8221;180deg&#8221; background_color_gradient_direction__hover_enabled=&#8221;180deg&#8221; background_color_gradient_start_position__hover=&#8221;0%&#8221; background_color_gradient_start_position__hover_enabled=&#8221;0%&#8221; background_color_gradient_end_position__hover=&#8221;100%&#8221; background_color_gradient_end_position__hover_enabled=&#8221;100%&#8221; _i=&#8221;0&#8243; _address=&#8221;0&#8243;][et_pb_row admin_label=&#8221;Page Title Area&#8221; _builder_version=&#8221;3.27.4&#8243; width=&#8221;100%&#8221; max_width=&#8221;2560px&#8221; module_alignment=&#8221;center&#8221; custom_margin=&#8221;-2%|auto|0px|auto|false|false&#8221; custom_padding=&#8221;0px|||||&#8221; _i=&#8221;0&#8243; _address=&#8221;0.0&#8243;][et_pb_column type=&#8221;4_4&#8243; _builder_version=&#8221;3.25&#8243; custom_padding=&#8221;|||&#8221; _i=&#8221;0&#8243; _address=&#8221;0.0.0&#8243; custom_padding__hover=&#8221;|||&#8221;][et_pb_text admin_label=&#8221;Hero Section Title&#8221; _builder_version=&#8221;3.27.4&#8243; text_font=&#8221;Montserrat|800|||||||&#8221; text_font_size=&#8221;18px&#8221; text_line_height=&#8221;1.3em&#8221; text_text_shadow_style=&#8221;preset1&#8243; text_text_shadow_horizontal_length=&#8221;0.38em&#8221; header_font=&#8221;Montserrat|700|||||||&#8221; header_font_size=&#8221;56px&#8221; header_letter_spacing=&#8221;3px&#8221; header_line_height=&#8221;1.1em&#8221; header_2_font=&#8221;Montserrat|700|||||||&#8221; header_2_text_color=&#8221;rgba(255,255,255,0.6)&#8221; header_2_font_size=&#8221;90px&#8221; header_2_letter_spacing=&#8221;3px&#8221; header_2_line_height=&#8221;1.1em&#8221; text_orientation=&#8221;center&#8221; background_layout=&#8221;dark&#8221; module_alignment=&#8221;center&#8221; custom_margin=&#8221;20px||0px||false|false&#8221; custom_padding=&#8221;|0px||0px||&#8221; animation_style=&#8221;fade&#8221; animation_direction=&#8221;bottom&#8221; animation_duration=&#8221;1350ms&#8221; header_font_size_phone=&#8221;28px&#8221; header_font_size_last_edited=&#8221;on|phone&#8221; header_2_font_size_phone=&#8221;50px&#8221; header_2_font_size_last_edited=&#8221;on|phone&#8221; inline_fonts=&#8221;Prata,Montserrat&#8221; _i=&#8221;0&#8243; _address=&#8221;0.0.0.0&#8243;]\n<h1 style=\"text-align: center\"><span style=\"font-family: Montserrat\">Contrataci\u00f3n permanente<\/span><\/h1>\n[\/et_pb_text][\/et_pb_column][\/et_pb_row][\/et_pb_section][et_pb_section fb_built=&#8221;1&#8243; _builder_version=&#8221;3.27.4&#8243; custom_margin=&#8221;||5%||false|false&#8221; custom_padding=&#8221;0%||0%||true|false&#8221; saved_tabs=&#8221;all&#8221; fb_built=&#8221;1&#8243; _i=&#8221;1&#8243; _address=&#8221;1&#8243;][et_pb_row admin_label=&#8221;Title Area&#8221; _builder_version=&#8221;3.27.4&#8243; background_color=&#8221;rgba(0,0,0,0)&#8221; max_width=&#8221;1078px&#8221; module_alignment=&#8221;center&#8221; custom_margin=&#8221;||||false|false&#8221; custom_padding=&#8221;55px|0px|55px|0px|true|false&#8221; _i=&#8221;0&#8243; _address=&#8221;1.0&#8243;][et_pb_column type=&#8221;4_4&#8243; _builder_version=&#8221;3.25&#8243; custom_padding=&#8221;|||&#8221; _i=&#8221;0&#8243; _address=&#8221;1.0.0&#8243; custom_padding__hover=&#8221;|||&#8221;][et_pb_text admin_label=&#8221;Title&#8221; _builder_version=&#8221;3.27.4&#8243; text_font=&#8221;||||||||&#8221; header_font=&#8221;Prata||||||||&#8221; header_2_font=&#8221;Montserrat|700|||||||&#8221; header_2_text_align=&#8221;center&#8221; header_2_font_size=&#8221;32px&#8221; custom_margin=&#8221;10%||||false|false&#8221; custom_padding=&#8221;||||false|false&#8221; animation_style=&#8221;fade&#8221; animation_direction=&#8221;top&#8221; animation_duration=&#8221;1350ms&#8221; animation_starting_opacity=&#8221;100%&#8221; inline_fonts=&#8221;Prata,Montserrat&#8221; _i=&#8221;0&#8243; _address=&#8221;1.0.0.0&#8243;]\n<h2><span style=\"color: #002c3e;font-family: Montserrat\">Contrataci\u00f3n permanente<\/span><\/h2>\n[\/et_pb_text][et_pb_text _builder_version=&#8221;3.27.4&#8243; text_font=&#8221;||||||||&#8221; text_font_size=&#8221;16px&#8221; header_font=&#8221;||||||||&#8221; text_orientation=&#8221;justified&#8221; max_width=&#8221;93%&#8221; module_alignment=&#8221;center&#8221; custom_margin=&#8221;3%|0px|0.5%|0px|false|false&#8221; custom_padding=&#8221;|0%|0px|0%|false|false&#8221; animation_style=&#8221;flip&#8221; animation_direction=&#8221;left&#8221; animation_intensity_flip=&#8221;30%&#8221; animation_starting_opacity=&#8221;100%&#8221; _i=&#8221;1&#8243; _address=&#8221;1.0.0.1&#8243;]\n<p style=\"color: #002c3e\"><strong>\u00bfEst\u00e1 buscando especialistas y\/o directivos ejecutivos para contrataci\u00f3n permanente en su compa\u00f1\u00eda?<\/strong><\/p>\nHaremos una b\u00fasqueda a medida para encontrar los candidatos adecuados seg\u00fan sus especificaciones. EIM ofrece apoyo &amp; servicio profesional para la contrataci\u00f3n permanente en puestos de alta direcci\u00f3n.\n\n&nbsp;\n\n<strong>\u00bfTiene que gestionar una vacante inesperada o no planificada en alta direcci\u00f3n?<\/strong>\n\nLos interim managers pueden aliviar una gran parte de la presi\u00f3n de la b\u00fasqueda de ejecutivos que se hace por un equipo interno o con ayuda externa, y as\u00ed tener el tiempo para encontrar el encaje perfecto y a\u00f1adir valor. El equipo de b\u00fasqueda puede trabajar muy enfocado y pensar estrat\u00e9gicamente sobre c\u00f3mo cubrir la vacante, si se un servicio de interim management como sustituto temporal. En el caso ideal usted podr\u00eda comenzar su proyecto con un interim manager que estar\u00eda dispuesto a quedarse en la compa\u00f1\u00eda despu\u00e9s de la fase de interim.\n\n[\/et_pb_text][\/et_pb_column][\/et_pb_row][\/et_pb_section][et_pb_section fb_built=&#8221;1&#8243; disabled_on=&#8221;on|on|off&#8221; admin_label=&#8221;Quote Section&#8221; _builder_version=&#8221;3.27.4&#8243; use_background_color_gradient=&#8221;on&#8221; background_color_gradient_start=&#8221;#e8e8e8&#8243; background_color_gradient_end=&#8221;rgba(0,0,0,0)&#8221; background_color_gradient_direction=&#8221;105deg&#8221; background_color_gradient_start_position=&#8221;55%&#8221; background_color_gradient_end_position=&#8221;0%&#8221; background_color_gradient_overlays_image=&#8221;on&#8221; background_image=&#8221;https:\/\/eimworld.wpengine.com\/wp-content\/uploads\/2019\/10\/selection.jpeg&#8221; background_position=&#8221;bottom_center&#8221; min_height=&#8221;600px&#8221; custom_margin=&#8221;0px||||false|false&#8221; bottom_divider_style=&#8221;slant&#8221; bottom_divider_color=&#8221;#002c3e&#8221; bottom_divider_flip=&#8221;horizontal&#8221; saved_tabs=&#8221;all&#8221; fb_built=&#8221;1&#8243; _i=&#8221;2&#8243; _address=&#8221;2&#8243;][et_pb_row column_structure=&#8221;1_3,2_3&#8243; admin_label=&#8221;Quote Area&#8221; _builder_version=&#8221;3.27.4&#8243; max_width=&#8221;2496px&#8221; custom_margin=&#8221;|100px||auto||&#8221; custom_padding=&#8221;|0px|0px|0px||&#8221; _i=&#8221;0&#8243; _address=&#8221;2.0&#8243;][et_pb_column type=&#8221;1_3&#8243; _builder_version=&#8221;3.27.4&#8243; custom_padding=&#8221;|||&#8221; _i=&#8221;0&#8243; _address=&#8221;2.0.0&#8243; custom_padding__hover=&#8221;|||&#8221;][et_pb_text admin_label=&#8221;Title&#8221; _builder_version=&#8221;3.27.4&#8243; text_font=&#8221;||||||||&#8221; text_font_size=&#8221;16px&#8221; header_font=&#8221;||||||||&#8221; text_orientation=&#8221;justified&#8221; width=&#8221;100%&#8221; module_alignment=&#8221;center&#8221; custom_margin=&#8221;10%|0px|9%||false|false&#8221; custom_padding=&#8221;|0%|0px||false|false&#8221; animation_style=&#8221;flip&#8221; animation_direction=&#8221;left&#8221; animation_intensity_flip=&#8221;30%&#8221; animation_starting_opacity=&#8221;100%&#8221; inline_fonts=&#8221;Montserrat&#8221; _i=&#8221;0&#8243; _address=&#8221;2.0.0.0&#8243;]\n\nGracias a nuestra experiencia de muchos a\u00f1os y nuestra extensa red local e internacional de ejecutivos, estamos seguros de encontrar el mejor candidato para cualquier funci\u00f3n y de presentar candidatos altamente cualificados en un corto plazo de tiempo, alrededor del mundo. A veces incluso encontramos expertos o ejecutivos que actualmente no est\u00e1n disponibles en el mercado.\n\n[\/et_pb_text][\/et_pb_column][et_pb_column type=&#8221;2_3&#8243; _builder_version=&#8221;3.25&#8243; custom_padding=&#8221;|||&#8221; _i=&#8221;1&#8243; _address=&#8221;2.0.1&#8243; custom_padding__hover=&#8221;|||&#8221;][et_pb_text _builder_version=&#8221;3.27.4&#8243; text_font=&#8221;Montserrat|700|||||||&#8221; text_text_color=&#8221;#ffffff&#8221; text_font_size=&#8221;45px&#8221; text_line_height=&#8221;1em&#8221; text_text_shadow_style=&#8221;preset1&#8243; width=&#8221;149.4%&#8221; max_width=&#8221;83%&#8221; custom_margin=&#8221;10%|67px||121px|false|false&#8221; custom_padding=&#8221;|0px|0px|201px|false|false&#8221; _i=&#8221;0&#8243; _address=&#8221;2.0.1.0&#8243;]\n<p style=\"text-align: right\">Estamos seguros de encontrar el mejor candidato para cualquier puesto<\/p>\n[\/et_pb_text][\/et_pb_column][\/et_pb_row][\/et_pb_section][et_pb_section fb_built=&#8221;1&#8243; prev_background_color=&#8221;#ffffff&#8221; next_background_color=&#8221;#002c3e&#8221; disabled_on=&#8221;off|off|on&#8221; admin_label=&#8221;Quote Section&#8221; _builder_version=&#8221;3.27.4&#8243; background_color=&#8221;#e8e8e8&#8243; use_background_color_gradient=&#8221;on&#8221; background_color_gradient_start=&#8221;#e8e8e8&#8243; background_color_gradient_end=&#8221;rgba(0,0,0,0)&#8221; background_color_gradient_direction=&#8221;105deg&#8221; background_color_gradient_start_position=&#8221;55%&#8221; background_color_gradient_end_position=&#8221;0%&#8221; background_color_gradient_overlays_image=&#8221;on&#8221; background_enable_image=&#8221;off&#8221; background_position=&#8221;bottom_center&#8221; custom_margin=&#8221;0px||||false|false&#8221; top_divider_style=&#8221;slant&#8221; top_divider_flip=&#8221;vertical&#8221; bottom_divider_style=&#8221;slant&#8221; bottom_divider_flip=&#8221;horizontal&#8221; saved_tabs=&#8221;all&#8221; fb_built=&#8221;1&#8243; _i=&#8221;3&#8243; _address=&#8221;3&#8243;][et_pb_row admin_label=&#8221;Quote Area&#8221; _builder_version=&#8221;3.27.4&#8243; custom_margin=&#8221;|auto||auto|false|false&#8221; custom_padding=&#8221;||0px||false|false&#8221; _i=&#8221;0&#8243; _address=&#8221;3.0&#8243;][et_pb_column type=&#8221;4_4&#8243; _builder_version=&#8221;3.27.4&#8243; custom_padding=&#8221;|||&#8221; _i=&#8221;0&#8243; _address=&#8221;3.0.0&#8243; custom_padding__hover=&#8221;|||&#8221;][et_pb_text _builder_version=&#8221;3.27.4&#8243; text_font=&#8221;Montserrat|700|||||||&#8221; text_text_color=&#8221;#002c3e&#8221; text_font_size=&#8221;30px&#8221; text_line_height=&#8221;1.5em&#8221; width=&#8221;80%&#8221; max_width=&#8221;80%&#8221; module_alignment=&#8221;center&#8221; custom_margin=&#8221;15%||0px|0px|false|false&#8221; custom_padding=&#8221;||||false|false&#8221; hover_enabled=&#8221;0&#8243; _i=&#8221;0&#8243; _address=&#8221;3.0.0.0&#8243;]\n<p style=\"text-align: center\">Estamos seguros de encontrar el mejor candidato para cualquier puesto<\/p>\n[\/et_pb_text][et_pb_text admin_label=&#8221;Title&#8221; _builder_version=&#8221;3.27.4&#8243; text_font=&#8221;||||||||&#8221; text_font_size=&#8221;16px&#8221; header_font=&#8221;||||||||&#8221; text_orientation=&#8221;justified&#8221; width=&#8221;95.3%&#8221; module_alignment=&#8221;center&#8221; custom_margin=&#8221;8%|10%|10%|10%|false|false&#8221; custom_padding=&#8221;||0px||false|false&#8221; animation_style=&#8221;flip&#8221; animation_direction=&#8221;left&#8221; animation_intensity_flip=&#8221;30%&#8221; animation_starting_opacity=&#8221;100%&#8221; hover_enabled=&#8221;0&#8243; inline_fonts=&#8221;Montserrat&#8221; _i=&#8221;1&#8243; _address=&#8221;3.0.0.1&#8243;]\n\nGracias a nuestra experiencia de muchos a\u00f1os y nuestra extensa red local e internacional de ejecutivos, estamos seguros de encontrar el mejor candidato para cualquier funci\u00f3n y de presentar candidatos altamente cualificados en un corto plazo de tiempo, alrededor del mundo. A veces incluso encontramos expertos o ejecutivos que actualmente no est\u00e1n disponibles en el mercado.\n\n[\/et_pb_text][\/et_pb_column][\/et_pb_row][\/et_pb_section][et_pb_section fb_built=&#8221;1&#8243; _builder_version=&#8221;3.27.4&#8243; background_color=&#8221;#002c3e&#8221; custom_margin=&#8221;||||false|false&#8221; top_divider_color=&#8221;#ffffff&#8221; top_divider_flip=&#8221;vertical&#8221; bottom_divider_color=&#8221;#ffffff&#8221; bottom_divider_flip=&#8221;horizontal&#8221; saved_tabs=&#8221;all&#8221; fb_built=&#8221;1&#8243; _i=&#8221;4&#8243; _address=&#8221;4&#8243;][et_pb_row _builder_version=&#8221;3.27.4&#8243; custom_padding=&#8221;64px|||||&#8221; _i=&#8221;0&#8243; _address=&#8221;4.0&#8243;][et_pb_column type=&#8221;4_4&#8243; _builder_version=&#8221;3.27.4&#8243; _i=&#8221;0&#8243; _address=&#8221;4.0.0&#8243;][et_pb_text admin_label=&#8221;Title&#8221; _builder_version=&#8221;3.27.4&#8243; text_font=&#8221;||||||||&#8221; text_text_color=&#8221;#ffffff&#8221; header_font=&#8221;Prata||||||||&#8221; header_2_font=&#8221;Montserrat|700|||||||&#8221; header_2_text_align=&#8221;center&#8221; header_2_font_size=&#8221;30px&#8221; custom_margin=&#8221;||5px|&#8221; custom_padding=&#8221;||0px|||&#8221; animation_style=&#8221;fade&#8221; animation_direction=&#8221;top&#8221; animation_duration=&#8221;1350ms&#8221; animation_starting_opacity=&#8221;100%&#8221; inline_fonts=&#8221;Prata,Montserrat&#8221; _i=&#8221;0&#8243; _address=&#8221;4.0.0.0&#8243;]\n<h3 style=\"text-align: center\"><span style=\"font-family: Montserrat;color: #ffffff\">P\u00f3ngase en contacto con nosotros<\/span><\/h3>\n[\/et_pb_text][\/et_pb_column][\/et_pb_row][et_pb_row column_structure=&#8221;1_5,3_5,1_5&#8243; _builder_version=&#8221;3.27.4&#8243; custom_padding=&#8221;0px|||||&#8221; _i=&#8221;1&#8243; _address=&#8221;4.1&#8243;][et_pb_column type=&#8221;1_5&#8243; _builder_version=&#8221;3.27.4&#8243; _i=&#8221;0&#8243; _address=&#8221;4.1.0&#8243;][\/et_pb_column][et_pb_column type=&#8221;3_5&#8243; _builder_version=&#8221;3.27.4&#8243; _i=&#8221;1&#8243; _address=&#8221;4.1.1&#8243;][et_pb_text _builder_version=&#8221;3.27.4&#8243; _i=&#8221;0&#8243; _address=&#8221;4.1.1.0&#8243;]\n<p style=\"text-align: center\"><span style=\"color: #ffffff\">Juntos podemos encontrar la soluci\u00f3n que est\u00e1 buscando.<\/span><\/p>\n[\/et_pb_text][et_pb_button button_url=&#8221;@ET-DC@eyJkeW5hbWljIjp0cnVlLCJjb250ZW50IjoicG9zdF9saW5rX3VybF9wYWdlIiwic2V0dGluZ3MiOnsicG9zdF9pZCI6IjExOCJ9fQ==@&#8221; button_text=&#8221;CONT\u00c1CTENOS&#8221; button_alignment=&#8221;center&#8221; _builder_version=&#8221;3.27.4&#8243; _dynamic_attributes=&#8221;button_url&#8221; background_layout=&#8221;dark&#8221; _i=&#8221;1&#8243; _address=&#8221;4.1.1.1&#8243;][\/et_pb_button][\/et_pb_column][et_pb_column type=&#8221;1_5&#8243; _builder_version=&#8221;3.27.4&#8243; _i=&#8221;2&#8243; _address=&#8221;4.1.2&#8243;][\/et_pb_column][\/et_pb_row][\/et_pb_section]\n\n","protected":false},"excerpt":{"rendered":"<p>Gracias a nuestra experiencia de muchos a\u00f1os y nuestra extensa red local e internacional de ejecutivos, estamos seguros de encontrar el mejor candidato para cualquier funci\u00f3n y de presentar candidatos altamente cualificados en un corto plazo de tiempo, alrededor del mundo. <\/p>\n","protected":false},"author":2,"featured_media":0,"parent":0,"menu_order":0,"comment_status":"closed","ping_status":"closed","template":"","meta":{"_et_pb_use_builder":"on","_et_pb_old_content":"","_et_gb_content_width":"","footnotes":""},"class_list":["post-74","page","type-page","status-publish","hentry"],"yoast_head":"<!-- This site is optimized with the Yoast SEO Premium plugin v27.0 (Yoast SEO v27.0) - https:\/\/yoast.com\/product\/yoast-seo-premium-wordpress\/ -->\n<title>\u00bfTu empresa precisa un alto directivo de forma permanente?<\/title>\n<meta name=\"description\" content=\"EIM ofrece apoyo &amp; servicio profesional para la contrataci\u00f3n permanente en puestos de alta direcci\u00f3n a trav\u00e9s de una selecci\u00f3n a medida.\" \/>\n<meta name=\"robots\" content=\"index, follow, max-snippet:-1, max-image-preview:large, max-video-preview:-1\" \/>\n<link rel=\"canonical\" href=\"https:\/\/www.eim.com\/es\/contratacion-permanente\/\" \/>\n<meta property=\"og:locale\" content=\"es_ES\" \/>\n<meta property=\"og:type\" content=\"article\" \/>\n<meta property=\"og:title\" content=\"Contrataci\u00f3n Permanente\" \/>\n<meta property=\"og:description\" content=\"EIM ofrece apoyo &amp; servicio profesional para la contrataci\u00f3n permanente en puestos de alta direcci\u00f3n a trav\u00e9s de una selecci\u00f3n a medida.\" \/>\n<meta property=\"og:url\" content=\"https:\/\/www.eim.com\/es\/contratacion-permanente\/\" \/>\n<meta property=\"og:site_name\" content=\"Interim Management | EIM Spain\" \/>\n<meta property=\"article:modified_time\" content=\"2023-02-28T22:52:38+00:00\" \/>\n<meta name=\"twitter:card\" content=\"summary_large_image\" \/>\n<meta name=\"twitter:label1\" content=\"Tiempo de lectura\" \/>\n\t<meta name=\"twitter:data1\" content=\"3 minutos\" \/>\n<script type=\"application\/ld+json\" class=\"yoast-schema-graph\">{\"@context\":\"https:\/\/schema.org\",\"@graph\":[{\"@type\":\"WebPage\",\"@id\":\"https:\/\/www.eim.com\/es\/contratacion-permanente\/\",\"url\":\"https:\/\/www.eim.com\/es\/contratacion-permanente\/\",\"name\":\"\u00bfTu empresa precisa un alto directivo de forma permanente?\",\"isPartOf\":{\"@id\":\"https:\/\/www.eim.com\/es\/#website\"},\"datePublished\":\"2019-09-12T10:01:25+00:00\",\"dateModified\":\"2023-02-28T22:52:38+00:00\",\"description\":\"EIM ofrece apoyo & servicio profesional para la contrataci\u00f3n permanente en puestos de alta direcci\u00f3n a trav\u00e9s de una selecci\u00f3n a medida.\",\"breadcrumb\":{\"@id\":\"https:\/\/www.eim.com\/es\/contratacion-permanente\/#breadcrumb\"},\"inLanguage\":\"es\",\"potentialAction\":[{\"@type\":\"ReadAction\",\"target\":[\"https:\/\/www.eim.com\/es\/contratacion-permanente\/\"]}]},{\"@type\":\"BreadcrumbList\",\"@id\":\"https:\/\/www.eim.com\/es\/contratacion-permanente\/#breadcrumb\",\"itemListElement\":[{\"@type\":\"ListItem\",\"position\":1,\"name\":\"Home\",\"item\":\"https:\/\/www.eim.com\/es\/\"},{\"@type\":\"ListItem\",\"position\":2,\"name\":\"Contrataci\u00f3n Permanente\"}]},{\"@type\":\"WebSite\",\"@id\":\"https:\/\/www.eim.com\/es\/#website\",\"url\":\"https:\/\/www.eim.com\/es\/\",\"name\":\"Interim Management | EIM Spain\",\"description\":\"El interim manager que su empresa necesita\",\"potentialAction\":[{\"@type\":\"SearchAction\",\"target\":{\"@type\":\"EntryPoint\",\"urlTemplate\":\"https:\/\/www.eim.com\/es\/?s={search_term_string}\"},\"query-input\":{\"@type\":\"PropertyValueSpecification\",\"valueRequired\":true,\"valueName\":\"search_term_string\"}}],\"inLanguage\":\"es\"}]}<\/script>\n<!-- \/ Yoast SEO Premium plugin. -->","yoast_head_json":{"title":"\u00bfTu empresa precisa un alto directivo de forma permanente?","description":"EIM ofrece apoyo & servicio profesional para la contrataci\u00f3n permanente en puestos de alta direcci\u00f3n a trav\u00e9s de una selecci\u00f3n a medida.","robots":{"index":"index","follow":"follow","max-snippet":"max-snippet:-1","max-image-preview":"max-image-preview:large","max-video-preview":"max-video-preview:-1"},"canonical":"https:\/\/www.eim.com\/es\/contratacion-permanente\/","og_locale":"es_ES","og_type":"article","og_title":"Contrataci\u00f3n Permanente","og_description":"EIM ofrece apoyo & servicio profesional para la contrataci\u00f3n permanente en puestos de alta direcci\u00f3n a trav\u00e9s de una selecci\u00f3n a medida.","og_url":"https:\/\/www.eim.com\/es\/contratacion-permanente\/","og_site_name":"Interim Management | EIM Spain","article_modified_time":"2023-02-28T22:52:38+00:00","twitter_card":"summary_large_image","twitter_misc":{"Tiempo de lectura":"3 minutos"},"schema":{"@context":"https:\/\/schema.org","@graph":[{"@type":"WebPage","@id":"https:\/\/www.eim.com\/es\/contratacion-permanente\/","url":"https:\/\/www.eim.com\/es\/contratacion-permanente\/","name":"\u00bfTu empresa precisa un alto directivo de forma permanente?","isPartOf":{"@id":"https:\/\/www.eim.com\/es\/#website"},"datePublished":"2019-09-12T10:01:25+00:00","dateModified":"2023-02-28T22:52:38+00:00","description":"EIM ofrece apoyo & servicio profesional para la contrataci\u00f3n permanente en puestos de alta direcci\u00f3n a trav\u00e9s de una selecci\u00f3n a medida.","breadcrumb":{"@id":"https:\/\/www.eim.com\/es\/contratacion-permanente\/#breadcrumb"},"inLanguage":"es","potentialAction":[{"@type":"ReadAction","target":["https:\/\/www.eim.com\/es\/contratacion-permanente\/"]}]},{"@type":"BreadcrumbList","@id":"https:\/\/www.eim.com\/es\/contratacion-permanente\/#breadcrumb","itemListElement":[{"@type":"ListItem","position":1,"name":"Home","item":"https:\/\/www.eim.com\/es\/"},{"@type":"ListItem","position":2,"name":"Contrataci\u00f3n Permanente"}]},{"@type":"WebSite","@id":"https:\/\/www.eim.com\/es\/#website","url":"https:\/\/www.eim.com\/es\/","name":"Interim Management | EIM Spain","description":"El interim manager que su empresa necesita","potentialAction":[{"@type":"SearchAction","target":{"@type":"EntryPoint","urlTemplate":"https:\/\/www.eim.com\/es\/?s={search_term_string}"},"query-input":{"@type":"PropertyValueSpecification","valueRequired":true,"valueName":"search_term_string"}}],"inLanguage":"es"}]}},"_links":{"self":[{"href":"https:\/\/www.eim.com\/es\/wp-json\/wp\/v2\/pages\/74","targetHints":{"allow":["GET"]}}],"collection":[{"href":"https:\/\/www.eim.com\/es\/wp-json\/wp\/v2\/pages"}],"about":[{"href":"https:\/\/www.eim.com\/es\/wp-json\/wp\/v2\/types\/page"}],"author":[{"embeddable":true,"href":"https:\/\/www.eim.com\/es\/wp-json\/wp\/v2\/users\/2"}],"replies":[{"embeddable":true,"href":"https:\/\/www.eim.com\/es\/wp-json\/wp\/v2\/comments?post=74"}],"version-history":[{"count":0,"href":"https:\/\/www.eim.com\/es\/wp-json\/wp\/v2\/pages\/74\/revisions"}],"wp:attachment":[{"href":"https:\/\/www.eim.com\/es\/wp-json\/wp\/v2\/media?parent=74"}],"curies":[{"name":"wp","href":"https:\/\/api.w.org\/{rel}","templated":true}]}}