{"id":65,"date":"2019-10-02T10:40:31","date_gmt":"2019-10-02T10:40:31","guid":{"rendered":"https:\/\/eimworld.wpengine.com\/es\/business-transformation\/"},"modified":"2023-03-01T00:12:58","modified_gmt":"2023-03-01T00:12:58","slug":"transformacion-del-negocio","status":"publish","type":"page","link":"https:\/\/www.eim.com\/es\/transformacion-del-negocio\/","title":{"rendered":"Transformaci\u00f3n del negocio y reestructuraciones"},"content":{"rendered":"\n[et_pb_section fb_built=&#8221;1&#8243; admin_label=&#8221;Hero Section&#8221; _builder_version=&#8221;3.27.4&#8243; use_background_color_gradient=&#8221;on&#8221; background_color_gradient_start=&#8221;rgba(0,0,0,0.4)&#8221; background_color_gradient_end=&#8221;rgba(0,0,0,0.4)&#8221; background_color_gradient_overlays_image=&#8221;on&#8221; background_image=&#8221;https:\/\/eimworld.wpengine.com\/wp-content\/uploads\/2019\/10\/business-transformation.jpeg&#8221; height=&#8221;520px&#8221; custom_padding=&#8221;6%||0%|||&#8221; bottom_divider_style=&#8221;slant&#8221; bottom_divider_color=&#8221;#ffffff&#8221; bottom_divider_height=&#8221;150px&#8221; bottom_divider_flip=&#8221;horizontal&#8221; background_color_gradient_direction__hover=&#8221;180deg&#8221; background_color_gradient_direction__hover_enabled=&#8221;180deg&#8221; background_color_gradient_start_position__hover=&#8221;0%&#8221; background_color_gradient_start_position__hover_enabled=&#8221;0%&#8221; background_color_gradient_end_position__hover=&#8221;100%&#8221; background_color_gradient_end_position__hover_enabled=&#8221;100%&#8221;][et_pb_row admin_label=&#8221;Page Title Area&#8221; _builder_version=&#8221;3.27.4&#8243; width=&#8221;100%&#8221; max_width=&#8221;2560px&#8221; module_alignment=&#8221;center&#8221; custom_margin=&#8221;-2%|auto|0px|auto|false|false&#8221; custom_padding=&#8221;0px|||||&#8221;][et_pb_column type=&#8221;4_4&#8243; _builder_version=&#8221;3.25&#8243; custom_padding=&#8221;|||&#8221; custom_padding__hover=&#8221;|||&#8221;][et_pb_text admin_label=&#8221;Hero Section Title&#8221; _builder_version=&#8221;3.27.4&#8243; text_font=&#8221;Montserrat|800|||||||&#8221; text_font_size=&#8221;18px&#8221; text_line_height=&#8221;1.3em&#8221; header_font=&#8221;Montserrat|700|||||||&#8221; header_font_size=&#8221;56px&#8221; header_letter_spacing=&#8221;3px&#8221; header_line_height=&#8221;1.1em&#8221; header_2_font=&#8221;Montserrat|700|||||||&#8221; header_2_text_color=&#8221;rgba(255,255,255,0.6)&#8221; header_2_font_size=&#8221;90px&#8221; header_2_letter_spacing=&#8221;3px&#8221; header_2_line_height=&#8221;1.1em&#8221; text_orientation=&#8221;center&#8221; background_layout=&#8221;dark&#8221; max_width=&#8221;700px&#8221; module_alignment=&#8221;center&#8221; custom_margin=&#8221;0px||0px||false|false&#8221; animation_style=&#8221;fade&#8221; animation_direction=&#8221;bottom&#8221; animation_duration=&#8221;1350ms&#8221; header_font_size_tablet=&#8221;&#8221; header_font_size_phone=&#8221;28px&#8221; header_font_size_last_edited=&#8221;on|phone&#8221; header_2_font_size_tablet=&#8221;&#8221; header_2_font_size_phone=&#8221;50px&#8221; header_2_font_size_last_edited=&#8221;on|phone&#8221; text_text_shadow_style=&#8221;preset1&#8243; text_text_shadow_horizontal_length=&#8221;0.28em&#8221; inline_fonts=&#8221;Prata,Montserrat&#8221;]<h1 style=\"text-align: center\"><span style=\"font-family: Montserrat\">Transformaci\u00f3n<br \/> del negocio y reestructuraciones<\/span><\/h1>[\/et_pb_text][\/et_pb_column][\/et_pb_row][\/et_pb_section][et_pb_section fb_built=&#8221;1&#8243; _builder_version=&#8221;3.27.4&#8243; custom_margin=&#8221;||2.2%||false|false&#8221; custom_padding=&#8221;0%||0%||true|false&#8221;][et_pb_row admin_label=&#8221;Title Area&#8221; _builder_version=&#8221;3.27.4&#8243; background_color=&#8221;rgba(0,0,0,0)&#8221; width=&#8221;90%&#8221; module_alignment=&#8221;center&#8221; min_height=&#8221;320px&#8221; custom_margin=&#8221;||||false|false&#8221; custom_padding=&#8221;0px|0px|0px|0px|false|false&#8221;][et_pb_column type=&#8221;4_4&#8243; _builder_version=&#8221;3.25&#8243; custom_padding=&#8221;|||&#8221; custom_padding__hover=&#8221;|||&#8221;][et_pb_text _builder_version=&#8221;3.27.4&#8243; text_font=&#8221;||||||||&#8221; text_font_size=&#8221;16px&#8221; header_font=&#8221;||||||||&#8221; max_width=&#8221;90%&#8221; module_alignment=&#8221;center&#8221; custom_margin=&#8221;3%|0px|5%|0px|false|false&#8221; custom_padding=&#8221;|2%|0px|2%|false|false&#8221; animation_style=&#8221;flip&#8221; animation_direction=&#8221;left&#8221; animation_intensity_flip=&#8221;30%&#8221; animation_starting_opacity=&#8221;100%&#8221;]<p style=\"text-align: justify\">Un 40 por ciento de nuestras 10.000 misiones (proyectos) ha sido para impulsar proyectos de transformaci\u00f3n empresarial. Nuestro grupo de gerentes experimentados tiene una exitosa trayectoria en la gesti\u00f3n de los cambios derivados de la reestructuraci\u00f3n, reorganizaci\u00f3n, fusiones y adquisiciones o crecimiento acelerado. Durante 30 a\u00f1os, EIM ha acumulado una importante experiencia de gesti\u00f3n de cambios estructurales en situaciones de negocios, tales como:<\/p>\n&nbsp;\n<ul>\n \t<li style=\"padding-bottom: 10px\"><strong>stress<\/strong> o distress <strong>financieros<\/strong><\/li>\n \t<li style=\"padding-bottom: 10px\"><strong>ca\u00edda de la rentabilidad<\/strong><\/li>\n \t<li style=\"padding-bottom: 10px\"><strong>insuficiencia de recursos<\/strong> para asegurar el futuro a largo plazo de la empresa<\/li>\n \t<li style=\"padding-bottom: 10px\"><strong>rendimiento decreciente<\/strong> del negocios en comparaci\u00f3n con el de los competidores<\/li>\n \t<li style=\"padding-bottom: 10px\"><strong>liderazgo indeciso<\/strong> frente a <strong>problemas inesperados<\/strong> o nuevas oportunidades<\/li>\n<\/ul>[\/et_pb_text][\/et_pb_column][\/et_pb_row][\/et_pb_section][et_pb_section fb_built=&#8221;1&#8243; disabled_on=&#8221;on|on|off&#8221; _builder_version=&#8221;3.27.4&#8243; background_color=&#8221;rgba(0,0,0,0)&#8221; background_enable_color=&#8221;off&#8221; use_background_color_gradient=&#8221;on&#8221; background_color_gradient_start=&#8221;#002C3E&#8221; background_color_gradient_end=&#8221;rgba(0,0,0,0)&#8221; background_color_gradient_direction=&#8221;102deg&#8221; background_color_gradient_start_position=&#8221;53%&#8221; background_color_gradient_end_position=&#8221;0%&#8221; background_color_gradient_overlays_image=&#8221;on&#8221; background_image=&#8221;https:\/\/eimworld.wpengine.com\/wp-content\/uploads\/2019\/10\/dialog-managers-2-1.jpeg&#8221; background_position=&#8221;top_left&#8221; module_alignment=&#8221;center&#8221; min_height=&#8221;600px&#8221; custom_margin=&#8221;||||false|false&#8221; custom_padding=&#8221;||52px|||&#8221; top_divider_style=&#8221;slant&#8221; top_divider_color=&#8221;#e6e6e6&#8243; bottom_divider_style=&#8221;slant&#8221; bottom_divider_color=&#8221;#db9300&#8243; bottom_divider_flip=&#8221;horizontal&#8221; saved_tabs=&#8221;all&#8221;][et_pb_row column_structure=&#8221;1_2,1_2&#8243; _builder_version=&#8221;3.27.4&#8243; max_width=&#8221;120%&#8221; min_height=&#8221;413px&#8221; custom_margin=&#8221;||||false|false&#8221; custom_padding=&#8221;93px||||false|false&#8221;][et_pb_column type=&#8221;1_2&#8243; _builder_version=&#8221;3.27.4&#8243;][et_pb_text _builder_version=&#8221;3.27.4&#8243; text_font=&#8221;Montserrat||||||||&#8221; text_text_color=&#8221;#ffffff&#8221; text_font_size=&#8221;16px&#8221; width=&#8221;100%&#8221; custom_margin=&#8221;3%||||false|false&#8221; custom_padding=&#8221;0%|26.9%|0%|0%|false|false&#8221;]<p style=\"text-align: justify\"><span>EIM facilita Interim Managers experimentados para dirigir el cambio. Nuestros Interim Managers de EIM pueden incorporarse a trabajar individualmente o en equipo y asumir diversas responsabilidades, entre ellos CEO, CFO y CRO, en un plazo inferior a dos semanas. Estos Interim Managers est\u00e1n preparados para sustituir o complementar su actual equipo directivo, trabajando sin problemas a trav\u00e9s de las fronteras nacionales, si es necesario.<\/span><\/p>[\/et_pb_text][\/et_pb_column][et_pb_column type=&#8221;1_2&#8243; _builder_version=&#8221;3.27.4&#8243;][et_pb_text _builder_version=&#8221;3.27.4&#8243; text_font=&#8221;Montserrat|700|||||||&#8221; text_text_color=&#8221;#ffffff&#8221; text_font_size=&#8221;45px&#8221; text_line_height=&#8221;1em&#8221; width=&#8221;80%&#8221; custom_margin=&#8221;20%|||20%|false|false&#8221; custom_padding=&#8221;0%||0%|0%|false|false&#8221; text_text_shadow_style=&#8221;preset5&#8243;]Una cooperaci\u00f3n para la excelencia[\/et_pb_text][\/et_pb_column][\/et_pb_row][\/et_pb_section][et_pb_section fb_built=&#8221;1&#8243; disabled_on=&#8221;off|off|on&#8221; _builder_version=&#8221;3.27.4&#8243; background_color=&#8221;#002c3e&#8221; custom_margin=&#8221;||||false|false&#8221; top_divider_style=&#8221;slant&#8221; top_divider_color=&#8221;#ffffff&#8221; top_divider_flip=&#8221;vertical&#8221; bottom_divider_style=&#8221;slant&#8221; bottom_divider_color=&#8221;#db9300&#8243; bottom_divider_flip=&#8221;horizontal&#8221;][et_pb_row column_structure=&#8221;1_5,3_5,1_5&#8243; _builder_version=&#8221;3.27.4&#8243; custom_padding=&#8221;0px||62px|||&#8221;][et_pb_column type=&#8221;1_5&#8243; _builder_version=&#8221;3.27.4&#8243;][\/et_pb_column][et_pb_column type=&#8221;3_5&#8243; _builder_version=&#8221;3.27.4&#8243;][et_pb_text _builder_version=&#8221;3.27.4&#8243; text_font=&#8221;Montserrat||||||||&#8221; text_text_color=&#8221;#ffffff&#8221; text_font_size=&#8221;16px&#8221; custom_margin=&#8221;10%||||false|false&#8221;]<p style=\"text-align: justify\"><span>EIM facilita in situ experimentados Interim Managers para dirigir el cambio. Nuestros Interim Managers de EIM pueden incorporarse a trabajar individualmente o en equipo y asumir diversas responsabilidades, entre ellos CEO, CFO y CRO, en un plazo inferior a dos semanas. Estos Interim Managers est\u00e1n preparados para sustituir o complementar su actual equipo directivo, trabajando sin problemas a trav\u00e9s de las fronteras nacionales, si es necesario.<\/span><\/p>[\/et_pb_text][\/et_pb_column][et_pb_column type=&#8221;1_5&#8243; _builder_version=&#8221;3.27.4&#8243;][\/et_pb_column][\/et_pb_row][\/et_pb_section][et_pb_section fb_built=&#8221;1&#8243; _builder_version=&#8221;3.27.4&#8243; background_color=&#8221;#db9300&#8243; custom_margin=&#8221;-0.1%||-0.1%||true|false&#8221; custom_padding=&#8221;37px|||||&#8221; top_divider_color=&#8221;#e09900&#8243; top_divider_flip=&#8221;vertical&#8221; bottom_divider_color=&#8221;#ffffff&#8221; bottom_divider_flip=&#8221;horizontal&#8221; saved_tabs=&#8221;all&#8221;][et_pb_row _builder_version=&#8221;3.27.4&#8243; custom_padding=&#8221;60px|||||&#8221;][et_pb_column type=&#8221;4_4&#8243; _builder_version=&#8221;3.27.4&#8243;][et_pb_text admin_label=&#8221;Title&#8221; _builder_version=&#8221;3.27.4&#8243; text_font=&#8221;||||||||&#8221; text_text_color=&#8221;#ffffff&#8221; header_font=&#8221;Prata||||||||&#8221; header_2_font=&#8221;Montserrat|700|||||||&#8221; header_2_text_align=&#8221;center&#8221; header_2_font_size=&#8221;30px&#8221; custom_margin=&#8221;||5px|&#8221; custom_padding=&#8221;||0px|||&#8221; animation_style=&#8221;fade&#8221; animation_direction=&#8221;top&#8221; animation_duration=&#8221;1350ms&#8221; animation_starting_opacity=&#8221;100%&#8221; inline_fonts=&#8221;Prata,Montserrat&#8221;]<h3 style=\"text-align: center\"><span style=\"font-family: Montserrat;color: #ffffff\">P\u00f3ngase en contacto con nosotros<\/span><\/h3>[\/et_pb_text][\/et_pb_column][\/et_pb_row][et_pb_row column_structure=&#8221;1_5,3_5,1_5&#8243; _builder_version=&#8221;3.27.4&#8243; custom_padding=&#8221;0px|||||&#8221;][et_pb_column type=&#8221;1_5&#8243; _builder_version=&#8221;3.27.4&#8243;][\/et_pb_column][et_pb_column type=&#8221;3_5&#8243; _builder_version=&#8221;3.27.4&#8243;][et_pb_text _builder_version=&#8221;3.27.4&#8243;]<p style=\"text-align: center\"><span style=\"color: #ffffff\">Juntos podemos encontrar la soluci\u00f3n que est\u00e1 buscando.<\/span><\/p>[\/et_pb_text][et_pb_button button_url=&#8221;@ET-DC@eyJkeW5hbWljIjp0cnVlLCJjb250ZW50IjoicG9zdF9saW5rX3VybF9wYWdlIiwic2V0dGluZ3MiOnsicG9zdF9pZCI6IjExOCJ9fQ==@&#8221; button_text=&#8221;CONT\u00c1CTENOS&#8221; button_alignment=&#8221;center&#8221; _builder_version=&#8221;3.27.4&#8243; _dynamic_attributes=&#8221;button_url&#8221; background_layout=&#8221;dark&#8221;][\/et_pb_button][\/et_pb_column][et_pb_column type=&#8221;1_5&#8243; _builder_version=&#8221;3.27.4&#8243;][\/et_pb_column][\/et_pb_row][\/et_pb_section]\n","protected":false},"excerpt":{"rendered":"<p>Transformaci\u00f3n del negocio y reestructuracionesUn 40 por ciento de nuestras 10.000 misiones (proyectos) ha sido para impulsar proyectos de transformaci\u00f3n empresarial. Nuestro grupo de gerentes experimentados tiene una exitosa trayectoria en la gesti\u00f3n de los cambios derivados de la reestructuraci\u00f3n, reorganizaci\u00f3n, fusiones y adquisiciones o crecimiento acelerado. Durante 30 a\u00f1os, EIM ha acumulado una importante [&hellip;]<\/p>\n","protected":false},"author":2,"featured_media":0,"parent":0,"menu_order":0,"comment_status":"closed","ping_status":"closed","template":"","meta":{"_et_pb_use_builder":"on","_et_pb_old_content":"","_et_gb_content_width":"","footnotes":""},"class_list":["post-65","page","type-page","status-publish","hentry"],"yoast_head":"<!-- This site is optimized with the Yoast SEO Premium plugin v27.0 (Yoast SEO v27.4) - https:\/\/yoast.com\/product\/yoast-seo-premium-wordpress\/ -->\n<title>Interim managers expertos en transformaci\u00f3n empresarial | EIM<\/title>\n<meta name=\"description\" content=\"Un 40% de nuestras 10.000 intervenciones de interim management ha sido para impulsar proyectos de transformaci\u00f3n empresarial. \u00bfHablamos?\" \/>\n<meta name=\"robots\" content=\"index, follow, max-snippet:-1, max-image-preview:large, max-video-preview:-1\" \/>\n<link rel=\"canonical\" href=\"https:\/\/www.eim.com\/es\/transformacion-del-negocio\/\" \/>\n<meta property=\"og:locale\" content=\"es_ES\" \/>\n<meta property=\"og:type\" content=\"article\" \/>\n<meta property=\"og:title\" content=\"Transformaci\u00f3n del negocio y reestructuraciones\" \/>\n<meta property=\"og:description\" content=\"Un 40% de nuestras 10.000 intervenciones de interim management ha sido para impulsar proyectos de transformaci\u00f3n empresarial. \u00bfHablamos?\" \/>\n<meta property=\"og:url\" content=\"https:\/\/www.eim.com\/es\/transformacion-del-negocio\/\" \/>\n<meta property=\"og:site_name\" content=\"Interim Management | EIM Spain\" \/>\n<meta property=\"article:modified_time\" content=\"2023-03-01T00:12:58+00:00\" \/>\n<meta name=\"twitter:card\" content=\"summary_large_image\" \/>\n<meta name=\"twitter:label1\" content=\"Tiempo de lectura\" \/>\n\t<meta name=\"twitter:data1\" content=\"3 minutos\" \/>\n<script type=\"application\/ld+json\" class=\"yoast-schema-graph\">{\"@context\":\"https:\\\/\\\/schema.org\",\"@graph\":[{\"@type\":\"WebPage\",\"@id\":\"https:\\\/\\\/www.eim.com\\\/es\\\/transformacion-del-negocio\\\/\",\"url\":\"https:\\\/\\\/www.eim.com\\\/es\\\/transformacion-del-negocio\\\/\",\"name\":\"Interim managers expertos en transformaci\u00f3n empresarial | EIM\",\"isPartOf\":{\"@id\":\"https:\\\/\\\/www.eim.com\\\/es\\\/#website\"},\"datePublished\":\"2019-10-02T10:40:31+00:00\",\"dateModified\":\"2023-03-01T00:12:58+00:00\",\"description\":\"Un 40% de nuestras 10.000 intervenciones de interim management ha sido para impulsar proyectos de transformaci\u00f3n empresarial. \u00bfHablamos?\",\"breadcrumb\":{\"@id\":\"https:\\\/\\\/www.eim.com\\\/es\\\/transformacion-del-negocio\\\/#breadcrumb\"},\"inLanguage\":\"es\",\"potentialAction\":[{\"@type\":\"ReadAction\",\"target\":[\"https:\\\/\\\/www.eim.com\\\/es\\\/transformacion-del-negocio\\\/\"]}]},{\"@type\":\"BreadcrumbList\",\"@id\":\"https:\\\/\\\/www.eim.com\\\/es\\\/transformacion-del-negocio\\\/#breadcrumb\",\"itemListElement\":[{\"@type\":\"ListItem\",\"position\":1,\"name\":\"Home\",\"item\":\"https:\\\/\\\/www.eim.com\\\/es\\\/\"},{\"@type\":\"ListItem\",\"position\":2,\"name\":\"Transformaci\u00f3n del negocio y reestructuraciones\"}]},{\"@type\":\"WebSite\",\"@id\":\"https:\\\/\\\/www.eim.com\\\/es\\\/#website\",\"url\":\"https:\\\/\\\/www.eim.com\\\/es\\\/\",\"name\":\"Interim Management | EIM Spain\",\"description\":\"El interim manager que su empresa necesita\",\"potentialAction\":[{\"@type\":\"SearchAction\",\"target\":{\"@type\":\"EntryPoint\",\"urlTemplate\":\"https:\\\/\\\/www.eim.com\\\/es\\\/?s={search_term_string}\"},\"query-input\":{\"@type\":\"PropertyValueSpecification\",\"valueRequired\":true,\"valueName\":\"search_term_string\"}}],\"inLanguage\":\"es\"}]}<\/script>\n<!-- \/ Yoast SEO Premium plugin. -->","yoast_head_json":{"title":"Interim managers expertos en transformaci\u00f3n empresarial | EIM","description":"Un 40% de nuestras 10.000 intervenciones de interim management ha sido para impulsar proyectos de transformaci\u00f3n empresarial. \u00bfHablamos?","robots":{"index":"index","follow":"follow","max-snippet":"max-snippet:-1","max-image-preview":"max-image-preview:large","max-video-preview":"max-video-preview:-1"},"canonical":"https:\/\/www.eim.com\/es\/transformacion-del-negocio\/","og_locale":"es_ES","og_type":"article","og_title":"Transformaci\u00f3n del negocio y reestructuraciones","og_description":"Un 40% de nuestras 10.000 intervenciones de interim management ha sido para impulsar proyectos de transformaci\u00f3n empresarial. \u00bfHablamos?","og_url":"https:\/\/www.eim.com\/es\/transformacion-del-negocio\/","og_site_name":"Interim Management | EIM Spain","article_modified_time":"2023-03-01T00:12:58+00:00","twitter_card":"summary_large_image","twitter_misc":{"Tiempo de lectura":"3 minutos"},"schema":{"@context":"https:\/\/schema.org","@graph":[{"@type":"WebPage","@id":"https:\/\/www.eim.com\/es\/transformacion-del-negocio\/","url":"https:\/\/www.eim.com\/es\/transformacion-del-negocio\/","name":"Interim managers expertos en transformaci\u00f3n empresarial | EIM","isPartOf":{"@id":"https:\/\/www.eim.com\/es\/#website"},"datePublished":"2019-10-02T10:40:31+00:00","dateModified":"2023-03-01T00:12:58+00:00","description":"Un 40% de nuestras 10.000 intervenciones de interim management ha sido para impulsar proyectos de transformaci\u00f3n empresarial. \u00bfHablamos?","breadcrumb":{"@id":"https:\/\/www.eim.com\/es\/transformacion-del-negocio\/#breadcrumb"},"inLanguage":"es","potentialAction":[{"@type":"ReadAction","target":["https:\/\/www.eim.com\/es\/transformacion-del-negocio\/"]}]},{"@type":"BreadcrumbList","@id":"https:\/\/www.eim.com\/es\/transformacion-del-negocio\/#breadcrumb","itemListElement":[{"@type":"ListItem","position":1,"name":"Home","item":"https:\/\/www.eim.com\/es\/"},{"@type":"ListItem","position":2,"name":"Transformaci\u00f3n del negocio y reestructuraciones"}]},{"@type":"WebSite","@id":"https:\/\/www.eim.com\/es\/#website","url":"https:\/\/www.eim.com\/es\/","name":"Interim Management | EIM Spain","description":"El interim manager que su empresa necesita","potentialAction":[{"@type":"SearchAction","target":{"@type":"EntryPoint","urlTemplate":"https:\/\/www.eim.com\/es\/?s={search_term_string}"},"query-input":{"@type":"PropertyValueSpecification","valueRequired":true,"valueName":"search_term_string"}}],"inLanguage":"es"}]}},"_links":{"self":[{"href":"https:\/\/www.eim.com\/es\/wp-json\/wp\/v2\/pages\/65","targetHints":{"allow":["GET"]}}],"collection":[{"href":"https:\/\/www.eim.com\/es\/wp-json\/wp\/v2\/pages"}],"about":[{"href":"https:\/\/www.eim.com\/es\/wp-json\/wp\/v2\/types\/page"}],"author":[{"embeddable":true,"href":"https:\/\/www.eim.com\/es\/wp-json\/wp\/v2\/users\/2"}],"replies":[{"embeddable":true,"href":"https:\/\/www.eim.com\/es\/wp-json\/wp\/v2\/comments?post=65"}],"version-history":[{"count":0,"href":"https:\/\/www.eim.com\/es\/wp-json\/wp\/v2\/pages\/65\/revisions"}],"wp:attachment":[{"href":"https:\/\/www.eim.com\/es\/wp-json\/wp\/v2\/media?parent=65"}],"curies":[{"name":"wp","href":"https:\/\/api.w.org\/{rel}","templated":true}]}}