{"id":12472,"date":"2024-02-28T08:58:14","date_gmt":"2024-02-28T08:58:14","guid":{"rendered":"https:\/\/www.eim.com\/es\/?page_id=12472"},"modified":"2026-01-28T11:39:38","modified_gmt":"2026-01-28T11:39:38","slug":"es_eim_bigshorts_01","status":"publish","type":"page","link":"https:\/\/www.eim.com\/es\/videos-back\/es_eim_bigshorts_01\/","title":{"rendered":"ES_EIM_BIGSHORTS_01"},"content":{"rendered":"<p>[et_pb_section fb_built=&#8221;1&#8243; admin_label=&#8221;Hero Section&#8221; _builder_version=&#8221;4.27.5&#8243; use_background_color_gradient=&#8221;on&#8221; background_color_gradient_stops=&#8221;rgba(0,0,0,0.4) 0%|rgba(0,0,0,0.4) 100%&#8221; background_color_gradient_overlays_image=&#8221;on&#8221; background_color_gradient_start=&#8221;rgba(0,0,0,0.4)&#8221; background_color_gradient_end=&#8221;rgba(0,0,0,0.4)&#8221; background_image=&#8221;https:\/\/www.eim.com\/es\/wp-content\/uploads\/sites\/10\/2026\/01\/Header-1920x540px_EIM-BIG-SHORT-interna-para-un-video.jpg&#8221; background_position=&#8221;bottom_center&#8221; background_blend=&#8221;lighten&#8221; height=&#8221;520px&#8221; custom_padding=&#8221;6%||0%|||&#8221; bottom_divider_style=&#8221;slant&#8221; bottom_divider_color=&#8221;#ffffff&#8221; bottom_divider_height=&#8221;150px&#8221; bottom_divider_flip=&#8221;horizontal&#8221; hover_enabled=&#8221;0&#8243; saved_tabs=&#8221;all&#8221; global_colors_info=&#8221;{}&#8221; background_color_gradient_direction__hover=&#8221;180deg&#8221; background_color_gradient_direction__hover_enabled=&#8221;180deg&#8221; background_color_gradient_start_position__hover=&#8221;0%&#8221; background_color_gradient_start_position__hover_enabled=&#8221;0%&#8221; background_color_gradient_end_position__hover=&#8221;100%&#8221; background_color_gradient_end_position__hover_enabled=&#8221;100%&#8221; background_color_gradient_stops__hover=&#8221;rgba(0,0,0,0.4) 0%|rgba(0,0,0,0.4) 100%&#8221; sticky_enabled=&#8221;0&#8243; title_text=&#8221;Header 1920x540px_EIM &#8211; BIG SHORT &#8211; interna para un vi\u0301deo&#8221;][\/et_pb_section][et_pb_section fb_built=&#8221;1&#8243; _builder_version=&#8221;4.16&#8243; custom_margin=&#8221;||-64px||false|false&#8221; custom_padding=&#8221;6px||5%||false|false&#8221; saved_tabs=&#8221;all&#8221; global_colors_info=&#8221;{}&#8221;][et_pb_row admin_label=&#8221;Page Title Area&#8221; _builder_version=&#8221;4.24.0&#8243; width=&#8221;100%&#8221; max_width=&#8221;2560px&#8221; module_alignment=&#8221;center&#8221; custom_margin=&#8221;0px|auto|0px|auto|false|false&#8221; custom_padding=&#8221;0px|||||&#8221; global_colors_info=&#8221;{}&#8221;][et_pb_column type=&#8221;4_4&#8243; _builder_version=&#8221;4.16&#8243; custom_padding=&#8221;|||&#8221; global_colors_info=&#8221;{}&#8221; custom_padding__hover=&#8221;|||&#8221;][et_pb_text admin_label=&#8221;Hero Section Title&#8221; _builder_version=&#8221;4.24.0&#8243; text_font=&#8221;Montserrat|700|||||||&#8221; text_text_color=&#8221;#000000&#8243; text_font_size=&#8221;12px&#8221; text_line_height=&#8221;1.3em&#8221; header_font=&#8221;Montserrat|700|||||||&#8221; header_font_size=&#8221;56px&#8221; header_letter_spacing=&#8221;3px&#8221; header_line_height=&#8221;1.1em&#8221; header_2_font=&#8221;Montserrat|700|||||||&#8221; header_2_text_color=&#8221;rgba(255,255,255,0.6)&#8221; header_2_font_size=&#8221;90px&#8221; header_2_letter_spacing=&#8221;3px&#8221; header_2_line_height=&#8221;1.1em&#8221; text_orientation=&#8221;center&#8221; max_width=&#8221;700px&#8221; module_alignment=&#8221;center&#8221; custom_margin=&#8221;0px||-1px||false|false&#8221; custom_padding=&#8221;||2px|||&#8221; animation_style=&#8221;fade&#8221; animation_direction=&#8221;bottom&#8221; animation_duration=&#8221;1350ms&#8221; header_font_size_tablet=&#8221;&#8221; header_font_size_phone=&#8221;28px&#8221; header_font_size_last_edited=&#8221;on|phone&#8221; header_2_font_size_tablet=&#8221;&#8221; header_2_font_size_phone=&#8221;50px&#8221; header_2_font_size_last_edited=&#8221;on|phone&#8221; inline_fonts=&#8221;Prata,Montserrat&#8221; global_colors_info=&#8221;{}&#8221;]<\/p>\n<h4>V\u00eddeos cortos en duraci\u00f3n pero grandes en contenido<\/h4>\n<p>[\/et_pb_text][\/et_pb_column][\/et_pb_row][et_pb_row column_structure=&#8221;1_2,1_2&#8243; make_equal=&#8221;on&#8221; disabled_on=&#8221;off|off|off&#8221; _builder_version=&#8221;4.24.0&#8243; max_width=&#8221;900px&#8221; module_alignment=&#8221;center&#8221; custom_margin=&#8221;2px|auto|22px|auto|false|false&#8221; custom_padding=&#8221;0px||0px||false|false&#8221; border_color_all=&#8221;#cccccc&#8221; global_colors_info=&#8221;{}&#8221;][et_pb_column type=&#8221;1_2&#8243; _builder_version=&#8221;4.16&#8243; background_enable_image=&#8221;off&#8221; link_option_url_new_window=&#8221;on&#8221; global_colors_info=&#8221;{}&#8221; filter_hue_rotate__hover_enabled=&#8221;on|hover&#8221; filter_hue_rotate__hover=&#8221;0deg&#8221; filter_saturate__hover_enabled=&#8221;on|hover&#8221; filter_saturate__hover=&#8221;0%&#8221; filter_blur__hover_enabled=&#8221;on|hover&#8221; filter_blur__hover=&#8221;0px&#8221;][et_pb_video src=&#8221;https:\/\/www.youtube.com\/watch?v=oq8w9LvKO_U&#8221; thumbnail_overlay_color=&#8221;rgba(0,0,0,0.6)&#8221; _builder_version=&#8221;4.24.0&#8243; border_width_all=&#8221;1px&#8221; border_color_all=&#8221;#e2e2e2&#8243; global_colors_info=&#8221;{}&#8221;][\/et_pb_video][\/et_pb_column][et_pb_column type=&#8221;1_2&#8243; _builder_version=&#8221;4.16&#8243; global_colors_info=&#8221;{}&#8221;][et_pb_text _builder_version=&#8221;4.24.0&#8243; _dynamic_attributes=&#8221;link_option_url&#8221; text_font_size=&#8221;11px&#8221; text_line_height=&#8221;2em&#8221; header_3_font=&#8221;Montserrat||||||||&#8221; header_3_text_color=&#8221;#595959&#8243; custom_margin=&#8221;10px|3%|0px||false|false&#8221; link_option_url=&#8221;@ET-DC@eyJkeW5hbWljIjp0cnVlLCJjb250ZW50IjoicG9zdF9saW5rX3VybF9wYWdlIiwic2V0dGluZ3MiOnsicG9zdF9pZCI6IjExMTA3IiwiZW5hYmxlX2h0bWwiOiJvZmYifX0=@&#8221; link_option_url_new_window=&#8221;on&#8221; global_colors_info=&#8221;{}&#8221;]<\/p>\n<h5><span style=\"font-family: Montserrat;color: #002c3e\">Situaciones en que un Interim Manager es m\u00e1s necesario y aporta m\u00e1s a una empresa<\/span><\/h5>\n<p>[\/et_pb_text][et_pb_text _builder_version=&#8221;4.24.2&#8243; _dynamic_attributes=&#8221;link_option_url&#8221; text_font_size=&#8221;15px&#8221; text_line_height=&#8221;1.6em&#8221; header_3_font=&#8221;Montserrat||||||||&#8221; header_3_text_color=&#8221;#595959&#8243; custom_margin=&#8221;0px|3%|10px||false|false&#8221; link_option_url=&#8221;@ET-DC@eyJkeW5hbWljIjp0cnVlLCJjb250ZW50IjoicG9zdF9saW5rX3VybF9wYWdlIiwic2V0dGluZ3MiOnsicG9zdF9pZCI6IjExMTA3IiwiZW5hYmxlX2h0bWwiOiJvZmYifX0=@&#8221; link_option_url_new_window=&#8221;on&#8221; global_colors_info=&#8221;{}&#8221;]<\/p>\n<p>En esta primera entrega, <a href=\"https:\/\/www.linkedin.com\/in\/alfonsodebenitosecades\/\" target=\"_blank\" rel=\"noopener\">Alfonso de Benito<\/a>, EIM Manager Partner, explica de forma r\u00e1pida y sencilla las situaciones en que un Interim Manager es m\u00e1s necesario y aporta m\u00e1s a una empresa.<a href=\"https:\/\/www.linkedin.com\/in\/alfonsodebenitosecades\/\" target=\"_blank\" rel=\"noopener\"><\/a><\/p>\n<p>[\/et_pb_text][\/et_pb_column][\/et_pb_row][et_pb_row column_structure=&#8221;1_5,3_5,1_5&#8243; _builder_version=&#8221;4.16&#8243; custom_padding=&#8221;0px|||||&#8221; global_colors_info=&#8221;{}&#8221;][et_pb_column type=&#8221;1_5&#8243; _builder_version=&#8221;4.16&#8243; global_colors_info=&#8221;{}&#8221;][\/et_pb_column][et_pb_column type=&#8221;3_5&#8243; _builder_version=&#8221;4.16&#8243; global_colors_info=&#8221;{}&#8221;][\/et_pb_column][et_pb_column type=&#8221;1_5&#8243; _builder_version=&#8221;4.16&#8243; global_colors_info=&#8221;{}&#8221;][\/et_pb_column][\/et_pb_row][\/et_pb_section][et_pb_section fb_built=&#8221;1&#8243; _builder_version=&#8221;4.24.0&#8243; background_color=&#8221;#E09900&#8243; custom_margin=&#8221;||||false|false&#8221; top_divider_style=&#8221;slant&#8221; top_divider_color=&#8221;#ffffff&#8221; bottom_divider_color=&#8221;#ffffff&#8221; bottom_divider_flip=&#8221;horizontal&#8221; saved_tabs=&#8221;all&#8221; global_colors_info=&#8221;{}&#8221;][et_pb_row _builder_version=&#8221;4.16&#8243; custom_padding=&#8221;64px|||||&#8221; global_colors_info=&#8221;{}&#8221;][et_pb_column type=&#8221;4_4&#8243; _builder_version=&#8221;4.16&#8243; global_colors_info=&#8221;{}&#8221;][et_pb_text admin_label=&#8221;Title&#8221; _builder_version=&#8221;4.16&#8243; text_font=&#8221;||||||||&#8221; text_text_color=&#8221;#ffffff&#8221; header_font=&#8221;Prata||||||||&#8221; header_2_font=&#8221;Montserrat|700|||||||&#8221; header_2_text_align=&#8221;center&#8221; header_2_font_size=&#8221;30px&#8221; custom_margin=&#8221;||5px|&#8221; custom_padding=&#8221;||0px|||&#8221; animation_style=&#8221;fade&#8221; animation_direction=&#8221;top&#8221; animation_duration=&#8221;1350ms&#8221; animation_starting_opacity=&#8221;100%&#8221; inline_fonts=&#8221;Prata,Montserrat&#8221; global_colors_info=&#8221;{}&#8221;]<\/p>\n<h3 style=\"text-align: center\"><span style=\"font-family: Montserrat;color: #ffffff\">P\u00f3ngase en contacto con nosotros<\/span><\/h3>\n<p>[\/et_pb_text][\/et_pb_column][\/et_pb_row][et_pb_row column_structure=&#8221;1_5,3_5,1_5&#8243; _builder_version=&#8221;4.16&#8243; custom_padding=&#8221;0px|||||&#8221; global_colors_info=&#8221;{}&#8221;][et_pb_column type=&#8221;1_5&#8243; _builder_version=&#8221;4.16&#8243; global_colors_info=&#8221;{}&#8221;][\/et_pb_column][et_pb_column type=&#8221;3_5&#8243; _builder_version=&#8221;4.16&#8243; global_colors_info=&#8221;{}&#8221;][et_pb_text _builder_version=&#8221;4.16&#8243; global_colors_info=&#8221;{}&#8221;]<\/p>\n<p style=\"text-align: center\"><span style=\"color: #ffffff\">Juntos podemos encontrar la soluci\u00f3n que est\u00e1 buscando.<\/span><\/p>\n<p>[\/et_pb_text][et_pb_button button_url=&#8221;@ET-DC@eyJkeW5hbWljIjp0cnVlLCJjb250ZW50IjoicG9zdF9saW5rX3VybF9wYWdlIiwic2V0dGluZ3MiOnsicG9zdF9pZCI6IjExOCIsImVuYWJsZV9odG1sIjoib2ZmIn19@&#8221; button_text=&#8221;CONT\u00c1CTENOS&#8221; button_alignment=&#8221;center&#8221; _builder_version=&#8221;4.16&#8243; _dynamic_attributes=&#8221;button_url&#8221; background_layout=&#8221;dark&#8221; global_colors_info=&#8221;{}&#8221;][\/et_pb_button][\/et_pb_column][et_pb_column type=&#8221;1_5&#8243; _builder_version=&#8221;4.16&#8243; global_colors_info=&#8221;{}&#8221;][\/et_pb_column][\/et_pb_row][\/et_pb_section]<\/p>\n","protected":false},"excerpt":{"rendered":"<p>V\u00eddeos cortos en duraci\u00f3n pero grandes en contenidoSituaciones en que un Interim Manager es m\u00e1s necesario y aporta m\u00e1s a una empresaEn esta primera entrega, Alfonso de Benito, EIM Manager Partner, explica de forma r\u00e1pida y sencilla las situaciones en que un Interim Manager es m\u00e1s necesario y aporta m\u00e1s a una empresa.P\u00f3ngase en contacto [&hellip;]<\/p>\n","protected":false},"author":350,"featured_media":0,"parent":397,"menu_order":0,"comment_status":"closed","ping_status":"closed","template":"","meta":{"_et_pb_use_builder":"on","_et_pb_old_content":"","_et_gb_content_width":"","footnotes":""},"class_list":["post-12472","page","type-page","status-publish","hentry"],"yoast_head":"<!-- This site is optimized with the Yoast SEO Premium plugin v27.0 (Yoast SEO v27.0) - https:\/\/yoast.com\/product\/yoast-seo-premium-wordpress\/ -->\n<title>ES_EIM_BIGSHORTS_01 - Interim Management | EIM Spain<\/title>\n<meta name=\"robots\" content=\"index, follow, max-snippet:-1, max-image-preview:large, max-video-preview:-1\" \/>\n<link rel=\"canonical\" href=\"https:\/\/www.eim.com\/es\/videos\/es_eim_bigshorts_01\/\" \/>\n<meta property=\"og:locale\" content=\"es_ES\" \/>\n<meta property=\"og:type\" content=\"article\" \/>\n<meta property=\"og:title\" content=\"ES_EIM_BIGSHORTS_01\" \/>\n<meta property=\"og:description\" content=\"V\u00eddeos cortos en duraci\u00f3n pero grandes en contenidoSituaciones en que un Interim Manager es m\u00e1s necesario y aporta m\u00e1s a una empresaEn esta primera entrega, Alfonso de Benito, EIM Manager Partner, explica de forma r\u00e1pida y sencilla las situaciones en que un Interim Manager es m\u00e1s necesario y aporta m\u00e1s a una empresa.P\u00f3ngase en contacto [&hellip;]\" \/>\n<meta property=\"og:url\" content=\"https:\/\/www.eim.com\/es\/videos\/es_eim_bigshorts_01\/\" \/>\n<meta property=\"og:site_name\" content=\"Interim Management | EIM Spain\" \/>\n<meta property=\"article:modified_time\" content=\"2026-01-28T11:39:38+00:00\" \/>\n<meta name=\"twitter:card\" content=\"summary_large_image\" \/>\n<meta name=\"twitter:label1\" content=\"Tiempo de lectura\" \/>\n\t<meta name=\"twitter:data1\" content=\"1 minuto\" \/>\n<script type=\"application\/ld+json\" class=\"yoast-schema-graph\">{\"@context\":\"https:\/\/schema.org\",\"@graph\":[{\"@type\":\"WebPage\",\"@id\":\"https:\/\/www.eim.com\/es\/videos\/es_eim_bigshorts_01\/\",\"url\":\"https:\/\/www.eim.com\/es\/videos\/es_eim_bigshorts_01\/\",\"name\":\"ES_EIM_BIGSHORTS_01 - Interim Management | EIM Spain\",\"isPartOf\":{\"@id\":\"https:\/\/www.eim.com\/es\/#website\"},\"datePublished\":\"2024-02-28T08:58:14+00:00\",\"dateModified\":\"2026-01-28T11:39:38+00:00\",\"breadcrumb\":{\"@id\":\"https:\/\/www.eim.com\/es\/videos\/es_eim_bigshorts_01\/#breadcrumb\"},\"inLanguage\":\"es\",\"potentialAction\":[{\"@type\":\"ReadAction\",\"target\":[\"https:\/\/www.eim.com\/es\/videos\/es_eim_bigshorts_01\/\"]}]},{\"@type\":\"BreadcrumbList\",\"@id\":\"https:\/\/www.eim.com\/es\/videos\/es_eim_bigshorts_01\/#breadcrumb\",\"itemListElement\":[{\"@type\":\"ListItem\",\"position\":1,\"name\":\"Home\",\"item\":\"https:\/\/www.eim.com\/es\/\"},{\"@type\":\"ListItem\",\"position\":2,\"name\":\"Videos\",\"item\":\"https:\/\/www.eim.com\/es\/?page_id=397\"},{\"@type\":\"ListItem\",\"position\":3,\"name\":\"ES_EIM_BIGSHORTS_01\"}]},{\"@type\":\"WebSite\",\"@id\":\"https:\/\/www.eim.com\/es\/#website\",\"url\":\"https:\/\/www.eim.com\/es\/\",\"name\":\"Interim Management | EIM Spain\",\"description\":\"El interim manager que su empresa necesita\",\"potentialAction\":[{\"@type\":\"SearchAction\",\"target\":{\"@type\":\"EntryPoint\",\"urlTemplate\":\"https:\/\/www.eim.com\/es\/?s={search_term_string}\"},\"query-input\":{\"@type\":\"PropertyValueSpecification\",\"valueRequired\":true,\"valueName\":\"search_term_string\"}}],\"inLanguage\":\"es\"}]}<\/script>\n<!-- \/ Yoast SEO Premium plugin. -->","yoast_head_json":{"title":"ES_EIM_BIGSHORTS_01 - Interim Management | EIM Spain","robots":{"index":"index","follow":"follow","max-snippet":"max-snippet:-1","max-image-preview":"max-image-preview:large","max-video-preview":"max-video-preview:-1"},"canonical":"https:\/\/www.eim.com\/es\/videos\/es_eim_bigshorts_01\/","og_locale":"es_ES","og_type":"article","og_title":"ES_EIM_BIGSHORTS_01","og_description":"V\u00eddeos cortos en duraci\u00f3n pero grandes en contenidoSituaciones en que un Interim Manager es m\u00e1s necesario y aporta m\u00e1s a una empresaEn esta primera entrega, Alfonso de Benito, EIM Manager Partner, explica de forma r\u00e1pida y sencilla las situaciones en que un Interim Manager es m\u00e1s necesario y aporta m\u00e1s a una empresa.P\u00f3ngase en contacto [&hellip;]","og_url":"https:\/\/www.eim.com\/es\/videos\/es_eim_bigshorts_01\/","og_site_name":"Interim Management | EIM Spain","article_modified_time":"2026-01-28T11:39:38+00:00","twitter_card":"summary_large_image","twitter_misc":{"Tiempo de lectura":"1 minuto"},"schema":{"@context":"https:\/\/schema.org","@graph":[{"@type":"WebPage","@id":"https:\/\/www.eim.com\/es\/videos\/es_eim_bigshorts_01\/","url":"https:\/\/www.eim.com\/es\/videos\/es_eim_bigshorts_01\/","name":"ES_EIM_BIGSHORTS_01 - Interim Management | EIM Spain","isPartOf":{"@id":"https:\/\/www.eim.com\/es\/#website"},"datePublished":"2024-02-28T08:58:14+00:00","dateModified":"2026-01-28T11:39:38+00:00","breadcrumb":{"@id":"https:\/\/www.eim.com\/es\/videos\/es_eim_bigshorts_01\/#breadcrumb"},"inLanguage":"es","potentialAction":[{"@type":"ReadAction","target":["https:\/\/www.eim.com\/es\/videos\/es_eim_bigshorts_01\/"]}]},{"@type":"BreadcrumbList","@id":"https:\/\/www.eim.com\/es\/videos\/es_eim_bigshorts_01\/#breadcrumb","itemListElement":[{"@type":"ListItem","position":1,"name":"Home","item":"https:\/\/www.eim.com\/es\/"},{"@type":"ListItem","position":2,"name":"Videos","item":"https:\/\/www.eim.com\/es\/?page_id=397"},{"@type":"ListItem","position":3,"name":"ES_EIM_BIGSHORTS_01"}]},{"@type":"WebSite","@id":"https:\/\/www.eim.com\/es\/#website","url":"https:\/\/www.eim.com\/es\/","name":"Interim Management | EIM Spain","description":"El interim manager que su empresa necesita","potentialAction":[{"@type":"SearchAction","target":{"@type":"EntryPoint","urlTemplate":"https:\/\/www.eim.com\/es\/?s={search_term_string}"},"query-input":{"@type":"PropertyValueSpecification","valueRequired":true,"valueName":"search_term_string"}}],"inLanguage":"es"}]}},"_links":{"self":[{"href":"https:\/\/www.eim.com\/es\/wp-json\/wp\/v2\/pages\/12472","targetHints":{"allow":["GET"]}}],"collection":[{"href":"https:\/\/www.eim.com\/es\/wp-json\/wp\/v2\/pages"}],"about":[{"href":"https:\/\/www.eim.com\/es\/wp-json\/wp\/v2\/types\/page"}],"author":[{"embeddable":true,"href":"https:\/\/www.eim.com\/es\/wp-json\/wp\/v2\/users\/350"}],"replies":[{"embeddable":true,"href":"https:\/\/www.eim.com\/es\/wp-json\/wp\/v2\/comments?post=12472"}],"version-history":[{"count":0,"href":"https:\/\/www.eim.com\/es\/wp-json\/wp\/v2\/pages\/12472\/revisions"}],"up":[{"embeddable":true,"href":"https:\/\/www.eim.com\/es\/wp-json\/wp\/v2\/pages\/397"}],"wp:attachment":[{"href":"https:\/\/www.eim.com\/es\/wp-json\/wp\/v2\/media?parent=12472"}],"curies":[{"name":"wp","href":"https:\/\/api.w.org\/{rel}","templated":true}]}}