{"id":12048,"date":"2022-08-07T21:29:49","date_gmt":"2022-08-07T19:29:49","guid":{"rendered":"https:\/\/www.eim.com\/de\/?page_id=12048"},"modified":"2024-12-17T12:43:36","modified_gmt":"2024-12-17T11:43:36","slug":"fuer-bestehende-interim-manager","status":"publish","type":"page","link":"https:\/\/www.eim.com\/de\/fuer-bestehende-interim-manager\/","title":{"rendered":"F\u00fcr bestehende Interim Manager"},"content":{"rendered":"<p>[et_pb_section fb_built=&#8221;1&#8243; admin_label=&#8221;Hero Section&#8221; _builder_version=&#8221;4.24.0&#8243; use_background_color_gradient=&#8221;on&#8221; background_color_gradient_stops=&#8221;rgba(0,0,0,0.4) 0%|rgba(0,0,0,0.4) 100%&#8221; background_color_gradient_overlays_image=&#8221;on&#8221; background_color_gradient_start=&#8221;rgba(0,0,0,0.4)&#8221; background_color_gradient_end=&#8221;rgba(0,0,0,0.4)&#8221; background_image=&#8221;https:\/\/www.eim.com\/de\/wp-content\/uploads\/sites\/4\/2024\/02\/img_interim-manager-werden.jpg&#8221; background_position=&#8221;center_left&#8221; min_height=&#8221;520px&#8221; custom_padding=&#8221;6%||0%|||&#8221; bottom_divider_style=&#8221;slant&#8221; bottom_divider_color=&#8221;#ffffff&#8221; bottom_divider_height=&#8221;150px&#8221; bottom_divider_flip=&#8221;horizontal&#8221; saved_tabs=&#8221;all&#8221; global_colors_info=&#8221;{}&#8221; background_color_gradient_direction__hover=&#8221;180deg&#8221; background_color_gradient_direction__hover_enabled=&#8221;180deg&#8221; background_color_gradient_start_position__hover=&#8221;0%&#8221; background_color_gradient_start_position__hover_enabled=&#8221;0%&#8221; background_color_gradient_end_position__hover=&#8221;100%&#8221; background_color_gradient_end_position__hover_enabled=&#8221;100%&#8221; background_color_gradient_stops__hover=&#8221;rgba(0,0,0,0.4) 0%|rgba(0,0,0,0.4) 100%&#8221;][et_pb_row admin_label=&#8221;Page Title Area&#8221; _builder_version=&#8221;4.16&#8243; width=&#8221;100%&#8221; max_width=&#8221;2560px&#8221; module_alignment=&#8221;center&#8221; custom_margin=&#8221;-4%|auto||auto|false|false&#8221; custom_padding=&#8221;0px||||false|false&#8221; global_colors_info=&#8221;{}&#8221;][et_pb_column type=&#8221;4_4&#8243; _builder_version=&#8221;4.16&#8243; custom_padding=&#8221;|||&#8221; global_colors_info=&#8221;{}&#8221; custom_padding__hover=&#8221;|||&#8221;][et_pb_text admin_label=&#8221;Hero Section Title&#8221; _builder_version=&#8221;4.24.0&#8243; text_font=&#8221;Montserrat|800|||||||&#8221; text_font_size=&#8221;18px&#8221; text_line_height=&#8221;1.3em&#8221; header_font=&#8221;Montserrat|700|||||||&#8221; header_font_size=&#8221;56px&#8221; header_letter_spacing=&#8221;3px&#8221; header_line_height=&#8221;1.1em&#8221; header_2_font=&#8221;Montserrat|700|||||||&#8221; header_2_text_color=&#8221;rgba(255,255,255,0.6)&#8221; header_2_font_size=&#8221;90px&#8221; header_2_letter_spacing=&#8221;3px&#8221; header_2_line_height=&#8221;1.1em&#8221; text_orientation=&#8221;center&#8221; background_layout=&#8221;dark&#8221; max_width=&#8221;90%&#8221; module_alignment=&#8221;center&#8221; custom_margin=&#8221;0px||||false|false&#8221; custom_margin_tablet=&#8221;-10%||||false|false&#8221; custom_margin_phone=&#8221;&#8221; custom_margin_last_edited=&#8221;on|desktop&#8221; custom_padding=&#8221;||||false|false&#8221; animation_style=&#8221;fade&#8221; animation_direction=&#8221;bottom&#8221; header_font_size_tablet=&#8221;&#8221; header_font_size_phone=&#8221;28px&#8221; header_font_size_last_edited=&#8221;on|phone&#8221; header_2_font_size_tablet=&#8221;&#8221; header_2_font_size_phone=&#8221;50px&#8221; header_2_font_size_last_edited=&#8221;on|phone&#8221; text_text_shadow_style=&#8221;preset1&#8243; text_text_shadow_horizontal_length=&#8221;0.38em&#8221; inline_fonts=&#8221;Prata,Montserrat&#8221; global_colors_info=&#8221;{}&#8221;]<\/p>\n<h1 style=\"text-align: center\"><span style=\"font-family: Montserrat\">#oneEIM the global interim community<\/span><\/h1>\n<p>[\/et_pb_text][\/et_pb_column][\/et_pb_row][\/et_pb_section][et_pb_section fb_built=&#8221;1&#8243; prev_background_color=&#8221;#ffffff&#8221; next_background_color=&#8221;#ffffff&#8221; _builder_version=&#8221;4.17.3&#8243; background_color=&#8221;RGBA(255,255,255,0)&#8221; custom_margin=&#8221;||0px||false|false&#8221; custom_padding=&#8221;30px||100px||false|false&#8221; top_divider_style=&#8221;slant&#8221; bottom_divider_style=&#8221;slant&#8221; saved_tabs=&#8221;all&#8221; locked=&#8221;off&#8221; global_colors_info=&#8221;{}&#8221;][et_pb_row admin_label=&#8221;Title Area&#8221; _builder_version=&#8221;4.27.3&#8243; background_color=&#8221;rgba(0,0,0,0)&#8221; width=&#8221;100%&#8221; module_alignment=&#8221;center&#8221; custom_margin=&#8221;5%|auto||auto|false|false&#8221; custom_padding=&#8221;0px||0px||false|false&#8221; global_colors_info=&#8221;{}&#8221;][et_pb_column type=&#8221;4_4&#8243; _builder_version=&#8221;4.16&#8243; custom_padding=&#8221;|||&#8221; global_colors_info=&#8221;{}&#8221; custom_padding__hover=&#8221;|||&#8221;][et_pb_heading title=&#8221;Pr\u00fcfung und Aktualisierung Ihrer Daten (f\u00fcr bereits registrierte Manager)&#8221; _builder_version=&#8221;4.24.0&#8243; _module_preset=&#8221;default&#8221; title_level=&#8221;h4&#8243; title_text_align=&#8221;center&#8221; global_colors_info=&#8221;{}&#8221;][\/et_pb_heading][et_pb_text _builder_version=&#8221;4.27.0&#8243; text_font=&#8221;Montserrat||||||||&#8221; text_text_color=&#8221;#666666&#8243; text_font_size=&#8221;16px&#8221; header_font=&#8221;||||||||&#8221; header_2_font=&#8221;Montserrat||||||||&#8221; text_orientation=&#8221;justified&#8221; max_width=&#8221;93%&#8221; module_alignment=&#8221;center&#8221; custom_margin=&#8221;3%|0px|0.5%|0px|false|false&#8221; custom_padding=&#8221;|0%|0px|0%|false|false&#8221; animation_direction=&#8221;left&#8221; global_colors_info=&#8221;{}&#8221;]<\/p>\n<p style=\"text-align: justify;color: #666;line-height: 2.3em\">Sie sind bereits bei uns registriert und m\u00f6chten Ihre Daten aktualisieren? Oder haben Sie sich gerade angemeldet und m\u00f6chten nun Ihre Daten nochmal \u00fcberpr\u00fcfen bzw. \u00e4ndern? Dann schicken wir Ihnen gerne einen personalisierten Zugang zu. Tragen Sie dazu einfach Ihre E-Mail-Adresse hier ein &#8211; ansonsten klicken Sie bitte\u00a0 auf <a href=\"https:\/\/www.eim.com\/de\/interim-manager-werden\/\">Erstanmeldung<\/a>:<\/p>\n<p>[\/et_pb_text][et_pb_text _builder_version=&#8221;4.24.0&#8243; _module_preset=&#8221;default&#8221; global_colors_info=&#8221;{}&#8221;][\/et_pb_text][\/et_pb_column][\/et_pb_row][et_pb_row admin_label=&#8221;Title Area&#8221; _builder_version=&#8221;4.27.3&#8243; background_color=&#8221;rgba(0,0,0,0)&#8221; width=&#8221;100%&#8221; module_alignment=&#8221;center&#8221; custom_margin=&#8221;0%|auto||auto|false|false&#8221; custom_padding=&#8221;0px||0px||false|false&#8221; global_colors_info=&#8221;{}&#8221;][et_pb_column type=&#8221;4_4&#8243; _builder_version=&#8221;4.16&#8243; custom_padding=&#8221;|||&#8221; global_colors_info=&#8221;{}&#8221; custom_padding__hover=&#8221;|||&#8221;][et_pb_text _builder_version=&#8221;4.27.3&#8243; _module_preset=&#8221;default&#8221; hover_enabled=&#8221;0&#8243; global_colors_info=&#8221;{}&#8221; sticky_enabled=&#8221;0&#8243;]<iframe loading=\"lazy\" src=\"https:\/\/eim-group.my.salesforce-sites.com\/cxsrec__cxsUpdateProfileRequest?formId=a005I00000Fm3ix&amp;lang=de\" title=\"Update anfragen\" width=\"100%\" height=\"300\" style=\"border: none; padding: 10px;\"><\/p>\n<p><\/iframe>[\/et_pb_text][\/et_pb_column][\/et_pb_row][\/et_pb_section][et_pb_section fb_built=&#8221;1&#8243; fullwidth=&#8221;on&#8221; module_class=&#8221;oldbrowser-yes&#8221; _builder_version=&#8221;4.16&#8243; global_colors_info=&#8221;{}&#8221;][et_pb_fullwidth_code _builder_version=&#8221;4.16&#8243; global_colors_info=&#8221;{}&#8221;][et_pb_section global_module=\"11782 \"][\/et_pb_section][\/et_pb_fullwidth_code][\/et_pb_section][et_pb_section fb_built=&#8221;1&#8243; _builder_version=&#8221;4.16&#8243; background_color=&#8221;#DB9300&#8243; custom_margin=&#8221;0px||||false|false&#8221; custom_padding=&#8221;136px||50px||false|false&#8221; top_divider_style=&#8221;slant&#8221; top_divider_color=&#8221;#ffffff&#8221; top_divider_flip=&#8221;vertical|horizontal&#8221; top_divider_arrangement=&#8221;above_content&#8221; bottom_divider_color=&#8221;#ffffff&#8221; bottom_divider_flip=&#8221;horizontal&#8221; locked=&#8221;off&#8221; global_colors_info=&#8221;{}&#8221;][et_pb_row _builder_version=&#8221;4.16&#8243; custom_margin=&#8221;-46px|auto||auto||&#8221; custom_padding=&#8221;60px|||||&#8221; global_colors_info=&#8221;{}&#8221;][et_pb_column type=&#8221;4_4&#8243; _builder_version=&#8221;4.16&#8243; global_colors_info=&#8221;{}&#8221;][et_pb_text admin_label=&#8221;Title&#8221; _builder_version=&#8221;4.16&#8243; text_font=&#8221;||||||||&#8221; text_text_color=&#8221;#ffffff&#8221; header_font=&#8221;Prata||||||||&#8221; header_2_font=&#8221;Montserrat|700|||||||&#8221; header_2_text_align=&#8221;center&#8221; header_2_font_size=&#8221;30px&#8221; custom_margin=&#8221;0%||5px||false|false&#8221; custom_padding=&#8221;||0px|||&#8221; animation_style=&#8221;fade&#8221; animation_direction=&#8221;top&#8221; animation_duration=&#8221;1350ms&#8221; animation_starting_opacity=&#8221;100%&#8221; inline_fonts=&#8221;Prata,Montserrat&#8221; global_colors_info=&#8221;{}&#8221;]<\/p>\n<h3 style=\"text-align: center\"><span style=\"font-family: Montserrat;color: #ffffff\">Aufgaben f\u00fcr hochqualifizierte Manager<\/span><\/h3>\n<p>[\/et_pb_text][\/et_pb_column][\/et_pb_row][et_pb_row column_structure=&#8221;1_5,3_5,1_5&#8243; _builder_version=&#8221;4.16&#8243; custom_padding=&#8221;0px|||||&#8221; global_colors_info=&#8221;{}&#8221;][et_pb_column type=&#8221;1_5&#8243; _builder_version=&#8221;4.16&#8243; global_colors_info=&#8221;{}&#8221;][\/et_pb_column][et_pb_column type=&#8221;3_5&#8243; _builder_version=&#8221;4.16&#8243; global_colors_info=&#8221;{}&#8221;][et_pb_text _builder_version=&#8221;4.16&#8243; text_font=&#8221;Montserrat||||||||&#8221; text_font_size=&#8221;16px&#8221; global_colors_info=&#8221;{}&#8221;]<\/p>\n<p style=\"text-align: center\"><span style=\"color: #ffffff\">Interessiert? \u00dcbersenden Sie uns Ihren Lebenslauf, damit wir Kontakt mit Ihnen aufnehmen und Sie kennenlernen k\u00f6nnen.<\/span><\/p>\n<p>[\/et_pb_text][et_pb_button button_url=&#8221;@ET-DC@eyJkeW5hbWljIjp0cnVlLCJjb250ZW50IjoicG9zdF9saW5rX3VybF9wYWdlIiwic2V0dGluZ3MiOnsicG9zdF9pZCI6IjExODI5IiwiZW5hYmxlX2h0bWwiOiJvZmYifX0=@&#8221; button_text=&#8221;EIM Group DACH MANAGER WERDEN&#8221; button_alignment=&#8221;center&#8221; _builder_version=&#8221;4.27.0&#8243; _dynamic_attributes=&#8221;button_url&#8221; custom_button=&#8221;on&#8221; button_font=&#8221;Montserrat||||||||&#8221; button_icon=&#8221;&#x36;||divi||400&#8243; background_layout=&#8221;dark&#8221; global_colors_info=&#8221;{}&#8221;][\/et_pb_button][et_pb_text _builder_version=&#8221;4.16&#8243; text_font=&#8221;Montserrat||||||||&#8221; text_font_size=&#8221;16px&#8221; custom_padding=&#8221;|||2px||&#8221; global_colors_info=&#8221;{}&#8221;]<\/p>\n<p style=\"text-align: center\"><span style=\"color: #ffffff\">Wir werden uns umgehend bei Ihnen melden hinsichtlich des weiteren Qualifizierungsprozesses.<\/span><\/p>\n<p>[\/et_pb_text][\/et_pb_column][et_pb_column type=&#8221;1_5&#8243; _builder_version=&#8221;4.16&#8243; global_colors_info=&#8221;{}&#8221;][\/et_pb_column][\/et_pb_row][\/et_pb_section]<\/p>\n","protected":false},"excerpt":{"rendered":"<p>Interim Manager werden: Treiben Sie als EIM Manager Innovationen voran und sorgen mit eigenen Ideen f\u00fcr den Erfolg Ihrer Projekte. Jetzt hier registrieren!<\/p>\n","protected":false},"author":252,"featured_media":0,"parent":0,"menu_order":0,"comment_status":"closed","ping_status":"closed","template":"","meta":{"_et_pb_use_builder":"on","_et_pb_old_content":"","_et_gb_content_width":"","footnotes":""},"class_list":["post-12048","page","type-page","status-publish","hentry"],"yoast_head":"<!-- This site is optimized with the Yoast SEO Premium plugin v27.0 (Yoast SEO v27.4) - https:\/\/yoast.com\/product\/yoast-seo-premium-wordpress\/ -->\n<title>Interim Manager werden - EIM Germany [mit pers\u00f6nlicher Betreuung]<\/title>\n<meta name=\"description\" content=\"Sie sind bereits als Interim Manager bei EIM registriert? Dann aktualisieren Sie hier Ihre Daten.\" \/>\n<meta name=\"robots\" content=\"index, follow, max-snippet:-1, max-image-preview:large, max-video-preview:-1\" \/>\n<link rel=\"canonical\" href=\"https:\/\/www.eim.com\/de\/fuer-bestehende-interim-manager\/\" \/>\n<meta property=\"og:locale\" content=\"de_DE\" \/>\n<meta property=\"og:type\" content=\"article\" \/>\n<meta property=\"og:title\" content=\"F\u00fcr bestehende Interim Manager\" \/>\n<meta property=\"og:description\" content=\"Interim Manager werden: Treiben Sie als EIM Manager Innovationen voran und sorgen mit eigenen Ideen f\u00fcr den Erfolg Ihrer Projekte. Jetzt hier registrieren!\" \/>\n<meta property=\"og:url\" content=\"https:\/\/www.eim.com\/de\/fuer-bestehende-interim-manager\/\" \/>\n<meta property=\"og:site_name\" content=\"EIM Germany - Executive Interim Management\" \/>\n<meta property=\"article:modified_time\" content=\"2024-12-17T11:43:36+00:00\" \/>\n<meta name=\"twitter:card\" content=\"summary_large_image\" \/>\n<meta name=\"twitter:label1\" content=\"Gesch\u00e4tzte Lesezeit\" \/>\n\t<meta name=\"twitter:data1\" content=\"2 Minuten\" \/>\n<script type=\"application\/ld+json\" class=\"yoast-schema-graph\">{\"@context\":\"https:\\\/\\\/schema.org\",\"@graph\":[{\"@type\":\"WebPage\",\"@id\":\"https:\\\/\\\/www.eim.com\\\/de\\\/fuer-bestehende-interim-manager\\\/\",\"url\":\"https:\\\/\\\/www.eim.com\\\/de\\\/fuer-bestehende-interim-manager\\\/\",\"name\":\"Interim Manager werden - EIM Germany [mit pers\u00f6nlicher Betreuung]\",\"isPartOf\":{\"@id\":\"https:\\\/\\\/www.eim.com\\\/de\\\/#website\"},\"datePublished\":\"2022-08-07T19:29:49+00:00\",\"dateModified\":\"2024-12-17T11:43:36+00:00\",\"description\":\"Sie sind bereits als Interim Manager bei EIM registriert? Dann aktualisieren Sie hier Ihre Daten.\",\"breadcrumb\":{\"@id\":\"https:\\\/\\\/www.eim.com\\\/de\\\/fuer-bestehende-interim-manager\\\/#breadcrumb\"},\"inLanguage\":\"de-DE\",\"potentialAction\":[{\"@type\":\"ReadAction\",\"target\":[\"https:\\\/\\\/www.eim.com\\\/de\\\/fuer-bestehende-interim-manager\\\/\"]}]},{\"@type\":\"BreadcrumbList\",\"@id\":\"https:\\\/\\\/www.eim.com\\\/de\\\/fuer-bestehende-interim-manager\\\/#breadcrumb\",\"itemListElement\":[{\"@type\":\"ListItem\",\"position\":1,\"name\":\"Home\",\"item\":\"https:\\\/\\\/www.eim.com\\\/de\\\/\"},{\"@type\":\"ListItem\",\"position\":2,\"name\":\"F\u00fcr bestehende Interim Manager\"}]},{\"@type\":\"WebSite\",\"@id\":\"https:\\\/\\\/www.eim.com\\\/de\\\/#website\",\"url\":\"https:\\\/\\\/www.eim.com\\\/de\\\/\",\"name\":\"EIM Germany - Executive Interim Management\",\"description\":\"EIM delivers business breakthrough differently. Wir stellen erfahrene Interim Manager aus unserem eigenen aktiven Netzwerk bereit.\",\"publisher\":{\"@id\":\"https:\\\/\\\/www.eim.com\\\/de\\\/#organization\"},\"potentialAction\":[{\"@type\":\"SearchAction\",\"target\":{\"@type\":\"EntryPoint\",\"urlTemplate\":\"https:\\\/\\\/www.eim.com\\\/de\\\/?s={search_term_string}\"},\"query-input\":{\"@type\":\"PropertyValueSpecification\",\"valueRequired\":true,\"valueName\":\"search_term_string\"}}],\"inLanguage\":\"de-DE\"},{\"@type\":\"Organization\",\"@id\":\"https:\\\/\\\/www.eim.com\\\/de\\\/#organization\",\"name\":\"EIM Executive Interim Management GmbH\",\"url\":\"https:\\\/\\\/www.eim.com\\\/de\\\/\",\"logo\":{\"@type\":\"ImageObject\",\"inLanguage\":\"de-DE\",\"@id\":\"https:\\\/\\\/www.eim.com\\\/de\\\/#\\\/schema\\\/logo\\\/image\\\/\",\"url\":\"https:\\\/\\\/www.eim.com\\\/de\\\/wp-content\\\/uploads\\\/sites\\\/4\\\/2020\\\/08\\\/positive.png\",\"contentUrl\":\"https:\\\/\\\/www.eim.com\\\/de\\\/wp-content\\\/uploads\\\/sites\\\/4\\\/2020\\\/08\\\/positive.png\",\"width\":1423,\"height\":442,\"caption\":\"EIM Executive Interim Management GmbH\"},\"image\":{\"@id\":\"https:\\\/\\\/www.eim.com\\\/de\\\/#\\\/schema\\\/logo\\\/image\\\/\"},\"sameAs\":[\"https:\\\/\\\/www.linkedin.com\\\/company\\\/eim-germany\\\/\",\"https:\\\/\\\/www.youtube.com\\\/channel\\\/UCi7F99x-c2m83TfJPosKFcg\"]}]}<\/script>\n<!-- \/ Yoast SEO Premium plugin. -->","yoast_head_json":{"title":"Interim Manager werden - EIM Germany [mit pers\u00f6nlicher Betreuung]","description":"Sie sind bereits als Interim Manager bei EIM registriert? Dann aktualisieren Sie hier Ihre Daten.","robots":{"index":"index","follow":"follow","max-snippet":"max-snippet:-1","max-image-preview":"max-image-preview:large","max-video-preview":"max-video-preview:-1"},"canonical":"https:\/\/www.eim.com\/de\/fuer-bestehende-interim-manager\/","og_locale":"de_DE","og_type":"article","og_title":"F\u00fcr bestehende Interim Manager","og_description":"Interim Manager werden: Treiben Sie als EIM Manager Innovationen voran und sorgen mit eigenen Ideen f\u00fcr den Erfolg Ihrer Projekte. Jetzt hier registrieren!","og_url":"https:\/\/www.eim.com\/de\/fuer-bestehende-interim-manager\/","og_site_name":"EIM Germany - Executive Interim Management","article_modified_time":"2024-12-17T11:43:36+00:00","twitter_card":"summary_large_image","twitter_misc":{"Gesch\u00e4tzte Lesezeit":"2 Minuten"},"schema":{"@context":"https:\/\/schema.org","@graph":[{"@type":"WebPage","@id":"https:\/\/www.eim.com\/de\/fuer-bestehende-interim-manager\/","url":"https:\/\/www.eim.com\/de\/fuer-bestehende-interim-manager\/","name":"Interim Manager werden - EIM Germany [mit pers\u00f6nlicher Betreuung]","isPartOf":{"@id":"https:\/\/www.eim.com\/de\/#website"},"datePublished":"2022-08-07T19:29:49+00:00","dateModified":"2024-12-17T11:43:36+00:00","description":"Sie sind bereits als Interim Manager bei EIM registriert? Dann aktualisieren Sie hier Ihre Daten.","breadcrumb":{"@id":"https:\/\/www.eim.com\/de\/fuer-bestehende-interim-manager\/#breadcrumb"},"inLanguage":"de-DE","potentialAction":[{"@type":"ReadAction","target":["https:\/\/www.eim.com\/de\/fuer-bestehende-interim-manager\/"]}]},{"@type":"BreadcrumbList","@id":"https:\/\/www.eim.com\/de\/fuer-bestehende-interim-manager\/#breadcrumb","itemListElement":[{"@type":"ListItem","position":1,"name":"Home","item":"https:\/\/www.eim.com\/de\/"},{"@type":"ListItem","position":2,"name":"F\u00fcr bestehende Interim Manager"}]},{"@type":"WebSite","@id":"https:\/\/www.eim.com\/de\/#website","url":"https:\/\/www.eim.com\/de\/","name":"EIM Germany - Executive Interim Management","description":"EIM delivers business breakthrough differently. Wir stellen erfahrene Interim Manager aus unserem eigenen aktiven Netzwerk bereit.","publisher":{"@id":"https:\/\/www.eim.com\/de\/#organization"},"potentialAction":[{"@type":"SearchAction","target":{"@type":"EntryPoint","urlTemplate":"https:\/\/www.eim.com\/de\/?s={search_term_string}"},"query-input":{"@type":"PropertyValueSpecification","valueRequired":true,"valueName":"search_term_string"}}],"inLanguage":"de-DE"},{"@type":"Organization","@id":"https:\/\/www.eim.com\/de\/#organization","name":"EIM Executive Interim Management GmbH","url":"https:\/\/www.eim.com\/de\/","logo":{"@type":"ImageObject","inLanguage":"de-DE","@id":"https:\/\/www.eim.com\/de\/#\/schema\/logo\/image\/","url":"https:\/\/www.eim.com\/de\/wp-content\/uploads\/sites\/4\/2020\/08\/positive.png","contentUrl":"https:\/\/www.eim.com\/de\/wp-content\/uploads\/sites\/4\/2020\/08\/positive.png","width":1423,"height":442,"caption":"EIM Executive Interim Management GmbH"},"image":{"@id":"https:\/\/www.eim.com\/de\/#\/schema\/logo\/image\/"},"sameAs":["https:\/\/www.linkedin.com\/company\/eim-germany\/","https:\/\/www.youtube.com\/channel\/UCi7F99x-c2m83TfJPosKFcg"]}]}},"_links":{"self":[{"href":"https:\/\/www.eim.com\/de\/wp-json\/wp\/v2\/pages\/12048","targetHints":{"allow":["GET"]}}],"collection":[{"href":"https:\/\/www.eim.com\/de\/wp-json\/wp\/v2\/pages"}],"about":[{"href":"https:\/\/www.eim.com\/de\/wp-json\/wp\/v2\/types\/page"}],"author":[{"embeddable":true,"href":"https:\/\/www.eim.com\/de\/wp-json\/wp\/v2\/users\/252"}],"replies":[{"embeddable":true,"href":"https:\/\/www.eim.com\/de\/wp-json\/wp\/v2\/comments?post=12048"}],"version-history":[{"count":0,"href":"https:\/\/www.eim.com\/de\/wp-json\/wp\/v2\/pages\/12048\/revisions"}],"wp:attachment":[{"href":"https:\/\/www.eim.com\/de\/wp-json\/wp\/v2\/media?parent=12048"}],"curies":[{"name":"wp","href":"https:\/\/api.w.org\/{rel}","templated":true}]}}