{"id":9536,"date":"2019-10-08T10:26:30","date_gmt":"2019-10-08T10:26:30","guid":{"rendered":"https:\/\/eimworld.wpengine.com\/?page_id=9536"},"modified":"2026-02-25T09:47:20","modified_gmt":"2026-02-25T08:47:20","slug":"unser-vorgehen","status":"publish","type":"page","link":"https:\/\/www.eim.com\/ch\/unser-vorgehen\/","title":{"rendered":"Unser Vorgehen"},"content":{"rendered":"<p>[et_pb_section fb_built=&#8221;1&#8243; admin_label=&#8221;Hero Section&#8221; _builder_version=&#8221;4.27.3&#8243; use_background_color_gradient=&#8221;on&#8221; background_color_gradient_stops=&#8221;rgba(0,0,0,0.4) 0%|rgba(0,0,0,0.4) 100%&#8221; background_color_gradient_overlays_image=&#8221;on&#8221; background_color_gradient_start=&#8221;rgba(0,0,0,0.4)&#8221; background_color_gradient_end=&#8221;rgba(0,0,0,0.4)&#8221; background_image=&#8221;https:\/\/www.eim.com\/ch\/wp-content\/uploads\/sites\/17\/_pda\/2025\/01\/Zeichenflaeche-1-Kopie-3-scaled.jpg&#8221; height=&#8221;520px&#8221; custom_padding=&#8221;6%||0%|||&#8221; bottom_divider_style=&#8221;slant&#8221; bottom_divider_color=&#8221;#ffffff&#8221; bottom_divider_height=&#8221;150px&#8221; bottom_divider_flip=&#8221;horizontal&#8221; global_colors_info=&#8221;{}&#8221; background_color_gradient_direction__hover=&#8221;180deg&#8221; background_color_gradient_direction__hover_enabled=&#8221;180deg&#8221; background_color_gradient_start_position__hover=&#8221;0%&#8221; background_color_gradient_start_position__hover_enabled=&#8221;0%&#8221; background_color_gradient_end_position__hover=&#8221;100%&#8221; background_color_gradient_end_position__hover_enabled=&#8221;100%&#8221; background_color_gradient_stops__hover=&#8221;rgba(0,0,0,0.4) 0%|rgba(0,0,0,0.4) 100%&#8221;][et_pb_row disabled_on=&#8221;off|off|off&#8221; admin_label=&#8221;Page Title Area&#8221; _builder_version=&#8221;4.16&#8243; width=&#8221;100%&#8221; max_width=&#8221;2560px&#8221; module_alignment=&#8221;center&#8221; custom_margin=&#8221;-2%|auto|0px|auto|false|false&#8221; custom_padding=&#8221;0px|||||&#8221; global_colors_info=&#8221;{}&#8221;][et_pb_column type=&#8221;4_4&#8243; _builder_version=&#8221;4.16&#8243; custom_padding=&#8221;|||&#8221; global_colors_info=&#8221;{}&#8221; custom_padding__hover=&#8221;|||&#8221;][et_pb_text admin_label=&#8221;Hero Section Title&#8221; _builder_version=&#8221;4.16&#8243; text_font=&#8221;Montserrat|800|||||||&#8221; text_font_size=&#8221;18px&#8221; text_line_height=&#8221;1.3em&#8221; header_font=&#8221;Montserrat|700|||||||&#8221; header_font_size=&#8221;56px&#8221; header_letter_spacing=&#8221;3px&#8221; header_line_height=&#8221;1.1em&#8221; header_2_font=&#8221;Montserrat|700|||||||&#8221; header_2_text_color=&#8221;rgba(255,255,255,0.6)&#8221; header_2_font_size=&#8221;90px&#8221; header_2_letter_spacing=&#8221;3px&#8221; header_2_line_height=&#8221;1.1em&#8221; text_orientation=&#8221;center&#8221; background_layout=&#8221;dark&#8221; max_width=&#8221;700px&#8221; module_alignment=&#8221;center&#8221; custom_margin=&#8221;0px||0px||false|false&#8221; animation_style=&#8221;fade&#8221; animation_direction=&#8221;bottom&#8221; animation_duration=&#8221;1350ms&#8221; header_font_size_tablet=&#8221;&#8221; header_font_size_phone=&#8221;28px&#8221; header_font_size_last_edited=&#8221;on|phone&#8221; header_2_font_size_tablet=&#8221;&#8221; header_2_font_size_phone=&#8221;50px&#8221; header_2_font_size_last_edited=&#8221;on|phone&#8221; text_text_shadow_style=&#8221;preset1&#8243; text_text_shadow_horizontal_length=&#8221;0.28em&#8221; inline_fonts=&#8221;Prata,Montserrat&#8221; global_colors_info=&#8221;{}&#8221;]<\/p>\n<h1><span face=\"Montserrat\" style=\"font-family: Montserrat;\">Unser Vorgehen<\/span><\/h1>\n<p>[\/et_pb_text][\/et_pb_column][\/et_pb_row][\/et_pb_section][et_pb_section fb_built=&#8221;1&#8243; next_background_color=&#8221;#002737&#8243; _builder_version=&#8221;4.27.2&#8243; custom_margin=&#8221;||-0.1%||false|false&#8221; custom_padding=&#8221;3%||6%||false|false&#8221; bottom_divider_style=&#8221;slant&#8221; bottom_divider_height=&#8221;60px&#8221; global_colors_info=&#8221;{}&#8221;][et_pb_row admin_label=&#8221;Title Area&#8221; _builder_version=&#8221;4.16&#8243; background_color=&#8221;rgba(0,0,0,0)&#8221; width=&#8221;100%&#8221; module_alignment=&#8221;center&#8221; custom_margin=&#8221;|auto||30px|false|false&#8221; custom_padding=&#8221;0px||0px||false|false&#8221; locked=&#8221;off&#8221; global_colors_info=&#8221;{}&#8221;][et_pb_column type=&#8221;4_4&#8243; _builder_version=&#8221;4.16&#8243; custom_padding=&#8221;|||&#8221; global_colors_info=&#8221;{}&#8221; custom_padding__hover=&#8221;|||&#8221;][et_pb_text admin_label=&#8221;Title&#8221; _builder_version=&#8221;4.16&#8243; text_font=&#8221;||||||||&#8221; header_font=&#8221;Prata||||||||&#8221; header_2_font=&#8221;Montserrat|700|||||||&#8221; header_2_text_align=&#8221;center&#8221; header_2_font_size=&#8221;32px&#8221; min_height=&#8221;19.4px&#8221; custom_margin=&#8221;7%||2%||false|false&#8221; custom_padding=&#8221;|20px||20px|false|false&#8221; animation_style=&#8221;fade&#8221; animation_direction=&#8221;top&#8221; animation_duration=&#8221;1350ms&#8221; animation_starting_opacity=&#8221;100%&#8221; inline_fonts=&#8221;Prata,Montserrat&#8221; global_colors_info=&#8221;{}&#8221;]<\/p>\n<h2 style=\"text-align: center;\"><span style=\"font-family: Montserrat; color: #002c3e;\">Themenvielfalt<\/span><\/h2>\n<p>[\/et_pb_text][et_pb_text _builder_version=&#8221;4.27.5&#8243; text_font=&#8221;||||||||&#8221; text_font_size=&#8221;16px&#8221; header_font=&#8221;||||||||&#8221; module_alignment=&#8221;center&#8221; custom_margin=&#8221;|0px|3%|0px|false|false&#8221; custom_padding=&#8221;|20px||20px|false|false&#8221; animation_style=&#8221;fade&#8221; animation_direction=&#8221;left&#8221; hover_enabled=&#8221;0&#8243; global_colors_info=&#8221;{}&#8221; sticky_enabled=&#8221;0&#8243;]<\/p>\n<p><strong>Themenvielfalt<\/strong><br \/>Bei EIM Switzerland decken wir eine breite Themenvielfalt ab, um den unterschiedlichen und spezifischen Bed\u00fcrfnissen unserer Kunden gerecht zu werden. Unsere Expertise erstreckt sich \u00fcber zahlreiche Gesch\u00e4ftsbereiche und Branchen, was es uns erm\u00f6glicht, massgeschneiderte L\u00f6sungen f\u00fcr verschiedenste Herausforderungen anzubieten.<\/p>\n<p><strong>Warum Themenvielfalt?<\/strong><br \/>Umfassende Expertise: Unser Team aus erfahrenen Interim Managern verf\u00fcgt \u00fcber umfassendes Wissen und tiefgehende Erfahrung in einer Vielzahl von Branchen und Fachbereichen. Diese Vielfalt an Expertise erm\u00f6glicht es uns, Ihnen die besten L\u00f6sungen f\u00fcr Ihre spezifischen Herausforderungen im <a href=\"https:\/\/www.eim.com\/ch\/\" target=\"_blank\" rel=\"noopener\">Executive Interim Management<\/a> Einsatz zu bieten.<\/p>\n<p><strong>Flexibilit\u00e4t<br \/><\/strong>Die breite Themenvielfalt, die wir abdecken, erm\u00f6glicht es uns, flexibel auf die individuellen Anforderungen unserer Kunden einzugehen. Ob Sie Unterst\u00fctzung im Bereich Finanzen, Marketing, IT, Produktion oder HR ben\u00f6tigen \u2013 wir haben die passenden Experten f\u00fcr Ihre Bed\u00fcrfnisse.<\/p>\n<p><strong>Innovative Ans\u00e4tze<br \/><\/strong>Durch unsere Erfahrung in verschiedenen Branchen und Disziplinen sind wir in der Lage, innovative Ans\u00e4tze und bew\u00e4hrte Methoden zu kombinieren. Dies f\u00fchrt zu kreativen und effektiven L\u00f6sungen, die Ihrem Unternehmen einen Wettbewerbsvorteil verschaffen.<\/p>\n<p><strong>Unsere Themenschwerpunkte<\/strong><br \/>Finanzen und Controlling: Unterst\u00fctzung bei der Finanzplanung, Budgetierung, Kostenkontrolle und Finanzberichterstattung.<\/p>\n<p><strong>IT und Digitalisierung<\/strong><br \/>Begleitung bei der digitalen Transformation, IT-Projektmanagement und Implementierung neuer Technologien.<\/p>\n<p><strong>Marketing und Vertrieb<\/strong><br \/>Entwicklung und Umsetzung von Marketingstrategien, Vertriebseffizienz und Kundenbeziehungsmanagement.<\/p>\n<p><strong>Produktion und Supply Chain<\/strong><br \/>Optimierung von Produktionsprozessen, Logistik und Lieferkettenmanagement.<\/p>\n<p><strong>Human Resources<\/strong><br \/>Personalmanagement, Talententwicklung und Organisationsentwicklung.<\/p>\n<p><strong>Change Management<\/strong><br \/>Unterst\u00fctzung bei Ver\u00e4nderungsprozessen und kulturellen Transformationen.<\/p>\n<p><strong>Strategische Planung<\/strong><br \/>Entwicklung und Implementierung von Unternehmensstrategien und Gesch\u00e4ftsmodellen.<\/p>\n<p>[\/et_pb_text][\/et_pb_column][\/et_pb_row][et_pb_row admin_label=&#8221;Title Area&#8221; _builder_version=&#8221;4.16&#8243; background_color=&#8221;rgba(0,0,0,0)&#8221; width=&#8221;100%&#8221; module_alignment=&#8221;center&#8221; custom_margin=&#8221;||||false|false&#8221; custom_padding=&#8221;0px||0px||false|false&#8221; locked=&#8221;off&#8221; global_colors_info=&#8221;{}&#8221;][et_pb_column type=&#8221;4_4&#8243; _builder_version=&#8221;4.16&#8243; custom_padding=&#8221;|||&#8221; global_colors_info=&#8221;{}&#8221; custom_padding__hover=&#8221;|||&#8221;][et_pb_text admin_label=&#8221;Title&#8221; _builder_version=&#8221;4.16&#8243; text_font=&#8221;||||||||&#8221; header_font=&#8221;Prata||||||||&#8221; header_2_font=&#8221;Montserrat|700|||||||&#8221; header_2_text_align=&#8221;center&#8221; header_2_font_size=&#8221;32px&#8221; min_height=&#8221;19.4px&#8221; custom_margin=&#8221;7%||2%||false|false&#8221; custom_padding=&#8221;|20px||20px|false|false&#8221; animation_style=&#8221;fade&#8221; animation_direction=&#8221;top&#8221; animation_duration=&#8221;1350ms&#8221; animation_starting_opacity=&#8221;100%&#8221; inline_fonts=&#8221;Prata,Montserrat&#8221; global_colors_info=&#8221;{}&#8221;]<\/p>\n<h2 style=\"text-align: center;\"><span style=\"font-family: Montserrat; color: #002c3e;\">Unser Ansatz<\/span><\/h2>\n<p>[\/et_pb_text][et_pb_text _builder_version=&#8221;4.27.0&#8243; text_font=&#8221;||||||||&#8221; text_font_size=&#8221;16px&#8221; header_font=&#8221;||||||||&#8221; module_alignment=&#8221;center&#8221; custom_margin=&#8221;|0px|3%|0px|false|false&#8221; custom_padding=&#8221;0px|20px||20px|false|false&#8221; animation_style=&#8221;fade&#8221; animation_direction=&#8221;left&#8221; global_colors_info=&#8221;{}&#8221;]<\/p>\n<p><strong>Individuelle Beratung:<\/strong> Wir nehmen uns die Zeit, Ihre spezifischen Bed\u00fcrfnisse und Ziele zu verstehen, um massgeschneiderte L\u00f6sungen zu entwickeln. Unsere Experten arbeiten eng mit Ihnen zusammen, um sicherzustellen, dass die vorgeschlagenen Massnahmen optimal zu Ihrem Unternehmen passen.<\/p>\n<p><strong>Interdisziplin\u00e4re Teams:<\/strong> Bei Bedarf stellen wir interdisziplin\u00e4re Teams zusammen, die verschiedene Fachbereiche abdecken. Dadurch gew\u00e4hrleisten wir, dass alle Aspekte Ihrer Herausforderung ber\u00fccksichtigt und ganzheitliche L\u00f6sungen entwickelt werden.<\/p>\n<p><strong>Nachhaltige Ergebnisse:<\/strong> Unser Ziel ist es, nicht nur kurzfristige Erfolge zu erzielen, sondern auch langfristige und nachhaltige Ergebnisse zu liefern. Wir begleiten Sie w\u00e4hrend des gesamten Prozesses und dar\u00fcber hinaus, um sicherzustellen, dass die implementierten Massnahmen langfristig wirken.<\/p>\n<p><strong>Vorteile f\u00fcr Ihr Unternehmen<\/strong><br \/><strong>Breite Expertise:<\/strong> Weltweiter Zugang zu erfahrenen Experten in verschiedenen Gesch\u00e4ftsbereichen und Branchen.<br \/><strong>Flexibilit\u00e4t:<\/strong> Massgeschneiderte L\u00f6sungen, die auf Ihre spezifischen Bed\u00fcrfnisse abgestimmt sind.<br \/><strong>Innovative Ans\u00e4tze:<\/strong> Kreative und effektive L\u00f6sungen durch die Kombination bew\u00e4hrter Methoden und innovativer Ans\u00e4tze.<br \/><strong>Nachhaltigkeit:<\/strong> Langfristige und positive Auswirkungen auf Ihr Unternehmen.<\/p>\n<p>[\/et_pb_text][\/et_pb_column][\/et_pb_row][\/et_pb_section][et_pb_section fb_built=&#8221;1&#8243; next_background_color=&#8221;#DB9300&#8243; disabled_on=&#8221;off|off|on&#8221; _builder_version=&#8221;4.16&#8243; background_color=&#8221;#002737&#8243; custom_padding=&#8221;0px||10%||false|false&#8221; top_divider_height=&#8221;60px&#8221; bottom_divider_style=&#8221;slant&#8221; bottom_divider_height=&#8221;120px&#8221; global_colors_info=&#8221;{}&#8221;][\/et_pb_section][et_pb_section fb_built=&#8221;1&#8243; _builder_version=&#8221;4.16&#8243; background_color=&#8221;#DB9300&#8243; custom_margin=&#8221;0%||||false|false&#8221; custom_padding=&#8221;||81px|||&#8221; top_divider_style=&#8221;arrow3&#8243; top_divider_color=&#8221;rgba(0,0,0,0)&#8221; top_divider_flip=&#8221;vertical&#8221; bottom_divider_color=&#8221;#ffffff&#8221; bottom_divider_flip=&#8221;horizontal&#8221; global_colors_info=&#8221;{}&#8221;][et_pb_row _builder_version=&#8221;4.16&#8243; custom_margin=&#8221;-46px|auto||auto||&#8221; custom_padding=&#8221;60px|||||&#8221; global_colors_info=&#8221;{}&#8221;][et_pb_column type=&#8221;4_4&#8243; _builder_version=&#8221;4.16&#8243; global_colors_info=&#8221;{}&#8221;][et_pb_text admin_label=&#8221;Title&#8221; _builder_version=&#8221;4.16&#8243; text_font=&#8221;||||||||&#8221; text_text_color=&#8221;#ffffff&#8221; header_font=&#8221;Prata||||||||&#8221; header_2_font=&#8221;Montserrat|700|||||||&#8221; header_2_text_align=&#8221;center&#8221; header_2_font_size=&#8221;30px&#8221; custom_margin=&#8221;0%||5px||false|false&#8221; custom_padding=&#8221;||0px|||&#8221; animation_style=&#8221;fade&#8221; animation_direction=&#8221;top&#8221; animation_duration=&#8221;1350ms&#8221; animation_starting_opacity=&#8221;100%&#8221; inline_fonts=&#8221;Prata,Montserrat&#8221; global_colors_info=&#8221;{}&#8221;]<\/p>\n<h3 style=\"text-align: center;\"><span style=\"font-family: Montserrat; color: #ffffff;\">Kontaktieren Sie uns<\/span><\/h3>\n<p>[\/et_pb_text][\/et_pb_column][\/et_pb_row][et_pb_row column_structure=&#8221;1_5,3_5,1_5&#8243; _builder_version=&#8221;4.16&#8243; custom_padding=&#8221;0px|||||&#8221; global_colors_info=&#8221;{}&#8221;][et_pb_column type=&#8221;1_5&#8243; _builder_version=&#8221;4.16&#8243; global_colors_info=&#8221;{}&#8221;][\/et_pb_column][et_pb_column type=&#8221;3_5&#8243; _builder_version=&#8221;4.16&#8243; global_colors_info=&#8221;{}&#8221;][et_pb_text _builder_version=&#8221;4.27.0&#8243; text_font_size=&#8221;16px&#8221; global_colors_info=&#8221;{}&#8221;]<\/p>\n<p style=\"text-align: center;\"><span style=\"color: #ffffff;\">Gemeinsam finden wir die L\u00f6sung, nach der Sie suchen.<\/span><\/p>\n<p>[\/et_pb_text][et_pb_button button_url=&#8221;@ET-DC@eyJkeW5hbWljIjp0cnVlLCJjb250ZW50IjoicG9zdF9saW5rX3VybF9wYWdlIiwic2V0dGluZ3MiOnsicG9zdF9pZCI6Ijk0OTcifX0=@&#8221; button_text=&#8221;KONTAKT&#8221; button_alignment=&#8221;center&#8221; _builder_version=&#8221;4.27.0&#8243; _dynamic_attributes=&#8221;button_url&#8221; background_layout=&#8221;dark&#8221; global_colors_info=&#8221;{}&#8221;][\/et_pb_button][\/et_pb_column][et_pb_column type=&#8221;1_5&#8243; _builder_version=&#8221;4.16&#8243; global_colors_info=&#8221;{}&#8221;][\/et_pb_column][\/et_pb_row][\/et_pb_section]<\/p>\n","protected":false},"excerpt":{"rendered":"<p>Unser VorgehenThemenvielfaltThemenvielfaltBei EIM Switzerland decken wir eine breite Themenvielfalt ab, um den unterschiedlichen und spezifischen Bed\u00fcrfnissen unserer Kunden gerecht zu werden. Unsere Expertise erstreckt sich \u00fcber zahlreiche Gesch\u00e4ftsbereiche und Branchen, was es uns erm\u00f6glicht, massgeschneiderte L\u00f6sungen f\u00fcr verschiedenste Herausforderungen anzubieten. Warum Themenvielfalt?Umfassende Expertise: Unser Team aus erfahrenen Interim Managern verf\u00fcgt \u00fcber umfassendes Wissen und tiefgehende [&hellip;]<\/p>\n","protected":false},"author":2,"featured_media":0,"parent":0,"menu_order":0,"comment_status":"closed","ping_status":"closed","template":"","meta":{"_et_pb_use_builder":"on","_et_pb_old_content":"","_et_gb_content_width":"","footnotes":""},"class_list":["post-9536","page","type-page","status-publish","hentry"],"yoast_head":"<!-- This site is optimized with the Yoast SEO Premium plugin v27.0 (Yoast SEO v27.4) - https:\/\/yoast.com\/product\/yoast-seo-premium-wordpress\/ -->\n<title>Unser Vorgehen - EIM Switzerland<\/title>\n<meta name=\"robots\" content=\"index, follow, max-snippet:-1, max-image-preview:large, max-video-preview:-1\" \/>\n<link rel=\"canonical\" href=\"https:\/\/www.eim.com\/ch\/unser-vorgehen\/\" \/>\n<meta property=\"og:locale\" content=\"de_DE\" \/>\n<meta property=\"og:type\" content=\"article\" \/>\n<meta property=\"og:title\" content=\"Unser Vorgehen\" \/>\n<meta property=\"og:url\" content=\"https:\/\/www.eim.com\/ch\/unser-vorgehen\/\" \/>\n<meta property=\"og:site_name\" content=\"EIM Switzerland\" \/>\n<meta property=\"article:modified_time\" content=\"2026-02-25T08:47:20+00:00\" \/>\n<meta name=\"twitter:card\" content=\"summary_large_image\" \/>\n<meta name=\"twitter:label1\" content=\"Est. reading time\" \/>\n\t<meta name=\"twitter:data1\" content=\"7 Minuten\" \/>\n<script type=\"application\/ld+json\" class=\"yoast-schema-graph\">{\"@context\":\"https:\\\/\\\/schema.org\",\"@graph\":[{\"@type\":\"WebPage\",\"@id\":\"https:\\\/\\\/www.eim.com\\\/ch\\\/unser-vorgehen\\\/\",\"url\":\"https:\\\/\\\/www.eim.com\\\/ch\\\/unser-vorgehen\\\/\",\"name\":\"Unser Vorgehen - EIM Switzerland\",\"isPartOf\":{\"@id\":\"https:\\\/\\\/www.eim.com\\\/ch\\\/#website\"},\"datePublished\":\"2019-10-08T10:26:30+00:00\",\"dateModified\":\"2026-02-25T08:47:20+00:00\",\"breadcrumb\":{\"@id\":\"https:\\\/\\\/www.eim.com\\\/ch\\\/unser-vorgehen\\\/#breadcrumb\"},\"inLanguage\":\"de-DE\",\"potentialAction\":[{\"@type\":\"ReadAction\",\"target\":[\"https:\\\/\\\/www.eim.com\\\/ch\\\/unser-vorgehen\\\/\"]}]},{\"@type\":\"BreadcrumbList\",\"@id\":\"https:\\\/\\\/www.eim.com\\\/ch\\\/unser-vorgehen\\\/#breadcrumb\",\"itemListElement\":[{\"@type\":\"ListItem\",\"position\":1,\"name\":\"Home\",\"item\":\"https:\\\/\\\/www.eim.com\\\/ch\\\/\"},{\"@type\":\"ListItem\",\"position\":2,\"name\":\"Unser Vorgehen\"}]},{\"@type\":\"WebSite\",\"@id\":\"https:\\\/\\\/www.eim.com\\\/ch\\\/#website\",\"url\":\"https:\\\/\\\/www.eim.com\\\/ch\\\/\",\"name\":\"EIM Switzerland\",\"description\":\"EIM delivers business breakthrough differently\",\"publisher\":{\"@id\":\"https:\\\/\\\/www.eim.com\\\/ch\\\/#organization\"},\"potentialAction\":[{\"@type\":\"SearchAction\",\"target\":{\"@type\":\"EntryPoint\",\"urlTemplate\":\"https:\\\/\\\/www.eim.com\\\/ch\\\/?s={search_term_string}\"},\"query-input\":{\"@type\":\"PropertyValueSpecification\",\"valueRequired\":true,\"valueName\":\"search_term_string\"}}],\"inLanguage\":\"de-DE\"},{\"@type\":\"Organization\",\"@id\":\"https:\\\/\\\/www.eim.com\\\/ch\\\/#organization\",\"name\":\"EIM Executive Interim Management\",\"url\":\"https:\\\/\\\/www.eim.com\\\/ch\\\/\",\"logo\":{\"@type\":\"ImageObject\",\"inLanguage\":\"de-DE\",\"@id\":\"https:\\\/\\\/www.eim.com\\\/ch\\\/#\\\/schema\\\/logo\\\/image\\\/\",\"url\":\"https:\\\/\\\/www.eim.com\\\/ch\\\/wp-content\\\/uploads\\\/sites\\\/17\\\/2020\\\/06\\\/positive.png\",\"contentUrl\":\"https:\\\/\\\/www.eim.com\\\/ch\\\/wp-content\\\/uploads\\\/sites\\\/17\\\/2020\\\/06\\\/positive.png\",\"width\":1423,\"height\":442,\"caption\":\"EIM Executive Interim Management\"},\"image\":{\"@id\":\"https:\\\/\\\/www.eim.com\\\/ch\\\/#\\\/schema\\\/logo\\\/image\\\/\"},\"sameAs\":[\"https:\\\/\\\/www.linkedin.com\\\/company\\\/executive-interim-management\\\/\"]}]}<\/script>\n<!-- \/ Yoast SEO Premium plugin. -->","yoast_head_json":{"title":"Unser Vorgehen - EIM Switzerland","robots":{"index":"index","follow":"follow","max-snippet":"max-snippet:-1","max-image-preview":"max-image-preview:large","max-video-preview":"max-video-preview:-1"},"canonical":"https:\/\/www.eim.com\/ch\/unser-vorgehen\/","og_locale":"de_DE","og_type":"article","og_title":"Unser Vorgehen","og_url":"https:\/\/www.eim.com\/ch\/unser-vorgehen\/","og_site_name":"EIM Switzerland","article_modified_time":"2026-02-25T08:47:20+00:00","twitter_card":"summary_large_image","twitter_misc":{"Est. reading time":"7 Minuten"},"schema":{"@context":"https:\/\/schema.org","@graph":[{"@type":"WebPage","@id":"https:\/\/www.eim.com\/ch\/unser-vorgehen\/","url":"https:\/\/www.eim.com\/ch\/unser-vorgehen\/","name":"Unser Vorgehen - EIM Switzerland","isPartOf":{"@id":"https:\/\/www.eim.com\/ch\/#website"},"datePublished":"2019-10-08T10:26:30+00:00","dateModified":"2026-02-25T08:47:20+00:00","breadcrumb":{"@id":"https:\/\/www.eim.com\/ch\/unser-vorgehen\/#breadcrumb"},"inLanguage":"de-DE","potentialAction":[{"@type":"ReadAction","target":["https:\/\/www.eim.com\/ch\/unser-vorgehen\/"]}]},{"@type":"BreadcrumbList","@id":"https:\/\/www.eim.com\/ch\/unser-vorgehen\/#breadcrumb","itemListElement":[{"@type":"ListItem","position":1,"name":"Home","item":"https:\/\/www.eim.com\/ch\/"},{"@type":"ListItem","position":2,"name":"Unser Vorgehen"}]},{"@type":"WebSite","@id":"https:\/\/www.eim.com\/ch\/#website","url":"https:\/\/www.eim.com\/ch\/","name":"EIM Switzerland","description":"EIM delivers business breakthrough differently","publisher":{"@id":"https:\/\/www.eim.com\/ch\/#organization"},"potentialAction":[{"@type":"SearchAction","target":{"@type":"EntryPoint","urlTemplate":"https:\/\/www.eim.com\/ch\/?s={search_term_string}"},"query-input":{"@type":"PropertyValueSpecification","valueRequired":true,"valueName":"search_term_string"}}],"inLanguage":"de-DE"},{"@type":"Organization","@id":"https:\/\/www.eim.com\/ch\/#organization","name":"EIM Executive Interim Management","url":"https:\/\/www.eim.com\/ch\/","logo":{"@type":"ImageObject","inLanguage":"de-DE","@id":"https:\/\/www.eim.com\/ch\/#\/schema\/logo\/image\/","url":"https:\/\/www.eim.com\/ch\/wp-content\/uploads\/sites\/17\/2020\/06\/positive.png","contentUrl":"https:\/\/www.eim.com\/ch\/wp-content\/uploads\/sites\/17\/2020\/06\/positive.png","width":1423,"height":442,"caption":"EIM Executive Interim Management"},"image":{"@id":"https:\/\/www.eim.com\/ch\/#\/schema\/logo\/image\/"},"sameAs":["https:\/\/www.linkedin.com\/company\/executive-interim-management\/"]}]}},"_links":{"self":[{"href":"https:\/\/www.eim.com\/ch\/wp-json\/wp\/v2\/pages\/9536","targetHints":{"allow":["GET"]}}],"collection":[{"href":"https:\/\/www.eim.com\/ch\/wp-json\/wp\/v2\/pages"}],"about":[{"href":"https:\/\/www.eim.com\/ch\/wp-json\/wp\/v2\/types\/page"}],"author":[{"embeddable":true,"href":"https:\/\/www.eim.com\/ch\/wp-json\/wp\/v2\/users\/2"}],"replies":[{"embeddable":true,"href":"https:\/\/www.eim.com\/ch\/wp-json\/wp\/v2\/comments?post=9536"}],"version-history":[{"count":1,"href":"https:\/\/www.eim.com\/ch\/wp-json\/wp\/v2\/pages\/9536\/revisions"}],"predecessor-version":[{"id":14628,"href":"https:\/\/www.eim.com\/ch\/wp-json\/wp\/v2\/pages\/9536\/revisions\/14628"}],"wp:attachment":[{"href":"https:\/\/www.eim.com\/ch\/wp-json\/wp\/v2\/media?parent=9536"}],"curies":[{"name":"wp","href":"https:\/\/api.w.org\/{rel}","templated":true}]}}