{"id":9273,"date":"2019-10-02T10:40:31","date_gmt":"2019-10-02T10:40:31","guid":{"rendered":"https:\/\/eimworld.wpengine.com\/?page_id=9273"},"modified":"2026-02-24T15:02:30","modified_gmt":"2026-02-24T14:02:30","slug":"business-transformation","status":"publish","type":"page","link":"https:\/\/www.eim.com\/ch\/business-transformation\/","title":{"rendered":"Business Transformation"},"content":{"rendered":"<p>[et_pb_section fb_built=&#8221;1&#8243; admin_label=&#8221;Hero Section&#8221; _builder_version=&#8221;4.27.3&#8243; use_background_color_gradient=&#8221;on&#8221; background_color_gradient_stops=&#8221;rgba(0,0,0,0.4) 0%|rgba(0,0,0,0.4) 100%&#8221; background_color_gradient_overlays_image=&#8221;on&#8221; background_color_gradient_start=&#8221;rgba(0,0,0,0.4)&#8221; background_color_gradient_end=&#8221;rgba(0,0,0,0.4)&#8221; background_image=&#8221;https:\/\/www.eim.com\/ch\/wp-content\/uploads\/sites\/17\/_pda\/2025\/01\/EIM_Bild-scaled.jpg&#8221; height=&#8221;520px&#8221; custom_padding=&#8221;6%||0%|||&#8221; bottom_divider_style=&#8221;slant&#8221; bottom_divider_color=&#8221;#ffffff&#8221; bottom_divider_height=&#8221;150px&#8221; bottom_divider_flip=&#8221;horizontal&#8221; global_colors_info=&#8221;{}&#8221; background_color_gradient_direction__hover=&#8221;180deg&#8221; background_color_gradient_direction__hover_enabled=&#8221;180deg&#8221; background_color_gradient_start_position__hover=&#8221;0%&#8221; background_color_gradient_start_position__hover_enabled=&#8221;0%&#8221; background_color_gradient_end_position__hover=&#8221;100%&#8221; background_color_gradient_end_position__hover_enabled=&#8221;100%&#8221; background_color_gradient_stops__hover=&#8221;rgba(0,0,0,0.4) 0%|rgba(0,0,0,0.4) 100%&#8221;][et_pb_row admin_label=&#8221;Page Title Area&#8221; _builder_version=&#8221;4.16&#8243; width=&#8221;100%&#8221; max_width=&#8221;2560px&#8221; module_alignment=&#8221;center&#8221; custom_margin=&#8221;-2%|auto|0px|auto|false|false&#8221; custom_padding=&#8221;0px|||||&#8221; global_colors_info=&#8221;{}&#8221;][et_pb_column type=&#8221;4_4&#8243; _builder_version=&#8221;4.16&#8243; custom_padding=&#8221;|||&#8221; global_colors_info=&#8221;{}&#8221; custom_padding__hover=&#8221;|||&#8221;][et_pb_text admin_label=&#8221;Hero Section Title&#8221; _builder_version=&#8221;4.16&#8243; text_font=&#8221;Montserrat|800|||||||&#8221; text_font_size=&#8221;18px&#8221; text_line_height=&#8221;1.3em&#8221; header_font=&#8221;Montserrat|700|||||||&#8221; header_font_size=&#8221;56px&#8221; header_letter_spacing=&#8221;3px&#8221; header_line_height=&#8221;1.1em&#8221; header_2_font=&#8221;Montserrat|700|||||||&#8221; header_2_text_color=&#8221;rgba(255,255,255,0.6)&#8221; header_2_font_size=&#8221;90px&#8221; header_2_letter_spacing=&#8221;3px&#8221; header_2_line_height=&#8221;1.1em&#8221; text_orientation=&#8221;center&#8221; background_layout=&#8221;dark&#8221; max_width=&#8221;700px&#8221; module_alignment=&#8221;center&#8221; custom_margin=&#8221;0px||0px||false|false&#8221; animation_style=&#8221;fade&#8221; animation_direction=&#8221;bottom&#8221; animation_duration=&#8221;1350ms&#8221; header_font_size_tablet=&#8221;&#8221; header_font_size_phone=&#8221;28px&#8221; header_font_size_last_edited=&#8221;on|phone&#8221; header_2_font_size_tablet=&#8221;&#8221; header_2_font_size_phone=&#8221;50px&#8221; header_2_font_size_last_edited=&#8221;on|phone&#8221; text_text_shadow_style=&#8221;preset1&#8243; text_text_shadow_horizontal_length=&#8221;0.28em&#8221; inline_fonts=&#8221;Prata,Montserrat&#8221; global_colors_info=&#8221;{}&#8221;]<\/p>\n<h1><span style=\"font-family: Montserrat;\">Business Transformation<\/span><\/h1>\n<p>[\/et_pb_text][\/et_pb_column][\/et_pb_row][\/et_pb_section][et_pb_section fb_built=&#8221;1&#8243; _builder_version=&#8221;4.16&#8243; custom_margin=&#8221;||2.2%||false|false&#8221; custom_padding=&#8221;0%||0%||true|false&#8221; global_colors_info=&#8221;{}&#8221;][et_pb_row admin_label=&#8221;Title Area&#8221; _builder_version=&#8221;4.16&#8243; background_color=&#8221;rgba(0,0,0,0)&#8221; width=&#8221;90%&#8221; module_alignment=&#8221;center&#8221; min_height=&#8221;320px&#8221; custom_margin=&#8221;||||false|false&#8221; custom_padding=&#8221;0px|0px|0px|0px|false|false&#8221; global_colors_info=&#8221;{}&#8221;][et_pb_column type=&#8221;4_4&#8243; _builder_version=&#8221;4.16&#8243; custom_padding=&#8221;|||&#8221; global_colors_info=&#8221;{}&#8221; custom_padding__hover=&#8221;|||&#8221;][et_pb_text _builder_version=&#8221;4.27.0&#8243; text_font=&#8221;||||||||&#8221; text_font_size=&#8221;16px&#8221; header_font=&#8221;||||||||&#8221; max_width=&#8221;90%&#8221; module_alignment=&#8221;center&#8221; custom_margin=&#8221;3%|0px|5%|0px|false|false&#8221; custom_padding=&#8221;1px|2%|0px|2%|false|false&#8221; animation_style=&#8221;fade&#8221; animation_direction=&#8221;left&#8221; global_colors_info=&#8221;{}&#8221;]<\/p>\n<p><strong>Expertise on Demand<\/strong><br \/>EIM Switzerland bietet Ihnen mit \u201eExpertise on Demand\u201c direkten Zugang zu hochqualifizierten Fachkr\u00e4ften und F\u00fchrungskr\u00e4ften, die genau dann zur Verf\u00fcgung stehen, wenn Sie sie am dringendsten ben\u00f6tigen. Ob f\u00fcr kurzfristige Projekte, spezielle Herausforderungen oder um Wissensl\u00fccken zu f\u00fcllen \u2013 unsere Experten bringen sofort die notwendige Erfahrung und Fachkompetenz mit, um Ihre Ziele zu erreichen.<\/p>\n<p><strong>Vorteile von Expertise on Demand<\/strong><br \/>Schnelle Verf\u00fcgbarkeit: Unsere Experten stehen Ihnen kurzfristig zur Verf\u00fcgung, sodass Sie keine Zeit verlieren und sofort Unterst\u00fctzung erhalten.<\/p>\n<p><strong>Massgeschneiderte L\u00f6sungen:<\/strong> Wir bieten Ihnen genau die Expertise, die Sie f\u00fcr Ihre spezifischen Anforderungen ben\u00f6tigen. Unser Netzwerk umfasst Fachkr\u00e4fte aus verschiedenen Branchen und Disziplinen.<\/p>\n<p><strong>Flexibilit\u00e4t:<\/strong> Egal ob Sie f\u00fcr ein paar Tage, Wochen oder Monate Unterst\u00fctzung ben\u00f6tigen \u2013 wir passen uns Ihren Zeitpl\u00e4nen und Projektdauern an.<\/p>\n<p><strong>Qualit\u00e4t:<\/strong> Unsere Umsetzungsexperten verf\u00fcgen \u00fcber langj\u00e4hrige Erfahrung und umfassendes Know-how, um Ihre Projekte effizient und erfolgreich umzusetzen.<\/p>\n<ul><\/ul>\n<p>[\/et_pb_text][\/et_pb_column][\/et_pb_row][\/et_pb_section][et_pb_section fb_built=&#8221;1&#8243; disabled_on=&#8221;on|on|off&#8221; _builder_version=&#8221;4.27.3&#8243; background_color=&#8221;rgba(0,0,0,0)&#8221; background_enable_color=&#8221;off&#8221; use_background_color_gradient=&#8221;on&#8221; background_color_gradient_direction=&#8221;102deg&#8221; background_color_gradient_stops=&#8221;#002C3E 53%|rgba(0,0,0,0) 53%&#8221; background_color_gradient_overlays_image=&#8221;on&#8221; background_color_gradient_start=&#8221;#002C3E&#8221; background_color_gradient_start_position=&#8221;53%&#8221; background_color_gradient_end=&#8221;rgba(0,0,0,0)&#8221; background_color_gradient_end_position=&#8221;0%&#8221; background_image=&#8221;https:\/\/www.eim.com\/ch\/wp-content\/uploads\/sites\/17\/_pda\/2025\/01\/Zeichenflaeche-1-Kopie-2-scaled.jpg&#8221; background_position=&#8221;top_center&#8221; background_vertical_offset=&#8221;27%&#8221; module_alignment=&#8221;center&#8221; min_height=&#8221;600px&#8221; custom_margin=&#8221;||||false|false&#8221; custom_padding=&#8221;||52px|||&#8221; top_divider_style=&#8221;slant&#8221; top_divider_color=&#8221;#ffffff&#8221; bottom_divider_style=&#8221;slant&#8221; bottom_divider_color=&#8221;#db9300&#8243; bottom_divider_flip=&#8221;horizontal&#8221; saved_tabs=&#8221;all&#8221; global_colors_info=&#8221;{}&#8221;][et_pb_row column_structure=&#8221;1_2,1_2&#8243; _builder_version=&#8221;4.16&#8243; max_width=&#8221;120%&#8221; min_height=&#8221;413px&#8221; custom_margin=&#8221;||||false|false&#8221; custom_padding=&#8221;74px||||false|false&#8221; global_colors_info=&#8221;{}&#8221;][et_pb_column type=&#8221;1_2&#8243; _builder_version=&#8221;4.16&#8243; global_colors_info=&#8221;{}&#8221;][et_pb_text _builder_version=&#8221;4.27.5&#8243; text_font=&#8221;Montserrat||||||||&#8221; text_text_color=&#8221;#ffffff&#8221; text_font_size=&#8221;16px&#8221; width=&#8221;100%&#8221; custom_margin=&#8221;3%||||false|false&#8221; custom_padding=&#8221;0%|26.9%|0%|0%|false|false&#8221; hover_enabled=&#8221;0&#8243; global_colors_info=&#8221;{}&#8221; sticky_enabled=&#8221;0&#8243;]<\/p>\n<p class=\"p1\">EIM setzt erfahrene Interim Manager ein, um Ver\u00e4nderungen w\u00e4hrend eines Business-Transformation-Prozesses zu f\u00fchren. Unsere EIM Interim Manager \u00fcbernehmen Einzel- oder Teamanstellungen und verschiedene Verantwortlichkeiten, einschliesslich CEO, CFO und CRO, innerhalb von zwei Wochen. Diese Personen sind bereit, Ihr bestehendes Managementteam zu ersetzen oder zu erg\u00e4nzen und arbeiten bei Bedarf problemlos \u00fcber nationale Grenzen hinweg.<\/p>\n<p>[\/et_pb_text][\/et_pb_column][et_pb_column type=&#8221;1_2&#8243; _builder_version=&#8221;4.16&#8243; global_colors_info=&#8221;{}&#8221;][et_pb_text _builder_version=&#8221;4.27.2&#8243; text_font=&#8221;Montserrat|700|||||||&#8221; text_text_color=&#8221;#ffffff&#8221; text_font_size=&#8221;45px&#8221; text_line_height=&#8221;1.3em&#8221; width=&#8221;80%&#8221; min_height=&#8221;192px&#8221; custom_margin=&#8221;8.9%|||20%|false|false&#8221; custom_padding=&#8221;0%||0%|0%|false|false&#8221; text_text_shadow_style=&#8221;preset5&#8243; global_colors_info=&#8221;{}&#8221;]<\/p>\n<p class=\"p1\">Gesch\u00e4ftliche Ver\u00e4nderungen vorantreiben, mit dem Erfolg des Kunden im Fokus<\/p>\n<p>[\/et_pb_text][\/et_pb_column][\/et_pb_row][\/et_pb_section][et_pb_section fb_built=&#8221;1&#8243; disabled_on=&#8221;off|off|on&#8221; _builder_version=&#8221;4.16&#8243; background_color=&#8221;#002c3e&#8221; custom_margin=&#8221;||||false|false&#8221; top_divider_style=&#8221;slant&#8221; top_divider_color=&#8221;#ffffff&#8221; top_divider_flip=&#8221;vertical&#8221; bottom_divider_style=&#8221;slant&#8221; bottom_divider_color=&#8221;#db9300&#8243; bottom_divider_flip=&#8221;horizontal&#8221; locked=&#8221;off&#8221; global_colors_info=&#8221;{}&#8221;][et_pb_row _builder_version=&#8221;4.16&#8243; custom_padding=&#8221;||82px||false|false&#8221; global_colors_info=&#8221;{}&#8221;][et_pb_column type=&#8221;4_4&#8243; _builder_version=&#8221;4.16&#8243; global_colors_info=&#8221;{}&#8221;][et_pb_text _builder_version=&#8221;4.16&#8243; text_font=&#8221;Montserrat||||||||&#8221; text_text_color=&#8221;#ffffff&#8221; text_font_size=&#8221;16px&#8221; custom_margin=&#8221;82px||0px||false|false&#8221; custom_padding=&#8221;||0px||false|false&#8221; global_colors_info=&#8221;{}&#8221;]<\/p>\n<p style=\"text-align: justify;\"><span><strong>EIM<\/strong> puts <strong>experienced interim managers<\/strong> in place to <strong>lead change<\/strong>. Our EIM interim managers accept <strong>individual<\/strong> or <strong>team appointments<\/strong> and assume various responsibilities, including CEO, CFO and CRO, often within a fortnight. These individuals are <strong>prepared to replace<\/strong> <strong>or supplement your existing management team<\/strong>, working seamlessly across national borders if required.<\/span><\/p>\n<p>[\/et_pb_text][\/et_pb_column][\/et_pb_row][\/et_pb_section][et_pb_section fb_built=&#8221;1&#8243; _builder_version=&#8221;4.16&#8243; background_color=&#8221;#DB9300&#8243; custom_margin=&#8221;||||false|false&#8221; top_divider_color=&#8221;#ffffff&#8221; top_divider_flip=&#8221;vertical&#8221; bottom_divider_color=&#8221;#ffffff&#8221; bottom_divider_flip=&#8221;horizontal&#8221; global_colors_info=&#8221;{}&#8221;][et_pb_row _builder_version=&#8221;4.16&#8243; custom_margin=&#8221;|auto||auto|false|false&#8221; custom_padding=&#8221;||||false|false&#8221; global_colors_info=&#8221;{}&#8221;][et_pb_column type=&#8221;4_4&#8243; _builder_version=&#8221;4.16&#8243; global_colors_info=&#8221;{}&#8221;][et_pb_text admin_label=&#8221;Title&#8221; _builder_version=&#8221;4.16&#8243; text_font=&#8221;||||||||&#8221; text_text_color=&#8221;#ffffff&#8221; header_font=&#8221;Prata||||||||&#8221; header_2_font=&#8221;Montserrat|700|||||||&#8221; header_2_text_align=&#8221;center&#8221; header_2_font_size=&#8221;30px&#8221; custom_margin=&#8221;||5px|&#8221; custom_padding=&#8221;||0px|||&#8221; animation_style=&#8221;fade&#8221; animation_direction=&#8221;top&#8221; animation_duration=&#8221;1350ms&#8221; animation_starting_opacity=&#8221;100%&#8221; inline_fonts=&#8221;Prata,Montserrat&#8221; global_colors_info=&#8221;{}&#8221;]<\/p>\n<h3 style=\"text-align: center;\"><span style=\"font-family: Montserrat; color: #ffffff;\">Kontaktieren Sie uns<\/span><\/h3>\n<p>[\/et_pb_text][et_pb_text _builder_version=&#8221;4.27.0&#8243; global_colors_info=&#8221;{}&#8221;]<\/p>\n<p style=\"text-align: center;\"><span style=\"font-weight: 400; color: #ffffff;\">Gemeinsam finden wir die L\u00f6sung, nach der Sie suchen.<\/span><\/p>\n<p>[\/et_pb_text][et_pb_button button_url=&#8221;@ET-DC@eyJkeW5hbWljIjp0cnVlLCJjb250ZW50IjoicG9zdF9saW5rX3VybF9wYWdlIiwic2V0dGluZ3MiOnsicG9zdF9pZCI6Ijk0OTcifX0=@&#8221; button_text=&#8221;KONTAKT&#8221; button_alignment=&#8221;center&#8221; _builder_version=&#8221;4.27.0&#8243; _dynamic_attributes=&#8221;button_url&#8221; background_layout=&#8221;dark&#8221; global_colors_info=&#8221;{}&#8221;][\/et_pb_button][\/et_pb_column][\/et_pb_row][\/et_pb_section]<\/p>\n","protected":false},"excerpt":{"rendered":"<p>Business TransformationExpertise on DemandEIM Switzerland bietet Ihnen mit \u201eExpertise on Demand\u201c direkten Zugang zu hochqualifizierten Fachkr\u00e4ften und F\u00fchrungskr\u00e4ften, die genau dann zur Verf\u00fcgung stehen, wenn Sie sie am dringendsten ben\u00f6tigen. Ob f\u00fcr kurzfristige Projekte, spezielle Herausforderungen oder um Wissensl\u00fccken zu f\u00fcllen \u2013 unsere Experten bringen sofort die notwendige Erfahrung und Fachkompetenz mit, um Ihre Ziele [&hellip;]<\/p>\n","protected":false},"author":2,"featured_media":0,"parent":0,"menu_order":0,"comment_status":"closed","ping_status":"closed","template":"","meta":{"_et_pb_use_builder":"on","_et_pb_old_content":"","_et_gb_content_width":"","footnotes":""},"class_list":["post-9273","page","type-page","status-publish","hentry"],"yoast_head":"<!-- This site is optimized with the Yoast SEO Premium plugin v27.0 (Yoast SEO v27.4) - https:\/\/yoast.com\/product\/yoast-seo-premium-wordpress\/ -->\n<title>Business Transformation - how to deal with it - EIM Switzerland<\/title>\n<meta name=\"description\" content=\"Our pool of experienced managers have a successful track record of business restructuring, reorganisation, mergers and acquisitions.\" \/>\n<meta name=\"robots\" content=\"index, follow, max-snippet:-1, max-image-preview:large, max-video-preview:-1\" \/>\n<link rel=\"canonical\" href=\"https:\/\/www.eim.com\/ch\/business-transformation\/\" \/>\n<meta property=\"og:locale\" content=\"de_DE\" \/>\n<meta property=\"og:type\" content=\"article\" \/>\n<meta property=\"og:title\" content=\"Business Transformation\" \/>\n<meta property=\"og:url\" content=\"https:\/\/www.eim.com\/ch\/business-transformation\/\" \/>\n<meta property=\"og:site_name\" content=\"EIM Switzerland\" \/>\n<meta property=\"article:modified_time\" content=\"2026-02-24T14:02:30+00:00\" \/>\n<meta name=\"twitter:card\" content=\"summary_large_image\" \/>\n<meta name=\"twitter:label1\" content=\"Est. reading time\" \/>\n\t<meta name=\"twitter:data1\" content=\"6 Minuten\" \/>\n<script type=\"application\/ld+json\" class=\"yoast-schema-graph\">{\"@context\":\"https:\\\/\\\/schema.org\",\"@graph\":[{\"@type\":\"WebPage\",\"@id\":\"https:\\\/\\\/www.eim.com\\\/ch\\\/business-transformation\\\/\",\"url\":\"https:\\\/\\\/www.eim.com\\\/ch\\\/business-transformation\\\/\",\"name\":\"Business Transformation - how to deal with it - EIM Switzerland\",\"isPartOf\":{\"@id\":\"https:\\\/\\\/www.eim.com\\\/ch\\\/#website\"},\"datePublished\":\"2019-10-02T10:40:31+00:00\",\"dateModified\":\"2026-02-24T14:02:30+00:00\",\"description\":\"Our pool of experienced managers have a successful track record of business restructuring, reorganisation, mergers and acquisitions.\",\"breadcrumb\":{\"@id\":\"https:\\\/\\\/www.eim.com\\\/ch\\\/business-transformation\\\/#breadcrumb\"},\"inLanguage\":\"de-DE\",\"potentialAction\":[{\"@type\":\"ReadAction\",\"target\":[\"https:\\\/\\\/www.eim.com\\\/ch\\\/business-transformation\\\/\"]}]},{\"@type\":\"BreadcrumbList\",\"@id\":\"https:\\\/\\\/www.eim.com\\\/ch\\\/business-transformation\\\/#breadcrumb\",\"itemListElement\":[{\"@type\":\"ListItem\",\"position\":1,\"name\":\"Home\",\"item\":\"https:\\\/\\\/www.eim.com\\\/ch\\\/\"},{\"@type\":\"ListItem\",\"position\":2,\"name\":\"Business Transformation\"}]},{\"@type\":\"WebSite\",\"@id\":\"https:\\\/\\\/www.eim.com\\\/ch\\\/#website\",\"url\":\"https:\\\/\\\/www.eim.com\\\/ch\\\/\",\"name\":\"EIM Switzerland\",\"description\":\"EIM delivers business breakthrough differently\",\"publisher\":{\"@id\":\"https:\\\/\\\/www.eim.com\\\/ch\\\/#organization\"},\"potentialAction\":[{\"@type\":\"SearchAction\",\"target\":{\"@type\":\"EntryPoint\",\"urlTemplate\":\"https:\\\/\\\/www.eim.com\\\/ch\\\/?s={search_term_string}\"},\"query-input\":{\"@type\":\"PropertyValueSpecification\",\"valueRequired\":true,\"valueName\":\"search_term_string\"}}],\"inLanguage\":\"de-DE\"},{\"@type\":\"Organization\",\"@id\":\"https:\\\/\\\/www.eim.com\\\/ch\\\/#organization\",\"name\":\"EIM Executive Interim Management\",\"url\":\"https:\\\/\\\/www.eim.com\\\/ch\\\/\",\"logo\":{\"@type\":\"ImageObject\",\"inLanguage\":\"de-DE\",\"@id\":\"https:\\\/\\\/www.eim.com\\\/ch\\\/#\\\/schema\\\/logo\\\/image\\\/\",\"url\":\"https:\\\/\\\/www.eim.com\\\/ch\\\/wp-content\\\/uploads\\\/sites\\\/17\\\/2020\\\/06\\\/positive.png\",\"contentUrl\":\"https:\\\/\\\/www.eim.com\\\/ch\\\/wp-content\\\/uploads\\\/sites\\\/17\\\/2020\\\/06\\\/positive.png\",\"width\":1423,\"height\":442,\"caption\":\"EIM Executive Interim Management\"},\"image\":{\"@id\":\"https:\\\/\\\/www.eim.com\\\/ch\\\/#\\\/schema\\\/logo\\\/image\\\/\"},\"sameAs\":[\"https:\\\/\\\/www.linkedin.com\\\/company\\\/executive-interim-management\\\/\"]}]}<\/script>\n<!-- \/ Yoast SEO Premium plugin. -->","yoast_head_json":{"title":"Business Transformation - how to deal with it - EIM Switzerland","description":"Our pool of experienced managers have a successful track record of business restructuring, reorganisation, mergers and acquisitions.","robots":{"index":"index","follow":"follow","max-snippet":"max-snippet:-1","max-image-preview":"max-image-preview:large","max-video-preview":"max-video-preview:-1"},"canonical":"https:\/\/www.eim.com\/ch\/business-transformation\/","og_locale":"de_DE","og_type":"article","og_title":"Business Transformation","og_url":"https:\/\/www.eim.com\/ch\/business-transformation\/","og_site_name":"EIM Switzerland","article_modified_time":"2026-02-24T14:02:30+00:00","twitter_card":"summary_large_image","twitter_misc":{"Est. reading time":"6 Minuten"},"schema":{"@context":"https:\/\/schema.org","@graph":[{"@type":"WebPage","@id":"https:\/\/www.eim.com\/ch\/business-transformation\/","url":"https:\/\/www.eim.com\/ch\/business-transformation\/","name":"Business Transformation - how to deal with it - EIM Switzerland","isPartOf":{"@id":"https:\/\/www.eim.com\/ch\/#website"},"datePublished":"2019-10-02T10:40:31+00:00","dateModified":"2026-02-24T14:02:30+00:00","description":"Our pool of experienced managers have a successful track record of business restructuring, reorganisation, mergers and acquisitions.","breadcrumb":{"@id":"https:\/\/www.eim.com\/ch\/business-transformation\/#breadcrumb"},"inLanguage":"de-DE","potentialAction":[{"@type":"ReadAction","target":["https:\/\/www.eim.com\/ch\/business-transformation\/"]}]},{"@type":"BreadcrumbList","@id":"https:\/\/www.eim.com\/ch\/business-transformation\/#breadcrumb","itemListElement":[{"@type":"ListItem","position":1,"name":"Home","item":"https:\/\/www.eim.com\/ch\/"},{"@type":"ListItem","position":2,"name":"Business Transformation"}]},{"@type":"WebSite","@id":"https:\/\/www.eim.com\/ch\/#website","url":"https:\/\/www.eim.com\/ch\/","name":"EIM Switzerland","description":"EIM delivers business breakthrough differently","publisher":{"@id":"https:\/\/www.eim.com\/ch\/#organization"},"potentialAction":[{"@type":"SearchAction","target":{"@type":"EntryPoint","urlTemplate":"https:\/\/www.eim.com\/ch\/?s={search_term_string}"},"query-input":{"@type":"PropertyValueSpecification","valueRequired":true,"valueName":"search_term_string"}}],"inLanguage":"de-DE"},{"@type":"Organization","@id":"https:\/\/www.eim.com\/ch\/#organization","name":"EIM Executive Interim Management","url":"https:\/\/www.eim.com\/ch\/","logo":{"@type":"ImageObject","inLanguage":"de-DE","@id":"https:\/\/www.eim.com\/ch\/#\/schema\/logo\/image\/","url":"https:\/\/www.eim.com\/ch\/wp-content\/uploads\/sites\/17\/2020\/06\/positive.png","contentUrl":"https:\/\/www.eim.com\/ch\/wp-content\/uploads\/sites\/17\/2020\/06\/positive.png","width":1423,"height":442,"caption":"EIM Executive Interim Management"},"image":{"@id":"https:\/\/www.eim.com\/ch\/#\/schema\/logo\/image\/"},"sameAs":["https:\/\/www.linkedin.com\/company\/executive-interim-management\/"]}]}},"_links":{"self":[{"href":"https:\/\/www.eim.com\/ch\/wp-json\/wp\/v2\/pages\/9273","targetHints":{"allow":["GET"]}}],"collection":[{"href":"https:\/\/www.eim.com\/ch\/wp-json\/wp\/v2\/pages"}],"about":[{"href":"https:\/\/www.eim.com\/ch\/wp-json\/wp\/v2\/types\/page"}],"author":[{"embeddable":true,"href":"https:\/\/www.eim.com\/ch\/wp-json\/wp\/v2\/users\/2"}],"replies":[{"embeddable":true,"href":"https:\/\/www.eim.com\/ch\/wp-json\/wp\/v2\/comments?post=9273"}],"version-history":[{"count":2,"href":"https:\/\/www.eim.com\/ch\/wp-json\/wp\/v2\/pages\/9273\/revisions"}],"predecessor-version":[{"id":14625,"href":"https:\/\/www.eim.com\/ch\/wp-json\/wp\/v2\/pages\/9273\/revisions\/14625"}],"wp:attachment":[{"href":"https:\/\/www.eim.com\/ch\/wp-json\/wp\/v2\/media?parent=9273"}],"curies":[{"name":"wp","href":"https:\/\/api.w.org\/{rel}","templated":true}]}}