{"id":9164,"date":"2019-09-24T16:39:00","date_gmt":"2019-09-24T16:39:00","guid":{"rendered":"https:\/\/eimworld.wpengine.com\/?page_id=9164"},"modified":"2024-12-11T11:20:56","modified_gmt":"2024-12-11T10:20:56","slug":"leistungsverbesserung","status":"publish","type":"page","link":"https:\/\/www.eim.com\/ch\/leistungsverbesserung\/","title":{"rendered":"Leistungsverbesserung"},"content":{"rendered":"<p>[et_pb_section fb_built=&#8221;1&#8243; admin_label=&#8221;Hero Section&#8221; _builder_version=&#8221;4.27.0&#8243; use_background_color_gradient=&#8221;on&#8221; background_color_gradient_stops=&#8221;rgba(0,0,0,0.4) 0%|rgba(0,0,0,0.4) 100%&#8221; background_color_gradient_overlays_image=&#8221;on&#8221; background_color_gradient_start=&#8221;rgba(0,0,0,0.4)&#8221; background_color_gradient_end=&#8221;rgba(0,0,0,0.4)&#8221; background_image=&#8221;https:\/\/www.eim.com\/ch\/wp-content\/uploads\/sites\/17\/_pda\/2024\/10\/241004-Gronova-FarbanpassungenGroNova_0424_596-Kopie.jpg&#8221; height=&#8221;520px&#8221; custom_padding=&#8221;6%||0%|||&#8221; bottom_divider_style=&#8221;slant&#8221; bottom_divider_color=&#8221;#ffffff&#8221; bottom_divider_height=&#8221;150px&#8221; bottom_divider_flip=&#8221;horizontal&#8221; saved_tabs=&#8221;all&#8221; global_colors_info=&#8221;{}&#8221; background_color_gradient_direction__hover=&#8221;180deg&#8221; background_color_gradient_direction__hover_enabled=&#8221;180deg&#8221; background_color_gradient_start_position__hover=&#8221;0%&#8221; background_color_gradient_start_position__hover_enabled=&#8221;0%&#8221; background_color_gradient_end_position__hover=&#8221;100%&#8221; background_color_gradient_end_position__hover_enabled=&#8221;100%&#8221; background_color_gradient_stops__hover=&#8221;rgba(0,0,0,0.4) 0%|rgba(0,0,0,0.4) 100%&#8221;][et_pb_row admin_label=&#8221;Page Title Area&#8221; _builder_version=&#8221;4.16&#8243; width=&#8221;100%&#8221; max_width=&#8221;2560px&#8221; module_alignment=&#8221;center&#8221; custom_margin=&#8221;-2%|auto|0px|auto|false|false&#8221; custom_padding=&#8221;0px|||||&#8221; global_colors_info=&#8221;{}&#8221;][et_pb_column type=&#8221;4_4&#8243; _builder_version=&#8221;4.16&#8243; custom_padding=&#8221;|||&#8221; global_colors_info=&#8221;{}&#8221; custom_padding__hover=&#8221;|||&#8221;][et_pb_text admin_label=&#8221;Hero Section Title&#8221; _builder_version=&#8221;4.16&#8243; text_font=&#8221;Montserrat|800|||||||&#8221; text_font_size=&#8221;18px&#8221; text_line_height=&#8221;1.3em&#8221; header_font=&#8221;Montserrat|700|||||||&#8221; header_font_size=&#8221;56px&#8221; header_letter_spacing=&#8221;3px&#8221; header_line_height=&#8221;1.1em&#8221; header_2_font=&#8221;Montserrat|700|||||||&#8221; header_2_text_color=&#8221;rgba(255,255,255,0.6)&#8221; header_2_font_size=&#8221;90px&#8221; header_2_letter_spacing=&#8221;3px&#8221; header_2_line_height=&#8221;1.1em&#8221; text_orientation=&#8221;center&#8221; background_layout=&#8221;dark&#8221; max_width=&#8221;800px&#8221; module_alignment=&#8221;center&#8221; custom_margin=&#8221;0px||0px||false|false&#8221; animation_style=&#8221;fade&#8221; animation_direction=&#8221;bottom&#8221; animation_duration=&#8221;1350ms&#8221; header_font_size_tablet=&#8221;&#8221; header_font_size_phone=&#8221;28px&#8221; header_font_size_last_edited=&#8221;on|phone&#8221; header_2_font_size_tablet=&#8221;&#8221; header_2_font_size_phone=&#8221;50px&#8221; header_2_font_size_last_edited=&#8221;on|phone&#8221; text_text_shadow_style=&#8221;preset1&#8243; text_text_shadow_horizontal_length=&#8221;0.23em&#8221; inline_fonts=&#8221;Prata,Montserrat&#8221; global_colors_info=&#8221;{}&#8221;]<\/p>\n<h1><span style=\"font-family: Montserrat;\">Leistungsverbesserung<\/span><\/h1>\n<p>[\/et_pb_text][\/et_pb_column][\/et_pb_row][\/et_pb_section][et_pb_section fb_built=&#8221;1&#8243; _builder_version=&#8221;4.16&#8243; custom_margin=&#8221;||5%||false|false&#8221; custom_padding=&#8221;0%||0%||true|false&#8221; saved_tabs=&#8221;all&#8221; global_colors_info=&#8221;{}&#8221;][et_pb_row admin_label=&#8221;Title Area&#8221; _builder_version=&#8221;4.16&#8243; background_color=&#8221;rgba(0,0,0,0)&#8221; width=&#8221;100%&#8221; module_alignment=&#8221;center&#8221; custom_margin=&#8221;||||false|false&#8221; custom_padding=&#8221;0px|0px|0px|0px|false|false&#8221; global_colors_info=&#8221;{}&#8221;][et_pb_column type=&#8221;4_4&#8243; _builder_version=&#8221;4.16&#8243; custom_padding=&#8221;|||&#8221; global_colors_info=&#8221;{}&#8221; custom_padding__hover=&#8221;|||&#8221;][et_pb_text admin_label=&#8221;Title&#8221; _builder_version=&#8221;4.27.0&#8243; text_font=&#8221;||||||||&#8221; header_font=&#8221;Prata||||||||&#8221; header_2_font=&#8221;Montserrat|700|||||||&#8221; header_2_text_align=&#8221;center&#8221; header_2_font_size=&#8221;32px&#8221; custom_margin=&#8221;10%||||false|false&#8221; custom_padding=&#8221;||||false|false&#8221; animation_style=&#8221;fade&#8221; animation_direction=&#8221;top&#8221; animation_duration=&#8221;1350ms&#8221; animation_starting_opacity=&#8221;100%&#8221; inline_fonts=&#8221;Prata,Montserrat&#8221; global_colors_info=&#8221;{}&#8221;]<\/p>\n<h2><span style=\"color: #002c3e; font-family: Montserrat;\">Schnelle Ergebnisse mit maximaler Wirkung<\/span><\/h2>\n<p>[\/et_pb_text][et_pb_text _builder_version=&#8221;4.16&#8243; text_font=&#8221;||||||||&#8221; text_font_size=&#8221;16px&#8221; header_font=&#8221;||||||||&#8221; max_width=&#8221;90%&#8221; module_alignment=&#8221;center&#8221; custom_margin=&#8221;3%|0px|5%|0px|false|false&#8221; custom_padding=&#8221;|2%|0px|2%|false|false&#8221; animation_style=&#8221;fade&#8221; animation_direction=&#8221;left&#8221; global_colors_info=&#8221;{}&#8221;]<\/p>\n<p class=\"p1\">F\u00fcr schnelle Interventionen, die signifikante positive Verbesserungen erm\u00f6glichen, verf\u00fcgt EIM \u00fcber eine nachweisliche Erfolgsbilanz, basierend auf unserem strukturierten Ansatz im Projektmanagement, entwickelt in 30 Jahren Erfahrung und 12.000 Eins\u00e4tzen.<\/p>\n<p class=\"p1\">Der EIM-Partner, der die Gesamtverantwortung f\u00fcr das Projekt \u00fcbernimmt, wird einen Senior Executive oder ein Team aus EIMs internationalem Community ernennen und eine spezifische Projektorganisation einrichten, um definitive Ergebnisse \u2013 schnell \u2013 zu liefern.<\/p>\n<p>[\/et_pb_text][\/et_pb_column][\/et_pb_row][\/et_pb_section][et_pb_section fb_built=&#8221;1&#8243; disabled_on=&#8221;on|on|off&#8221; admin_label=&#8221;Quote Section&#8221; _builder_version=&#8221;4.27.3&#8243; use_background_color_gradient=&#8221;on&#8221; background_color_gradient_direction=&#8221;105deg&#8221; background_color_gradient_stops=&#8221;rgba(43,135,218,0) 48%|#E8E8E8 49%&#8221; background_color_gradient_overlays_image=&#8221;on&#8221; background_color_gradient_start=&#8221;rgba(43,135,218,0)&#8221; background_color_gradient_start_position=&#8221;55%&#8221; background_color_gradient_end=&#8221;#E8E8E8&#8243; background_color_gradient_end_position=&#8221;0%&#8221; background_image=&#8221;https:\/\/www.eim.com\/ch\/wp-content\/uploads\/sites\/17\/_pda\/2024\/10\/Zeichenflaeche-1-Kopie.jpg&#8221; custom_margin=&#8221;0px||||false|false&#8221; bottom_divider_style=&#8221;slant&#8221; bottom_divider_color=&#8221;#002c3e&#8221; bottom_divider_flip=&#8221;horizontal&#8221; hover_enabled=&#8221;0&#8243; saved_tabs=&#8221;all&#8221; global_colors_info=&#8221;{}&#8221; title_text=&#8221;Zeichenfla\u0308che 1 Kopie&#8221; sticky_enabled=&#8221;0&#8243;][et_pb_row column_structure=&#8221;3_5,2_5&#8243; admin_label=&#8221;Quote Area&#8221; _builder_version=&#8221;4.16&#8243; max_width=&#8221;2496px&#8221; custom_margin=&#8221;||||false|false&#8221; custom_padding=&#8221;||3%||false|false&#8221; global_colors_info=&#8221;{}&#8221;][et_pb_column type=&#8221;3_5&#8243; _builder_version=&#8221;4.16&#8243; custom_padding=&#8221;|||&#8221; global_colors_info=&#8221;{}&#8221; custom_padding__hover=&#8221;|||&#8221;][et_pb_text _builder_version=&#8221;4.27.2&#8243; text_font=&#8221;Montserrat|700|||||||&#8221; text_text_color=&#8221;#ffffff&#8221; text_font_size=&#8221;45px&#8221; text_line_height=&#8221;1.4em&#8221; background_layout=&#8221;dark&#8221; width=&#8221;67.8%&#8221; custom_margin=&#8221;20%||||false|false&#8221; text_text_shadow_style=&#8221;preset1&#8243; text_text_shadow_horizontal_length=&#8221;0.09em&#8221; text_text_shadow_blur_strength=&#8221;0.05em&#8221; text_text_shadow_color=&#8221;#6B6B6B&#8221; global_colors_info=&#8221;{}&#8221;]<\/p>\n<p class=\"p1\" style=\"text-align: left;\">EIM wird die Gesch\u00e4ftsleistung verbessern, wenn Sie Folgendes ben\u00f6tigen:<\/p>\n<p>[\/et_pb_text][\/et_pb_column][et_pb_column type=&#8221;2_5&#8243; _builder_version=&#8221;4.16&#8243; custom_padding=&#8221;|||&#8221; global_colors_info=&#8221;{}&#8221; custom_padding__hover=&#8221;|||&#8221;][et_pb_text admin_label=&#8221;Title&#8221; _builder_version=&#8221;4.27.0&#8243; text_font=&#8221;Montserrat||||||||&#8221; text_text_color=&#8221;#191919&#8243; text_font_size=&#8221;16px&#8221; text_line_height=&#8221;0em&#8221; link_font=&#8221;||||on|||#f46624|&#8221; link_text_color=&#8221;#333333&#8243; ul_font=&#8221;Montserrat||||||||&#8221; ul_line_height=&#8221;1.3em&#8221; header_font=&#8221;||||||||&#8221; header_2_font=&#8221;Montserrat|600||on|||||&#8221; header_2_text_align=&#8221;center&#8221; header_2_font_size=&#8221;30px&#8221; background_color=&#8221;rgba(0,0,0,0)&#8221; width=&#8221;70%&#8221; max_width=&#8221;79%&#8221; module_alignment=&#8221;center&#8221; min_height=&#8221;549px&#8221; custom_margin=&#8221;|21px||131px|false|false&#8221; custom_padding=&#8221;|0px|||false|false&#8221; animation_style=&#8221;slide&#8221; animation_direction=&#8221;right&#8221; animation_intensity_slide=&#8221;20%&#8221; animation_starting_opacity=&#8221;100%&#8221; inline_fonts=&#8221;Montserrat&#8221; global_colors_info=&#8221;{}&#8221;]<\/p>\n<ul>\n<li class=\"p1\">Ein leistungsschwaches Unternehmen, eine Gesch\u00e4ftseinheit, eine Fabrik oder eine operative Funktion neu beleben.<\/li>\n<\/ul>\n<p>&nbsp;<\/p>\n<ul>\n<li class=\"p1\">Die Erwartungen der Investoren an eine erhebliche Steigerung des Unternehmenswerts erf\u00fcllen.<\/li>\n<\/ul>\n<p>&nbsp;<\/p>\n<ul>\n<li class=\"p1\">Die Ergebnisse verbessern, um den Erfolg eines Exits oder IPOs sicherzustellen.<\/li>\n<\/ul>\n<p>&nbsp;<\/p>\n<ul>\n<li class=\"p1\">Gewinne steigern, Kosten senken, Effizienz verbessern oder das Umlaufverm\u00f6gen reduzieren.<\/li>\n<\/ul>\n<p>&nbsp;<\/p>\n<ul>\n<li class=\"p1\">Zus\u00e4tzliche Ressourcen finden, um die anstehende Arbeit zu managen oder auszuf\u00fchren.<\/li>\n<\/ul>\n<p>&nbsp;<\/p>\n<ul>\n<li class=\"p1\">Eine grosse \u00dcbernahme oder Fusion managen oder einen Carve-out vorbereiten.<\/li>\n<\/ul>\n<p>[\/et_pb_text][\/et_pb_column][\/et_pb_row][\/et_pb_section][et_pb_section fb_built=&#8221;1&#8243; _builder_version=&#8221;4.16&#8243; background_color=&#8221;#002c3e&#8221; custom_margin=&#8221;-0.1%||-0.1%||true|false&#8221; custom_padding=&#8221;37px|||||&#8221; top_divider_color=&#8221;#e09900&#8243; top_divider_flip=&#8221;vertical&#8221; bottom_divider_color=&#8221;#ffffff&#8221; bottom_divider_flip=&#8221;horizontal&#8221; saved_tabs=&#8221;all&#8221; global_colors_info=&#8221;{}&#8221;][et_pb_row _builder_version=&#8221;4.16&#8243; custom_padding=&#8221;105px|||||&#8221; global_colors_info=&#8221;{}&#8221;][et_pb_column type=&#8221;4_4&#8243; _builder_version=&#8221;4.16&#8243; global_colors_info=&#8221;{}&#8221;][et_pb_text admin_label=&#8221;Title&#8221; _builder_version=&#8221;4.27.0&#8243; text_font=&#8221;||||||||&#8221; text_text_color=&#8221;#ffffff&#8221; header_font=&#8221;Prata||||||||&#8221; header_2_font=&#8221;Montserrat|700|||||||&#8221; header_2_text_align=&#8221;center&#8221; header_2_font_size=&#8221;30px&#8221; custom_margin=&#8221;||5px|&#8221; custom_padding=&#8221;||0px|||&#8221; animation_style=&#8221;fade&#8221; animation_direction=&#8221;top&#8221; animation_duration=&#8221;1350ms&#8221; animation_starting_opacity=&#8221;100%&#8221; inline_fonts=&#8221;Prata,Montserrat&#8221; global_colors_info=&#8221;{}&#8221;]<\/p>\n<h3 style=\"text-align: center;\"><span style=\"font-family: Montserrat; color: #ffffff;\">Kontaktieren Sie uns<\/span><\/h3>\n<p>[\/et_pb_text][\/et_pb_column][\/et_pb_row][et_pb_row column_structure=&#8221;1_5,3_5,1_5&#8243; _builder_version=&#8221;4.16&#8243; custom_padding=&#8221;0px|||||&#8221; global_colors_info=&#8221;{}&#8221;][et_pb_column type=&#8221;1_5&#8243; _builder_version=&#8221;4.16&#8243; global_colors_info=&#8221;{}&#8221;][\/et_pb_column][et_pb_column type=&#8221;3_5&#8243; _builder_version=&#8221;4.16&#8243; global_colors_info=&#8221;{}&#8221;][et_pb_text _builder_version=&#8221;4.27.0&#8243; global_colors_info=&#8221;{}&#8221;]<\/p>\n<p style=\"text-align: center;\"><span style=\"font-weight: 400; color: #ffffff;\">Gemeinsam finden wir die L\u00f6sung, nach der Sie suchen.<\/span><\/p>\n<p>[\/et_pb_text][et_pb_button button_url=&#8221;@ET-DC@eyJkeW5hbWljIjp0cnVlLCJjb250ZW50IjoicG9zdF9saW5rX3VybF9wYWdlIiwic2V0dGluZ3MiOnsicG9zdF9pZCI6Ijk0OTcifX0=@&#8221; button_text=&#8221;KONTAKT&#8221; button_alignment=&#8221;center&#8221; _builder_version=&#8221;4.27.0&#8243; _dynamic_attributes=&#8221;button_url&#8221; background_layout=&#8221;dark&#8221; global_colors_info=&#8221;{}&#8221;][\/et_pb_button][\/et_pb_column][et_pb_column type=&#8221;1_5&#8243; _builder_version=&#8221;4.16&#8243; global_colors_info=&#8221;{}&#8221;][\/et_pb_column][\/et_pb_row][\/et_pb_section]<\/p>\n","protected":false},"excerpt":{"rendered":"<p>Fast results with\u00a0maximum impact &#8211; For rapid intervention that enables significant positive improvement, EIM has a proven track record based on using our structured approach to project management, developed in the course of 25 years\u2019 experience and 8,000 assignments.<\/p>\n<p>The EIM Partner who takes overall responsibility for the project will appoint a senior executive or a team from EIM\u2019s international pool and set up a specific project organisation to deliver definitive results \u2013 fast.<\/p>\n","protected":false},"author":2,"featured_media":8737,"parent":0,"menu_order":0,"comment_status":"closed","ping_status":"closed","template":"","meta":{"_et_pb_use_builder":"on","_et_pb_old_content":"","_et_gb_content_width":"","footnotes":""},"class_list":["post-9164","page","type-page","status-publish","has-post-thumbnail","hentry"],"yoast_head":"<!-- This site is optimized with the Yoast SEO Premium plugin v27.0 (Yoast SEO v27.4) - https:\/\/yoast.com\/product\/yoast-seo-premium-wordpress\/ -->\n<title>Leistungsverbesserung - EIM Switzerland<\/title>\n<meta name=\"robots\" content=\"index, follow, max-snippet:-1, max-image-preview:large, max-video-preview:-1\" \/>\n<link rel=\"canonical\" href=\"https:\/\/www.eim.com\/ch\/leistungsverbesserung\/\" \/>\n<meta property=\"og:locale\" content=\"de_DE\" \/>\n<meta property=\"og:type\" content=\"article\" \/>\n<meta property=\"og:title\" content=\"Leistungsverbesserung\" \/>\n<meta property=\"og:description\" content=\"Fast results with\u00a0maximum impact - For rapid intervention that enables significant positive improvement, EIM has a proven track record based on using our structured approach to project management, developed in the course of 25 years\u2019 experience and 8,000 assignments. The EIM Partner who takes overall responsibility for the project will appoint a senior executive or a team from EIM\u2019s international pool and set up a specific project organisation to deliver definitive results \u2013 fast.\" \/>\n<meta property=\"og:url\" content=\"https:\/\/www.eim.com\/ch\/leistungsverbesserung\/\" \/>\n<meta property=\"og:site_name\" content=\"EIM Switzerland\" \/>\n<meta property=\"article:modified_time\" content=\"2024-12-11T10:20:56+00:00\" \/>\n<meta property=\"og:image\" content=\"https:\/\/www.eim.com\/ch\/wp-content\/uploads\/sites\/17\/2019\/09\/performance-improvement-business-solution.jpeg\" \/>\n\t<meta property=\"og:image:width\" content=\"1919\" \/>\n\t<meta property=\"og:image:height\" content=\"1281\" \/>\n\t<meta property=\"og:image:type\" content=\"image\/jpeg\" \/>\n<meta name=\"twitter:card\" content=\"summary_large_image\" \/>\n<meta name=\"twitter:label1\" content=\"Est. reading time\" \/>\n\t<meta name=\"twitter:data1\" content=\"6 Minuten\" \/>\n<script type=\"application\/ld+json\" class=\"yoast-schema-graph\">{\"@context\":\"https:\\\/\\\/schema.org\",\"@graph\":[{\"@type\":\"WebPage\",\"@id\":\"https:\\\/\\\/www.eim.com\\\/ch\\\/leistungsverbesserung\\\/\",\"url\":\"https:\\\/\\\/www.eim.com\\\/ch\\\/leistungsverbesserung\\\/\",\"name\":\"Leistungsverbesserung - EIM Switzerland\",\"isPartOf\":{\"@id\":\"https:\\\/\\\/www.eim.com\\\/ch\\\/#website\"},\"primaryImageOfPage\":{\"@id\":\"https:\\\/\\\/www.eim.com\\\/ch\\\/leistungsverbesserung\\\/#primaryimage\"},\"image\":{\"@id\":\"https:\\\/\\\/www.eim.com\\\/ch\\\/leistungsverbesserung\\\/#primaryimage\"},\"thumbnailUrl\":\"https:\\\/\\\/www.eim.com\\\/ch\\\/wp-content\\\/uploads\\\/sites\\\/17\\\/2019\\\/09\\\/performance-improvement-business-solution.jpeg\",\"datePublished\":\"2019-09-24T16:39:00+00:00\",\"dateModified\":\"2024-12-11T10:20:56+00:00\",\"breadcrumb\":{\"@id\":\"https:\\\/\\\/www.eim.com\\\/ch\\\/leistungsverbesserung\\\/#breadcrumb\"},\"inLanguage\":\"de-DE\",\"potentialAction\":[{\"@type\":\"ReadAction\",\"target\":[\"https:\\\/\\\/www.eim.com\\\/ch\\\/leistungsverbesserung\\\/\"]}]},{\"@type\":\"ImageObject\",\"inLanguage\":\"de-DE\",\"@id\":\"https:\\\/\\\/www.eim.com\\\/ch\\\/leistungsverbesserung\\\/#primaryimage\",\"url\":\"https:\\\/\\\/www.eim.com\\\/ch\\\/wp-content\\\/uploads\\\/sites\\\/17\\\/2019\\\/09\\\/performance-improvement-business-solution.jpeg\",\"contentUrl\":\"https:\\\/\\\/www.eim.com\\\/ch\\\/wp-content\\\/uploads\\\/sites\\\/17\\\/2019\\\/09\\\/performance-improvement-business-solution.jpeg\",\"width\":1919,\"height\":1281,\"caption\":\"multiethnic businessmen discussing new business strategy on meeting in office\"},{\"@type\":\"BreadcrumbList\",\"@id\":\"https:\\\/\\\/www.eim.com\\\/ch\\\/leistungsverbesserung\\\/#breadcrumb\",\"itemListElement\":[{\"@type\":\"ListItem\",\"position\":1,\"name\":\"Home\",\"item\":\"https:\\\/\\\/www.eim.com\\\/ch\\\/\"},{\"@type\":\"ListItem\",\"position\":2,\"name\":\"Leistungsverbesserung\"}]},{\"@type\":\"WebSite\",\"@id\":\"https:\\\/\\\/www.eim.com\\\/ch\\\/#website\",\"url\":\"https:\\\/\\\/www.eim.com\\\/ch\\\/\",\"name\":\"EIM Switzerland\",\"description\":\"EIM delivers business breakthrough differently\",\"publisher\":{\"@id\":\"https:\\\/\\\/www.eim.com\\\/ch\\\/#organization\"},\"potentialAction\":[{\"@type\":\"SearchAction\",\"target\":{\"@type\":\"EntryPoint\",\"urlTemplate\":\"https:\\\/\\\/www.eim.com\\\/ch\\\/?s={search_term_string}\"},\"query-input\":{\"@type\":\"PropertyValueSpecification\",\"valueRequired\":true,\"valueName\":\"search_term_string\"}}],\"inLanguage\":\"de-DE\"},{\"@type\":\"Organization\",\"@id\":\"https:\\\/\\\/www.eim.com\\\/ch\\\/#organization\",\"name\":\"EIM Executive Interim Management\",\"url\":\"https:\\\/\\\/www.eim.com\\\/ch\\\/\",\"logo\":{\"@type\":\"ImageObject\",\"inLanguage\":\"de-DE\",\"@id\":\"https:\\\/\\\/www.eim.com\\\/ch\\\/#\\\/schema\\\/logo\\\/image\\\/\",\"url\":\"https:\\\/\\\/www.eim.com\\\/ch\\\/wp-content\\\/uploads\\\/sites\\\/17\\\/2020\\\/06\\\/positive.png\",\"contentUrl\":\"https:\\\/\\\/www.eim.com\\\/ch\\\/wp-content\\\/uploads\\\/sites\\\/17\\\/2020\\\/06\\\/positive.png\",\"width\":1423,\"height\":442,\"caption\":\"EIM Executive Interim Management\"},\"image\":{\"@id\":\"https:\\\/\\\/www.eim.com\\\/ch\\\/#\\\/schema\\\/logo\\\/image\\\/\"},\"sameAs\":[\"https:\\\/\\\/www.linkedin.com\\\/company\\\/executive-interim-management\\\/\"]}]}<\/script>\n<!-- \/ Yoast SEO Premium plugin. -->","yoast_head_json":{"title":"Leistungsverbesserung - EIM Switzerland","robots":{"index":"index","follow":"follow","max-snippet":"max-snippet:-1","max-image-preview":"max-image-preview:large","max-video-preview":"max-video-preview:-1"},"canonical":"https:\/\/www.eim.com\/ch\/leistungsverbesserung\/","og_locale":"de_DE","og_type":"article","og_title":"Leistungsverbesserung","og_description":"Fast results with\u00a0maximum impact - For rapid intervention that enables significant positive improvement, EIM has a proven track record based on using our structured approach to project management, developed in the course of 25 years\u2019 experience and 8,000 assignments. The EIM Partner who takes overall responsibility for the project will appoint a senior executive or a team from EIM\u2019s international pool and set up a specific project organisation to deliver definitive results \u2013 fast.","og_url":"https:\/\/www.eim.com\/ch\/leistungsverbesserung\/","og_site_name":"EIM Switzerland","article_modified_time":"2024-12-11T10:20:56+00:00","og_image":[{"width":1919,"height":1281,"url":"https:\/\/www.eim.com\/ch\/wp-content\/uploads\/sites\/17\/2019\/09\/performance-improvement-business-solution.jpeg","type":"image\/jpeg"}],"twitter_card":"summary_large_image","twitter_misc":{"Est. reading time":"6 Minuten"},"schema":{"@context":"https:\/\/schema.org","@graph":[{"@type":"WebPage","@id":"https:\/\/www.eim.com\/ch\/leistungsverbesserung\/","url":"https:\/\/www.eim.com\/ch\/leistungsverbesserung\/","name":"Leistungsverbesserung - EIM Switzerland","isPartOf":{"@id":"https:\/\/www.eim.com\/ch\/#website"},"primaryImageOfPage":{"@id":"https:\/\/www.eim.com\/ch\/leistungsverbesserung\/#primaryimage"},"image":{"@id":"https:\/\/www.eim.com\/ch\/leistungsverbesserung\/#primaryimage"},"thumbnailUrl":"https:\/\/www.eim.com\/ch\/wp-content\/uploads\/sites\/17\/2019\/09\/performance-improvement-business-solution.jpeg","datePublished":"2019-09-24T16:39:00+00:00","dateModified":"2024-12-11T10:20:56+00:00","breadcrumb":{"@id":"https:\/\/www.eim.com\/ch\/leistungsverbesserung\/#breadcrumb"},"inLanguage":"de-DE","potentialAction":[{"@type":"ReadAction","target":["https:\/\/www.eim.com\/ch\/leistungsverbesserung\/"]}]},{"@type":"ImageObject","inLanguage":"de-DE","@id":"https:\/\/www.eim.com\/ch\/leistungsverbesserung\/#primaryimage","url":"https:\/\/www.eim.com\/ch\/wp-content\/uploads\/sites\/17\/2019\/09\/performance-improvement-business-solution.jpeg","contentUrl":"https:\/\/www.eim.com\/ch\/wp-content\/uploads\/sites\/17\/2019\/09\/performance-improvement-business-solution.jpeg","width":1919,"height":1281,"caption":"multiethnic businessmen discussing new business strategy on meeting in office"},{"@type":"BreadcrumbList","@id":"https:\/\/www.eim.com\/ch\/leistungsverbesserung\/#breadcrumb","itemListElement":[{"@type":"ListItem","position":1,"name":"Home","item":"https:\/\/www.eim.com\/ch\/"},{"@type":"ListItem","position":2,"name":"Leistungsverbesserung"}]},{"@type":"WebSite","@id":"https:\/\/www.eim.com\/ch\/#website","url":"https:\/\/www.eim.com\/ch\/","name":"EIM Switzerland","description":"EIM delivers business breakthrough differently","publisher":{"@id":"https:\/\/www.eim.com\/ch\/#organization"},"potentialAction":[{"@type":"SearchAction","target":{"@type":"EntryPoint","urlTemplate":"https:\/\/www.eim.com\/ch\/?s={search_term_string}"},"query-input":{"@type":"PropertyValueSpecification","valueRequired":true,"valueName":"search_term_string"}}],"inLanguage":"de-DE"},{"@type":"Organization","@id":"https:\/\/www.eim.com\/ch\/#organization","name":"EIM Executive Interim Management","url":"https:\/\/www.eim.com\/ch\/","logo":{"@type":"ImageObject","inLanguage":"de-DE","@id":"https:\/\/www.eim.com\/ch\/#\/schema\/logo\/image\/","url":"https:\/\/www.eim.com\/ch\/wp-content\/uploads\/sites\/17\/2020\/06\/positive.png","contentUrl":"https:\/\/www.eim.com\/ch\/wp-content\/uploads\/sites\/17\/2020\/06\/positive.png","width":1423,"height":442,"caption":"EIM Executive Interim Management"},"image":{"@id":"https:\/\/www.eim.com\/ch\/#\/schema\/logo\/image\/"},"sameAs":["https:\/\/www.linkedin.com\/company\/executive-interim-management\/"]}]}},"_links":{"self":[{"href":"https:\/\/www.eim.com\/ch\/wp-json\/wp\/v2\/pages\/9164","targetHints":{"allow":["GET"]}}],"collection":[{"href":"https:\/\/www.eim.com\/ch\/wp-json\/wp\/v2\/pages"}],"about":[{"href":"https:\/\/www.eim.com\/ch\/wp-json\/wp\/v2\/types\/page"}],"author":[{"embeddable":true,"href":"https:\/\/www.eim.com\/ch\/wp-json\/wp\/v2\/users\/2"}],"replies":[{"embeddable":true,"href":"https:\/\/www.eim.com\/ch\/wp-json\/wp\/v2\/comments?post=9164"}],"version-history":[{"count":0,"href":"https:\/\/www.eim.com\/ch\/wp-json\/wp\/v2\/pages\/9164\/revisions"}],"wp:featuredmedia":[{"embeddable":true,"href":"https:\/\/www.eim.com\/ch\/wp-json\/wp\/v2\/media\/8737"}],"wp:attachment":[{"href":"https:\/\/www.eim.com\/ch\/wp-json\/wp\/v2\/media?parent=9164"}],"curies":[{"name":"wp","href":"https:\/\/api.w.org\/{rel}","templated":true}]}}