{"id":8679,"date":"2019-09-12T10:05:45","date_gmt":"2019-09-12T10:05:45","guid":{"rendered":"https:\/\/eimworld.wpengine.com\/?page_id=8679"},"modified":"2024-10-31T09:13:01","modified_gmt":"2024-10-31T08:13:01","slug":"lebenslauf-hochladen","status":"publish","type":"page","link":"https:\/\/www.eim.com\/ch\/lebenslauf-hochladen\/","title":{"rendered":"Lebenslauf hochladen"},"content":{"rendered":"<p>[et_pb_section fb_built=&#8221;1&#8243; admin_label=&#8221;Hero Section&#8221; _builder_version=&#8221;4.27.2&#8243; use_background_color_gradient=&#8221;on&#8221; background_color_gradient_stops=&#8221;rgba(0,0,0,0.4) 0%|rgba(0,0,0,0.4) 100%&#8221; background_color_gradient_overlays_image=&#8221;on&#8221; background_color_gradient_start=&#8221;rgba(0,0,0,0.4)&#8221; background_color_gradient_end=&#8221;rgba(0,0,0,0.4)&#8221; background_image=&#8221;https:\/\/www.eim.com\/ch\/wp-content\/uploads\/sites\/17\/_pda\/2024\/10\/Bildschirmfoto-2024-10-28-um-08.23.31.jpg&#8221; background_position=&#8221;top_center&#8221; background_vertical_offset=&#8221;67%&#8221; height=&#8221;520px&#8221; custom_padding=&#8221;6%||0%|||&#8221; bottom_divider_style=&#8221;slant&#8221; bottom_divider_color=&#8221;#ffffff&#8221; bottom_divider_height=&#8221;150px&#8221; bottom_divider_flip=&#8221;horizontal&#8221; saved_tabs=&#8221;all&#8221; global_colors_info=&#8221;{}&#8221; background_color_gradient_direction__hover=&#8221;180deg&#8221; background_color_gradient_direction__hover_enabled=&#8221;180deg&#8221; background_color_gradient_start_position__hover=&#8221;0%&#8221; background_color_gradient_start_position__hover_enabled=&#8221;0%&#8221; background_color_gradient_end_position__hover=&#8221;100%&#8221; background_color_gradient_end_position__hover_enabled=&#8221;100%&#8221; background_color_gradient_stops__hover=&#8221;rgba(0,0,0,0.4) 0%|rgba(0,0,0,0.4) 100%&#8221;][et_pb_row admin_label=&#8221;Page Title Area&#8221; _builder_version=&#8221;4.16&#8243; width=&#8221;100%&#8221; max_width=&#8221;2560px&#8221; module_alignment=&#8221;center&#8221; custom_margin=&#8221;-2%|auto|0px|auto|false|false&#8221; custom_padding=&#8221;0px|||||&#8221; global_colors_info=&#8221;{}&#8221;][et_pb_column type=&#8221;4_4&#8243; _builder_version=&#8221;4.16&#8243; custom_padding=&#8221;|||&#8221; global_colors_info=&#8221;{}&#8221; custom_padding__hover=&#8221;|||&#8221;][et_pb_text admin_label=&#8221;Hero Section Title&#8221; _builder_version=&#8221;4.16&#8243; text_font=&#8221;Montserrat|800|||||||&#8221; text_font_size=&#8221;18px&#8221; text_line_height=&#8221;1.3em&#8221; header_font=&#8221;Montserrat|700|||||||&#8221; header_font_size=&#8221;56px&#8221; header_letter_spacing=&#8221;3px&#8221; header_line_height=&#8221;1.1em&#8221; header_2_font=&#8221;Montserrat|700|||||||&#8221; header_2_text_color=&#8221;rgba(255,255,255,0.6)&#8221; header_2_font_size=&#8221;90px&#8221; header_2_letter_spacing=&#8221;3px&#8221; header_2_line_height=&#8221;1.1em&#8221; text_orientation=&#8221;center&#8221; background_layout=&#8221;dark&#8221; max_width=&#8221;700px&#8221; module_alignment=&#8221;center&#8221; custom_margin=&#8221;20px||0px||false|false&#8221; animation_style=&#8221;fade&#8221; animation_direction=&#8221;bottom&#8221; animation_duration=&#8221;1350ms&#8221; header_font_size_tablet=&#8221;&#8221; header_font_size_phone=&#8221;28px&#8221; header_font_size_last_edited=&#8221;on|phone&#8221; header_2_font_size_tablet=&#8221;&#8221; header_2_font_size_phone=&#8221;50px&#8221; header_2_font_size_last_edited=&#8221;on|phone&#8221; text_text_shadow_style=&#8221;preset1&#8243; text_text_shadow_horizontal_length=&#8221;0.38em&#8221; inline_fonts=&#8221;Prata,Montserrat&#8221; global_colors_info=&#8221;{}&#8221;]<\/p>\n<h1 style=\"text-align: center;\"><span face=\"Montserrat\" style=\"font-family: Montserrat;\">Lebenslauf hochladen<\/span><\/h1>\n<p>[\/et_pb_text][\/et_pb_column][\/et_pb_row][\/et_pb_section][et_pb_section fb_built=&#8221;1&#8243; next_background_color=&#8221;#000000&#8243; disabled_on=&#8221;on|on|on&#8221; _builder_version=&#8221;4.27.2&#8243; custom_margin=&#8221;||||false|false&#8221; custom_padding=&#8221;||||false|false&#8221; bottom_divider_style=&#8221;slant&#8221; disabled=&#8221;on&#8221; saved_tabs=&#8221;all&#8221; global_colors_info=&#8221;{}&#8221;][et_pb_row admin_label=&#8221;Title Area&#8221; _builder_version=&#8221;4.16&#8243; background_color=&#8221;rgba(0,0,0,0)&#8221; width=&#8221;100%&#8221; module_alignment=&#8221;center&#8221; custom_margin=&#8221;||||false|false&#8221; custom_padding=&#8221;||10%||false|false&#8221; global_colors_info=&#8221;{}&#8221;][et_pb_column type=&#8221;4_4&#8243; _builder_version=&#8221;4.16&#8243; custom_padding=&#8221;|||&#8221; global_colors_info=&#8221;{}&#8221; custom_padding__hover=&#8221;|||&#8221;][et_pb_text admin_label=&#8221;Title&#8221; _builder_version=&#8221;4.16&#8243; text_font=&#8221;||||||||&#8221; header_font=&#8221;Prata||||||||&#8221; header_2_font=&#8221;Montserrat|700|||||||&#8221; header_2_text_align=&#8221;center&#8221; header_2_font_size=&#8221;32px&#8221; custom_margin=&#8221;10%||||false|false&#8221; custom_padding=&#8221;||||false|false&#8221; animation_style=&#8221;fade&#8221; animation_direction=&#8221;top&#8221; animation_duration=&#8221;1350ms&#8221; animation_starting_opacity=&#8221;100%&#8221; inline_fonts=&#8221;Prata,Montserrat&#8221; global_colors_info=&#8221;{}&#8221;]<\/p>\n<h2>Werden Sie Teil von #oneEIM \u2013 der globalen Community<\/h2>\n<p>[\/et_pb_text][et_pb_text _builder_version=&#8221;4.27.0&#8243; text_font=&#8221;||||||||&#8221; text_font_size=&#8221;16px&#8221; header_font=&#8221;||||||||&#8221; text_orientation=&#8221;justified&#8221; max_width=&#8221;93%&#8221; module_alignment=&#8221;center&#8221; custom_margin=&#8221;3%|0px|0.5%|0px|false|false&#8221; custom_padding=&#8221;|0%|0px|0%|false|false&#8221; animation_style=&#8221;fade&#8221; animation_direction=&#8221;left&#8221; global_colors_info=&#8221;{}&#8221;]<\/p>\n<p><strong>Hochladen Ihres CVs<\/strong><br \/>Das untenstehende Formular erm\u00f6glicht es Ihnen, Ihren bisherigen beruflichen Werdegang unkompliziert an uns zu \u00fcbermitteln. Durch das Hochladen Ihres CV\u2019s \u00fcber die Schaltfl\u00e4che \u201eCV jetzt einlesen\u201d werden die Angaben aus Ihrem CV automatisch in das folgende Formular \u00fcbernommen.<\/p>\n<p><strong>\u00dcberpr\u00fcfung Ihrer Daten<\/strong><br \/>\u00dcberpr\u00fcfen Sie die eingelesenen Daten auf Richtigkeit und Vollst\u00e4ndigkeit. Anpassungen und Erg\u00e4nzungen zu Ihren pers\u00f6nlichen Daten und beruflichen Angaben k\u00f6nnen von Ihnen jederzeit vorgenommen werden.<\/p>\n<p><strong>Vervollst\u00e4ndigen Sie Ihr Manager Profil<\/strong><br \/>Treffen Sie eine Auswahl zu Ihren spezifischen Kenntnissen und F\u00e4higkeiten aus den vorgegebenen Feldern.<\/p>\n<p><strong>\u00dcbermitteln der Daten<\/strong><br \/>Nach dem \u00dcberpr\u00fcfen Ihrer Daten auf Vollst\u00e4ndigkeit, werden diese durch den Klick auf den Button \u201eBewerbung jetzt Absenden\u201c an uns \u00fcbermittelt.<\/p>\n<p><strong>Pers\u00f6nliche Kontaktaufnahme<\/strong><br \/>Nach einer kurzen Bearbeitungszeit melden wir uns bei Ihnen f\u00fcr eine pers\u00f6nlich Evaluierung Ihres Profils.<\/p>\n<p><strong>Bei Fragen&#8230;<\/strong><br \/>\u2026 oder technischen H\u00fcrden wenden Sie sich bitte an <a href=\"mailto:info.ch@eim.com\" title=\"mailto:info.ch@eim.com\" data-outlook-id=\"4f65dbd5-452a-4cda-aa3a-93c9ea4d9a33\"><span>info.ch@eim.com<\/span><\/a> \u2013 gerne nehmen wir unter dieser Adresse auch Ihren CV entgegen, falls Sie das Formular zur automatisierten Selbsteingabe Ihrer Daten nicht nutzen k\u00f6nnen oder m\u00f6chten.<\/p>\n<p>[\/et_pb_text][\/et_pb_column][\/et_pb_row][\/et_pb_section][et_pb_section fb_built=&#8221;1&#8243; _builder_version=&#8221;4.27.2&#8243; _module_preset=&#8221;default&#8221; global_colors_info=&#8221;{}&#8221;][et_pb_row _builder_version=&#8221;4.27.2&#8243; _module_preset=&#8221;default&#8221; global_colors_info=&#8221;{}&#8221;][et_pb_column type=&#8221;4_4&#8243; _builder_version=&#8221;4.27.2&#8243; _module_preset=&#8221;default&#8221; global_colors_info=&#8221;{}&#8221;][et_pb_text _builder_version=&#8221;4.27.2&#8243; _module_preset=&#8221;default&#8221; global_colors_info=&#8221;{}&#8221;]<\/p>\n<h1 class=\"p1\" style=\"text-align: center;\">Herzlich willkommen in der EIM-Community!<\/h1>\n<p>[\/et_pb_text][et_pb_text _builder_version=&#8221;4.27.2&#8243; _module_preset=&#8221;default&#8221; global_colors_info=&#8221;{}&#8221;]<\/p>\n<p class=\"p1\">Wir freuen uns, dass Sie Interesse daran haben, Teil unseres starken Netzwerks zu werden.<\/p>\n<p class=\"p1\">EIM hat die gr\u00f6sste Community hochqualifizierter Interim Manager im gesamten DACH-Raum geschaffen. Diese beeindruckende Erweiterung erm\u00f6glicht es uns als EIM Switzerland AG, Ihnen neben lokalen auch mehr internationale spannende Projekte und optimale Einsatzm\u00f6glichkeiten zu bieten.<\/p>\n<p class=\"p1\">Bitte beachten Sie, dass Sie nach dem <strong>Klick auf den Anmeldebutton<\/strong> auf die Seite von <strong>EIM Germany weitergeleitet<\/strong> werden. Dort b\u00fcndeln wir alle Anfragen und Bewerbungen f\u00fcr den gesamten DACH-Raum, um Ihnen den besten Service bieten zu k\u00f6nnen.<\/p>\n<p class=\"p1\">Um unsere Prozesse noch effizienter zu gestalten, haben wir zudem ein Shared Service Center (SSC) eingef\u00fchrt. Dieses fungiert als zentraler Anlaufpunkt f\u00fcr alle organisatorischen und administrativen Belange.<\/p>\n<p class=\"p1\">Im Rahmen unserer Community Executives &amp; Experts sorgen wir daf\u00fcr, dass der gesamte Prozess \u2013 von der Bewerbung bis zur Vermittlung in spannende Projekte \u2013 reibungslos und effizient abl\u00e4uft. Dank des Shared Service Center (SSC) erhalten Sie eine zentrale und konsistente Betreuung, die es uns erm\u00f6glicht, Ihre F\u00e4higkeiten und Erfahrungen optimal in geeigneten Projekten zu platzieren.<\/p>\n<p class=\"p1\">Wir freuen uns auf Sie!<\/p>\n<p>[\/et_pb_text][et_pb_button button_url=&#8221;https:\/\/www.eim.com\/de\/interim-manager-werden\/&#8221; button_text=&#8221;JETZT ANMELDEN&#8221; button_alignment=&#8221;center&#8221; _builder_version=&#8221;4.27.2&#8243; _module_preset=&#8221;default&#8221; global_colors_info=&#8221;{}&#8221;][\/et_pb_button][\/et_pb_column][\/et_pb_row][\/et_pb_section][et_pb_section fb_built=&#8221;1&#8243; disabled_on=&#8221;on|on|on&#8221; admin_label=&#8221;Quote Section&#8221; _builder_version=&#8221;4.27.2&#8243; background_color=&#8221;#e6e6e6&#8243; background_color_gradient_direction=&#8221;105deg&#8221; background_enable_image=&#8221;off&#8221; background_position=&#8221;top_left&#8221; min_height=&#8221;600px&#8221; custom_margin=&#8221;0px||||false|false&#8221; bottom_divider_color=&#8221;#002c3e&#8221; bottom_divider_flip=&#8221;horizontal&#8221; hover_enabled=&#8221;0&#8243; saved_tabs=&#8221;all&#8221; global_colors_info=&#8221;{}&#8221; disabled=&#8221;on&#8221; sticky_enabled=&#8221;0&#8243;][et_pb_row _builder_version=&#8221;4.16&#8243; global_colors_info=&#8221;{}&#8221;][et_pb_column type=&#8221;4_4&#8243; _builder_version=&#8221;4.16&#8243; global_colors_info=&#8221;{}&#8221;][et_pb_text admin_label=&#8221;Title&#8221; _builder_version=&#8221;4.16&#8243; text_font=&#8221;||||||||&#8221; header_font=&#8221;Prata||||||||&#8221; header_2_font=&#8221;Montserrat|700|||||||&#8221; header_2_text_align=&#8221;center&#8221; header_2_font_size=&#8221;32px&#8221; custom_margin=&#8221;-0.1%||||false|false&#8221; custom_padding=&#8221;||||false|false&#8221; animation_style=&#8221;fade&#8221; animation_direction=&#8221;top&#8221; animation_duration=&#8221;1350ms&#8221; animation_starting_opacity=&#8221;100%&#8221; inline_fonts=&#8221;Prata,Montserrat&#8221; global_colors_info=&#8221;{}&#8221;]<\/p>\n<h2><span color=\"#002c3e\" face=\"Montserrat\" style=\"color: #002c3e; font-family: Montserrat;\">REGISTRIEREN SIE SICH BEI UNS<\/span><\/h2>\n<p>[\/et_pb_text][\/et_pb_column][\/et_pb_row][et_pb_row _builder_version=&#8221;4.16&#8243; width=&#8221;70%&#8221; global_colors_info=&#8221;{}&#8221;][et_pb_column type=&#8221;4_4&#8243; _builder_version=&#8221;4.16&#8243; global_colors_info=&#8221;{}&#8221;][et_pb_code _builder_version=&#8221;4.16&#8243; global_colors_info=&#8221;{}&#8221;]<div class=\"wpforms-container wpforms-container-full\" id=\"wpforms-10365\"><form id=\"wpforms-form-10365\" class=\"wpforms-validate wpforms-form\" data-formid=\"10365\" method=\"post\" enctype=\"multipart\/form-data\" action=\"\/ch\/wp-json\/wp\/v2\/pages\/8679?wpforms_form_id=10365\" data-token=\"41b2a225fe93300008954eed18be054a\" data-token-time=\"1777037940\"><noscript class=\"wpforms-error-noscript\">Please enable JavaScript in your browser to complete this form.<\/noscript><div class=\"wpforms-field-container\"><div id=\"wpforms-10365-field_0-container\" class=\"wpforms-field wpforms-field-name\" data-field-id=\"0\"><label class=\"wpforms-field-label\">Name <span class=\"wpforms-required-label\">*<\/span><\/label><div class=\"wpforms-field-row wpforms-field-large\"><div class=\"wpforms-field-row-block wpforms-first wpforms-one-half\"><input type=\"text\" id=\"wpforms-10365-field_0\" class=\"wpforms-field-name-first wpforms-field-required\" name=\"wpforms[fields][0][first]\" required><label for=\"wpforms-10365-field_0\" class=\"wpforms-field-sublabel after\">First<\/label><\/div><div class=\"wpforms-field-row-block wpforms-one-half\"><input type=\"text\" id=\"wpforms-10365-field_0-last\" class=\"wpforms-field-name-last wpforms-field-required\" name=\"wpforms[fields][0][last]\" required><label for=\"wpforms-10365-field_0-last\" class=\"wpforms-field-sublabel after\">Last<\/label><\/div><\/div><\/div><div id=\"wpforms-10365-field_1-container\" class=\"wpforms-field wpforms-field-email\" data-field-id=\"1\"><label class=\"wpforms-field-label\" for=\"wpforms-10365-field_1\">Email <span class=\"wpforms-required-label\">*<\/span><\/label><input type=\"email\" id=\"wpforms-10365-field_1\" class=\"wpforms-field-large wpforms-field-required\" name=\"wpforms[fields][1]\" spellcheck=\"false\" required><\/div><div id=\"wpforms-10365-field_3-container\" class=\"wpforms-field wpforms-field-phone\" data-field-id=\"3\"><label class=\"wpforms-field-label\" for=\"wpforms-10365-field_3\">Telefon Nummer <span class=\"wpforms-required-label\">*<\/span><\/label><input type=\"tel\" id=\"wpforms-10365-field_3\" class=\"wpforms-field-large wpforms-field-required wpforms-smart-phone-field\" data-rule-smart-phone-field=\"true\" name=\"wpforms[fields][3]\" aria-label=\"Telefon Nummer\" required><\/div><div id=\"wpforms-10365-field_4-container\" class=\"wpforms-field wpforms-field-text\" data-field-id=\"4\"><label class=\"wpforms-field-label\" for=\"wpforms-10365-field_4\">Standort <span class=\"wpforms-required-label\">*<\/span><\/label><input type=\"text\" id=\"wpforms-10365-field_4\" class=\"wpforms-field-large wpforms-field-required\" name=\"wpforms[fields][4]\" required><\/div><div id=\"wpforms-10365-field_5-container\" class=\"wpforms-field wpforms-field-text\" data-field-id=\"5\"><label class=\"wpforms-field-label\" for=\"wpforms-10365-field_5\">Industrie <span class=\"wpforms-required-label\">*<\/span><\/label><input type=\"text\" id=\"wpforms-10365-field_5\" class=\"wpforms-field-large wpforms-field-required\" name=\"wpforms[fields][5]\" required><\/div>\t\t<div id=\"wpforms-10365-field_2-container\"\n\t\t\tclass=\"wpforms-field wpforms-field-text\"\n\t\t\tdata-field-type=\"text\"\n\t\t\tdata-field-id=\"2\"\n\t\t\t>\n\t\t\t<label class=\"wpforms-field-label\" for=\"wpforms-10365-field_2\" >Industrie Name Sie<\/label>\n\t\t\t<input type=\"text\" id=\"wpforms-10365-field_2\" class=\"wpforms-field-medium\" name=\"wpforms[fields][2]\" >\n\t\t<\/div>\n\t\t<div id=\"wpforms-10365-field_7-container\" class=\"wpforms-field wpforms-field-file-upload\" data-field-id=\"7\"><label class=\"wpforms-field-label\" for=\"wpforms-10365-field_7\">Laden Sie Ihren Lebenslauf hoch. <span class=\"wpforms-required-label\">*<\/span><\/label><div\n\t\tclass=\"wpforms-uploader wpforms-field-required\"\n\t\tdata-field-id=\"7\"\n\t\tdata-form-id=\"10365\"\n\t\tdata-input-name=\"wpforms_10365_7\"\n\t\tdata-extensions=\"pdf,doc,docx\"\n\t\tdata-max-size=\"5242880\"\n\t\tdata-max-file-number=\"1\"\n\t\tdata-post-max-size=\"204800000\"\n\t\tdata-max-parallel-uploads=\"4\"\n\t\tdata-parallel-uploads=\"true\"\n\t\tdata-file-chunk-size=\"2097152\">\n\t<div class=\"dz-message\">\n\t\t<svg  viewBox=\"0 0 640 640\" focusable=\"false\" data-icon=\"inbox\" width=\"50px\" height=\"50px\" fill=\"currentColor\" aria-hidden=\"true\">\n\t\t\t<path d=\"M352 173.3L352 384C352 401.7 337.7 416 320 416C302.3 416 288 401.7 288 384L288 173.3L246.6 214.7C234.1 227.2 213.8 227.2 201.3 214.7C188.8 202.2 188.8 181.9 201.3 169.4L297.3 73.4C309.8 60.9 330.1 60.9 342.6 73.4L438.6 169.4C451.1 181.9 451.1 202.2 438.6 214.7C426.1 227.2 405.8 227.2 393.3 214.7L352 173.3zM320 464C364.2 464 400 428.2 400 384L480 384C515.3 384 544 412.7 544 448L544 480C544 515.3 515.3 544 480 544L160 544C124.7 544 96 515.3 96 480L96 448C96 412.7 124.7 384 160 384L240 384C240 428.2 275.8 464 320 464zM464 488C477.3 488 488 477.3 488 464C488 450.7 477.3 440 464 440C450.7 440 440 450.7 440 464C440 477.3 450.7 488 464 488z\"\/>\n\t\t<\/svg>\n\n\t\t<span class=\"modern-title\">\n\t\t\t\t\t\t\tDrag &amp; Drop Files, \t\t\t\t<span>Choose Files to Upload<\/span>\n\t\t\t\t\t<\/span>\n\n\t\t\t<\/div>\n<\/div>\n\n<input\n\t\ttype=\"text\"\n\t\tautocomplete=\"off\"\n\t\treadonly\n\t\tclass=\"dropzone-input\"\n\t\tstyle=\"position:absolute!important;clip:rect(0,0,0,0)!important;height:1px!important;width:1px!important;border:0!important;overflow:hidden!important;padding:0!important;margin:0!important;\"\n\t\tid=\"wpforms-10365-field_7\"\n\t\tname=\"wpforms_10365_7\" required\t\tvalue=\"\">\n<div class=\"wpforms-field-description\">Nur PDF oder Word Doc \/ Docx Formate<\/div><\/div><script>\n\t\t\t\t( function() {\n\t\t\t\t\tconst style = document.createElement( 'style' );\n\t\t\t\t\tstyle.appendChild( document.createTextNode( '#wpforms-10365-field_2-container { position: absolute !important; overflow: hidden !important; display: inline !important; height: 1px !important; width: 1px !important; z-index: -1000 !important; padding: 0 !important; } #wpforms-10365-field_2-container input { visibility: hidden; } #wpforms-conversational-form-page #wpforms-10365-field_2-container label { counter-increment: none; }' ) );\n\t\t\t\t\tdocument.head.appendChild( style );\n\t\t\t\t\tdocument.currentScript?.remove();\n\t\t\t\t} )();\n\t\t\t<\/script><\/div><!-- .wpforms-field-container --><div class=\"wpforms-field wpforms-field-hp\"><label for=\"wpforms-10365-field-hp\" class=\"wpforms-field-label\">Comment<\/label><input type=\"text\" name=\"wpforms[hp]\" id=\"wpforms-10365-field-hp\" class=\"wpforms-field-medium\"><\/div><div class=\"wpforms-submit-container\" ><input type=\"hidden\" name=\"wpforms[id]\" value=\"10365\"><input type=\"hidden\" name=\"page_title\" value=\"\"><input type=\"hidden\" name=\"page_url\" value=\"https:\/\/www.eim.com\/ch\/wp-json\/wp\/v2\/pages\/8679\"><input type=\"hidden\" name=\"url_referer\" value=\"\"><button type=\"submit\" name=\"wpforms[submit]\" id=\"wpforms-submit-10365\" class=\"wpforms-submit\" data-alt-text=\"WIRD \u00dcBERMITTELT...\" data-submit-text=\"SENDEN\" aria-live=\"assertive\" value=\"wpforms-submit\">SENDEN<\/button><\/div><\/form><\/div>  <!-- .wpforms-container -->[\/et_pb_code][\/et_pb_column][\/et_pb_row][\/et_pb_section]<\/p>\n","protected":false},"excerpt":{"rendered":"<p>Lebenslauf hochladenWerden Sie Teil von #oneEIM \u2013 der globalen CommunityHochladen Ihres CVsDas untenstehende Formular erm\u00f6glicht es Ihnen, Ihren bisherigen beruflichen Werdegang unkompliziert an uns zu \u00fcbermitteln. Durch das Hochladen Ihres CV\u2019s \u00fcber die Schaltfl\u00e4che \u201eCV jetzt einlesen\u201d werden die Angaben aus Ihrem CV automatisch in das folgende Formular \u00fcbernommen. \u00dcberpr\u00fcfung Ihrer Daten\u00dcberpr\u00fcfen Sie die eingelesenen [&hellip;]<\/p>\n","protected":false},"author":2,"featured_media":0,"parent":0,"menu_order":0,"comment_status":"closed","ping_status":"closed","template":"","meta":{"_et_pb_use_builder":"on","_et_pb_old_content":"<!-- wp:divi\/placeholder \/-->","_et_gb_content_width":"","footnotes":""},"class_list":["post-8679","page","type-page","status-publish","hentry"],"yoast_head":"<!-- This site is optimized with the Yoast SEO Premium plugin v27.0 (Yoast SEO v27.4) - https:\/\/yoast.com\/product\/yoast-seo-premium-wordpress\/ -->\n<title>Lebenslauf hochladen - EIM Switzerland<\/title>\n<meta name=\"robots\" content=\"index, follow, max-snippet:-1, max-image-preview:large, max-video-preview:-1\" \/>\n<link rel=\"canonical\" href=\"https:\/\/www.eim.com\/ch\/lebenslauf-hochladen\/\" \/>\n<meta property=\"og:locale\" content=\"de_DE\" \/>\n<meta property=\"og:type\" content=\"article\" \/>\n<meta property=\"og:title\" content=\"Lebenslauf hochladen\" \/>\n<meta property=\"og:url\" content=\"https:\/\/www.eim.com\/ch\/lebenslauf-hochladen\/\" \/>\n<meta property=\"og:site_name\" content=\"EIM Switzerland\" \/>\n<meta property=\"article:modified_time\" content=\"2024-10-31T08:13:01+00:00\" \/>\n<meta name=\"twitter:card\" content=\"summary_large_image\" \/>\n<meta name=\"twitter:label1\" content=\"Est. reading time\" \/>\n\t<meta name=\"twitter:data1\" content=\"6 Minuten\" \/>\n<script type=\"application\/ld+json\" class=\"yoast-schema-graph\">{\"@context\":\"https:\\\/\\\/schema.org\",\"@graph\":[{\"@type\":\"WebPage\",\"@id\":\"https:\\\/\\\/www.eim.com\\\/ch\\\/lebenslauf-hochladen\\\/\",\"url\":\"https:\\\/\\\/www.eim.com\\\/ch\\\/lebenslauf-hochladen\\\/\",\"name\":\"Lebenslauf hochladen - EIM Switzerland\",\"isPartOf\":{\"@id\":\"https:\\\/\\\/www.eim.com\\\/ch\\\/#website\"},\"datePublished\":\"2019-09-12T10:05:45+00:00\",\"dateModified\":\"2024-10-31T08:13:01+00:00\",\"breadcrumb\":{\"@id\":\"https:\\\/\\\/www.eim.com\\\/ch\\\/lebenslauf-hochladen\\\/#breadcrumb\"},\"inLanguage\":\"de-DE\",\"potentialAction\":[{\"@type\":\"ReadAction\",\"target\":[\"https:\\\/\\\/www.eim.com\\\/ch\\\/lebenslauf-hochladen\\\/\"]}]},{\"@type\":\"BreadcrumbList\",\"@id\":\"https:\\\/\\\/www.eim.com\\\/ch\\\/lebenslauf-hochladen\\\/#breadcrumb\",\"itemListElement\":[{\"@type\":\"ListItem\",\"position\":1,\"name\":\"Home\",\"item\":\"https:\\\/\\\/www.eim.com\\\/ch\\\/\"},{\"@type\":\"ListItem\",\"position\":2,\"name\":\"Lebenslauf hochladen\"}]},{\"@type\":\"WebSite\",\"@id\":\"https:\\\/\\\/www.eim.com\\\/ch\\\/#website\",\"url\":\"https:\\\/\\\/www.eim.com\\\/ch\\\/\",\"name\":\"EIM Switzerland\",\"description\":\"EIM delivers business breakthrough differently\",\"publisher\":{\"@id\":\"https:\\\/\\\/www.eim.com\\\/ch\\\/#organization\"},\"potentialAction\":[{\"@type\":\"SearchAction\",\"target\":{\"@type\":\"EntryPoint\",\"urlTemplate\":\"https:\\\/\\\/www.eim.com\\\/ch\\\/?s={search_term_string}\"},\"query-input\":{\"@type\":\"PropertyValueSpecification\",\"valueRequired\":true,\"valueName\":\"search_term_string\"}}],\"inLanguage\":\"de-DE\"},{\"@type\":\"Organization\",\"@id\":\"https:\\\/\\\/www.eim.com\\\/ch\\\/#organization\",\"name\":\"EIM Executive Interim Management\",\"url\":\"https:\\\/\\\/www.eim.com\\\/ch\\\/\",\"logo\":{\"@type\":\"ImageObject\",\"inLanguage\":\"de-DE\",\"@id\":\"https:\\\/\\\/www.eim.com\\\/ch\\\/#\\\/schema\\\/logo\\\/image\\\/\",\"url\":\"https:\\\/\\\/www.eim.com\\\/ch\\\/wp-content\\\/uploads\\\/sites\\\/17\\\/2020\\\/06\\\/positive.png\",\"contentUrl\":\"https:\\\/\\\/www.eim.com\\\/ch\\\/wp-content\\\/uploads\\\/sites\\\/17\\\/2020\\\/06\\\/positive.png\",\"width\":1423,\"height\":442,\"caption\":\"EIM Executive Interim Management\"},\"image\":{\"@id\":\"https:\\\/\\\/www.eim.com\\\/ch\\\/#\\\/schema\\\/logo\\\/image\\\/\"},\"sameAs\":[\"https:\\\/\\\/www.linkedin.com\\\/company\\\/executive-interim-management\\\/\"]}]}<\/script>\n<!-- \/ Yoast SEO Premium plugin. -->","yoast_head_json":{"title":"Lebenslauf hochladen - EIM Switzerland","robots":{"index":"index","follow":"follow","max-snippet":"max-snippet:-1","max-image-preview":"max-image-preview:large","max-video-preview":"max-video-preview:-1"},"canonical":"https:\/\/www.eim.com\/ch\/lebenslauf-hochladen\/","og_locale":"de_DE","og_type":"article","og_title":"Lebenslauf hochladen","og_url":"https:\/\/www.eim.com\/ch\/lebenslauf-hochladen\/","og_site_name":"EIM Switzerland","article_modified_time":"2024-10-31T08:13:01+00:00","twitter_card":"summary_large_image","twitter_misc":{"Est. reading time":"6 Minuten"},"schema":{"@context":"https:\/\/schema.org","@graph":[{"@type":"WebPage","@id":"https:\/\/www.eim.com\/ch\/lebenslauf-hochladen\/","url":"https:\/\/www.eim.com\/ch\/lebenslauf-hochladen\/","name":"Lebenslauf hochladen - EIM Switzerland","isPartOf":{"@id":"https:\/\/www.eim.com\/ch\/#website"},"datePublished":"2019-09-12T10:05:45+00:00","dateModified":"2024-10-31T08:13:01+00:00","breadcrumb":{"@id":"https:\/\/www.eim.com\/ch\/lebenslauf-hochladen\/#breadcrumb"},"inLanguage":"de-DE","potentialAction":[{"@type":"ReadAction","target":["https:\/\/www.eim.com\/ch\/lebenslauf-hochladen\/"]}]},{"@type":"BreadcrumbList","@id":"https:\/\/www.eim.com\/ch\/lebenslauf-hochladen\/#breadcrumb","itemListElement":[{"@type":"ListItem","position":1,"name":"Home","item":"https:\/\/www.eim.com\/ch\/"},{"@type":"ListItem","position":2,"name":"Lebenslauf hochladen"}]},{"@type":"WebSite","@id":"https:\/\/www.eim.com\/ch\/#website","url":"https:\/\/www.eim.com\/ch\/","name":"EIM Switzerland","description":"EIM delivers business breakthrough differently","publisher":{"@id":"https:\/\/www.eim.com\/ch\/#organization"},"potentialAction":[{"@type":"SearchAction","target":{"@type":"EntryPoint","urlTemplate":"https:\/\/www.eim.com\/ch\/?s={search_term_string}"},"query-input":{"@type":"PropertyValueSpecification","valueRequired":true,"valueName":"search_term_string"}}],"inLanguage":"de-DE"},{"@type":"Organization","@id":"https:\/\/www.eim.com\/ch\/#organization","name":"EIM Executive Interim Management","url":"https:\/\/www.eim.com\/ch\/","logo":{"@type":"ImageObject","inLanguage":"de-DE","@id":"https:\/\/www.eim.com\/ch\/#\/schema\/logo\/image\/","url":"https:\/\/www.eim.com\/ch\/wp-content\/uploads\/sites\/17\/2020\/06\/positive.png","contentUrl":"https:\/\/www.eim.com\/ch\/wp-content\/uploads\/sites\/17\/2020\/06\/positive.png","width":1423,"height":442,"caption":"EIM Executive Interim Management"},"image":{"@id":"https:\/\/www.eim.com\/ch\/#\/schema\/logo\/image\/"},"sameAs":["https:\/\/www.linkedin.com\/company\/executive-interim-management\/"]}]}},"_links":{"self":[{"href":"https:\/\/www.eim.com\/ch\/wp-json\/wp\/v2\/pages\/8679","targetHints":{"allow":["GET"]}}],"collection":[{"href":"https:\/\/www.eim.com\/ch\/wp-json\/wp\/v2\/pages"}],"about":[{"href":"https:\/\/www.eim.com\/ch\/wp-json\/wp\/v2\/types\/page"}],"author":[{"embeddable":true,"href":"https:\/\/www.eim.com\/ch\/wp-json\/wp\/v2\/users\/2"}],"replies":[{"embeddable":true,"href":"https:\/\/www.eim.com\/ch\/wp-json\/wp\/v2\/comments?post=8679"}],"version-history":[{"count":0,"href":"https:\/\/www.eim.com\/ch\/wp-json\/wp\/v2\/pages\/8679\/revisions"}],"wp:attachment":[{"href":"https:\/\/www.eim.com\/ch\/wp-json\/wp\/v2\/media?parent=8679"}],"curies":[{"name":"wp","href":"https:\/\/api.w.org\/{rel}","templated":true}]}}