{"id":8,"date":"2019-10-25T14:48:09","date_gmt":"2019-10-25T14:48:09","guid":{"rendered":"https:\/\/www.eim.com\/ar\/politica-de-privacidad\/"},"modified":"2020-05-20T08:33:20","modified_gmt":"2020-05-20T08:33:20","slug":"politica-de-privacidad","status":"publish","type":"page","link":"https:\/\/www.eim.com\/ar\/politica-de-privacidad\/","title":{"rendered":"Pol\u00edtica de privacidad"},"content":{"rendered":"<p>[et_pb_section fb_built=&#8221;1&#8243; admin_label=&#8221;Hero Section&#8221; _builder_version=&#8221;3.27.4&#8243; background_color=&#8221;#002c3e&#8221; use_background_color_gradient=&#8221;on&#8221; background_color_gradient_start=&#8221;rgba(0,0,0,0.4)&#8221; background_color_gradient_end=&#8221;rgba(0,0,0,0.4)&#8221; background_color_gradient_overlays_image=&#8221;on&#8221; background_enable_image=&#8221;off&#8221; background_position=&#8221;top_center&#8221; height=&#8221;520px&#8221; custom_padding=&#8221;6%||0%|||&#8221; bottom_divider_style=&#8221;slant&#8221; bottom_divider_color=&#8221;#ffffff&#8221; bottom_divider_height=&#8221;150px&#8221; bottom_divider_flip=&#8221;horizontal&#8221; background_color_gradient_direction__hover=&#8221;180deg&#8221; background_color_gradient_direction__hover_enabled=&#8221;180deg&#8221; background_color_gradient_start_position__hover=&#8221;0%&#8221; background_color_gradient_start_position__hover_enabled=&#8221;0%&#8221; background_color_gradient_end_position__hover=&#8221;100%&#8221; background_color_gradient_end_position__hover_enabled=&#8221;100%&#8221;][et_pb_row disabled_on=&#8221;off|off|off&#8221; admin_label=&#8221;Page Title Area&#8221; _builder_version=&#8221;3.27.4&#8243; width=&#8221;100%&#8221; max_width=&#8221;2560px&#8221; module_alignment=&#8221;center&#8221; custom_margin=&#8221;-2%|auto|0px|auto|false|false&#8221; custom_padding=&#8221;0px|||||&#8221;][et_pb_column type=&#8221;4_4&#8243; _builder_version=&#8221;3.25&#8243; custom_padding=&#8221;|||&#8221; custom_padding__hover=&#8221;|||&#8221;][et_pb_text admin_label=&#8221;Hero Section Title&#8221; _builder_version=&#8221;4.4.6&#8243; text_font=&#8221;Montserrat|800|||||||&#8221; text_font_size=&#8221;18px&#8221; text_line_height=&#8221;1.3em&#8221; header_font=&#8221;Montserrat|700|||||||&#8221; header_font_size=&#8221;56px&#8221; header_letter_spacing=&#8221;3px&#8221; header_line_height=&#8221;1.1em&#8221; header_2_font=&#8221;Montserrat|700|||||||&#8221; header_2_text_color=&#8221;rgba(255,255,255,0.6)&#8221; header_2_font_size=&#8221;90px&#8221; header_2_letter_spacing=&#8221;3px&#8221; header_2_line_height=&#8221;1.1em&#8221; text_orientation=&#8221;center&#8221; background_layout=&#8221;dark&#8221; max_width=&#8221;700px&#8221; module_alignment=&#8221;center&#8221; custom_margin=&#8221;0px||0px||false|false&#8221; animation_style=&#8221;fade&#8221; animation_direction=&#8221;bottom&#8221; animation_duration=&#8221;1350ms&#8221; hover_enabled=&#8221;0&#8243; header_font_size_tablet=&#8221;&#8221; header_font_size_phone=&#8221;28px&#8221; header_font_size_last_edited=&#8221;on|phone&#8221; header_2_font_size_tablet=&#8221;&#8221; header_2_font_size_phone=&#8221;50px&#8221; header_2_font_size_last_edited=&#8221;on|phone&#8221; text_text_shadow_style=&#8221;preset1&#8243; text_text_shadow_horizontal_length=&#8221;0.28em&#8221; inline_fonts=&#8221;Prata,Montserrat&#8221;]<\/p>\n<h1><span style=\"font-family: Montserrat;\">Pol\u00edtica de privacidad<\/span><\/h1>\n<p>[\/et_pb_text][\/et_pb_column][\/et_pb_row][\/et_pb_section][et_pb_section fb_built=&#8221;1&#8243; _builder_version=&#8221;3.27.4&#8243; custom_margin=&#8221;||-0.1%||false|false&#8221; custom_padding=&#8221;0%||0%||true|false&#8221; bottom_divider_color=&#8221;rgba(0,0,0,0)&#8221; bottom_divider_height=&#8221;60px&#8221;][et_pb_row admin_label=&#8221;Title Area&#8221; _builder_version=&#8221;3.27.4&#8243; background_color=&#8221;rgba(0,0,0,0)&#8221; module_alignment=&#8221;center&#8221; custom_margin=&#8221;||||false|false&#8221; custom_padding=&#8221;0px|0px|0px|0px|false|false&#8221;][et_pb_column type=&#8221;4_4&#8243; _builder_version=&#8221;3.25&#8243; custom_padding=&#8221;|||&#8221; custom_padding__hover=&#8221;|||&#8221;][et_pb_text admin_label=&#8221;Title&#8221; _builder_version=&#8221;4.4.6&#8243; text_font=&#8221;||||||||&#8221; header_font=&#8221;Prata||||||||&#8221; header_2_font=&#8221;Montserrat|700|||||||&#8221; header_2_text_align=&#8221;center&#8221; header_2_font_size=&#8221;32px&#8221; custom_margin=&#8221;10%||||false|false&#8221; custom_padding=&#8221;0%|||15px|false|false&#8221; animation_style=&#8221;fade&#8221; animation_direction=&#8221;top&#8221; animation_duration=&#8221;1350ms&#8221; animation_starting_opacity=&#8221;100%&#8221; hover_enabled=&#8221;0&#8243; inline_fonts=&#8221;Prata,Montserrat&#8221;]<\/p>\n<h4 style=\"padding-left: 60px;\"><span style=\"font-family: Montserrat; color: #002c3e;\">AVISO DE PRIVACIDAD Y PROTECCI\u00d3N DE DATOS<\/span><\/h4>\n<p>[\/et_pb_text][\/et_pb_column][\/et_pb_row][\/et_pb_section][et_pb_section fb_built=&#8221;1&#8243; next_background_color=&#8221;#DB9300&#8243; _builder_version=&#8221;3.27.4&#8243; custom_margin=&#8221;|||0px|false|false&#8221; custom_padding=&#8221;4px||5px|||&#8221; bottom_divider_style=&#8221;slant&#8221;][et_pb_row _builder_version=&#8221;3.27.4&#8243; custom_padding=&#8221;||83px|||&#8221;][et_pb_column type=&#8221;4_4&#8243; _builder_version=&#8221;3.27.4&#8243;][et_pb_text _builder_version=&#8221;4.4.6&#8243; text_font=&#8221;||||||||&#8221; text_font_size=&#8221;16px&#8221; header_font=&#8221;||||||||&#8221; max_width=&#8221;90%&#8221; module_alignment=&#8221;center&#8221; custom_margin=&#8221;3%|0px|4%|0px|false|false&#8221; custom_padding=&#8221;|2%|0px|2%|false|false&#8221; animation_direction=&#8221;left&#8221; hover_enabled=&#8221;0&#8243;]<\/p>\n<p style=\"text-align: justify;\"><span>EIM Argentina (en adelante \u201cEIM\u201d) compromete sus esfuerzos a guardar y proteger la informaci\u00f3n que reciba de Ud. (el \u201cinteresado\u201d) respetando las disposiciones del r\u00e9gimen Ley 25.326, cuando resulten aplicables. Ud. no debe proporcionar Informaci\u00f3n Sensible en los t\u00e9rminos de la Ley 25.326, sin perjuicio de lo que se expone a continuaci\u00f3n. <\/span><\/p>\n<p style=\"text-align: justify;\"><span>Toda la informaci\u00f3n que Ud. presente y que se ajuste a la normativa legal, ser\u00e1 utilizada en el contexto explicado en el presente, bajo los siguientes par\u00e1metros: <\/span><\/p>\n<p style=\"text-align: justify;\"><span>(i) para ofrecer y evaluar ofertas de trabajo u otros servicios, <\/span><\/p>\n<p style=\"text-align: justify;\"><span>(ii) analizar su idoneidad y su responsabilidad y compromiso con respecto a cualquier puesto de trabajo o de prestaci\u00f3n de servicios, <\/span><\/p>\n<p style=\"text-align: justify;\"><span>(iii) informar disponibilidades a clientes de la Compa\u00f1\u00eda, y <\/span><\/p>\n<p style=\"text-align: justify;\"><span>(iv) culminar proceso de selecci\u00f3n que EIM lleve a cabo para enviar esos resultados, o no, a aquellos interesados. Excepto lo establecido precedentemente, su informaci\u00f3n no ser\u00e1 utilizada por nosotros a ning\u00fan otro fin, ni puesta a disposici\u00f3n de otras partes, excepto los clientes ya mencionados, excepto su previo consentimiento (sea por carta, mensaje de voz, di\u00e1logo directo, WhatsApp, correo electr\u00f3nico o de otra forma). <\/span><\/p>\n<p style=\"text-align: justify;\"><span>Dentro de EIM (entendiendo a la misma y a sus compa\u00f1\u00edas afiliadas o vinculadas, en forma universal) y a sus clientes, su informaci\u00f3n podr\u00e1 ser transferida en el contexto de los servicios de gesti\u00f3n de b\u00fasqueda, posiciones, consultor\u00edas o cualesquiera otra similar, en el contexto ya indicado. Excepto lo establecido respecto de la Informaci\u00f3n Sensible, la informaci\u00f3n que se encuentra sujeta a protecci\u00f3n es aquella enumerada en el art\u00edculo 2 de la Ley 25.326 y cualquier otra que Ud. suministre por considerarla relevante a los fines de caracterizar una propuesta de trabajo. Su informaci\u00f3n ser\u00e1 almacenada durante 10 a\u00f1os, excepto que se resuelva prescindir de la misma con anterioridad por decisi\u00f3n exclusiva y discrecional de la Compa\u00f1\u00eda. Se aplicar\u00e1n adem\u00e1s las siguientes disposiciones: <\/span><\/p>\n<p style=\"text-align: justify;\"><span>(a) EIM puede usar su informaci\u00f3n fragmentada o en su totalidad, clasificada a su mejor juicio a los fines propuestos, y por los medios de comunicaci\u00f3n e inform\u00e1ticos que estime pertinentes, en un contexto profesional, legal y moral. <\/span><\/p>\n<p style=\"text-align: justify;\"><span>(b) EIM no modificar\u00e1 la calidad de los datos suministrados por Ud., excepto en lo que se refiera a sus propias apreciaciones subjetivas sobre calificaciones y habilidades, las cuales por considerarse subjetivas, podr\u00e1n ser tomadas en cuenta o no. <\/span><\/p>\n<p style=\"text-align: justify;\"><span>(c) Se respeta el derecho del interesado a manejar su propia informaci\u00f3n conforme el r\u00e9gimen Ley 25.326 y cualquier otra disposici\u00f3n aplicable, incluso su responsabilidad por cualquier referencia a o requerida con participaci\u00f3n de terceros ajenos a la Compa\u00f1\u00eda. <\/span><\/p>\n<p style=\"text-align: justify;\"><span>(d) El interesado entiende que las obligaciones asumidas por EIM no se extienden a las conductas que puedan ser llevadas a cabo por terceros, entendiendo por terceros a cualquier parte ajena al interesado o a la Compa\u00f1\u00eda, sea por medios legales (ejemplo, un cliente de EIM\u00a0 interesado en su perfil) o ilegales (ejemplo, un hacker), y por lo tanto el interesado exime totalmente de responsabilidad a EIM por el uso\u00a0 incorrecto que un tercero pueda dar a la informaci\u00f3n suministrada por el interesado. <\/span><\/p>\n<p style=\"text-align: justify;\"><span>(e) El interesado acepta compartir su informaci\u00f3n con EIM y acepta estar de acuerdo con estas reglas y con el nivel de protecci\u00f3n que utiliza la Compa\u00f1\u00eda, y nada tiene que reclamar sobre el particular. <\/span><\/p>\n<p style=\"text-align: justify;\"><span>(f) El interesado acepta el uso de \u201ccookies\u201d por parte de la Compa\u00f1\u00eda. <\/span><\/p>\n<p style=\"text-align: justify;\"><span>(g) Nada manifestado en las presentes condiciones genera ning\u00fan tipo de responsabilidad para el interesado ni para la Compa\u00f1\u00eda, y ambas partes se comprometen a actuar de buena fe bajo cualquier circunstancia vinculada con las acciones de la contraparte, manteniendo siempre a la otra parte informada sobre cualquier cambio o circunstancia atinente a los datos personales del interesado. <\/span><\/p>\n<p>[\/et_pb_text][\/et_pb_column][\/et_pb_row][\/et_pb_section][et_pb_section fb_built=&#8221;1&#8243; _builder_version=&#8221;3.27.4&#8243; background_color=&#8221;#DB9300&#8243; custom_margin=&#8221;0%||||false|false&#8221; custom_padding=&#8221;||81px|||&#8221; top_divider_style=&#8221;arrow3&#8243; top_divider_color=&#8221;rgba(0,0,0,0)&#8221; top_divider_flip=&#8221;vertical&#8221; bottom_divider_color=&#8221;#ffffff&#8221; bottom_divider_flip=&#8221;horizontal&#8221;][et_pb_row _builder_version=&#8221;3.27.4&#8243; custom_margin=&#8221;-46px|auto||auto||&#8221; custom_padding=&#8221;60px|||||&#8221;][et_pb_column type=&#8221;4_4&#8243; _builder_version=&#8221;3.27.4&#8243;][et_pb_text admin_label=&#8221;Title&#8221; _builder_version=&#8221;3.27.4&#8243; text_font=&#8221;||||||||&#8221; text_text_color=&#8221;#ffffff&#8221; header_font=&#8221;Prata||||||||&#8221; header_2_font=&#8221;Montserrat|700|||||||&#8221; header_2_text_align=&#8221;center&#8221; header_2_font_size=&#8221;30px&#8221; custom_margin=&#8221;0%||5px||false|false&#8221; custom_padding=&#8221;||0px|||&#8221; animation_style=&#8221;fade&#8221; animation_direction=&#8221;top&#8221; animation_duration=&#8221;1350ms&#8221; animation_starting_opacity=&#8221;100%&#8221; inline_fonts=&#8221;Prata,Montserrat&#8221;]<\/p>\n<h3 style=\"text-align: center\"><span style=\"font-family: Montserrat;color: #ffffff\">P\u00f3ngase en contacto con nosotros<\/span><\/h3>\n<p>[\/et_pb_text][\/et_pb_column][\/et_pb_row][et_pb_row column_structure=&#8221;1_5,3_5,1_5&#8243; _builder_version=&#8221;3.27.4&#8243; custom_padding=&#8221;0px|||||&#8221;][et_pb_column type=&#8221;1_5&#8243; _builder_version=&#8221;3.27.4&#8243;][\/et_pb_column][et_pb_column type=&#8221;3_5&#8243; _builder_version=&#8221;3.27.4&#8243;][et_pb_text _builder_version=&#8221;3.27.4&#8243; custom_padding=&#8221;||0px|||&#8221;]<\/p>\n<p style=\"text-align: center\"><span style=\"color: #ffffff\">Juntos podemos encontrar la soluci\u00f3n que est\u00e1 buscando<\/span><\/p>\n<p>[\/et_pb_text][et_pb_button button_url=&#8221;\/contacts&#8221; button_text=&#8221;CONTACT US&#8221; button_alignment=&#8221;center&#8221; _builder_version=&#8221;3.27.4&#8243; background_layout=&#8221;dark&#8221;][\/et_pb_button][\/et_pb_column][et_pb_column type=&#8221;1_5&#8243; _builder_version=&#8221;3.27.4&#8243;][\/et_pb_column][\/et_pb_row][\/et_pb_section]<\/p>\n","protected":false},"excerpt":{"rendered":"<p>Pol\u00edtica de privacidad AVISO DE PRIVACIDAD Y PROTECCI\u00d3N DE DATOSEIM Argentina (en adelante \u201cEIM\u201d) compromete sus esfuerzos a guardar y proteger la informaci\u00f3n que reciba de Ud. (el \u201cinteresado\u201d) respetando las disposiciones del r\u00e9gimen Ley 25.326, cuando resulten aplicables. Ud. no debe proporcionar Informaci\u00f3n Sensible en los t\u00e9rminos de la Ley 25.326, sin perjuicio de [&hellip;]<\/p>\n","protected":false},"author":2,"featured_media":0,"parent":0,"menu_order":0,"comment_status":"closed","ping_status":"closed","template":"","meta":{"_et_pb_use_builder":"on","_et_pb_old_content":"","_et_gb_content_width":"","footnotes":""},"class_list":["post-8","page","type-page","status-publish","hentry"],"yoast_head":"<!-- This site is optimized with the Yoast SEO Premium plugin v27.0 (Yoast SEO v27.0) - https:\/\/yoast.com\/product\/yoast-seo-premium-wordpress\/ -->\n<title>Pol\u00edtica de privacidad - EIM Argentina<\/title>\n<meta name=\"robots\" content=\"index, follow, max-snippet:-1, max-image-preview:large, max-video-preview:-1\" \/>\n<link rel=\"canonical\" href=\"https:\/\/www.eim.com\/ar\/politica-de-privacidad\/\" \/>\n<meta property=\"og:locale\" content=\"es_ES\" \/>\n<meta property=\"og:type\" content=\"article\" \/>\n<meta property=\"og:title\" content=\"Pol\u00edtica de privacidad\" \/>\n<meta property=\"og:description\" content=\"Pol\u00edtica de privacidad AVISO DE PRIVACIDAD Y PROTECCI\u00d3N DE DATOSEIM Argentina (en adelante \u201cEIM\u201d) compromete sus esfuerzos a guardar y proteger la informaci\u00f3n que reciba de Ud. (el \u201cinteresado\u201d) respetando las disposiciones del r\u00e9gimen Ley 25.326, cuando resulten aplicables. Ud. no debe proporcionar Informaci\u00f3n Sensible en los t\u00e9rminos de la Ley 25.326, sin perjuicio de [&hellip;]\" \/>\n<meta property=\"og:url\" content=\"https:\/\/www.eim.com\/ar\/politica-de-privacidad\/\" \/>\n<meta property=\"og:site_name\" content=\"EIM Argentina\" \/>\n<meta property=\"article:modified_time\" content=\"2020-05-20T08:33:20+00:00\" \/>\n<meta name=\"twitter:card\" content=\"summary_large_image\" \/>\n<meta name=\"twitter:label1\" content=\"Tiempo de lectura\" \/>\n\t<meta name=\"twitter:data1\" content=\"7 minutos\" \/>\n<script type=\"application\/ld+json\" class=\"yoast-schema-graph\">{\"@context\":\"https:\/\/schema.org\",\"@graph\":[{\"@type\":\"WebPage\",\"@id\":\"https:\/\/www.eim.com\/ar\/politica-de-privacidad\/\",\"url\":\"https:\/\/www.eim.com\/ar\/politica-de-privacidad\/\",\"name\":\"Pol\u00edtica de privacidad - EIM Argentina\",\"isPartOf\":{\"@id\":\"https:\/\/www.eim.com\/ar\/#website\"},\"datePublished\":\"2019-10-25T14:48:09+00:00\",\"dateModified\":\"2020-05-20T08:33:20+00:00\",\"breadcrumb\":{\"@id\":\"https:\/\/www.eim.com\/ar\/politica-de-privacidad\/#breadcrumb\"},\"inLanguage\":\"es\",\"potentialAction\":[{\"@type\":\"ReadAction\",\"target\":[\"https:\/\/www.eim.com\/ar\/politica-de-privacidad\/\"]}]},{\"@type\":\"BreadcrumbList\",\"@id\":\"https:\/\/www.eim.com\/ar\/politica-de-privacidad\/#breadcrumb\",\"itemListElement\":[{\"@type\":\"ListItem\",\"position\":1,\"name\":\"Home\",\"item\":\"https:\/\/www.eim.com\/ar\/\"},{\"@type\":\"ListItem\",\"position\":2,\"name\":\"Pol\u00edtica de privacidad\"}]},{\"@type\":\"WebSite\",\"@id\":\"https:\/\/www.eim.com\/ar\/#website\",\"url\":\"https:\/\/www.eim.com\/ar\/\",\"name\":\"EIM Argentina\",\"description\":\"EIM Group Corporate Argentina\",\"potentialAction\":[{\"@type\":\"SearchAction\",\"target\":{\"@type\":\"EntryPoint\",\"urlTemplate\":\"https:\/\/www.eim.com\/ar\/?s={search_term_string}\"},\"query-input\":{\"@type\":\"PropertyValueSpecification\",\"valueRequired\":true,\"valueName\":\"search_term_string\"}}],\"inLanguage\":\"es\"}]}<\/script>\n<!-- \/ Yoast SEO Premium plugin. -->","yoast_head_json":{"title":"Pol\u00edtica de privacidad - EIM Argentina","robots":{"index":"index","follow":"follow","max-snippet":"max-snippet:-1","max-image-preview":"max-image-preview:large","max-video-preview":"max-video-preview:-1"},"canonical":"https:\/\/www.eim.com\/ar\/politica-de-privacidad\/","og_locale":"es_ES","og_type":"article","og_title":"Pol\u00edtica de privacidad","og_description":"Pol\u00edtica de privacidad AVISO DE PRIVACIDAD Y PROTECCI\u00d3N DE DATOSEIM Argentina (en adelante \u201cEIM\u201d) compromete sus esfuerzos a guardar y proteger la informaci\u00f3n que reciba de Ud. (el \u201cinteresado\u201d) respetando las disposiciones del r\u00e9gimen Ley 25.326, cuando resulten aplicables. Ud. no debe proporcionar Informaci\u00f3n Sensible en los t\u00e9rminos de la Ley 25.326, sin perjuicio de [&hellip;]","og_url":"https:\/\/www.eim.com\/ar\/politica-de-privacidad\/","og_site_name":"EIM Argentina","article_modified_time":"2020-05-20T08:33:20+00:00","twitter_card":"summary_large_image","twitter_misc":{"Tiempo de lectura":"7 minutos"},"schema":{"@context":"https:\/\/schema.org","@graph":[{"@type":"WebPage","@id":"https:\/\/www.eim.com\/ar\/politica-de-privacidad\/","url":"https:\/\/www.eim.com\/ar\/politica-de-privacidad\/","name":"Pol\u00edtica de privacidad - EIM Argentina","isPartOf":{"@id":"https:\/\/www.eim.com\/ar\/#website"},"datePublished":"2019-10-25T14:48:09+00:00","dateModified":"2020-05-20T08:33:20+00:00","breadcrumb":{"@id":"https:\/\/www.eim.com\/ar\/politica-de-privacidad\/#breadcrumb"},"inLanguage":"es","potentialAction":[{"@type":"ReadAction","target":["https:\/\/www.eim.com\/ar\/politica-de-privacidad\/"]}]},{"@type":"BreadcrumbList","@id":"https:\/\/www.eim.com\/ar\/politica-de-privacidad\/#breadcrumb","itemListElement":[{"@type":"ListItem","position":1,"name":"Home","item":"https:\/\/www.eim.com\/ar\/"},{"@type":"ListItem","position":2,"name":"Pol\u00edtica de privacidad"}]},{"@type":"WebSite","@id":"https:\/\/www.eim.com\/ar\/#website","url":"https:\/\/www.eim.com\/ar\/","name":"EIM Argentina","description":"EIM Group Corporate Argentina","potentialAction":[{"@type":"SearchAction","target":{"@type":"EntryPoint","urlTemplate":"https:\/\/www.eim.com\/ar\/?s={search_term_string}"},"query-input":{"@type":"PropertyValueSpecification","valueRequired":true,"valueName":"search_term_string"}}],"inLanguage":"es"}]}},"_links":{"self":[{"href":"https:\/\/www.eim.com\/ar\/wp-json\/wp\/v2\/pages\/8","targetHints":{"allow":["GET"]}}],"collection":[{"href":"https:\/\/www.eim.com\/ar\/wp-json\/wp\/v2\/pages"}],"about":[{"href":"https:\/\/www.eim.com\/ar\/wp-json\/wp\/v2\/types\/page"}],"author":[{"embeddable":true,"href":"https:\/\/www.eim.com\/ar\/wp-json\/wp\/v2\/users\/2"}],"replies":[{"embeddable":true,"href":"https:\/\/www.eim.com\/ar\/wp-json\/wp\/v2\/comments?post=8"}],"version-history":[{"count":0,"href":"https:\/\/www.eim.com\/ar\/wp-json\/wp\/v2\/pages\/8\/revisions"}],"wp:attachment":[{"href":"https:\/\/www.eim.com\/ar\/wp-json\/wp\/v2\/media?parent=8"}],"curies":[{"name":"wp","href":"https:\/\/api.w.org\/{rel}","templated":true}]}}