{"id":74,"date":"2019-09-12T10:05:45","date_gmt":"2019-09-12T10:05:45","guid":{"rendered":"https:\/\/www.eim.com\/ar\/quiere-formar-parte-de-nuestro-equipo-de-interim-managers\/"},"modified":"2020-05-11T10:23:09","modified_gmt":"2020-05-11T10:23:09","slug":"quiere-formar-parte-de-nuestro-equipo-de-interim-managers","status":"publish","type":"page","link":"https:\/\/www.eim.com\/ar\/quiere-formar-parte-de-nuestro-equipo-de-interim-managers\/","title":{"rendered":"\u00bfQuiere formar parte de nuestro equipo de Interim Managers?"},"content":{"rendered":"<p>[et_pb_section fb_built=&#8221;1&#8243; admin_label=&#8221;Hero Section&#8221; _builder_version=&#8221;4.4.5&#8243; use_background_color_gradient=&#8221;on&#8221; background_color_gradient_start=&#8221;rgba(0,0,0,0.4)&#8221; background_color_gradient_end=&#8221;rgba(0,0,0,0.4)&#8221; background_color_gradient_overlays_image=&#8221;on&#8221; background_image=&#8221;https:\/\/eimworld.wpengine.com\/wp-content\/uploads\/2019\/10\/upload-your-cv.jpeg&#8221; background_position=&#8221;center_left&#8221; height=&#8221;520px&#8221; custom_padding=&#8221;6%||0%||false|false&#8221; bottom_divider_style=&#8221;slant&#8221; bottom_divider_color=&#8221;#ffffff&#8221; bottom_divider_height=&#8221;150px&#8221; bottom_divider_flip=&#8221;horizontal&#8221; hover_enabled=&#8221;0&#8243; saved_tabs=&#8221;all&#8221; background_color_gradient_direction__hover=&#8221;180deg&#8221; background_color_gradient_direction__hover_enabled=&#8221;180deg&#8221; background_color_gradient_start_position__hover=&#8221;0%&#8221; background_color_gradient_start_position__hover_enabled=&#8221;0%&#8221; background_color_gradient_end_position__hover=&#8221;100%&#8221; background_color_gradient_end_position__hover_enabled=&#8221;100%&#8221;][et_pb_row admin_label=&#8221;Page Title Area&#8221; _builder_version=&#8221;3.27.4&#8243; width=&#8221;100%&#8221; max_width=&#8221;2560px&#8221; module_alignment=&#8221;center&#8221; custom_margin=&#8221;-2%|auto|0px|auto|false|false&#8221; custom_padding=&#8221;0px|||||&#8221; hover_enabled=&#8221;0&#8243;][et_pb_column type=&#8221;4_4&#8243; _builder_version=&#8221;3.25&#8243; custom_padding=&#8221;|||&#8221; custom_padding__hover=&#8221;|||&#8221;][et_pb_text admin_label=&#8221;Hero Section Title&#8221; _builder_version=&#8221;4.4.5&#8243; text_font=&#8221;Montserrat|800|||||||&#8221; text_font_size=&#8221;18px&#8221; text_line_height=&#8221;1.3em&#8221; header_font=&#8221;Montserrat|700|||||||&#8221; header_font_size=&#8221;56px&#8221; header_letter_spacing=&#8221;3px&#8221; header_2_font=&#8221;Montserrat|700|||||||&#8221; header_2_text_color=&#8221;rgba(255,255,255,0.6)&#8221; header_2_font_size=&#8221;90px&#8221; header_2_letter_spacing=&#8221;3px&#8221; header_2_line_height=&#8221;1.1em&#8221; text_orientation=&#8221;center&#8221; background_layout=&#8221;dark&#8221; max_width=&#8221;80%&#8221; module_alignment=&#8221;center&#8221; custom_margin=&#8221;0px||0px||false|false&#8221; animation_style=&#8221;fade&#8221; animation_direction=&#8221;bottom&#8221; animation_duration=&#8221;1350ms&#8221; hover_enabled=&#8221;0&#8243; header_font_size_tablet=&#8221;43px&#8221; header_font_size_phone=&#8221;23px&#8221; header_font_size_last_edited=&#8221;on|tablet&#8221; header_2_font_size_tablet=&#8221;&#8221; header_2_font_size_phone=&#8221;50px&#8221; header_2_font_size_last_edited=&#8221;on|phone&#8221; text_text_shadow_style=&#8221;preset1&#8243; text_text_shadow_horizontal_length=&#8221;0.38em&#8221; inline_fonts=&#8221;Prata,Montserrat&#8221; disabled_on=&#8221;on|on|off&#8221; header_text_align=&#8221;center&#8221; custom_padding=&#8221;0px||||false|false&#8221;]<\/p>\n<h1>\u00bfQuiere formar parte de nuestro equipo de Interim Managers?<\/h1>\n<p>[\/et_pb_text][et_pb_text admin_label=&#8221;Title&#8221; _builder_version=&#8221;4.4.5&#8243; text_font=&#8221;||||||||&#8221; header_font=&#8221;Prata||||||||&#8221; header_2_font=&#8221;Montserrat|700|||||||&#8221; header_2_text_align=&#8221;center&#8221; header_2_font_size=&#8221;32px&#8221; custom_margin=&#8221;10%||||false|false&#8221; custom_padding=&#8221;10%||||false|false&#8221; animation_style=&#8221;fade&#8221; animation_direction=&#8221;top&#8221; animation_duration=&#8221;1350ms&#8221; animation_starting_opacity=&#8221;100%&#8221; hover_enabled=&#8221;0&#8243; inline_fonts=&#8221;Prata,Montserrat&#8221; header_text_color=&#8221;#ffffff&#8221; background_layout=&#8221;dark&#8221; disabled_on=&#8221;off|off|on&#8221;]<\/p>\n<h2>\u00bfQuiere formar parte de nuestro equipo de Interim Managers?<\/h2>\n<p>[\/et_pb_text][\/et_pb_column][\/et_pb_row][\/et_pb_section][et_pb_section fb_built=&#8221;1&#8243; _builder_version=&#8221;3.27.4&#8243; custom_margin=&#8221;||||false|false&#8221; custom_padding=&#8221;||||false|false&#8221; saved_tabs=&#8221;all&#8221;][et_pb_row admin_label=&#8221;Title Area&#8221; _builder_version=&#8221;3.27.4&#8243; background_color=&#8221;rgba(0,0,0,0)&#8221; width=&#8221;100%&#8221; module_alignment=&#8221;center&#8221; custom_margin=&#8221;|2px||auto|false|false&#8221; custom_padding=&#8221;0px|0px|4px|0px|false|false&#8221;][et_pb_column type=&#8221;4_4&#8243; _builder_version=&#8221;3.25&#8243; custom_padding=&#8221;|||&#8221; custom_padding__hover=&#8221;|||&#8221;][et_pb_text admin_label=&#8221;Title&#8221; _builder_version=&#8221;4.4.5&#8243; text_font=&#8221;||||||||&#8221; header_font=&#8221;Prata||||||||&#8221; header_2_font=&#8221;Montserrat|700|||||||&#8221; header_2_text_align=&#8221;center&#8221; header_2_font_size=&#8221;32px&#8221; custom_margin=&#8221;10%||||false|false&#8221; custom_padding=&#8221;||||false|false&#8221; animation_style=&#8221;fade&#8221; animation_direction=&#8221;top&#8221; animation_duration=&#8221;1350ms&#8221; animation_starting_opacity=&#8221;100%&#8221; inline_fonts=&#8221;Prata,Montserrat&#8221;]<\/p>\n<h2><span style=\"color: #002c3e;font-family: Montserrat\">Desaf\u00edos en el puesto de trabajo, en todo el mundo<\/span><\/h2>\n<p>[\/et_pb_text][et_pb_text _builder_version=&#8221;4.4.5&#8243; text_font=&#8221;||||||||&#8221; text_font_size=&#8221;16px&#8221; header_font=&#8221;||||||||&#8221; text_orientation=&#8221;justified&#8221; max_width=&#8221;93%&#8221; module_alignment=&#8221;center&#8221; custom_margin=&#8221;3%|0px|0.5%|0px|false|false&#8221; custom_padding=&#8221;|0%|0px|0%|false|false&#8221; animation_style=&#8221;flip&#8221; animation_direction=&#8221;left&#8221; animation_intensity_flip=&#8221;30%&#8221; animation_starting_opacity=&#8221;100%&#8221;]<\/p>\n<p style=\"text-align: justify;\">Cualquiera sea el lugar en el mundo,\u00a0 todas las industrias y todos los negocios tienen objetivos que alcanzar y\u00a0 siempre habr\u00e1 desaf\u00edos a los que enfrentarse.<\/p>\n<p style=\"text-align: justify;\">Nos interesa conocer ejecutivos con solida trayectoria profesional, quienes, en un contexto complejo y exigente saben c\u00f3mo marcar la diferencia: personas con experiencia en gesti\u00f3n del cambio y transformaciones, \u00edntegros, con instinto de negocio. EIM trabaja con una amplia gama de clientes, donde nuestros Interim Managers: CEO, DG, CFO, DRRHH, gesti\u00f3n de operaciones, supply chain, log\u00edstica, marketing y ventas\u2026 ejecutan las diferentes fases de transici\u00f3n y cambio a trav\u00e9s de acciones r\u00e1pidas y concretas, gracias a sus a\u00f1os de experiencia, habilidades t\u00e9cnicas y un liderazgo sobresaliente.<\/p>\n<p>[\/et_pb_text][et_pb_text admin_label=&#8221;Title&#8221; _builder_version=&#8221;3.27.4&#8243; text_font=&#8221;||||||||&#8221; header_font=&#8221;Prata||||||||&#8221; header_2_font=&#8221;Montserrat|700|||||||&#8221; header_2_text_align=&#8221;center&#8221; header_2_font_size=&#8221;32px&#8221; custom_margin=&#8221;5%||||false|false&#8221; custom_padding=&#8221;||||false|false&#8221; animation_style=&#8221;fade&#8221; animation_direction=&#8221;top&#8221; animation_duration=&#8221;1350ms&#8221; animation_starting_opacity=&#8221;100%&#8221; inline_fonts=&#8221;Prata,Montserrat&#8221;]<\/p>\n<h2><span style=\"color: #002c3e;font-family: Montserrat\">Perfil del Interim Manager EIM<\/span><\/h2>\n<p>[\/et_pb_text][et_pb_text _builder_version=&#8221;4.4.5&#8243; text_font=&#8221;||||||||&#8221; text_font_size=&#8221;16px&#8221; header_font=&#8221;||||||||&#8221; text_orientation=&#8221;justified&#8221; max_width=&#8221;93%&#8221; module_alignment=&#8221;center&#8221; custom_margin=&#8221;3%|0px|0.5%|0px|false|false&#8221; custom_padding=&#8221;|0%|0px|0%|false|false&#8221; animation_style=&#8221;flip&#8221; animation_direction=&#8221;left&#8221; animation_intensity_flip=&#8221;30%&#8221; animation_starting_opacity=&#8221;100%&#8221;]<\/p>\n<p style=\"text-align: justify;\">Ejecutivos senior con solida formaci\u00f3n acad\u00e9mica, experiencia y resultados probados que entienden sobre los procesos del cambio , como implementarlo y el impacto que tiene en la organizaci\u00f3n. Profesionales de confianza con conocimiento del negocio y amplia experiencia sectorial.<\/p>\n<p style=\"text-align: justify;\">Con gran visi\u00f3n comercial , orientados a resultados, nuestros Interim Mangers son ejecutivos con enfoque pragm\u00e1tico ,gran compromiso, capacidad de adaptaci\u00f3n y toma de decisiones que aplican su buen juicio y sentido com\u00fan para alcanzar los objetivos planteados.<\/p>\n<p>[\/et_pb_text][\/et_pb_column][\/et_pb_row][\/et_pb_section][et_pb_section fb_built=&#8221;1&#8243; prev_background_color=&#8221;#ffffff&#8221; _builder_version=&#8221;4.4.5&#8243; background_color=&#8221;#e6e6e6&#8243; custom_padding=&#8221;4px|||||&#8221; top_divider_style=&#8221;slant&#8221; top_divider_flip=&#8221;horizontal&#8221;][et_pb_row _builder_version=&#8221;3.27.4&#8243; width=&#8221;70%&#8221; module_alignment=&#8221;center&#8221; custom_margin=&#8221;10%||||false|false&#8221;][et_pb_column type=&#8221;4_4&#8243; _builder_version=&#8221;3.27.4&#8243;][et_pb_code _builder_version=&#8221;4.4.5&#8243; hover_enabled=&#8221;0&#8243;]<div class=\"wpforms-container wpforms-container-full\" id=\"wpforms-56\"><form id=\"wpforms-form-56\" class=\"wpforms-validate wpforms-form\" data-formid=\"56\" method=\"post\" enctype=\"multipart\/form-data\" action=\"\/ar\/wp-json\/wp\/v2\/pages\/74?wpforms_form_id=56\" data-token=\"d52d90cfab33e4f55802b7a1300c0df3\" data-token-time=\"1775811203\"><noscript class=\"wpforms-error-noscript\">Por favor, activa JavaScript en tu navegador para completar este formulario.<\/noscript><div class=\"wpforms-field-container\"><div id=\"wpforms-56-field_0-container\" class=\"wpforms-field wpforms-field-name\" data-field-id=\"0\"><label class=\"wpforms-field-label\" for=\"wpforms-56-field_0\">Nombre <span class=\"wpforms-required-label\">*<\/span><\/label><input type=\"text\" id=\"wpforms-56-field_0\" class=\"wpforms-field-large wpforms-field-required\" name=\"wpforms[fields][0]\" required><\/div><div id=\"wpforms-56-field_3-container\" class=\"wpforms-field wpforms-field-name\" data-field-id=\"3\"><label class=\"wpforms-field-label\" for=\"wpforms-56-field_3\">Apellido <span class=\"wpforms-required-label\">*<\/span><\/label><input type=\"text\" id=\"wpforms-56-field_3\" class=\"wpforms-field-large wpforms-field-required\" name=\"wpforms[fields][3]\" required><\/div><div id=\"wpforms-56-field_1-container\" class=\"wpforms-field wpforms-field-email\" data-field-id=\"1\"><label class=\"wpforms-field-label\" for=\"wpforms-56-field_1\">Email <span class=\"wpforms-required-label\">*<\/span><\/label><input type=\"email\" id=\"wpforms-56-field_1\" class=\"wpforms-field-large wpforms-field-required\" name=\"wpforms[fields][1]\" spellcheck=\"false\" required><\/div><div id=\"wpforms-56-field_4-container\" class=\"wpforms-field wpforms-field-phone\" data-field-id=\"4\"><label class=\"wpforms-field-label\" for=\"wpforms-56-field_4\">Tel\u00e9fono <span class=\"wpforms-required-label\">*<\/span><\/label><input type=\"tel\" id=\"wpforms-56-field_4\" class=\"wpforms-field-large wpforms-field-required wpforms-smart-phone-field\" data-rule-smart-phone-field=\"true\" name=\"wpforms[fields][4]\" aria-label=\"Tel\u00e9fono\" required><\/div><div id=\"wpforms-56-field_5-container\" class=\"wpforms-field wpforms-field-file-upload\" data-field-id=\"5\"><label class=\"wpforms-field-label\" for=\"wpforms-56-field_5\">Adjuntar CV <span class=\"wpforms-required-label\">*<\/span><\/label><div\n\t\tclass=\"wpforms-uploader wpforms-field-required\"\n\t\tdata-field-id=\"5\"\n\t\tdata-form-id=\"56\"\n\t\tdata-input-name=\"wpforms_56_5\"\n\t\tdata-extensions=\"webp,jpg,jpeg,jpe,png,gif,mov,qt,avif,avi,mpeg,mpg,mpe,3gp,3gpp,3g2,3gp2,mid,midi,pdf,doc,docx,docm,pot,pps,ppt,pptx,pptm,odt,ppsx,ppsm,xla,xls,xlt,xlw,xlsx,xlsm,xlsb,key,mp3,m4a,m4b,ogg,oga,flac,wav,x-wav,mp4,m4v,webm,ogv,ttf,otf,redux\"\n\t\tdata-max-size=\"204800000\"\n\t\tdata-max-file-number=\"1\"\n\t\tdata-post-max-size=\"204800000\"\n\t\tdata-max-parallel-uploads=\"4\"\n\t\tdata-parallel-uploads=\"true\"\n\t\tdata-file-chunk-size=\"2097152\">\n\t<div class=\"dz-message\">\n\t\t<svg  viewBox=\"0 0 640 640\" focusable=\"false\" data-icon=\"inbox\" width=\"50px\" height=\"50px\" fill=\"currentColor\" aria-hidden=\"true\">\n\t\t\t<path d=\"M352 173.3L352 384C352 401.7 337.7 416 320 416C302.3 416 288 401.7 288 384L288 173.3L246.6 214.7C234.1 227.2 213.8 227.2 201.3 214.7C188.8 202.2 188.8 181.9 201.3 169.4L297.3 73.4C309.8 60.9 330.1 60.9 342.6 73.4L438.6 169.4C451.1 181.9 451.1 202.2 438.6 214.7C426.1 227.2 405.8 227.2 393.3 214.7L352 173.3zM320 464C364.2 464 400 428.2 400 384L480 384C515.3 384 544 412.7 544 448L544 480C544 515.3 515.3 544 480 544L160 544C124.7 544 96 515.3 96 480L96 448C96 412.7 124.7 384 160 384L240 384C240 428.2 275.8 464 320 464zM464 488C477.3 488 488 477.3 488 464C488 450.7 477.3 440 464 440C450.7 440 440 450.7 440 464C440 477.3 450.7 488 464 488z\"\/>\n\t\t<\/svg>\n\n\t\t<span class=\"modern-title\">\n\t\t\t\t\t\t\tDrag &amp; Drop Files, \t\t\t\t<span>Choose Files to Upload<\/span>\n\t\t\t\t\t<\/span>\n\n\t\t\t<\/div>\n<\/div>\n\n<input\n\t\ttype=\"text\"\n\t\tautocomplete=\"off\"\n\t\treadonly\n\t\tclass=\"dropzone-input\"\n\t\tstyle=\"position:absolute!important;clip:rect(0,0,0,0)!important;height:1px!important;width:1px!important;border:0!important;overflow:hidden!important;padding:0!important;margin:0!important;\"\n\t\tid=\"wpforms-56-field_5\"\n\t\tname=\"wpforms_56_5\" required\t\tvalue=\"\">\n<\/div><div id=\"wpforms-56-field_6-container\" class=\"wpforms-field wpforms-field-checkbox\" data-field-id=\"6\"><label class=\"wpforms-field-label\">Pol\u00edtica de Privacidad <span class=\"wpforms-required-label\">*<\/span><\/label><ul id=\"wpforms-56-field_6\" class=\"wpforms-field-required\"><li class=\"choice-1 depth-1\"><input type=\"checkbox\" id=\"wpforms-56-field_6_1\" name=\"wpforms[fields][6][]\" value=\"He le\u00eddo y acepto la pol\u00edtica de privacidad y de tratamiento de datos\" required ><label class=\"wpforms-field-label-inline\" for=\"wpforms-56-field_6_1\">He le\u00eddo y acepto la pol\u00edtica de privacidad y de tratamiento de datos<\/label><\/li><\/ul><div class=\"wpforms-field-description\">Usted consiente, a trav\u00e9s del a marcaci\u00f3n de la presente casilla, el tratamiento de sus datos con las finalidades descritas en la<a href=\"\/ar\/politica-de-privacidad\/\"> pol\u00edtica de privacidad. <\/a><\/div><\/div><\/div><!-- .wpforms-field-container --><div class=\"wpforms-field wpforms-field-hp\"><label for=\"wpforms-56-field-hp\" class=\"wpforms-field-label\">Phone<\/label><input type=\"text\" name=\"wpforms[hp]\" id=\"wpforms-56-field-hp\" class=\"wpforms-field-medium\"><\/div><div class=\"wpforms-submit-container\" ><input type=\"hidden\" name=\"wpforms[id]\" value=\"56\"><input type=\"hidden\" name=\"page_title\" value=\"\"><input type=\"hidden\" name=\"page_url\" value=\"https:\/\/www.eim.com\/ar\/wp-json\/wp\/v2\/pages\/74\"><input type=\"hidden\" name=\"url_referer\" value=\"\"><button type=\"submit\" name=\"wpforms[submit]\" id=\"wpforms-submit-56\" class=\"wpforms-submit\" data-alt-text=\"...\" data-submit-text=\"ENVIAR\" aria-live=\"assertive\" value=\"wpforms-submit\">ENVIAR<\/button><\/div><\/form><\/div>  <!-- .wpforms-container -->[\/et_pb_code][\/et_pb_column][\/et_pb_row][\/et_pb_section]<\/p>\n","protected":false},"excerpt":{"rendered":"<p>\u00bfQuiere formar parte de nuestro equipo de Interim Managers?\u00bfQuiere formar parte de nuestro equipo de Interim Managers?Desaf\u00edos en el puesto de trabajo, en todo el mundoCualquiera sea el lugar en el mundo,\u00a0 todas las industrias y todos los negocios tienen objetivos que alcanzar y\u00a0 siempre habr\u00e1 desaf\u00edos a los que enfrentarse. Nos interesa conocer ejecutivos [&hellip;]<\/p>\n","protected":false},"author":2,"featured_media":0,"parent":0,"menu_order":0,"comment_status":"closed","ping_status":"closed","template":"","meta":{"_et_pb_use_builder":"on","_et_pb_old_content":"","_et_gb_content_width":"","footnotes":""},"class_list":["post-74","page","type-page","status-publish","hentry"],"yoast_head":"<!-- This site is optimized with the Yoast SEO Premium plugin v27.0 (Yoast SEO v27.0) - https:\/\/yoast.com\/product\/yoast-seo-premium-wordpress\/ -->\n<title>\u00bfQuiere formar parte de nuestro equipo de Interim Managers? - EIM Argentina<\/title>\n<meta name=\"robots\" content=\"index, follow, max-snippet:-1, max-image-preview:large, max-video-preview:-1\" \/>\n<link rel=\"canonical\" href=\"https:\/\/www.eim.com\/ar\/quiere-formar-parte-de-nuestro-equipo-de-interim-managers\/\" \/>\n<meta property=\"og:locale\" content=\"es_ES\" \/>\n<meta property=\"og:type\" content=\"article\" \/>\n<meta property=\"og:title\" content=\"\u00bfQuiere formar parte de nuestro equipo de Interim Managers?\" \/>\n<meta property=\"og:description\" content=\"\u00bfQuiere formar parte de nuestro equipo de Interim Managers?\u00bfQuiere formar parte de nuestro equipo de Interim Managers?Desaf\u00edos en el puesto de trabajo, en todo el mundoCualquiera sea el lugar en el mundo,\u00a0 todas las industrias y todos los negocios tienen objetivos que alcanzar y\u00a0 siempre habr\u00e1 desaf\u00edos a los que enfrentarse. Nos interesa conocer ejecutivos [&hellip;]\" \/>\n<meta property=\"og:url\" content=\"https:\/\/www.eim.com\/ar\/quiere-formar-parte-de-nuestro-equipo-de-interim-managers\/\" \/>\n<meta property=\"og:site_name\" content=\"EIM Argentina\" \/>\n<meta property=\"article:modified_time\" content=\"2020-05-11T10:23:09+00:00\" \/>\n<meta name=\"twitter:card\" content=\"summary_large_image\" \/>\n<meta name=\"twitter:label1\" content=\"Tiempo de lectura\" \/>\n\t<meta name=\"twitter:data1\" content=\"5 minutos\" \/>\n<script type=\"application\/ld+json\" class=\"yoast-schema-graph\">{\"@context\":\"https:\/\/schema.org\",\"@graph\":[{\"@type\":\"WebPage\",\"@id\":\"https:\/\/www.eim.com\/ar\/quiere-formar-parte-de-nuestro-equipo-de-interim-managers\/\",\"url\":\"https:\/\/www.eim.com\/ar\/quiere-formar-parte-de-nuestro-equipo-de-interim-managers\/\",\"name\":\"\u00bfQuiere formar parte de nuestro equipo de Interim Managers? - EIM Argentina\",\"isPartOf\":{\"@id\":\"https:\/\/www.eim.com\/ar\/#website\"},\"datePublished\":\"2019-09-12T10:05:45+00:00\",\"dateModified\":\"2020-05-11T10:23:09+00:00\",\"breadcrumb\":{\"@id\":\"https:\/\/www.eim.com\/ar\/quiere-formar-parte-de-nuestro-equipo-de-interim-managers\/#breadcrumb\"},\"inLanguage\":\"es\",\"potentialAction\":[{\"@type\":\"ReadAction\",\"target\":[\"https:\/\/www.eim.com\/ar\/quiere-formar-parte-de-nuestro-equipo-de-interim-managers\/\"]}]},{\"@type\":\"BreadcrumbList\",\"@id\":\"https:\/\/www.eim.com\/ar\/quiere-formar-parte-de-nuestro-equipo-de-interim-managers\/#breadcrumb\",\"itemListElement\":[{\"@type\":\"ListItem\",\"position\":1,\"name\":\"Home\",\"item\":\"https:\/\/www.eim.com\/ar\/\"},{\"@type\":\"ListItem\",\"position\":2,\"name\":\"\u00bfQuiere formar parte de nuestro equipo de Interim Managers?\"}]},{\"@type\":\"WebSite\",\"@id\":\"https:\/\/www.eim.com\/ar\/#website\",\"url\":\"https:\/\/www.eim.com\/ar\/\",\"name\":\"EIM Argentina\",\"description\":\"EIM Group Corporate Argentina\",\"potentialAction\":[{\"@type\":\"SearchAction\",\"target\":{\"@type\":\"EntryPoint\",\"urlTemplate\":\"https:\/\/www.eim.com\/ar\/?s={search_term_string}\"},\"query-input\":{\"@type\":\"PropertyValueSpecification\",\"valueRequired\":true,\"valueName\":\"search_term_string\"}}],\"inLanguage\":\"es\"}]}<\/script>\n<!-- \/ Yoast SEO Premium plugin. -->","yoast_head_json":{"title":"\u00bfQuiere formar parte de nuestro equipo de Interim Managers? - EIM Argentina","robots":{"index":"index","follow":"follow","max-snippet":"max-snippet:-1","max-image-preview":"max-image-preview:large","max-video-preview":"max-video-preview:-1"},"canonical":"https:\/\/www.eim.com\/ar\/quiere-formar-parte-de-nuestro-equipo-de-interim-managers\/","og_locale":"es_ES","og_type":"article","og_title":"\u00bfQuiere formar parte de nuestro equipo de Interim Managers?","og_description":"\u00bfQuiere formar parte de nuestro equipo de Interim Managers?\u00bfQuiere formar parte de nuestro equipo de Interim Managers?Desaf\u00edos en el puesto de trabajo, en todo el mundoCualquiera sea el lugar en el mundo,\u00a0 todas las industrias y todos los negocios tienen objetivos que alcanzar y\u00a0 siempre habr\u00e1 desaf\u00edos a los que enfrentarse. Nos interesa conocer ejecutivos [&hellip;]","og_url":"https:\/\/www.eim.com\/ar\/quiere-formar-parte-de-nuestro-equipo-de-interim-managers\/","og_site_name":"EIM Argentina","article_modified_time":"2020-05-11T10:23:09+00:00","twitter_card":"summary_large_image","twitter_misc":{"Tiempo de lectura":"5 minutos"},"schema":{"@context":"https:\/\/schema.org","@graph":[{"@type":"WebPage","@id":"https:\/\/www.eim.com\/ar\/quiere-formar-parte-de-nuestro-equipo-de-interim-managers\/","url":"https:\/\/www.eim.com\/ar\/quiere-formar-parte-de-nuestro-equipo-de-interim-managers\/","name":"\u00bfQuiere formar parte de nuestro equipo de Interim Managers? - EIM Argentina","isPartOf":{"@id":"https:\/\/www.eim.com\/ar\/#website"},"datePublished":"2019-09-12T10:05:45+00:00","dateModified":"2020-05-11T10:23:09+00:00","breadcrumb":{"@id":"https:\/\/www.eim.com\/ar\/quiere-formar-parte-de-nuestro-equipo-de-interim-managers\/#breadcrumb"},"inLanguage":"es","potentialAction":[{"@type":"ReadAction","target":["https:\/\/www.eim.com\/ar\/quiere-formar-parte-de-nuestro-equipo-de-interim-managers\/"]}]},{"@type":"BreadcrumbList","@id":"https:\/\/www.eim.com\/ar\/quiere-formar-parte-de-nuestro-equipo-de-interim-managers\/#breadcrumb","itemListElement":[{"@type":"ListItem","position":1,"name":"Home","item":"https:\/\/www.eim.com\/ar\/"},{"@type":"ListItem","position":2,"name":"\u00bfQuiere formar parte de nuestro equipo de Interim Managers?"}]},{"@type":"WebSite","@id":"https:\/\/www.eim.com\/ar\/#website","url":"https:\/\/www.eim.com\/ar\/","name":"EIM Argentina","description":"EIM Group Corporate Argentina","potentialAction":[{"@type":"SearchAction","target":{"@type":"EntryPoint","urlTemplate":"https:\/\/www.eim.com\/ar\/?s={search_term_string}"},"query-input":{"@type":"PropertyValueSpecification","valueRequired":true,"valueName":"search_term_string"}}],"inLanguage":"es"}]}},"_links":{"self":[{"href":"https:\/\/www.eim.com\/ar\/wp-json\/wp\/v2\/pages\/74","targetHints":{"allow":["GET"]}}],"collection":[{"href":"https:\/\/www.eim.com\/ar\/wp-json\/wp\/v2\/pages"}],"about":[{"href":"https:\/\/www.eim.com\/ar\/wp-json\/wp\/v2\/types\/page"}],"author":[{"embeddable":true,"href":"https:\/\/www.eim.com\/ar\/wp-json\/wp\/v2\/users\/2"}],"replies":[{"embeddable":true,"href":"https:\/\/www.eim.com\/ar\/wp-json\/wp\/v2\/comments?post=74"}],"version-history":[{"count":0,"href":"https:\/\/www.eim.com\/ar\/wp-json\/wp\/v2\/pages\/74\/revisions"}],"wp:attachment":[{"href":"https:\/\/www.eim.com\/ar\/wp-json\/wp\/v2\/media?parent=74"}],"curies":[{"name":"wp","href":"https:\/\/api.w.org\/{rel}","templated":true}]}}