{"id":11,"date":"2019-10-08T09:17:50","date_gmt":"2019-10-08T09:17:50","guid":{"rendered":"https:\/\/www.eim.com\/ar\/nuestro-equipo-en-espana\/"},"modified":"2025-07-31T19:55:27","modified_gmt":"2025-07-31T19:55:27","slug":"nuestro-equipo-en-argentina","status":"publish","type":"page","link":"https:\/\/www.eim.com\/ar\/nuestro-equipo-en-argentina\/","title":{"rendered":"Nuestro Equipo en Argentina"},"content":{"rendered":"<p>[et_pb_section fb_built=&#8221;1&#8243; admin_label=&#8221;Hero Section&#8221; _builder_version=&#8221;4.16&#8243; use_background_color_gradient=&#8221;on&#8221; background_color_gradient_stops=&#8221;rgba(0,0,0,0.4) 0%|rgba(0,0,0,0.4) 100%&#8221; background_color_gradient_overlays_image=&#8221;on&#8221; background_color_gradient_start=&#8221;rgba(0,0,0,0.4)&#8221; background_color_gradient_end=&#8221;rgba(0,0,0,0.4)&#8221; background_image=&#8221;https:\/\/www.eim.com\/ar\/wp-content\/uploads\/sites\/14\/2020\/05\/community-.jpeg&#8221; height=&#8221;520px&#8221; custom_padding=&#8221;6%||0%|||&#8221; bottom_divider_style=&#8221;slant&#8221; bottom_divider_color=&#8221;#ffffff&#8221; bottom_divider_height=&#8221;150px&#8221; bottom_divider_flip=&#8221;horizontal&#8221; global_colors_info=&#8221;{}&#8221; background_color_gradient_direction__hover=&#8221;180deg&#8221; background_color_gradient_direction__hover_enabled=&#8221;180deg&#8221; background_color_gradient_start_position__hover=&#8221;0%&#8221; background_color_gradient_start_position__hover_enabled=&#8221;0%&#8221; background_color_gradient_end_position__hover=&#8221;100%&#8221; background_color_gradient_end_position__hover_enabled=&#8221;100%&#8221; background_color_gradient_stops__hover=&#8221;rgba(0,0,0,0.4) 0%|rgba(0,0,0,0.4) 100%&#8221;][et_pb_row disabled_on=&#8221;off|off|off&#8221; admin_label=&#8221;Page Title Area&#8221; _builder_version=&#8221;4.16&#8243; width=&#8221;100%&#8221; max_width=&#8221;2560px&#8221; module_alignment=&#8221;center&#8221; custom_margin=&#8221;-2%|auto|0px|auto|false|false&#8221; custom_padding=&#8221;0px|||||&#8221; global_colors_info=&#8221;{}&#8221;][et_pb_column type=&#8221;4_4&#8243; _builder_version=&#8221;4.16&#8243; custom_padding=&#8221;|||&#8221; global_colors_info=&#8221;{}&#8221; custom_padding__hover=&#8221;|||&#8221;][et_pb_text admin_label=&#8221;Hero Section Title&#8221; _builder_version=&#8221;4.16&#8243; text_font=&#8221;Montserrat|800|||||||&#8221; text_font_size=&#8221;18px&#8221; text_line_height=&#8221;1.3em&#8221; header_font=&#8221;Montserrat|700|||||||&#8221; header_font_size=&#8221;56px&#8221; header_letter_spacing=&#8221;3px&#8221; header_line_height=&#8221;1.1em&#8221; header_2_font=&#8221;Montserrat|700|||||||&#8221; header_2_text_color=&#8221;rgba(255,255,255,0.6)&#8221; header_2_font_size=&#8221;90px&#8221; header_2_letter_spacing=&#8221;3px&#8221; header_2_line_height=&#8221;1.1em&#8221; text_orientation=&#8221;center&#8221; background_layout=&#8221;dark&#8221; max_width=&#8221;700px&#8221; module_alignment=&#8221;center&#8221; custom_margin=&#8221;0px||0px||false|false&#8221; animation_style=&#8221;fade&#8221; animation_direction=&#8221;bottom&#8221; animation_duration=&#8221;1350ms&#8221; header_font_size_tablet=&#8221;&#8221; header_font_size_phone=&#8221;28px&#8221; header_font_size_last_edited=&#8221;on|phone&#8221; header_2_font_size_tablet=&#8221;&#8221; header_2_font_size_phone=&#8221;50px&#8221; header_2_font_size_last_edited=&#8221;on|phone&#8221; text_text_shadow_style=&#8221;preset1&#8243; text_text_shadow_horizontal_length=&#8221;0.28em&#8221; inline_fonts=&#8221;Prata,Montserrat&#8221; global_colors_info=&#8221;{}&#8221;]<\/p>\n<h1><span style=\"font-family: Montserrat\">Nuestro Equipo<br \/>\nen Argentina<\/span><\/h1>\n<p>[\/et_pb_text][\/et_pb_column][\/et_pb_row][\/et_pb_section][et_pb_section fb_built=&#8221;1&#8243; _builder_version=&#8221;4.16&#8243; custom_margin=&#8221;||||false|false&#8221; custom_padding=&#8221;2px||2px||true|false&#8221; bottom_divider_style=&#8221;slant&#8221; bottom_divider_color=&#8221;#db9300&#8243; global_colors_info=&#8221;{}&#8221;][et_pb_row admin_label=&#8221;Title Area&#8221; _builder_version=&#8221;4.16&#8243; background_color=&#8221;rgba(0,0,0,0)&#8221; width=&#8221;100%&#8221; module_alignment=&#8221;center&#8221; custom_margin=&#8221;||||false|false&#8221; custom_padding=&#8221;0px|0px|0px|0px|false|false&#8221; global_colors_info=&#8221;{}&#8221;][et_pb_column type=&#8221;4_4&#8243; _builder_version=&#8221;4.16&#8243; custom_padding=&#8221;|||&#8221; global_colors_info=&#8221;{}&#8221; custom_padding__hover=&#8221;|||&#8221;][et_pb_text admin_label=&#8221;Title&#8221; _builder_version=&#8221;4.16&#8243; text_font=&#8221;||||||||&#8221; header_font=&#8221;Prata||||||||&#8221; header_2_font=&#8221;Montserrat|700|||||||&#8221; header_2_text_align=&#8221;center&#8221; header_2_font_size=&#8221;32px&#8221; custom_margin=&#8221;5%||5%||false|false&#8221; custom_padding=&#8221;0%||||false|false&#8221; animation_style=&#8221;fade&#8221; animation_direction=&#8221;top&#8221; animation_duration=&#8221;1350ms&#8221; animation_starting_opacity=&#8221;100%&#8221; inline_fonts=&#8221;Prata,Montserrat&#8221; global_colors_info=&#8221;{}&#8221;]<\/p>\n<h2><span style=\"font-family: Montserrat;color: #002c3e\">Nuestro Equipo en Argentina<\/span><\/h2>\n<p>[\/et_pb_text][\/et_pb_column][\/et_pb_row][et_pb_row column_structure=&#8221;1_2,1_2&#8243; _builder_version=&#8221;4.16&#8243; width=&#8221;65%&#8221; module_alignment=&#8221;center&#8221; custom_margin=&#8221;||15%||false|false&#8221; global_colors_info=&#8221;{}&#8221;][et_pb_column type=&#8221;1_2&#8243; _builder_version=&#8221;4.16&#8243; global_colors_info=&#8221;{}&#8221;][et_pb_image src=&#8221;https:\/\/www.eim.com\/ar\/wp-content\/uploads\/sites\/14\/2022\/07\/fabiana_witt.png&#8221; title_text=&#8221;fabiana_witt&#8221; align=&#8221;center&#8221; _builder_version=&#8221;4.17.3&#8243; width=&#8221;50%&#8221; module_alignment=&#8221;center&#8221; custom_margin=&#8221;||15px|||&#8221; global_colors_info=&#8221;{}&#8221;][\/et_pb_image][et_pb_text admin_label=&#8221;Title&#8221; _builder_version=&#8221;4.16&#8243; text_font=&#8221;||||||||&#8221; text_font_size=&#8221;16px&#8221; header_font=&#8221;Prata||||||||&#8221; header_2_font=&#8221;Montserrat|700|||||||&#8221; header_2_text_align=&#8221;center&#8221; header_2_font_size=&#8221;32px&#8221; custom_margin=&#8221;5%||-1px||false|false&#8221; custom_padding=&#8221;0%||||false|false&#8221; animation_style=&#8221;fade&#8221; animation_direction=&#8221;top&#8221; animation_duration=&#8221;1350ms&#8221; animation_starting_opacity=&#8221;100%&#8221; inline_fonts=&#8221;Prata,Montserrat&#8221; global_colors_info=&#8221;{}&#8221;]<\/p>\n<p style=\"text-align: center\"><strong><span style=\"font-family: Montserrat;color: #002c3e\">Fabiana Witt<br \/> <\/span><\/strong><\/p>\n<p>[\/et_pb_text][et_pb_text _builder_version=&#8221;4.27.4&#8243; text_font=&#8221;||||||||&#8221; text_text_color=&#8221;#000000&#8243; header_font=&#8221;||||||||&#8221; max_width=&#8221;100%&#8221; module_alignment=&#8221;center&#8221; custom_margin=&#8221;0px||30px||false|false&#8221; custom_padding=&#8221;11px||||false|false&#8221; animation_style=&#8221;flip&#8221; animation_direction=&#8221;left&#8221; animation_intensity_flip=&#8221;30%&#8221; animation_starting_opacity=&#8221;100%&#8221; global_colors_info=&#8221;{}&#8221;]<\/p>\n<p style=\"text-align: center;\"><strong><a style=\"color: #db9300;\" href=\"mailto:f.witt@eim.com\">f.witt@eim.com<\/a><\/strong><br \/>Mobile: +54 9 11 6940 5636<br \/>Work: +54 911 4446 0447<\/p>\n<p>La carrera de Fabiana abarca un amplio rango de responsabilidades en la direcci\u00f3n y transformaci\u00f3n de negocios, con m\u00e1s de 30 a\u00f1os de experiencia en Am\u00e9rica Latina y 15 a\u00f1os como Managing Partner en empresas de interim management,<\/p>\n<p>Inici\u00f3 su trayectoria en la industria financiera, donde desempe\u00f1\u00f3 roles clave en gesti\u00f3n de portafolios de pr\u00e9stamos, reestructuraci\u00f3n de equipos, y fusiones y adquisiciones. Su conocimiento abarca diversas industrias, incluyendo servicios financieros, energ\u00eda, consumo masivo, y tecnolog\u00eda, lo que le ha permitido ofrecer soluciones estrat\u00e9gicas a empresas en momentos cr\u00edticos.<\/p>\n<p>Desde 2011, Fabiana ha estado al frente de Alium Partners Latin America y EIM Group, donde ha trabajado con CEO&#8217;s y directores para identificar y solucionar desaf\u00edos organizacionales, liderando proyectos de cambio y transformaci\u00f3n empresarial. Su enfoque incluye la evaluaci\u00f3n de equipos de alta direcci\u00f3n, la optimizaci\u00f3n de procesos, y la implementaci\u00f3n de sistemas de informaci\u00f3n gerencial.<\/p>\n<p>Antes de unirse a EIM, fue Managing Partner de Alium Partners y ocup\u00f3 roles como Executive Director en ABN AMRO y Royal Bank of Scotland, donde lider\u00f3 equipos responsables de la gesti\u00f3n de importantes portafolios y la implementaci\u00f3n de estrategias comerciales en el Cono Sur de Am\u00e9rica Latina.<\/p>\n<p>Fabiana es reconocida por su capacidad para gestionar equipos en situaciones de crisis, reorganizaciones, fusiones, y lanzamientos de nuevas unidades de negocios.<\/p>\n<p>[\/et_pb_text][\/et_pb_column][et_pb_column type=&#8221;1_2&#8243; _builder_version=&#8221;4.16&#8243; global_colors_info=&#8221;{}&#8221;][et_pb_image src=&#8221;https:\/\/www.eim.com\/ar\/wp-content\/uploads\/sites\/14\/2022\/07\/lucre.png&#8221; title_text=&#8221;lucre&#8221; align=&#8221;center&#8221; _builder_version=&#8221;4.17.3&#8243; width=&#8221;50%&#8221; module_alignment=&#8221;center&#8221; custom_margin=&#8221;||15px|||&#8221; global_colors_info=&#8221;{}&#8221;][\/et_pb_image][et_pb_text admin_label=&#8221;Title&#8221; _builder_version=&#8221;4.16&#8243; text_font=&#8221;||||||||&#8221; text_font_size=&#8221;16px&#8221; header_font=&#8221;Prata||||||||&#8221; header_2_font=&#8221;Montserrat|700|||||||&#8221; header_2_text_align=&#8221;center&#8221; header_2_font_size=&#8221;32px&#8221; custom_margin=&#8221;5%||-1px||false|false&#8221; custom_padding=&#8221;0%||||false|false&#8221; animation_style=&#8221;fade&#8221; animation_direction=&#8221;top&#8221; animation_duration=&#8221;1350ms&#8221; animation_starting_opacity=&#8221;100%&#8221; inline_fonts=&#8221;Prata,Montserrat&#8221; global_colors_info=&#8221;{}&#8221;]<\/p>\n<p style=\"text-align: center\"><strong><span style=\"font-family: Montserrat;color: #002c3e\">Lucrecia Fratini Lagos<br \/> <\/span><\/strong><\/p>\n<p>[\/et_pb_text][et_pb_text _builder_version=&#8221;4.27.0&#8243; text_font=&#8221;||||||||&#8221; header_font=&#8221;||||||||&#8221; max_width=&#8221;100%&#8221; module_alignment=&#8221;center&#8221; custom_margin=&#8221;||30px||false|false&#8221; custom_padding=&#8221;||||false|false&#8221; animation_style=&#8221;flip&#8221; animation_direction=&#8221;left&#8221; animation_intensity_flip=&#8221;30%&#8221; animation_starting_opacity=&#8221;100%&#8221; global_colors_info=&#8221;{}&#8221;]<\/p>\n<p style=\"text-align: center;\"><strong><a style=\"color: #db9300;\" href=\"mailto:l.fratini@eim.com\">l.fratini@eim.com<\/a><\/strong><br \/>Mobile +54 9 11 4473 7566<br \/>Work: +54 911 4446 0447<\/p>\n<p>[\/et_pb_text][et_pb_text _builder_version=&#8221;4.27.4&#8243; text_text_color=&#8221;#191919&#8243; hover_enabled=&#8221;0&#8243; global_colors_info=&#8221;{}&#8221; sticky_enabled=&#8221;0&#8243;]<\/p>\n<p style=\"text-align: justify;\">Con m\u00e1s de 30 a\u00f1os de experiencia en Am\u00e9rica Latina, los \u00faltimos 20 a\u00f1os cubriendo puestos de Senior Management, la experiencia de Lucrecia va desde la creaci\u00f3n de equipos y gesti\u00f3n de negocios, clientes y productos, a gesti\u00f3n de procesos y transici\u00f3n, operando a nivel de directorio y de accionistas.<\/p>\n<p style=\"text-align: justify;\">Desarroll\u00f3 su carrera en la industria financiera. Como resultado de la naturaleza mayorista (banca corporativa y de inversi\u00f3n) del negocio al que ha estado expuesta, adquiri\u00f3\u00a0 un amplio conocimiento sobre un grupo\u00a0 diversificado de industrias en Am\u00e9rica Latina (instituciones financieras, consumo masivo, industrias automotriz, qu\u00edmica, agroindustria, alimentos y bebidas, farmac\u00e9utica , energ\u00eda, y sector p\u00fablico).<\/p>\n<p style=\"text-align: justify;\">En 2011 co-fund\u00f3 la primera compa\u00f1\u00eda independiente de \u201cInterim Management\u201c en Argentina, F&amp;W Interim Management.<\/p>\n<p style=\"text-align: justify;\">Antes de unirse a EIM, Lucrecia fue Managing Partner de Alium Latam (F&amp;W Interim Management). Anteriormente fue CEO y Directora de Banco Surinvest (Montevideo, Uruguay), trabaj\u00f3 para ABN AMRO Bank (Senior Manager and Director, Wholesale and Investment Bank Latam) y para Citibank Argentina.<\/p>\n<p style=\"text-align: justify;\">Es licenciada en Econom\u00eda de la Universidad de Buenos Aires y ha realizado estudios universitarios en La Sorbonne, en Insead ,y en la American University en los Estados Unidos<strong>.<\/strong><\/p>\n<p style=\"text-align: justify;\"><span>\u00a0<\/span><\/p>\n<p>[\/et_pb_text][\/et_pb_column][\/et_pb_row][\/et_pb_section][et_pb_section fb_built=&#8221;1&#8243; _builder_version=&#8221;4.16&#8243; background_color=&#8221;#DB9300&#8243; custom_margin=&#8221;0%||||false|false&#8221; top_divider_style=&#8221;slant&#8221; top_divider_color=&#8221;rgba(0,0,0,0)&#8221; top_divider_flip=&#8221;vertical&#8221; bottom_divider_color=&#8221;#ffffff&#8221; bottom_divider_flip=&#8221;horizontal&#8221; global_colors_info=&#8221;{}&#8221;][et_pb_row _builder_version=&#8221;4.16&#8243; custom_margin=&#8221;-46px|auto||auto||&#8221; custom_padding=&#8221;60px|||||&#8221; global_colors_info=&#8221;{}&#8221;][et_pb_column type=&#8221;4_4&#8243; _builder_version=&#8221;4.16&#8243; global_colors_info=&#8221;{}&#8221;][et_pb_text admin_label=&#8221;Title&#8221; _builder_version=&#8221;4.16&#8243; text_font=&#8221;||||||||&#8221; text_text_color=&#8221;#ffffff&#8221; header_font=&#8221;Prata||||||||&#8221; header_2_font=&#8221;Montserrat|700|||||||&#8221; header_2_text_align=&#8221;center&#8221; header_2_font_size=&#8221;30px&#8221; custom_margin=&#8221;5%||5px||false|false&#8221; custom_padding=&#8221;||0px|||&#8221; animation_style=&#8221;fade&#8221; animation_direction=&#8221;top&#8221; animation_duration=&#8221;1350ms&#8221; animation_starting_opacity=&#8221;100%&#8221; inline_fonts=&#8221;Prata,Montserrat&#8221; global_colors_info=&#8221;{}&#8221;]<\/p>\n<h2><span style=\"font-family: Montserrat;color: #ffffff\">P\u00f3ngase en contacto con nosotros<\/span><\/h2>\n<p>[\/et_pb_text][et_pb_button button_url=&#8221;@ET-DC@eyJkeW5hbWljIjp0cnVlLCJjb250ZW50IjoicG9zdF9saW5rX3VybF9wYWdlIiwic2V0dGluZ3MiOnsicG9zdF9pZCI6IjkifX0=@&#8221; button_text=&#8221; CONT\u00c1CTENOS&#8221; button_alignment=&#8221;center&#8221; _builder_version=&#8221;4.16&#8243; _dynamic_attributes=&#8221;button_url&#8221; custom_button=&#8221;on&#8221; background_layout=&#8221;dark&#8221; global_colors_info=&#8221;{}&#8221;][\/et_pb_button][\/et_pb_column][\/et_pb_row][et_pb_row _builder_version=&#8221;4.16&#8243; custom_padding=&#8221;1px|||||&#8221; global_colors_info=&#8221;{}&#8221;][et_pb_column type=&#8221;4_4&#8243; _builder_version=&#8221;4.16&#8243; global_colors_info=&#8221;{}&#8221;][\/et_pb_column][\/et_pb_row][\/et_pb_section]<\/p>\n","protected":false},"excerpt":{"rendered":"<p>We believe in people<br \/>\nWe believe that \u2013 in a business that is changing rapidly \u2013 people make the difference.\u00a0They are the ones who find the opportunities to adapt to the changing environment.\u00a0They are the ones who drive innovation.<\/p>\n<p>They are the ones who realize the transition.<\/p>\n","protected":false},"author":2,"featured_media":10,"parent":0,"menu_order":0,"comment_status":"closed","ping_status":"closed","template":"","meta":{"_et_pb_use_builder":"on","_et_pb_old_content":"","_et_gb_content_width":"","footnotes":""},"class_list":["post-11","page","type-page","status-publish","has-post-thumbnail","hentry"],"yoast_head":"<!-- This site is optimized with the Yoast SEO Premium plugin v27.0 (Yoast SEO v27.4) - https:\/\/yoast.com\/product\/yoast-seo-premium-wordpress\/ -->\n<title>Nuestro Equipo en Argentina - EIM Argentina<\/title>\n<meta name=\"robots\" content=\"index, follow, max-snippet:-1, max-image-preview:large, max-video-preview:-1\" \/>\n<link rel=\"canonical\" href=\"https:\/\/www.eim.com\/ar\/nuestro-equipo-en-argentina\/\" \/>\n<meta property=\"og:locale\" content=\"es_ES\" \/>\n<meta property=\"og:type\" content=\"article\" \/>\n<meta property=\"og:title\" content=\"Nuestro Equipo en Argentina\" \/>\n<meta property=\"og:description\" content=\"We believe in people We believe that \u2013 in a business that is changing rapidly \u2013 people make the difference.\u00a0They are the ones who find the opportunities to adapt to the changing environment.\u00a0They are the ones who drive innovation. They are the ones who realize the transition.\" \/>\n<meta property=\"og:url\" content=\"https:\/\/www.eim.com\/ar\/nuestro-equipo-en-argentina\/\" \/>\n<meta property=\"og:site_name\" content=\"EIM Argentina\" \/>\n<meta property=\"article:modified_time\" content=\"2025-07-31T19:55:27+00:00\" \/>\n<meta property=\"og:image\" content=\"https:\/\/www.eim.com\/ar\/wp-content\/uploads\/sites\/14\/2020\/05\/our-values-3.jpeg\" \/>\n\t<meta property=\"og:image:width\" content=\"2000\" \/>\n\t<meta property=\"og:image:height\" content=\"1333\" \/>\n\t<meta property=\"og:image:type\" content=\"image\/jpeg\" \/>\n<meta name=\"twitter:card\" content=\"summary_large_image\" \/>\n<meta name=\"twitter:label1\" content=\"Tiempo de lectura\" \/>\n\t<meta name=\"twitter:data1\" content=\"3 minutos\" \/>\n<script type=\"application\/ld+json\" class=\"yoast-schema-graph\">{\"@context\":\"https:\\\/\\\/schema.org\",\"@graph\":[{\"@type\":\"WebPage\",\"@id\":\"https:\\\/\\\/www.eim.com\\\/ar\\\/nuestro-equipo-en-argentina\\\/\",\"url\":\"https:\\\/\\\/www.eim.com\\\/ar\\\/nuestro-equipo-en-argentina\\\/\",\"name\":\"Nuestro Equipo en Argentina - EIM Argentina\",\"isPartOf\":{\"@id\":\"https:\\\/\\\/www.eim.com\\\/ar\\\/#website\"},\"primaryImageOfPage\":{\"@id\":\"https:\\\/\\\/www.eim.com\\\/ar\\\/nuestro-equipo-en-argentina\\\/#primaryimage\"},\"image\":{\"@id\":\"https:\\\/\\\/www.eim.com\\\/ar\\\/nuestro-equipo-en-argentina\\\/#primaryimage\"},\"thumbnailUrl\":\"https:\\\/\\\/www.eim.com\\\/ar\\\/wp-content\\\/uploads\\\/sites\\\/14\\\/2020\\\/05\\\/our-values-3.jpeg\",\"datePublished\":\"2019-10-08T09:17:50+00:00\",\"dateModified\":\"2025-07-31T19:55:27+00:00\",\"breadcrumb\":{\"@id\":\"https:\\\/\\\/www.eim.com\\\/ar\\\/nuestro-equipo-en-argentina\\\/#breadcrumb\"},\"inLanguage\":\"es\",\"potentialAction\":[{\"@type\":\"ReadAction\",\"target\":[\"https:\\\/\\\/www.eim.com\\\/ar\\\/nuestro-equipo-en-argentina\\\/\"]}]},{\"@type\":\"ImageObject\",\"inLanguage\":\"es\",\"@id\":\"https:\\\/\\\/www.eim.com\\\/ar\\\/nuestro-equipo-en-argentina\\\/#primaryimage\",\"url\":\"https:\\\/\\\/www.eim.com\\\/ar\\\/wp-content\\\/uploads\\\/sites\\\/14\\\/2020\\\/05\\\/our-values-3.jpeg\",\"contentUrl\":\"https:\\\/\\\/www.eim.com\\\/ar\\\/wp-content\\\/uploads\\\/sites\\\/14\\\/2020\\\/05\\\/our-values-3.jpeg\",\"width\":2000,\"height\":1333,\"caption\":\"Business team standing together for a group portrait. Group of diverse business people standing together and smiling.\"},{\"@type\":\"BreadcrumbList\",\"@id\":\"https:\\\/\\\/www.eim.com\\\/ar\\\/nuestro-equipo-en-argentina\\\/#breadcrumb\",\"itemListElement\":[{\"@type\":\"ListItem\",\"position\":1,\"name\":\"Home\",\"item\":\"https:\\\/\\\/www.eim.com\\\/ar\\\/\"},{\"@type\":\"ListItem\",\"position\":2,\"name\":\"Nuestro Equipo en Argentina\"}]},{\"@type\":\"WebSite\",\"@id\":\"https:\\\/\\\/www.eim.com\\\/ar\\\/#website\",\"url\":\"https:\\\/\\\/www.eim.com\\\/ar\\\/\",\"name\":\"EIM Argentina\",\"description\":\"EIM Group Corporate Argentina\",\"potentialAction\":[{\"@type\":\"SearchAction\",\"target\":{\"@type\":\"EntryPoint\",\"urlTemplate\":\"https:\\\/\\\/www.eim.com\\\/ar\\\/?s={search_term_string}\"},\"query-input\":{\"@type\":\"PropertyValueSpecification\",\"valueRequired\":true,\"valueName\":\"search_term_string\"}}],\"inLanguage\":\"es\"}]}<\/script>\n<!-- \/ Yoast SEO Premium plugin. -->","yoast_head_json":{"title":"Nuestro Equipo en Argentina - EIM Argentina","robots":{"index":"index","follow":"follow","max-snippet":"max-snippet:-1","max-image-preview":"max-image-preview:large","max-video-preview":"max-video-preview:-1"},"canonical":"https:\/\/www.eim.com\/ar\/nuestro-equipo-en-argentina\/","og_locale":"es_ES","og_type":"article","og_title":"Nuestro Equipo en Argentina","og_description":"We believe in people We believe that \u2013 in a business that is changing rapidly \u2013 people make the difference.\u00a0They are the ones who find the opportunities to adapt to the changing environment.\u00a0They are the ones who drive innovation. They are the ones who realize the transition.","og_url":"https:\/\/www.eim.com\/ar\/nuestro-equipo-en-argentina\/","og_site_name":"EIM Argentina","article_modified_time":"2025-07-31T19:55:27+00:00","og_image":[{"width":2000,"height":1333,"url":"https:\/\/www.eim.com\/ar\/wp-content\/uploads\/sites\/14\/2020\/05\/our-values-3.jpeg","type":"image\/jpeg"}],"twitter_card":"summary_large_image","twitter_misc":{"Tiempo de lectura":"3 minutos"},"schema":{"@context":"https:\/\/schema.org","@graph":[{"@type":"WebPage","@id":"https:\/\/www.eim.com\/ar\/nuestro-equipo-en-argentina\/","url":"https:\/\/www.eim.com\/ar\/nuestro-equipo-en-argentina\/","name":"Nuestro Equipo en Argentina - EIM Argentina","isPartOf":{"@id":"https:\/\/www.eim.com\/ar\/#website"},"primaryImageOfPage":{"@id":"https:\/\/www.eim.com\/ar\/nuestro-equipo-en-argentina\/#primaryimage"},"image":{"@id":"https:\/\/www.eim.com\/ar\/nuestro-equipo-en-argentina\/#primaryimage"},"thumbnailUrl":"https:\/\/www.eim.com\/ar\/wp-content\/uploads\/sites\/14\/2020\/05\/our-values-3.jpeg","datePublished":"2019-10-08T09:17:50+00:00","dateModified":"2025-07-31T19:55:27+00:00","breadcrumb":{"@id":"https:\/\/www.eim.com\/ar\/nuestro-equipo-en-argentina\/#breadcrumb"},"inLanguage":"es","potentialAction":[{"@type":"ReadAction","target":["https:\/\/www.eim.com\/ar\/nuestro-equipo-en-argentina\/"]}]},{"@type":"ImageObject","inLanguage":"es","@id":"https:\/\/www.eim.com\/ar\/nuestro-equipo-en-argentina\/#primaryimage","url":"https:\/\/www.eim.com\/ar\/wp-content\/uploads\/sites\/14\/2020\/05\/our-values-3.jpeg","contentUrl":"https:\/\/www.eim.com\/ar\/wp-content\/uploads\/sites\/14\/2020\/05\/our-values-3.jpeg","width":2000,"height":1333,"caption":"Business team standing together for a group portrait. Group of diverse business people standing together and smiling."},{"@type":"BreadcrumbList","@id":"https:\/\/www.eim.com\/ar\/nuestro-equipo-en-argentina\/#breadcrumb","itemListElement":[{"@type":"ListItem","position":1,"name":"Home","item":"https:\/\/www.eim.com\/ar\/"},{"@type":"ListItem","position":2,"name":"Nuestro Equipo en Argentina"}]},{"@type":"WebSite","@id":"https:\/\/www.eim.com\/ar\/#website","url":"https:\/\/www.eim.com\/ar\/","name":"EIM Argentina","description":"EIM Group Corporate Argentina","potentialAction":[{"@type":"SearchAction","target":{"@type":"EntryPoint","urlTemplate":"https:\/\/www.eim.com\/ar\/?s={search_term_string}"},"query-input":{"@type":"PropertyValueSpecification","valueRequired":true,"valueName":"search_term_string"}}],"inLanguage":"es"}]}},"_links":{"self":[{"href":"https:\/\/www.eim.com\/ar\/wp-json\/wp\/v2\/pages\/11","targetHints":{"allow":["GET"]}}],"collection":[{"href":"https:\/\/www.eim.com\/ar\/wp-json\/wp\/v2\/pages"}],"about":[{"href":"https:\/\/www.eim.com\/ar\/wp-json\/wp\/v2\/types\/page"}],"author":[{"embeddable":true,"href":"https:\/\/www.eim.com\/ar\/wp-json\/wp\/v2\/users\/2"}],"replies":[{"embeddable":true,"href":"https:\/\/www.eim.com\/ar\/wp-json\/wp\/v2\/comments?post=11"}],"version-history":[{"count":0,"href":"https:\/\/www.eim.com\/ar\/wp-json\/wp\/v2\/pages\/11\/revisions"}],"wp:featuredmedia":[{"embeddable":true,"href":"https:\/\/www.eim.com\/ar\/wp-json\/wp\/v2\/media\/10"}],"wp:attachment":[{"href":"https:\/\/www.eim.com\/ar\/wp-json\/wp\/v2\/media?parent=11"}],"curies":[{"name":"wp","href":"https:\/\/api.w.org\/{rel}","templated":true}]}}